{"id":2218,"date":"2016-02-29T17:44:33","date_gmt":"2016-02-29T17:44:33","guid":{"rendered":"http:\/\/fcba-offshore.com\/?page_id=2218"},"modified":"2017-01-05T13:13:07","modified_gmt":"2017-01-05T13:13:07","slug":"latvia-offshore","status":"publish","type":"page","link":"https:\/\/fcba-offshore.com\/de\/latvia-offshore\/","title":{"rendered":"Lettland Offshore"},"content":{"rendered":"<h1><a href=\"http:\/\/fcba-offshore.com\/wp-content\/uploads\/2014\/06\/Lettonie.png\"><img loading=\"lazy\" decoding=\"async\" class=\"alignnone size-full wp-image-353\" src=\"http:\/\/fcba-offshore.com\/wp-content\/uploads\/2014\/06\/Lettonie.png\" alt=\"Lettonie\" width=\"80\" height=\"47\" \/><\/a> <a href=\"http:\/\/fcba-offshore.com\/wp-content\/uploads\/2014\/06\/Lettonie-Offshore.png\"><img loading=\"lazy\" decoding=\"async\" class=\"size-medium wp-image-621 alignright\" src=\"http:\/\/fcba-offshore.com\/wp-content\/uploads\/2014\/06\/Lettonie-Offshore-300x131.png\" alt=\"Lettonie Offshore\" width=\"300\" height=\"131\" srcset=\"https:\/\/fcba-offshore.com\/wp-content\/uploads\/2014\/06\/Lettonie-Offshore-300x131.png 300w, https:\/\/fcba-offshore.com\/wp-content\/uploads\/2014\/06\/Lettonie-Offshore.png 641w, https:\/\/fcba-offshore.com\/wp-content\/uploads\/2014\/06\/Lettonie-Offshore-450x196.png 450w\" sizes=\"auto, (max-width: 300px) 100vw, 300px\" \/><\/a><\/h1>\n<p>&nbsp;<\/p>\n<h1>Offshore Business in Lettland:<\/h1>\n<p style=\"text-align: justify;\">Lettland geh\u00f6rt zu den drei baltischen L\u00e4ndern (gemeinsam mit Estland und Litauen). Das Land genie\u00dft in Westeuropa keinen hohen Bekanntheitsgrad, hat allerdings seit 2004 ein \u00fcberdurchschnittliches Wirtschaftswachstum und eine attraktive Steuerpolitik. Dar\u00fcber hinaus kann es mit recht niedrigen Arbeitskosten und\u00a0einer effizienten Verwaltung \u00fcberzeugen\u00a0und ist somit ein interessantes Land f\u00fcr Investoren.\u00a0Des weiteren hat die lettische Regierung die Steuer- und Unternehmensgesetze vereinfacht als Antwort auf die Finanzkrise zwischen 2009 und 2011.<\/p>\n<p style=\"text-align: justify;\">Es gibt eine Reihe von guten Gr\u00fcnden, sich f\u00fcr Lettland als Sitz eines <a title=\"Offshore Bankkonto\" href=\"https:\/\/fcba-offshore.com\/de\/offshore-bank\/\">Offshore Bankkontos<\/a> bzw. einer <a title=\"Offshore Firma\" href=\"https:\/\/fcba-offshore.com\/de\/offshore-firma\/\">Offshore Firma<\/a> zu entscheiden. Zuallererst ist Lettland ein vollwertiges Mitglied der Europ\u00e4ischen Union, daher werden Firmeninhaber mit Sitz Lettland niemals Problem mit europ\u00e4ischen Partnern haben. Jede lettische Firma erh\u00e4lt ohne Probleme eine europ\u00e4ische Steuer-ID-Nummer. Dies ist einer der signifikantesten Unterschiede zu vielen anderen, exotischen Offshore L\u00e4ndern. Zweitens k\u00f6nnen lettische Firmen von Personen geleitet werden, die nicht mit Wohnsitz im Land gemeldet sind. Und die K\u00f6rperschaftssteuer betr\u00e4gt nur zwischen 15%. Weiterhin sind praktisch alle administrativen Vorg\u00e4nge recht einfach gehalten im Vergleich zu vielen anderen europ\u00e4ischen L\u00e4ndern. Au\u00dferdem sind sie nicht \u00fcberteuert, wie in einer ganzen Reihe von anderen Offshore Orten.\u00a0Diejenigen, die in Lettland einen offiziellen Wohnort registrieren, zahlen nur 22% Steuern auf Einkommen \u00fcber \u20ac 15.000 und diese Rate wird auf 20% gesenkt werden. Dies ist ein weiterer Beweis, da\u00df die lettische Regierung die Anzahl der Investoren durch eine attraktive Steuerpolitik weiter erh\u00f6hen m\u00f6chte. Zu guter Letzt, das Stammkapital einer lettischen Firma betr\u00e4gt nur \u20ac 2.800 und dies kann \u00fcber die ersten drei Jahre nach dessen Gr\u00fcndung verteilt bezahlt werden.<\/p>\n<p style=\"text-align: justify;\"><a title=\"Homepage\" href=\"https:\/\/fcba-offshore.com\/de\/\">FCBA Offshore<\/a> empfiehlt seinen Kunden uneingeschr\u00e4nkt, ein <a title=\"Offshore Bankkonto\" href=\"https:\/\/fcba-offshore.com\/de\/offshore-bank\/\">Offshore Bankkonto<\/a> oder eine <a title=\"Offshore Firma\" href=\"https:\/\/fcba-offshore.com\/de\/offshore-firma\/\">Offshore Firma<\/a> in Lettland zu er\u00f6ffnen. Dieses Land garantiert eine hohe Zufriedenheit und die Qualit\u00e4t des Finanzsektors ist zur Zeit eine der h\u00f6chsten in Eurupa. Auch die Diskretion ist durchaus hoch (das Bankgeheimnis gegen\u00fcber der EU wurde vor einigen Jahren bekr\u00e4ftigt)\u00a0\u00a0und die niedrigen administrativen Kosten \u00a0machen Lettland zu einem der interessantesten Offshore Pl\u00e4tze, v.a. f\u00fcr Gesch\u00e4fte mit Partnern in der EU.<\/p>\n<p style=\"text-align: justify;\">Die Er\u00f6ffnung sowohl eines <a title=\"Offshore Bankkonto\" href=\"https:\/\/fcba-offshore.com\/de\/offshore-bank\/\">Bankkontos<\/a> als auch einer <a title=\"Offshore Firma\" href=\"https:\/\/fcba-offshore.com\/de\/offshore-firma\/\">Offshore Firma<\/a> in Lettland stellt f\u00fcr uns allerdings kein Problem dar, denn wir verf\u00fcgen \u00fcber ein enges Netzwerk zu Banken vor Ort.<\/p>\n<p style=\"text-align: justify;\">Zu guter Letzt m\u00f6chten wir Sie noch informieren, dass Sie bei einer Bank in Lettland eine nur sehr geringe Ersteinlage haben m\u00fcssen, was f\u00fcr eine Gesch\u00e4ftser\u00f6ffnung ein gro\u00dfer Vorteil ist.<\/p>\n<p><a title=\"Kontakt\" href=\"https:\/\/fcba-offshore.com\/de\/317-2\/\">Falls Sie weitere Fragen zu diesem Thema haben, kontaktieren Sie bitte \u00a0einen Mitarbeiter des FCBA Offshore Teams.<\/a><\/p>\n<p>&nbsp;<\/p>\n<p style=\"text-align: justify;\"><a href=\"http:\/\/fcba-offshore.com\/wp-content\/uploads\/2014\/06\/logo-small.png\"><img loading=\"lazy\" decoding=\"async\" class=\"alignnone size-full wp-image-479\" src=\"http:\/\/fcba-offshore.com\/wp-content\/uploads\/2014\/06\/logo-small.png\" alt=\"Logo offshore small\" width=\"142\" height=\"31\" \/><\/a><\/p>\n","protected":false},"excerpt":{"rendered":"<p>&nbsp; Offshore Business in Lettland: Lettland geh\u00f6rt zu den drei baltischen L\u00e4ndern (gemeinsam mit Estland und Litauen). Das Land genie\u00dft in Westeuropa keinen hohen Bekanntheitsgrad, hat allerdings seit 2004 ein \u00fcberdurchschnittliches Wirtschaftswachstum und eine attraktive Steuerpolitik. Dar\u00fcber hinaus kann es mit recht niedrigen Arbeitskosten und\u00a0einer effizienten Verwaltung \u00fcberzeugen\u00a0und ist somit ein interessantes Land f\u00fcr Investoren.\u00a0Des&hellip;<\/p>\n","protected":false},"author":1,"featured_media":0,"parent":0,"menu_order":0,"comment_status":"closed","ping_status":"open","template":"","meta":{"footnotes":""},"class_list":["post-2218","page","type-page","status-publish","hentry"],"_links":{"self":[{"href":"https:\/\/fcba-offshore.com\/de\/wp-json\/wp\/v2\/pages\/2218","targetHints":{"allow":["GET"]}}],"collection":[{"href":"https:\/\/fcba-offshore.com\/de\/wp-json\/wp\/v2\/pages"}],"about":[{"href":"https:\/\/fcba-offshore.com\/de\/wp-json\/wp\/v2\/types\/page"}],"author":[{"embeddable":true,"href":"https:\/\/fcba-offshore.com\/de\/wp-json\/wp\/v2\/users\/1"}],"replies":[{"embeddable":true,"href":"https:\/\/fcba-offshore.com\/de\/wp-json\/wp\/v2\/comments?post=2218"}],"version-history":[{"count":8,"href":"https:\/\/fcba-offshore.com\/de\/wp-json\/wp\/v2\/pages\/2218\/revisions"}],"predecessor-version":[{"id":3238,"href":"https:\/\/fcba-offshore.com\/de\/wp-json\/wp\/v2\/pages\/2218\/revisions\/3238"}],"wp:attachment":[{"href":"https:\/\/fcba-offshore.com\/de\/wp-json\/wp\/v2\/media?parent=2218"}],"curies":[{"name":"wp","href":"https:\/\/api.w.org\/{rel}","templated":true}]}}