{"id":2221,"date":"2016-02-29T17:46:16","date_gmt":"2016-02-29T17:46:16","guid":{"rendered":"http:\/\/fcba-offshore.com\/?page_id=2221"},"modified":"2016-03-08T09:48:48","modified_gmt":"2016-03-08T09:48:48","slug":"liechtenstein-offshore","status":"publish","type":"page","link":"https:\/\/fcba-offshore.com\/de\/liechtenstein-offshore\/","title":{"rendered":"Liechtenstein Offshore"},"content":{"rendered":"<h1><a href=\"http:\/\/fcba-offshore.com\/wp-content\/uploads\/2014\/06\/Liechtenstein.png\"><img loading=\"lazy\" decoding=\"async\" class=\"alignnone size-full wp-image-342\" src=\"http:\/\/fcba-offshore.com\/wp-content\/uploads\/2014\/06\/Liechtenstein.png\" alt=\"Liechtenstein\" width=\"80\" height=\"40\" \/><\/a> <a href=\"http:\/\/fcba-offshore.com\/wp-content\/uploads\/2014\/06\/Liechtenstein-Offshore.png\"><img loading=\"lazy\" decoding=\"async\" class=\"size-medium wp-image-624 alignright\" src=\"http:\/\/fcba-offshore.com\/wp-content\/uploads\/2014\/06\/Liechtenstein-Offshore-300x131.png\" alt=\"Liechtenstein Offshore\" width=\"300\" height=\"131\" srcset=\"https:\/\/fcba-offshore.com\/wp-content\/uploads\/2014\/06\/Liechtenstein-Offshore-300x131.png 300w, https:\/\/fcba-offshore.com\/wp-content\/uploads\/2014\/06\/Liechtenstein-Offshore.png 641w, https:\/\/fcba-offshore.com\/wp-content\/uploads\/2014\/06\/Liechtenstein-Offshore-450x196.png 450w\" sizes=\"auto, (max-width: 300px) 100vw, 300px\" \/><\/a><\/h1>\n<p>&nbsp;<\/p>\n<h1>Offshore Business in Liechtenstein:<\/h1>\n<p>&nbsp;<\/p>\n<p style=\"text-align: justify;\">Das F\u00fcrstentum Liechtenstein liegt in den Alpen zwischen \u00d6sterreich und der Schweiz. Es handelt sich dabei um eines der kleinsten L\u00e4nder der Welt und es hat seinen Finanzsektor so stark ausgebaut, um international konkurrenzf\u00e4hig zu sein und f\u00fcr ausl\u00e4ndische Investitionen attraktiv zu sein. Dadurch wurde Liechtenstein ein erfolgreicher Offshore Ort und eine ganze Reihe internationaler Firmen hat dort eine Tochterfirma oder gar dessen Sitz, um von den steuerfreundlichen Bedingungen zu profitieren. Das beweist die Tatsache, dass das F\u00fcrstentum mehr Firme registriert hat als Einwohner.<\/p>\n<p style=\"text-align: justify;\">Es gibt eine Reihe von Gr\u00fcnden, weshalb es sich lohnt, ein <a title=\"Offshore Bankkonto\" href=\"https:\/\/fcba-offshore.com\/de\/offshore-bank\/\">Offshore Bankkonto<\/a> oder eine <a title=\"Offshore Firma\" href=\"https:\/\/fcba-offshore.com\/de\/offshore-firma\/\">Offshore Firma<\/a> zu er\u00f6ffnen. Liechtenstein ist nicht l\u00e4nger als Steuerparadies bei der OECD gelistet. Daher ist es sehr viel leichter geworden, dort eine <a title=\"Offshore Firma\" href=\"https:\/\/fcba-offshore.com\/de\/offshore-firma\/\">Offshore Firma<\/a> zu haben. Des weiteren sind die sehr geringen K\u00f6rperschaftssteuern ein weiterer, starker Grund. Die Gewinnsteuern verhandelt man direkt mit den lokalen Finanzbeh\u00f6rden und werden keinesfalls die Grenze von 18% \u00fcbersteigen. Dieses System gibt es auch im Nachbarland Schweiz. Und zu guter Letzt haben alle wichtigen internationalen Banken eine Filiale im F\u00fcrstentum und diese offerieren teilweise h\u00f6chst attraktive Produkte und Dienstleistungen f\u00fcr ausgew\u00e4hlte Kunden.<\/p>\n<p style=\"text-align: justify;\"><a title=\"Homepage\" href=\"https:\/\/fcba-offshore.com\/de\/\">FCBA Offshore<\/a> empfiehlt seine Kunden die Er\u00f6ffnung eines <a title=\"Offshore Bankkonto\" href=\"https:\/\/fcba-offshore.com\/de\/offshore-bank\/\">Bankkontos<\/a> oder einer <a title=\"Offshore Firma\" href=\"https:\/\/fcba-offshore.com\/de\/offshore-firma\/\">Offshore Firma<\/a> in Liechtenstein nur dann, wenn sie bereit sind, eine recht hohe Summe zu investieren.<\/p>\n<p style=\"text-align: justify;\">Ausserdem ist es nicht sehr leicht, in Liechtenstein ein <a title=\"Offshore Bankkonto\" href=\"https:\/\/fcba-offshore.com\/de\/offshore-bank\/\">Offshore Bankkonto<\/a> oder eine <a title=\"Offshore Firma\" href=\"https:\/\/fcba-offshore.com\/de\/offshore-firma\/\">Offshore Firma<\/a> zu er\u00f6ffnen, aber dank unserer Erfahrungen stellt f\u00fcr uns kein Problem dar, denn wir verf\u00fcgen \u00fcber ein enges Netzwerk zu Banken vor Ort.<\/p>\n<p style=\"text-align: justify;\">Zu guter Letzt m\u00f6chten wir Sie noch informieren, dass Sie bei einer Bank in Liechtenstein eine sehr gro\u00dfe Ersteinlage haben m\u00fcssen, was f\u00fcr eine Gesch\u00e4ftser\u00f6ffnung ein Nachteil sein kann.<\/p>\n<p>&nbsp;<\/p>\n<p style=\"text-align: justify;\"><a title=\"Kontakt\" href=\"https:\/\/fcba-offshore.com\/de\/317-2\/\">Falls Sie weitere Fragen zu diesem Thema haben, kontaktieren Sie bitte einen Mitarbeiter des FCBA Offshore Teams.<\/a><\/p>\n<p>&nbsp;<\/p>\n<p style=\"text-align: justify;\"><a href=\"http:\/\/fcba-offshore.com\/wp-content\/uploads\/2014\/06\/logo-small.png\"><img loading=\"lazy\" decoding=\"async\" class=\"alignnone size-full wp-image-479\" src=\"http:\/\/fcba-offshore.com\/wp-content\/uploads\/2014\/06\/logo-small.png\" alt=\"Logo offshore small\" width=\"142\" height=\"31\" \/><\/a><\/p>\n","protected":false},"excerpt":{"rendered":"<p>&nbsp; Offshore Business in Liechtenstein: &nbsp; Das F\u00fcrstentum Liechtenstein liegt in den Alpen zwischen \u00d6sterreich und der Schweiz. Es handelt sich dabei um eines der kleinsten L\u00e4nder der Welt und es hat seinen Finanzsektor so stark ausgebaut, um international konkurrenzf\u00e4hig zu sein und f\u00fcr ausl\u00e4ndische Investitionen attraktiv zu sein. Dadurch wurde Liechtenstein ein erfolgreicher Offshore&hellip;<\/p>\n","protected":false},"author":1,"featured_media":0,"parent":0,"menu_order":0,"comment_status":"closed","ping_status":"open","template":"","meta":{"footnotes":""},"class_list":["post-2221","page","type-page","status-publish","hentry"],"_links":{"self":[{"href":"https:\/\/fcba-offshore.com\/de\/wp-json\/wp\/v2\/pages\/2221","targetHints":{"allow":["GET"]}}],"collection":[{"href":"https:\/\/fcba-offshore.com\/de\/wp-json\/wp\/v2\/pages"}],"about":[{"href":"https:\/\/fcba-offshore.com\/de\/wp-json\/wp\/v2\/types\/page"}],"author":[{"embeddable":true,"href":"https:\/\/fcba-offshore.com\/de\/wp-json\/wp\/v2\/users\/1"}],"replies":[{"embeddable":true,"href":"https:\/\/fcba-offshore.com\/de\/wp-json\/wp\/v2\/comments?post=2221"}],"version-history":[{"count":7,"href":"https:\/\/fcba-offshore.com\/de\/wp-json\/wp\/v2\/pages\/2221\/revisions"}],"predecessor-version":[{"id":2466,"href":"https:\/\/fcba-offshore.com\/de\/wp-json\/wp\/v2\/pages\/2221\/revisions\/2466"}],"wp:attachment":[{"href":"https:\/\/fcba-offshore.com\/de\/wp-json\/wp\/v2\/media?parent=2221"}],"curies":[{"name":"wp","href":"https:\/\/api.w.org\/{rel}","templated":true}]}}