{"id":2223,"date":"2016-02-29T17:47:51","date_gmt":"2016-02-29T17:47:51","guid":{"rendered":"http:\/\/fcba-offshore.com\/?page_id=2223"},"modified":"2016-03-08T09:52:36","modified_gmt":"2016-03-08T09:52:36","slug":"luxembourg-offshore","status":"publish","type":"page","link":"https:\/\/fcba-offshore.com\/de\/luxembourg-offshore\/","title":{"rendered":"Luxemburg Offshore"},"content":{"rendered":"<h1><a href=\"http:\/\/fcba-offshore.com\/wp-content\/uploads\/2014\/06\/Luxembourg.png\"><img loading=\"lazy\" decoding=\"async\" class=\"alignnone size-full wp-image-354\" src=\"http:\/\/fcba-offshore.com\/wp-content\/uploads\/2014\/06\/Luxembourg.png\" alt=\"Luxembourg\" width=\"78\" height=\"52\" \/><\/a> <a href=\"http:\/\/fcba-offshore.com\/wp-content\/uploads\/2014\/06\/Luxembourg-Offshore.png\"><img loading=\"lazy\" decoding=\"async\" class=\"size-medium wp-image-628 alignright\" src=\"http:\/\/fcba-offshore.com\/wp-content\/uploads\/2014\/06\/Luxembourg-Offshore-300x131.png\" alt=\"Luxembourg Offshore\" width=\"300\" height=\"131\" srcset=\"https:\/\/fcba-offshore.com\/wp-content\/uploads\/2014\/06\/Luxembourg-Offshore-300x131.png 300w, https:\/\/fcba-offshore.com\/wp-content\/uploads\/2014\/06\/Luxembourg-Offshore.png 641w, https:\/\/fcba-offshore.com\/wp-content\/uploads\/2014\/06\/Luxembourg-Offshore-450x196.png 450w\" sizes=\"auto, (max-width: 300px) 100vw, 300px\" \/><\/a><\/h1>\n<p>&nbsp;<\/p>\n<h1>Offshore Business in Luxemburg:<\/h1>\n<p>&nbsp;<\/p>\n<p style=\"text-align: justify;\">Das Gro\u00dfherzogtum von Luxemburg liegt zwischen Deutschland, Belgien und Frankreich und ist Mitglied der Europ\u00e4ischen Union seit dessen Gr\u00fcndung 1957. Dieses kleine europ\u00e4ische Land hat stets sichergestellt dass sein Dienstleistungssektor konkurrenzf\u00e4hig ist, besonders der finanzielle Sektor. Im Grunde kann man Luxemburg als Offshore Ort bezeichnen, da alle <a title=\"Offshore Bankkonto\" href=\"https:\/\/fcba-offshore.com\/de\/offshore-bank\/\">Offshore Bankkonten<\/a> (sowohl individuelle als auch Firmenkonten) einem sehr strengen Bankgeheimnis folgen, jetzt noch f\u00fcr Kunden, die ihren Wohnsitz nicht in Europa haben.<\/p>\n<p style=\"text-align: justify;\">Dar\u00fcber hinaus haben die Exklusivit\u00e4t und die Variabilit\u00e4t der angebotenen Dienstleistungen, sowie die politische und wirtschaftliche Stabilit\u00e4t des Landes dazu beigetragen, dass Luxemburg als Offshore Ort h\u00f6chste Priorit\u00e4t genie\u00dft. Wahrscheinlich ist Luxemburg einer der sichersten Offshore Orte weltweit. Dies ist einer der wichtigsten Gr\u00fcnde, weshalb so viele Firmen, aber auch Individuen, ein Konto oder Ihren Firmensitz hierhin verlegen. Eine in Luxemburg registrierte Firma wird nur mit einer K\u00f6rperschaftssteuer von 29% belangt. Und Luxemburg bietet zudem die M\u00f6glichkeit, das zu versteuernde Einkommen auf ein Minimum zu reduzieren, in dem operationelle Kosten abzugsf\u00e4hig sind. Die Steuerbeh\u00f6rden in Luxemburg sind vergleichsweise gro\u00dfz\u00fcgig bei der Anerkennung dieser Kosten.<\/p>\n<p style=\"text-align: justify;\"><a title=\"Homepage\" href=\"https:\/\/fcba-offshore.com\/de\/\">FCBA Offshore<\/a> empfiehlt vor allem wohlhabenden Kunden die Er\u00f6ffnung eines <a title=\"Offshore Bankkonto\" href=\"https:\/\/fcba-offshore.com\/de\/offshore-bank\/\">Offshore Bankkontos<\/a> in Luxemburg. Was Firmengr\u00fcndungen angeht, sehen wir interessantere L\u00f6sungen eher in anderen Orten, auch wenn Luxemburg einiges zu bieten hat. Eine individuelle Studie, die gemeinsam mit Experten von <a title=\"Homepage\" href=\"https:\/\/fcba-offshore.com\/de\/\">FCBA Offshore<\/a> erarbeitet werden kann, k\u00f6nnte aber dennoch zum Ergebnis f\u00fchren, dass Luxemburg f\u00fcr Sie der ideale Offshore Ort ist.<\/p>\n<p style=\"text-align: justify;\">Es soll noch betont werden, dass es nicht ganz so leicht ist, ein <a title=\"Offshore Bankkonto\" href=\"https:\/\/fcba-offshore.com\/de\/offshore-bank\/\">Offshore Bankkonto<\/a> oder eine <a title=\"Offshore Firma\" href=\"https:\/\/fcba-offshore.com\/de\/offshore-firma\/\">Offshore Firma<\/a> in Luxemburg zu er\u00f6ffnen. Trotzdem sind wir dazu in der Lage, denn wir verf\u00fcgen \u00fcber ein enges Netzwerk zu Banken vor Ort.<\/p>\n<p style=\"text-align: justify;\">Zu guter Letzt m\u00f6chten wir Sie noch informieren, dass Sie bei einer Bank in Luxemburg eine sehr gro\u00dfe Ersteinlage haben m\u00fcssen, was f\u00fcr eine Gesch\u00e4ftser\u00f6ffnung ein Nachteil sein kann.<\/p>\n<p>&nbsp;<\/p>\n<p style=\"text-align: justify;\"><a title=\"Kontakt\" href=\"https:\/\/fcba-offshore.com\/de\/317-2\/\">Falls Sie weitere Fragen zu diesem Thema haben, kontaktieren Sie bitte einen Mitarbeiter des FCBA Offshore Teams.<\/a><\/p>\n<p>&nbsp;<\/p>\n<p style=\"text-align: justify;\"><a href=\"http:\/\/fcba-offshore.com\/wp-content\/uploads\/2014\/06\/logo-small.png\"><img loading=\"lazy\" decoding=\"async\" class=\"alignnone size-full wp-image-479\" src=\"http:\/\/fcba-offshore.com\/wp-content\/uploads\/2014\/06\/logo-small.png\" alt=\"Logo offshore small\" width=\"142\" height=\"31\" \/><\/a><\/p>\n","protected":false},"excerpt":{"rendered":"<p>&nbsp; Offshore Business in Luxemburg: &nbsp; Das Gro\u00dfherzogtum von Luxemburg liegt zwischen Deutschland, Belgien und Frankreich und ist Mitglied der Europ\u00e4ischen Union seit dessen Gr\u00fcndung 1957. Dieses kleine europ\u00e4ische Land hat stets sichergestellt dass sein Dienstleistungssektor konkurrenzf\u00e4hig ist, besonders der finanzielle Sektor. Im Grunde kann man Luxemburg als Offshore Ort bezeichnen, da alle Offshore Bankkonten&hellip;<\/p>\n","protected":false},"author":1,"featured_media":0,"parent":0,"menu_order":0,"comment_status":"closed","ping_status":"open","template":"","meta":{"footnotes":""},"class_list":["post-2223","page","type-page","status-publish","hentry"],"_links":{"self":[{"href":"https:\/\/fcba-offshore.com\/de\/wp-json\/wp\/v2\/pages\/2223","targetHints":{"allow":["GET"]}}],"collection":[{"href":"https:\/\/fcba-offshore.com\/de\/wp-json\/wp\/v2\/pages"}],"about":[{"href":"https:\/\/fcba-offshore.com\/de\/wp-json\/wp\/v2\/types\/page"}],"author":[{"embeddable":true,"href":"https:\/\/fcba-offshore.com\/de\/wp-json\/wp\/v2\/users\/1"}],"replies":[{"embeddable":true,"href":"https:\/\/fcba-offshore.com\/de\/wp-json\/wp\/v2\/comments?post=2223"}],"version-history":[{"count":7,"href":"https:\/\/fcba-offshore.com\/de\/wp-json\/wp\/v2\/pages\/2223\/revisions"}],"predecessor-version":[{"id":2583,"href":"https:\/\/fcba-offshore.com\/de\/wp-json\/wp\/v2\/pages\/2223\/revisions\/2583"}],"wp:attachment":[{"href":"https:\/\/fcba-offshore.com\/de\/wp-json\/wp\/v2\/media?parent=2223"}],"curies":[{"name":"wp","href":"https:\/\/api.w.org\/{rel}","templated":true}]}}