{"id":2225,"date":"2016-02-29T17:49:21","date_gmt":"2016-02-29T17:49:21","guid":{"rendered":"http:\/\/fcba-offshore.com\/?page_id=2225"},"modified":"2016-03-08T09:54:55","modified_gmt":"2016-03-08T09:54:55","slug":"malta-offshore","status":"publish","type":"page","link":"https:\/\/fcba-offshore.com\/de\/malta-offshore\/","title":{"rendered":"Malta Offshore"},"content":{"rendered":"<h1><a href=\"http:\/\/fcba-offshore.com\/wp-content\/uploads\/2014\/06\/Malte.png\"><img loading=\"lazy\" decoding=\"async\" class=\"alignnone size-full wp-image-355\" src=\"http:\/\/fcba-offshore.com\/wp-content\/uploads\/2014\/06\/Malte.png\" alt=\"Malte\" width=\"83\" height=\"46\" \/><\/a> <a href=\"http:\/\/fcba-offshore.com\/wp-content\/uploads\/2014\/06\/Malte-Offshore.png\"><img loading=\"lazy\" decoding=\"async\" class=\"size-medium wp-image-631 alignright\" src=\"http:\/\/fcba-offshore.com\/wp-content\/uploads\/2014\/06\/Malte-Offshore-300x131.png\" alt=\"Malte Offshore\" width=\"300\" height=\"131\" srcset=\"https:\/\/fcba-offshore.com\/wp-content\/uploads\/2014\/06\/Malte-Offshore-300x131.png 300w, https:\/\/fcba-offshore.com\/wp-content\/uploads\/2014\/06\/Malte-Offshore.png 641w, https:\/\/fcba-offshore.com\/wp-content\/uploads\/2014\/06\/Malte-Offshore-450x196.png 450w\" sizes=\"auto, (max-width: 300px) 100vw, 300px\" \/><\/a><\/h1>\n<p>&nbsp;<\/p>\n<h1>Offshore Business in Malta:<\/h1>\n<p>&nbsp;<\/p>\n<p style=\"text-align: justify;\">Die Insel Malta liegt mitten im Mittelmeer, direkt neben Sizilien. Es handelt sich dabei um den kleinsten Mitgliedsstaat der EU. Dessen rigoroses und konservatives Banksystem macht Malta zu einem der interessanten Offshore Orte. Au\u00dferdem hat Malta, was lange unter britischer Herrschaft war, eine sehr wirtschaftsfreundliche Gesetzgebung, gem\u00e4\u00df dem britischen Model.\u00a0Da die Gesetzgebung Maltas moderner und flexibler ist als in den meisten L\u00e4ndern EU ist, f\u00fchlen sich viele Investoren zu der Mittelmeerinsel hingezogen.<\/p>\n<p style=\"text-align: justify;\">Es gibt eine Reihe von Gr\u00fcnden, Malta als Ort f\u00fcr die Er\u00f6ffnung eines <a title=\"Offshore Bankkonto\" href=\"https:\/\/fcba-offshore.com\/de\/offshore-bankkonto\/\">Offshore Bankkontos<\/a> oder einer <a title=\"Offshore Firma\" href=\"https:\/\/fcba-offshore.com\/de\/offshore-firma\/\">Offshore Firma<\/a> auszuw\u00e4hlen. Zum einen ist das Eigenkapital, welches vom maltesischen Gesetz verlangt wird, sehr niedrig. Auch ist die Steuer auf Gewinne von 5% eine der geringsten innerhalb der Europ\u00e4ischen Union. Dies ist allerdings an die Bedingung gekn\u00fcpft, dass Sie sich kein Gehalt bzw. Dividende auszahlen im ersten fiskalischen Jahr, sondern erst nach Ablauf dessen. Und nicht zu vergessen, da Malta ein vollwertigen Mitglied der EU ist, bekommen Firmeninhaber eine europ\u00e4ische Steuernummer, mit der man keinerlei Probleme bei der Rechnungsstellung hat. Was <a title=\"Offshore Bankkonto\" href=\"https:\/\/fcba-offshore.com\/de\/offshore-bankkonto\/\">Offshore Bankkonten<\/a> betrifft, ist Malta nicht nur f\u00fcr EU-B\u00fcrger, sondern auch f\u00fcr alle anderen B\u00fcrger interessant. Alle bedeutenden Banken sind mit Filialen auf der Mittelmeerinsel vertreten.<\/p>\n<p style=\"text-align: justify;\"><a title=\"Homepage\" href=\"https:\/\/fcba-offshore.com\/de\/\">FCBA Offshore<\/a> empfiehlt allen Kunden eine Er\u00f6ffnung eines <a title=\"Offshore Bankkonto\" href=\"https:\/\/fcba-offshore.com\/de\/offshore-bankkonto\/\">Offshore Bankkontos<\/a> auf Malta bzw. die Er\u00f6ffnung einer <a title=\"Offshore Firma\" href=\"https:\/\/fcba-offshore.com\/de\/offshore-firma\/\">Offshore Firma<\/a>, da die Steuers\u00e4tze sehr niedrig sind. Und jede <a title=\"Offshore Firma\" href=\"https:\/\/fcba-offshore.com\/de\/offshore-firma\/\">Offshore Firma<\/a> mit Sitz auf Malta erlaubt es Ihnen, ohne Probleme Rechnungen innerhalb der EU zu stellen. Ein weiterer Vorteil sind die niedrigen Eigenkapitaleinzahlungen. Einzig die strengen Richtlinien im Rechnungswesen kreieren einige Kosten. F\u00fcr <a title=\"Offshore Bankkonto\" href=\"https:\/\/fcba-offshore.com\/de\/offshore-bankkonto\/\">Offshore Bankkonten<\/a> empfehlen wir Malta in erster Linie f\u00fcr Nicht-EU-B\u00fcrger. Zu guter Letzt noch der Hinweis, dass man bei Investitionen von mindestens \u20ac 650&#8217;000 in die maltesische Wirtschaft, auch die Staatsb\u00fcrgerschaft Maltas beantragen kann, die einem unbegrenzten Reisen innerhalb Europas (und in viele andere L\u00e4nder) erm\u00f6glicht.<\/p>\n<p style=\"text-align: justify;\">Die Er\u00f6ffnung sowohl eines <a title=\"Offshore Bankkonto\" href=\"https:\/\/fcba-offshore.com\/de\/offshore-bankkonto\/\">Bankkontos<\/a> als auch einer <a title=\"Offshore Firma\" href=\"https:\/\/fcba-offshore.com\/de\/offshore-firma\/\">Offshore Firma<\/a> auf Malta stellt f\u00fcr uns kein Problem dar, denn wir verf\u00fcgen \u00fcber ein enges Netzwerk zu Banken vor Ort.<\/p>\n<p style=\"text-align: justify;\">Zu guter Letzt m\u00f6chten wir Sie noch informieren, dass Sie bei einer Bank auf Malta eine relativ geringe Ersteinlage haben m\u00fcssen, was f\u00fcr eine Gesch\u00e4ftser\u00f6ffnung ein Vorteil darstellen kann.<\/p>\n<p>&nbsp;<\/p>\n<p style=\"text-align: justify;\"><a title=\"Kontakt\" href=\"https:\/\/fcba-offshore.com\/de\/317-2\/\">Falls Sie weitere Fragen zu diesem Thema haben, kontaktieren Sie bitte einen Mitarbeiter des FCBA Offshore \u00a0Teams.<\/a><\/p>\n<p>&nbsp;<\/p>\n","protected":false},"excerpt":{"rendered":"<p>&nbsp; Offshore Business in Malta: &nbsp; Die Insel Malta liegt mitten im Mittelmeer, direkt neben Sizilien. Es handelt sich dabei um den kleinsten Mitgliedsstaat der EU. Dessen rigoroses und konservatives Banksystem macht Malta zu einem der interessanten Offshore Orte. Au\u00dferdem hat Malta, was lange unter britischer Herrschaft war, eine sehr wirtschaftsfreundliche Gesetzgebung, gem\u00e4\u00df dem britischen&hellip;<\/p>\n","protected":false},"author":1,"featured_media":0,"parent":0,"menu_order":0,"comment_status":"closed","ping_status":"open","template":"","meta":{"footnotes":""},"class_list":["post-2225","page","type-page","status-publish","hentry"],"_links":{"self":[{"href":"https:\/\/fcba-offshore.com\/de\/wp-json\/wp\/v2\/pages\/2225","targetHints":{"allow":["GET"]}}],"collection":[{"href":"https:\/\/fcba-offshore.com\/de\/wp-json\/wp\/v2\/pages"}],"about":[{"href":"https:\/\/fcba-offshore.com\/de\/wp-json\/wp\/v2\/types\/page"}],"author":[{"embeddable":true,"href":"https:\/\/fcba-offshore.com\/de\/wp-json\/wp\/v2\/users\/1"}],"replies":[{"embeddable":true,"href":"https:\/\/fcba-offshore.com\/de\/wp-json\/wp\/v2\/comments?post=2225"}],"version-history":[{"count":6,"href":"https:\/\/fcba-offshore.com\/de\/wp-json\/wp\/v2\/pages\/2225\/revisions"}],"predecessor-version":[{"id":2584,"href":"https:\/\/fcba-offshore.com\/de\/wp-json\/wp\/v2\/pages\/2225\/revisions\/2584"}],"wp:attachment":[{"href":"https:\/\/fcba-offshore.com\/de\/wp-json\/wp\/v2\/media?parent=2225"}],"curies":[{"name":"wp","href":"https:\/\/api.w.org\/{rel}","templated":true}]}}