{"id":2227,"date":"2016-02-29T17:50:47","date_gmt":"2016-02-29T17:50:47","guid":{"rendered":"http:\/\/fcba-offshore.com\/?page_id=2227"},"modified":"2016-03-08T09:57:03","modified_gmt":"2016-03-08T09:57:03","slug":"mauritius-offshore","status":"publish","type":"page","link":"https:\/\/fcba-offshore.com\/de\/mauritius-offshore\/","title":{"rendered":"Mauritius Offshore"},"content":{"rendered":"<h1><a href=\"http:\/\/fcba-offshore.com\/wp-content\/uploads\/2014\/06\/Ile-Maurice.png\"><img loading=\"lazy\" decoding=\"async\" class=\"alignnone size-full wp-image-351\" src=\"http:\/\/fcba-offshore.com\/wp-content\/uploads\/2014\/06\/Ile-Maurice.png\" alt=\"Ile-Maurice\" width=\"74\" height=\"47\" srcset=\"https:\/\/fcba-offshore.com\/wp-content\/uploads\/2014\/06\/Ile-Maurice.png 74w, https:\/\/fcba-offshore.com\/wp-content\/uploads\/2014\/06\/Ile-Maurice-72x47.png 72w\" sizes=\"auto, (max-width: 74px) 100vw, 74px\" \/><\/a> <a href=\"http:\/\/fcba-offshore.com\/wp-content\/uploads\/2014\/06\/Ile-Maurice-Offshore1.png\"><img loading=\"lazy\" decoding=\"async\" class=\"size-medium wp-image-606 alignright\" src=\"http:\/\/fcba-offshore.com\/wp-content\/uploads\/2014\/06\/Ile-Maurice-Offshore1-300x131.png\" alt=\"Ile Maurice Offshore\" width=\"300\" height=\"131\" srcset=\"https:\/\/fcba-offshore.com\/wp-content\/uploads\/2014\/06\/Ile-Maurice-Offshore1-300x131.png 300w, https:\/\/fcba-offshore.com\/wp-content\/uploads\/2014\/06\/Ile-Maurice-Offshore1.png 641w, https:\/\/fcba-offshore.com\/wp-content\/uploads\/2014\/06\/Ile-Maurice-Offshore1-450x196.png 450w\" sizes=\"auto, (max-width: 300px) 100vw, 300px\" \/><\/a><\/h1>\n<p>&nbsp;<\/p>\n<h1>Offshore Business auf Mauritius:<\/h1>\n<p>&nbsp;<\/p>\n<p style=\"text-align: justify;\">Die Insel Mauritius ist selbstverst\u00e4ndlich den meisten bekannt als Tourismus Idyll und ideales Urlaubsquartier. Aber Mauritius ist auch eine ernstzunehmende Option als Offshore Ort. Gelegen im Indischen Ozean, ungef\u00e4hr 900 km von Madagaskar entfernt, hat Mauritius eine moderne und effiziente Gesetzgebung, die wirtschaftsliberal ist und dem britischen Model folgt. Die Insel war bis 1968 britisch. Da die Gesetzgebung von Mauritius moderner und flexibler ist als z.B. in den meisten L\u00e4ndern EU ist, f\u00fchlen sich viele Investoren zu der Inselrepublik hingezogen.<\/p>\n<p style=\"text-align: justify;\">Die wichtigsten Vorteile eines<a title=\"Offshore Bankkonto\" href=\"https:\/\/fcba-offshore.com\/de\/offshore-bank\/\"> Offshore Bankkontos<\/a> bzw. einer <a title=\"Offshore Firma\" href=\"https:\/\/fcba-offshore.com\/de\/offshore-firma\/\">Offshore Firma<\/a> in Mauritius im \u00dcberblick:<\/p>\n<ul style=\"text-align: justify;\">\n<li>Keine MwSt.<\/li>\n<li>Keine K\u00f6rperschaftssteuer (wenn Sie nicht Ihren Wohnsitz dort haben)<\/li>\n<li>Garantiertes Bankgeheimnis\u00a0(100% Diskretion)<\/li>\n<li>Vollst\u00e4ndige Anonymit\u00e4t von Firmeninhabern<\/li>\n<li>Einfache Vorschriften f\u00fcr Buchf\u00fchrung<\/li>\n<\/ul>\n<p style=\"text-align: justify;\"><a title=\"Homepage\" href=\"https:\/\/fcba-offshore.com\/de\/\">FCBA Offshore<\/a> empfiehlt allen Kunden eine Er\u00f6ffnung eines <a title=\"Offshore Bankkonto\" href=\"https:\/\/fcba-offshore.com\/de\/offshore-bank\/\">Offshore Bankkontos<\/a> auf Mauritius bzw. die Er\u00f6ffnung einer <a title=\"Offshore Firma\" href=\"https:\/\/fcba-offshore.com\/de\/offshore-firma\/\">Offshore Firma<\/a>. Es gibt dort, wie oben diskutiert, eine ganze Reihe von Vorteilen. Die politische Lage ist seit der Unabh\u00e4ngihkeit sehr stabil. Mauritius hat daher eines der h\u00f6chsten Pro-Kopf-Einkommen Afrikas. Der einzig nennenswerten Nachteile sind die etwas komplizierten und umst\u00e4ndlichen Statuten f\u00fcr Buchhaltung und Administration (obwohl die Buchhaltungskriterien f\u00fcr Nicht-Wohnsitzinhaber schon vereinfacht wurden) im Vergleich zu anderen Offshore Orten. Dadurch k\u00f6nnen Zeitverluste und auch zus\u00e4tzliche Kosten entstehen. Allerdings steht Mauritius derzeit auf der &#8220;schwarzen Liste&#8221; von vielen EU-L\u00e4ndern, denen vorgeworfen wird, dass sie sich nicht am Kampf gegen Steuerflucht beteiligen.<\/p>\n<p style=\"text-align: justify;\">Die Er\u00f6ffnung sowohl eines <a title=\"Offshore Bankkonto\" href=\"https:\/\/fcba-offshore.com\/de\/offshore-bank\/\">Bankkontos<\/a> als auch einer <a title=\"Offshore Firma\" href=\"https:\/\/fcba-offshore.com\/de\/offshore-firma\/\">Offshore Firma<\/a> auf Mauritius stellt f\u00fcr uns kein Problem dar, denn wir verf\u00fcgen \u00fcber ein enges Netzwerk zu Banken vor Ort.<\/p>\n<p style=\"text-align: justify;\">Zu guter Letzt m\u00f6chten wir Sie noch informieren, dass Sie bei einer Bank auf Mauritius eine relativ geringe Ersteinlage haben m\u00fcssen, was f\u00fcr eine Gesch\u00e4ftser\u00f6ffnung ein Vorteil darstellen kann.<\/p>\n<p>&nbsp;<\/p>\n<p><a title=\"Kontakt\" href=\"https:\/\/fcba-offshore.com\/de\/317-2\/\">Falls Sie weitere Fragen zu diesem Thema haben, kontaktieren Sie bitte \u00a0einen Mitarbeiter des FCBA Offshore Teams<\/a>.<\/p>\n<p>&nbsp;<\/p>\n<p style=\"text-align: justify;\"><a href=\"http:\/\/fcba-offshore.com\/wp-content\/uploads\/2014\/06\/logo-small.png\"><img loading=\"lazy\" decoding=\"async\" class=\"alignnone size-full wp-image-479\" src=\"http:\/\/fcba-offshore.com\/wp-content\/uploads\/2014\/06\/logo-small.png\" alt=\"Logo offshore small\" width=\"142\" height=\"31\" \/><\/a><\/p>\n","protected":false},"excerpt":{"rendered":"<p>&nbsp; Offshore Business auf Mauritius: &nbsp; Die Insel Mauritius ist selbstverst\u00e4ndlich den meisten bekannt als Tourismus Idyll und ideales Urlaubsquartier. Aber Mauritius ist auch eine ernstzunehmende Option als Offshore Ort. Gelegen im Indischen Ozean, ungef\u00e4hr 900 km von Madagaskar entfernt, hat Mauritius eine moderne und effiziente Gesetzgebung, die wirtschaftsliberal ist und dem britischen Model folgt.&hellip;<\/p>\n","protected":false},"author":1,"featured_media":0,"parent":0,"menu_order":0,"comment_status":"closed","ping_status":"open","template":"","meta":{"footnotes":""},"class_list":["post-2227","page","type-page","status-publish","hentry"],"_links":{"self":[{"href":"https:\/\/fcba-offshore.com\/de\/wp-json\/wp\/v2\/pages\/2227","targetHints":{"allow":["GET"]}}],"collection":[{"href":"https:\/\/fcba-offshore.com\/de\/wp-json\/wp\/v2\/pages"}],"about":[{"href":"https:\/\/fcba-offshore.com\/de\/wp-json\/wp\/v2\/types\/page"}],"author":[{"embeddable":true,"href":"https:\/\/fcba-offshore.com\/de\/wp-json\/wp\/v2\/users\/1"}],"replies":[{"embeddable":true,"href":"https:\/\/fcba-offshore.com\/de\/wp-json\/wp\/v2\/comments?post=2227"}],"version-history":[{"count":8,"href":"https:\/\/fcba-offshore.com\/de\/wp-json\/wp\/v2\/pages\/2227\/revisions"}],"predecessor-version":[{"id":2472,"href":"https:\/\/fcba-offshore.com\/de\/wp-json\/wp\/v2\/pages\/2227\/revisions\/2472"}],"wp:attachment":[{"href":"https:\/\/fcba-offshore.com\/de\/wp-json\/wp\/v2\/media?parent=2227"}],"curies":[{"name":"wp","href":"https:\/\/api.w.org\/{rel}","templated":true}]}}