{"id":2229,"date":"2016-02-29T17:52:10","date_gmt":"2016-02-29T17:52:10","guid":{"rendered":"http:\/\/fcba-offshore.com\/?page_id=2229"},"modified":"2016-03-08T09:58:34","modified_gmt":"2016-03-08T09:58:34","slug":"monaco-offshore","status":"publish","type":"page","link":"https:\/\/fcba-offshore.com\/de\/monaco-offshore\/","title":{"rendered":"Monaco Offshore"},"content":{"rendered":"<h1><a href=\"http:\/\/fcba-offshore.com\/wp-content\/uploads\/2014\/06\/Monaco.png\"><img loading=\"lazy\" decoding=\"async\" class=\"alignnone size-full wp-image-485\" src=\"http:\/\/fcba-offshore.com\/wp-content\/uploads\/2014\/06\/Monaco.png\" alt=\"Monaco\" width=\"62\" height=\"41\" srcset=\"https:\/\/fcba-offshore.com\/wp-content\/uploads\/2014\/06\/Monaco.png 62w, https:\/\/fcba-offshore.com\/wp-content\/uploads\/2014\/06\/Monaco-60x41.png 60w\" sizes=\"auto, (max-width: 62px) 100vw, 62px\" \/><\/a> <a href=\"http:\/\/fcba-offshore.com\/wp-content\/uploads\/2014\/06\/Monaco-Offshore.png\"><img loading=\"lazy\" decoding=\"async\" class=\"size-medium wp-image-633 alignright\" src=\"http:\/\/fcba-offshore.com\/wp-content\/uploads\/2014\/06\/Monaco-Offshore-300x131.png\" alt=\"Monaco Offshore\" width=\"300\" height=\"131\" srcset=\"https:\/\/fcba-offshore.com\/wp-content\/uploads\/2014\/06\/Monaco-Offshore-300x131.png 300w, https:\/\/fcba-offshore.com\/wp-content\/uploads\/2014\/06\/Monaco-Offshore.png 641w, https:\/\/fcba-offshore.com\/wp-content\/uploads\/2014\/06\/Monaco-Offshore-450x196.png 450w\" sizes=\"auto, (max-width: 300px) 100vw, 300px\" \/><\/a><\/h1>\n<p>&nbsp;<\/p>\n<h1>Offshore Business in Monaco:<\/h1>\n<p>&nbsp;<\/p>\n<p style=\"text-align: justify;\">Das F\u00fcrstentum Monaco ist weltber\u00fchmt als eine Residenz f\u00fcr sehr wohlhabende B\u00fcrger und auch als Steuerparadies. Es ist nach dem Vatikan das zweitkleinste Land der Erde. Der mond\u00e4ne und sehr dichtbesiedelte Staat liegt direkt am Mittelmeer und grent sowohl an Frankreich als auch an Italien. Das F\u00fcrstentum ist kein Mitglied der Europ\u00e4ischen Union. Allerdings wurde Monaco vollst\u00e4ndig in das franz\u00f6sische Banksystem integriert und wurde daher von den franz\u00f6sischen Finanzbeh\u00f6rden gebeten\u00a0(und nicht nur von den franz\u00f6sischen), die Klarnamen aller Inhaber von <a title=\"Offshore Bankkonto\" href=\"https:\/\/fcba-offshore.com\/de\/offshore-bank\/\">Offshore Bankkonten<\/a> in Monaco zu nennen. Jedoch verbleibt es f\u00fcr viele B\u00fcrger ohne EU- oder US-Staatsangeh\u00f6rigkeit weiterhin als Steueroase interessant.<\/p>\n<p style=\"text-align: justify;\">Die Qualit\u00e4t der Bankprodukte und Dienstleistungen in Monaco gen\u00fcgt immer noch den h\u00f6chsten Anspr\u00fcchen. Ein erfahrener, pers\u00f6nlicher Bediensteter wird sie durch alle Prozesse f\u00fchren und sicherstellen, dass Ihre pers\u00f6nliche Steueroptimierungsstrategie effizient ist und dass alle von Ihnen gew\u00e4hlten Produkte zu Ihren pers\u00f6nlichen Zielen f\u00fchren. H\u00f6chste Vertraulichkeit wird stets garantiert in Monaco, was f\u00fcr Sie pers\u00f6nlich, aber auch Ihrer Stiftung gilt. Die Gr\u00fcndung einer <a title=\"Offshore Firma\" href=\"https:\/\/fcba-offshore.com\/de\/offshore-firma\/\">Offshore Firma<\/a> in Monaco ist bei weitem nicht so interessant.<\/p>\n<p style=\"text-align: justify;\">Bei\u00a0<a title=\"Homepage\" href=\"https:\/\/fcba-offshore.com\/de\/\">FCBA Offshore<\/a> \u00a0sagen wir weiterhin: &#8220;die Er\u00f6ffnung eines <a title=\"Offshore Bankkonto\" href=\"https:\/\/fcba-offshore.com\/de\/offshore-bank\/\">Offshore Bankkontos<\/a> in Monaco ist immer noch ein Grund zum Feiern&#8221;. Wegen seiner Exklusivit\u00e4t und seiner herausragenden Rolle verlangen die meisten Banken weiterhin einen pers\u00f6nlichen Besuch des potentiellen Kunden.<\/p>\n<p style=\"text-align: justify;\">Es soll noch betont werden, dass es nicht ganz so leicht ist, ein <a title=\"Offshore Bankkonto\" href=\"https:\/\/fcba-offshore.com\/de\/offshore-bank\/\">Offshore Bankkonto<\/a> oder eine <a title=\"Offshore Firma\" href=\"https:\/\/fcba-offshore.com\/de\/offshore-firma\/\">Offshore Firma<\/a> in Monaco zu er\u00f6ffnen. Trotzdem sind wir dazu in der Lage, denn wir verf\u00fcgen \u00fcber ein enges Netzwerk zu Banken vor Ort.<\/p>\n<p style=\"text-align: justify;\">Zu guter Letzt m\u00f6chten wir Sie noch informieren, dass Sie bei einer Bank in Monaco eine sehr gro\u00dfe Ersteinlage bereitstellen\u00a0m\u00fcssen, was f\u00fcr eine Gesch\u00e4ftser\u00f6ffnung ein Nachteil sein kann.<\/p>\n<p>&nbsp;<\/p>\n<p style=\"text-align: justify;\"><a title=\"Kontakt\" href=\"https:\/\/fcba-offshore.com\/de\/317-2\/\">Falls Sie weitere Fragen zu diesem Thema haben, kontaktieren Sie bitte \u00a0einen Mitarbeiter des FCBA Offshore Teams.<\/a><\/p>\n<p>&nbsp;<\/p>\n<p style=\"text-align: justify;\"><a href=\"http:\/\/fcba-offshore.com\/wp-content\/uploads\/2014\/06\/logo-small.png\"><img loading=\"lazy\" decoding=\"async\" class=\"alignnone size-full wp-image-479\" src=\"http:\/\/fcba-offshore.com\/wp-content\/uploads\/2014\/06\/logo-small.png\" alt=\"Logo offshore small\" width=\"142\" height=\"31\" \/><\/a><\/p>\n","protected":false},"excerpt":{"rendered":"<p>&nbsp; Offshore Business in Monaco: &nbsp; Das F\u00fcrstentum Monaco ist weltber\u00fchmt als eine Residenz f\u00fcr sehr wohlhabende B\u00fcrger und auch als Steuerparadies. Es ist nach dem Vatikan das zweitkleinste Land der Erde. Der mond\u00e4ne und sehr dichtbesiedelte Staat liegt direkt am Mittelmeer und grent sowohl an Frankreich als auch an Italien. Das F\u00fcrstentum ist kein&hellip;<\/p>\n","protected":false},"author":1,"featured_media":0,"parent":0,"menu_order":0,"comment_status":"closed","ping_status":"open","template":"","meta":{"footnotes":""},"class_list":["post-2229","page","type-page","status-publish","hentry"],"_links":{"self":[{"href":"https:\/\/fcba-offshore.com\/de\/wp-json\/wp\/v2\/pages\/2229","targetHints":{"allow":["GET"]}}],"collection":[{"href":"https:\/\/fcba-offshore.com\/de\/wp-json\/wp\/v2\/pages"}],"about":[{"href":"https:\/\/fcba-offshore.com\/de\/wp-json\/wp\/v2\/types\/page"}],"author":[{"embeddable":true,"href":"https:\/\/fcba-offshore.com\/de\/wp-json\/wp\/v2\/users\/1"}],"replies":[{"embeddable":true,"href":"https:\/\/fcba-offshore.com\/de\/wp-json\/wp\/v2\/comments?post=2229"}],"version-history":[{"count":8,"href":"https:\/\/fcba-offshore.com\/de\/wp-json\/wp\/v2\/pages\/2229\/revisions"}],"predecessor-version":[{"id":2473,"href":"https:\/\/fcba-offshore.com\/de\/wp-json\/wp\/v2\/pages\/2229\/revisions\/2473"}],"wp:attachment":[{"href":"https:\/\/fcba-offshore.com\/de\/wp-json\/wp\/v2\/media?parent=2229"}],"curies":[{"name":"wp","href":"https:\/\/api.w.org\/{rel}","templated":true}]}}