{"id":2231,"date":"2016-02-29T17:53:51","date_gmt":"2016-02-29T17:53:51","guid":{"rendered":"http:\/\/fcba-offshore.com\/?page_id=2231"},"modified":"2016-03-08T09:59:57","modified_gmt":"2016-03-08T09:59:57","slug":"nevis-offshore","status":"publish","type":"page","link":"https:\/\/fcba-offshore.com\/de\/nevis-offshore\/","title":{"rendered":"St. Kitts &#038; Nevis Offshore"},"content":{"rendered":"<h1><a href=\"http:\/\/fcba-offshore.com\/wp-content\/uploads\/2014\/06\/Nieves.png\"><img loading=\"lazy\" decoding=\"async\" class=\"alignnone size-full wp-image-365\" src=\"http:\/\/fcba-offshore.com\/wp-content\/uploads\/2014\/06\/Nieves.png\" alt=\"Nieves\" width=\"66\" height=\"43\" \/><\/a> <a href=\"http:\/\/fcba-offshore.com\/wp-content\/uploads\/2014\/06\/Neves-Offshore-2.png\"><img loading=\"lazy\" decoding=\"async\" class=\"size-medium wp-image-636 alignright\" src=\"http:\/\/fcba-offshore.com\/wp-content\/uploads\/2014\/06\/Neves-Offshore-2-300x131.png\" alt=\"Neves Offshore 2\" width=\"300\" height=\"131\" srcset=\"https:\/\/fcba-offshore.com\/wp-content\/uploads\/2014\/06\/Neves-Offshore-2-300x131.png 300w, https:\/\/fcba-offshore.com\/wp-content\/uploads\/2014\/06\/Neves-Offshore-2.png 641w, https:\/\/fcba-offshore.com\/wp-content\/uploads\/2014\/06\/Neves-Offshore-2-450x196.png 450w\" sizes=\"auto, (max-width: 300px) 100vw, 300px\" \/><\/a><\/h1>\n<p>&nbsp;<\/p>\n<h1>Offshore Business <strong>in St. Kitts &amp;\u00a0<\/strong>Nevis:<\/h1>\n<p>&nbsp;<\/p>\n<p style=\"text-align: justify;\">St. Kitts &amp; Nevis sind zwei kleine Inseln im Karibischen Archipelago im Atlantik und mit nur knapp \u00a012.000 Einwohnern besiedelt. Die Einwohner der Inseln, die haupts\u00e4chlich vom Fischfang und Tourismus leben, sind eher arm und die Finanzinstitute besch\u00e4ftigen haupts\u00e4chlich Ausl\u00e4nder. Die Inselgruppe ist Mitglied des Commonwealth und hat eine sehr wirtschaftsliberale Gesetzgebung, dem britischen Model entsprechend.\u00a0Da die Gesetzgebung von St. Kitts &amp; Nevis moderner und flexibler ist als z.B. in den meisten L\u00e4ndern der EU ist, f\u00fchlen sich viele Investoren zu der Inselrepublik hingezogen.<\/p>\n<p style=\"text-align: justify;\">Diese in Europe fast unbekannten Inseln garantieren ein hohes Ma\u00df an Diskretion f\u00fcr alle, die dort ein <a title=\"Offshore Bankkonto\" href=\"https:\/\/fcba-offshore.com\/de\/offshore-bank\/\">Offshore Bankkonto<\/a> bzw. eine <a title=\"Offshore Firma\" href=\"https:\/\/fcba-offshore.com\/de\/offshore-firma\/\">Offshore Firma<\/a> gr\u00fcnden m\u00f6chten.<\/p>\n<p style=\"text-align: justify;\">Die wichtigsten Vorteile im \u00dcberblick:<\/p>\n<ul style=\"text-align: justify;\">\n<li>Keine MwSt.<\/li>\n<li>Keine K\u00f6rperschaftssteuer (wenn Sie nicht Ihren Wohnsitz dort haben)<\/li>\n<li>Garantiertes Bankgeheimnis (100% Diskretion)<\/li>\n<li>Vollst\u00e4ndige Anonymit\u00e4t von Firmeninhabern<\/li>\n<li>Keine Steuern auf Gewinne\/Dividenden<\/li>\n<\/ul>\n<p style=\"text-align: justify;\"><a title=\"Homepage\" href=\"https:\/\/fcba-offshore.com\/de\/\">FCBA Offshore<\/a> empfiehlt seinen Kunden die Er\u00f6ffnung eines <a title=\"Offshore Bankkonto\" href=\"https:\/\/fcba-offshore.com\/de\/offshore-bank\/\">Offshore Bankkontos<\/a> oder einer <a title=\"Offshore Firma\" href=\"https:\/\/fcba-offshore.com\/de\/offshore-firma\/\">Offshore Firma<\/a> auf St. Kitts &amp; Nevis vor allem denjenigen, die keine Gesch\u00e4fte mit europ\u00e4ischen Firmen haben. Dieser Offshore Ort in der Regel als zu exotisch angesehen. Dar\u00fcber hinaus gibt es einen gro\u00dfen Zeitunterschied zu Europa und da die Inseln sehr klein und unbekannt sind und nur sehr wenige gr\u00f6\u00dfere Banken dort eine Filiale haben,\u00a0lassen uns daran zweifeln, ob es wirklich sinnvoll ist auf St. Kitts &amp; \u00a0Nevis ein <a title=\"Offshore Bankkonto\" href=\"https:\/\/fcba-offshore.com\/de\/offshore-bank\/\">Offshore Bankkonto<\/a> oder eine <a title=\"Offshore Firma\" href=\"https:\/\/fcba-offshore.com\/de\/offshore-firma\/\">Offshore Firma<\/a> zu haben.<\/p>\n<p style=\"text-align: justify;\">Die Er\u00f6ffnung sowohl eines <a title=\"Offshore Bankkonto\" href=\"https:\/\/fcba-offshore.com\/de\/offshore-bank\/\">Bankkontos<\/a> als auch einer <a title=\"Offshore Firma\" href=\"https:\/\/fcba-offshore.com\/de\/offshore-firma\/\">Offshore Firma<\/a> auf St. Kitts &amp; Nevis stellt f\u00fcr uns allerdings kein Problem dar, denn wir verf\u00fcgen \u00fcber ein enges Netzwerk zu Banken vor Ort.<\/p>\n<p style=\"text-align: justify;\">Zu guter Letzt m\u00f6chten wir Sie noch informieren, dass Sie bei einer Bank auf St. Kitts &amp; Nevis nur eine relativ geringe Ersteinlage haben m\u00fcssen, was f\u00fcr eine Gesch\u00e4ftser\u00f6ffnung ein Vorteil darstellen kann.<\/p>\n<p>&nbsp;<\/p>\n<p style=\"text-align: justify;\"><a title=\"Kontakt\" href=\"https:\/\/fcba-offshore.com\/de\/317-2\/\">Falls Sie weitere Fragen zu diesem Thema haben, kontaktieren Sie bitte einen Mitarbeiter des FCBA Offshore Teams<\/a>.<\/p>\n<p>&nbsp;<\/p>\n<p style=\"text-align: justify;\"><a href=\"http:\/\/fcba-offshore.com\/wp-content\/uploads\/2014\/06\/logo-small.png\"><img loading=\"lazy\" decoding=\"async\" class=\"alignnone size-full wp-image-479\" src=\"http:\/\/fcba-offshore.com\/wp-content\/uploads\/2014\/06\/logo-small.png\" alt=\"Logo offshore small\" width=\"142\" height=\"31\" \/><\/a><\/p>\n","protected":false},"excerpt":{"rendered":"<p>&nbsp; Offshore Business in St. Kitts &amp;\u00a0Nevis: &nbsp; St. Kitts &amp; Nevis sind zwei kleine Inseln im Karibischen Archipelago im Atlantik und mit nur knapp \u00a012.000 Einwohnern besiedelt. Die Einwohner der Inseln, die haupts\u00e4chlich vom Fischfang und Tourismus leben, sind eher arm und die Finanzinstitute besch\u00e4ftigen haupts\u00e4chlich Ausl\u00e4nder. Die Inselgruppe ist Mitglied des Commonwealth und&hellip;<\/p>\n","protected":false},"author":1,"featured_media":0,"parent":0,"menu_order":0,"comment_status":"closed","ping_status":"open","template":"","meta":{"footnotes":""},"class_list":["post-2231","page","type-page","status-publish","hentry"],"_links":{"self":[{"href":"https:\/\/fcba-offshore.com\/de\/wp-json\/wp\/v2\/pages\/2231","targetHints":{"allow":["GET"]}}],"collection":[{"href":"https:\/\/fcba-offshore.com\/de\/wp-json\/wp\/v2\/pages"}],"about":[{"href":"https:\/\/fcba-offshore.com\/de\/wp-json\/wp\/v2\/types\/page"}],"author":[{"embeddable":true,"href":"https:\/\/fcba-offshore.com\/de\/wp-json\/wp\/v2\/users\/1"}],"replies":[{"embeddable":true,"href":"https:\/\/fcba-offshore.com\/de\/wp-json\/wp\/v2\/comments?post=2231"}],"version-history":[{"count":6,"href":"https:\/\/fcba-offshore.com\/de\/wp-json\/wp\/v2\/pages\/2231\/revisions"}],"predecessor-version":[{"id":2585,"href":"https:\/\/fcba-offshore.com\/de\/wp-json\/wp\/v2\/pages\/2231\/revisions\/2585"}],"wp:attachment":[{"href":"https:\/\/fcba-offshore.com\/de\/wp-json\/wp\/v2\/media?parent=2231"}],"curies":[{"name":"wp","href":"https:\/\/api.w.org\/{rel}","templated":true}]}}