{"id":2235,"date":"2016-02-29T17:58:04","date_gmt":"2016-02-29T17:58:04","guid":{"rendered":"http:\/\/fcba-offshore.com\/?page_id=2235"},"modified":"2016-03-08T10:02:01","modified_gmt":"2016-03-08T10:02:01","slug":"panama-offshore","status":"publish","type":"page","link":"https:\/\/fcba-offshore.com\/de\/panama-offshore\/","title":{"rendered":"Panama Offshore"},"content":{"rendered":"<h1><a href=\"http:\/\/fcba-offshore.com\/wp-content\/uploads\/2014\/06\/Panama.png\"><img loading=\"lazy\" decoding=\"async\" class=\"alignnone size-full wp-image-366\" src=\"http:\/\/fcba-offshore.com\/wp-content\/uploads\/2014\/06\/Panama.png\" alt=\"Panama\" width=\"65\" height=\"42\" \/><\/a> <a href=\"http:\/\/fcba-offshore.com\/wp-content\/uploads\/2014\/06\/Panama-Offshore.png\"><img loading=\"lazy\" decoding=\"async\" class=\"size-medium wp-image-638 alignright\" src=\"http:\/\/fcba-offshore.com\/wp-content\/uploads\/2014\/06\/Panama-Offshore-300x131.png\" alt=\"Panama Offshore\" width=\"300\" height=\"131\" srcset=\"https:\/\/fcba-offshore.com\/wp-content\/uploads\/2014\/06\/Panama-Offshore-300x131.png 300w, https:\/\/fcba-offshore.com\/wp-content\/uploads\/2014\/06\/Panama-Offshore.png 641w, https:\/\/fcba-offshore.com\/wp-content\/uploads\/2014\/06\/Panama-Offshore-450x196.png 450w\" sizes=\"auto, (max-width: 300px) 100vw, 300px\" \/><\/a><\/h1>\n<p>&nbsp;<\/p>\n<h1>Offshore Business in Panama:<\/h1>\n<p>&nbsp;<\/p>\n<p style=\"text-align: justify;\">Panama ist das s\u00fcdlichste Land Zentralamerikas und hat ca. \u00a03,5 Millionen Einwohner. Dieser Staat ist weltbekannt durch seinen Panamakanal, der den Atlantischen mit dem Pazifischen Ozean verbindet und den t\u00e4glich hunderte von Schiffen passieren. Dieser Kanal ist und bleibt die wichtigste Einnahmequelle des Landes. Ungef\u00e4hr 8000 Menschen arbeiten direkt oder indirekt f\u00fcr den Panamakanal. Die Wirtschaft Panamas ist die am st\u00e4rksten florierende in Zentralamerika und basiert auf Handel, Tourismus und stark auf Finanzdienstleistungen. Dieser Offshore Ort garantiert Anonymit\u00e4t denjenigen, \u00a0die keinen Wohnsitz in Panama haben, aber \u00fcber ein <a title=\"Offshore Bankkonto\" href=\"https:\/\/fcba-offshore.com\/de\/offshore-bank\/\">Offshore Bankkonto<\/a> oder eine <a title=\"Offshore Firma\" href=\"https:\/\/fcba-offshore.com\/de\/offshore-firma\/\">Offshore Firma<\/a> verf\u00fcgen. Man kann Panama mit der Schweiz vergleichen, da es sich um ein starkes regionales Finanzzentrum handelt, welches ein Bankgeheimnis hat und f\u00fcr hohe Diskretion b\u00fcrgt.<\/p>\n<p style=\"text-align: justify;\">Es gibt eine ganze Reihe von Vorteilen, die f\u00fcr die Er\u00f6ffnung eines <a title=\"Offshore Bankkonto\" href=\"https:\/\/fcba-offshore.com\/de\/offshore-bank\/\">Offshore Bankkontos<\/a> oder einer <a title=\"Offshore Firma\" href=\"https:\/\/fcba-offshore.com\/de\/offshore-firma\/\">Offshore Firma<\/a> in Panama sprechen:<\/p>\n<ul style=\"text-align: justify;\">\n<li>Keine MwSt.<\/li>\n<li>Keine K\u00f6rperschaftssteuer (wenn Sie nicht Ihren Wohnsitz dort haben)<\/li>\n<li>Garantiertes Bankgeheimnis\u00a0(100% Diskretion)<\/li>\n<li>Vollst\u00e4ndige Anonymit\u00e4t von Firmeninhabern<\/li>\n<li>Kein Mindesteinlagekapital<\/li>\n<\/ul>\n<p style=\"text-align: justify;\"><a title=\"Homepage\" href=\"https:\/\/fcba-offshore.com\/de\/\">FCBA Offshore<\/a> empfiehlt seinen Kunden entweder die Er\u00f6ffnung eines <a title=\"Offshore Bankkonto\" href=\"https:\/\/fcba-offshore.com\/de\/offshore-bank\/\">Offshore Bankkontos<\/a> oder die einer <a title=\"Offshore Firma\" href=\"https:\/\/fcba-offshore.com\/de\/offshore-firma\/\">Offshore Firma<\/a> \u00a0in Panama wenn man keine Gesch\u00e4ftskunden in\u00a0Europa hat. Grund daf\u00fcr ist die Tatsache, dass die europ\u00e4ischen L\u00e4nder Panama als eine exotische Adresse ansehen und ebenso die mehrst\u00fcndige Zeitverschiebung zwischen \u00a0Europa und Panama, \u00a0die einen effizienten und zeitnahen Kontakt zur eigenen Bank erschwert.<\/p>\n<p style=\"text-align: justify;\">Die Er\u00f6ffnung sowohl eines <a title=\"Offshore Bankkonto\" href=\"https:\/\/fcba-offshore.com\/de\/offshore-bank\/\">Bankkontos<\/a> als auch einer <a title=\"Offshore Firma\" href=\"https:\/\/fcba-offshore.com\/de\/offshore-firma\/\">Offshore Firma<\/a> in Panama stellt f\u00fcr uns allerdings kein gro\u00dfes Problem dar, denn wir verf\u00fcgen \u00fcber ein enges Netzwerk zu Banken vor Ort.<\/p>\n<p style=\"text-align: justify;\">Zu guter Letzt m\u00f6chten wir Sie noch dar\u00fcber informieren, dass Sie bei einer Bank in Panama eine relativ hohe Ersteinlage haben m\u00fcssen, was f\u00fcr eine Gesch\u00e4ftser\u00f6ffnung ein Nachteil darstellen kann.<\/p>\n<p><a title=\"Kontakt\" href=\"https:\/\/fcba-offshore.com\/de\/317-2\/\">Falls Sie weitere Fragen zu diesem Thema haben, kontaktieren Sie bitte einen Mitarbeiter des FCBA Offshore Teams.<\/a><\/p>\n<p>&nbsp;<\/p>\n<p style=\"text-align: justify;\"><a href=\"http:\/\/fcba-offshore.com\/wp-content\/uploads\/2014\/06\/logo-small.png\"><img loading=\"lazy\" decoding=\"async\" class=\"alignnone size-full wp-image-479\" src=\"http:\/\/fcba-offshore.com\/wp-content\/uploads\/2014\/06\/logo-small.png\" alt=\"Logo offshore small\" width=\"142\" height=\"31\" \/><\/a><\/p>\n","protected":false},"excerpt":{"rendered":"<p>&nbsp; Offshore Business in Panama: &nbsp; Panama ist das s\u00fcdlichste Land Zentralamerikas und hat ca. \u00a03,5 Millionen Einwohner. Dieser Staat ist weltbekannt durch seinen Panamakanal, der den Atlantischen mit dem Pazifischen Ozean verbindet und den t\u00e4glich hunderte von Schiffen passieren. Dieser Kanal ist und bleibt die wichtigste Einnahmequelle des Landes. Ungef\u00e4hr 8000 Menschen arbeiten direkt&hellip;<\/p>\n","protected":false},"author":1,"featured_media":0,"parent":0,"menu_order":0,"comment_status":"closed","ping_status":"open","template":"","meta":{"footnotes":""},"class_list":["post-2235","page","type-page","status-publish","hentry"],"_links":{"self":[{"href":"https:\/\/fcba-offshore.com\/de\/wp-json\/wp\/v2\/pages\/2235","targetHints":{"allow":["GET"]}}],"collection":[{"href":"https:\/\/fcba-offshore.com\/de\/wp-json\/wp\/v2\/pages"}],"about":[{"href":"https:\/\/fcba-offshore.com\/de\/wp-json\/wp\/v2\/types\/page"}],"author":[{"embeddable":true,"href":"https:\/\/fcba-offshore.com\/de\/wp-json\/wp\/v2\/users\/1"}],"replies":[{"embeddable":true,"href":"https:\/\/fcba-offshore.com\/de\/wp-json\/wp\/v2\/comments?post=2235"}],"version-history":[{"count":9,"href":"https:\/\/fcba-offshore.com\/de\/wp-json\/wp\/v2\/pages\/2235\/revisions"}],"predecessor-version":[{"id":2475,"href":"https:\/\/fcba-offshore.com\/de\/wp-json\/wp\/v2\/pages\/2235\/revisions\/2475"}],"wp:attachment":[{"href":"https:\/\/fcba-offshore.com\/de\/wp-json\/wp\/v2\/media?parent=2235"}],"curies":[{"name":"wp","href":"https:\/\/api.w.org\/{rel}","templated":true}]}}