{"id":2238,"date":"2016-02-29T18:00:08","date_gmt":"2016-02-29T18:00:08","guid":{"rendered":"http:\/\/fcba-offshore.com\/?page_id=2238"},"modified":"2016-03-08T10:04:04","modified_gmt":"2016-03-08T10:04:04","slug":"sychelles-offshore","status":"publish","type":"page","link":"https:\/\/fcba-offshore.com\/de\/sychelles-offshore\/","title":{"rendered":"Seychellen Offshore"},"content":{"rendered":"<h1><a href=\"http:\/\/fcba-offshore.com\/wp-content\/uploads\/2014\/06\/Seychelles.png\"><img loading=\"lazy\" decoding=\"async\" class=\"alignnone size-full wp-image-357\" src=\"http:\/\/fcba-offshore.com\/wp-content\/uploads\/2014\/06\/Seychelles.png\" alt=\"Seychelles\" width=\"65\" height=\"35\" \/><\/a> <a href=\"http:\/\/fcba-offshore.com\/wp-content\/uploads\/2014\/06\/Seychelles-Offshore.png\"><img loading=\"lazy\" decoding=\"async\" class=\"size-medium wp-image-642 alignright\" src=\"http:\/\/fcba-offshore.com\/wp-content\/uploads\/2014\/06\/Seychelles-Offshore-300x131.png\" alt=\"Seychelles Offshore\" width=\"300\" height=\"131\" srcset=\"https:\/\/fcba-offshore.com\/wp-content\/uploads\/2014\/06\/Seychelles-Offshore-300x131.png 300w, https:\/\/fcba-offshore.com\/wp-content\/uploads\/2014\/06\/Seychelles-Offshore.png 641w, https:\/\/fcba-offshore.com\/wp-content\/uploads\/2014\/06\/Seychelles-Offshore-450x196.png 450w\" sizes=\"auto, (max-width: 300px) 100vw, 300px\" \/><\/a><\/h1>\n<p>&nbsp;<\/p>\n<h1>Offshore Business <strong>auf den\u00a0Seychellen<\/strong>:<\/h1>\n<p>&nbsp;<\/p>\n<p style=\"text-align: justify;\">Die Seychellen liegen im Indischen Ozean, unweit der Insel Mauritius und ebenfalls nicht allzu weit entfernt von Madagaskar. Dieses Archipelago aus 115 Inseln ist eines der besten Offshore Gebiete weltweit, die Sicherheit und viele finanzielle Vorteile anbieten.\u00a0 Die Seychellen, die lange unter britischem Einfluss standen, haben eine sehr wirtschaftsliberale Gesetzgebung, die sich am britischen Model orientiert.\u00a0Da die Gesetzgebung der Seychellen moderner und flexibler ist als z.B. in den meisten L\u00e4ndern der EU ist, f\u00fchlen sich viele Investoren zu der Inselrepublik hingezogen.<\/p>\n<p style=\"text-align: justify;\">Auch die vor kurzem verabschiedete Steuerreform sind ein Beweis daf\u00fcr, dass die einheimische Regierung ihre Position als Wirtschaftsstandort unterst\u00fctzen will.<\/p>\n<p style=\"text-align: justify;\">Es gibt eine ganze Reihe von Vorteilen, die f\u00fcr die Er\u00f6ffnung eines <a title=\"Offshore Bankkonto\" href=\"https:\/\/fcba-offshore.com\/de\/offshore-bank\/\">Offshore Bankkontos<\/a> oder einer <a title=\"Offshore Firma\" href=\"https:\/\/fcba-offshore.com\/de\/offshore-firma\/\">Offshore Firma<\/a> auf den Seychellen sprechen:<\/p>\n<ul style=\"text-align: justify;\">\n<li>Keine MwSt.<\/li>\n<li>Keine K\u00f6rperschaftssteuer (wenn Sie nicht Ihren Wohnsitz dort haben)<\/li>\n<li>Keine Steuern auf Gewinne oder Dividenden<\/li>\n<li>Garantiertes Bankgeheimnis\u00a0(100% Diskretion)<\/li>\n<li>Vollst\u00e4ndige Anonymit\u00e4t von Firmeninhabern<\/li>\n<li>Kein Mindesteinlagekapital<\/li>\n<\/ul>\n<p style=\"text-align: justify;\"><a title=\"Homepage\" href=\"https:\/\/fcba-offshore.com\/de\/\">FCBA Offshore<\/a> empfiehlt seinen Kunden die Er\u00f6ffnung eines <a title=\"Offshore Bankkonto\" href=\"https:\/\/fcba-offshore.com\/de\/offshore-bank\/\">Offshore Bankkontos<\/a> oder einer <a title=\"Offshore Firma\" href=\"https:\/\/fcba-offshore.com\/de\/offshore-firma\/\">Offshore Firma<\/a> auf den Seychellen, falls Vertraulichkeit, Diskretion und Kosten f\u00fcr\u00a0 Sie Priorit\u00e4t haben. Da die Seychellen nicht als Steuerparadies von der OECD genannt werden, k\u00f6nnen Sie in vielen Teilen der Welt\u00a0 mit einer Firma, die auf den Seychellen ihren Sitz hat, Gesch\u00e4fte betreiben. Allerdings gibt es europ\u00e4ische Firmen und auch einige multi-nationale Firmen, die Rechnungen von Firmen mit Sitz auf den Seychellen ablehnen, ob wohl es von deren Finanzbeh\u00f6rden nicht generell untersagt ist. \u00a0Die Administration der Seychellen gilt als eine der kosteneffizientesten der Welt. Die B\u00fcrokratieschwelle ist relativ niedrig, was das Gesch\u00e4ftsleben vereinfacht. Und zu guter Letzt garantieren die Seychellen ein Bankgeheimnis, dass Ihnen Diskretion verleiht.<\/p>\n<p style=\"text-align: justify;\">Die Er\u00f6ffnung sowohl eines <a title=\"Offshore Bankkonto\" href=\"https:\/\/fcba-offshore.com\/de\/offshore-bank\/\">Bankkontos<\/a> als auch einer <a title=\"Offshore Firma\" href=\"https:\/\/fcba-offshore.com\/de\/offshore-firma\/\">Offshore Firma<\/a> auf den Seychellen stellt f\u00fcr uns allerdings kein Problem dar, denn wir verf\u00fcgen \u00fcber ein enges Netzwerk zu Banken vor Ort.<\/p>\n<p style=\"text-align: justify;\">Zu guter Letzt m\u00f6chten wir Sie noch informieren, dass Sie bei einer Bank auf den Seychellen nur eine relativ geringe Ersteinlage haben m\u00fcssen, was f\u00fcr eine Gesch\u00e4ftser\u00f6ffnung ein Vorteil darstellen kann.<\/p>\n<p>&nbsp;<\/p>\n<p style=\"text-align: justify;\"><a title=\"Kontakt\" href=\"https:\/\/fcba-offshore.com\/de\/317-2\/\">Falls Sie weitere Fragen zu diesem Thema haben, kontaktieren Sie bitte \u00a0einen Mitarbeiter des FCBA Offshore Teams.<\/a><\/p>\n<p>&nbsp;<\/p>\n<p style=\"text-align: justify;\"><a href=\"http:\/\/fcba-offshore.com\/wp-content\/uploads\/2014\/06\/logo-small.png\"><img loading=\"lazy\" decoding=\"async\" class=\"alignnone size-full wp-image-479\" src=\"http:\/\/fcba-offshore.com\/wp-content\/uploads\/2014\/06\/logo-small.png\" alt=\"Logo offshore small\" width=\"142\" height=\"31\" \/><\/a><\/p>\n","protected":false},"excerpt":{"rendered":"<p>&nbsp; Offshore Business auf den\u00a0Seychellen: &nbsp; Die Seychellen liegen im Indischen Ozean, unweit der Insel Mauritius und ebenfalls nicht allzu weit entfernt von Madagaskar. Dieses Archipelago aus 115 Inseln ist eines der besten Offshore Gebiete weltweit, die Sicherheit und viele finanzielle Vorteile anbieten.\u00a0 Die Seychellen, die lange unter britischem Einfluss standen, haben eine sehr wirtschaftsliberale&hellip;<\/p>\n","protected":false},"author":1,"featured_media":0,"parent":0,"menu_order":0,"comment_status":"closed","ping_status":"open","template":"","meta":{"footnotes":""},"class_list":["post-2238","page","type-page","status-publish","hentry"],"_links":{"self":[{"href":"https:\/\/fcba-offshore.com\/de\/wp-json\/wp\/v2\/pages\/2238","targetHints":{"allow":["GET"]}}],"collection":[{"href":"https:\/\/fcba-offshore.com\/de\/wp-json\/wp\/v2\/pages"}],"about":[{"href":"https:\/\/fcba-offshore.com\/de\/wp-json\/wp\/v2\/types\/page"}],"author":[{"embeddable":true,"href":"https:\/\/fcba-offshore.com\/de\/wp-json\/wp\/v2\/users\/1"}],"replies":[{"embeddable":true,"href":"https:\/\/fcba-offshore.com\/de\/wp-json\/wp\/v2\/comments?post=2238"}],"version-history":[{"count":6,"href":"https:\/\/fcba-offshore.com\/de\/wp-json\/wp\/v2\/pages\/2238\/revisions"}],"predecessor-version":[{"id":2586,"href":"https:\/\/fcba-offshore.com\/de\/wp-json\/wp\/v2\/pages\/2238\/revisions\/2586"}],"wp:attachment":[{"href":"https:\/\/fcba-offshore.com\/de\/wp-json\/wp\/v2\/media?parent=2238"}],"curies":[{"name":"wp","href":"https:\/\/api.w.org\/{rel}","templated":true}]}}