{"id":2240,"date":"2016-02-29T18:01:37","date_gmt":"2016-02-29T18:01:37","guid":{"rendered":"http:\/\/fcba-offshore.com\/?page_id=2240"},"modified":"2016-03-08T10:05:40","modified_gmt":"2016-03-08T10:05:40","slug":"singapore-offshore","status":"publish","type":"page","link":"https:\/\/fcba-offshore.com\/de\/singapore-offshore\/","title":{"rendered":"Singapur Offshore"},"content":{"rendered":"<h1><a href=\"http:\/\/fcba-offshore.com\/wp-content\/uploads\/2014\/06\/Singapour.png\"><img loading=\"lazy\" decoding=\"async\" class=\"alignnone size-full wp-image-358\" src=\"http:\/\/fcba-offshore.com\/wp-content\/uploads\/2014\/06\/Singapour.png\" alt=\"Singapour\" width=\"64\" height=\"46\" \/><\/a> <a href=\"http:\/\/fcba-offshore.com\/wp-content\/uploads\/2014\/06\/Singapour-Offshore-2.png\"><img loading=\"lazy\" decoding=\"async\" class=\"size-medium wp-image-645 alignright\" src=\"http:\/\/fcba-offshore.com\/wp-content\/uploads\/2014\/06\/Singapour-Offshore-2-300x131.png\" alt=\"Singapour Offshore 2\" width=\"300\" height=\"131\" srcset=\"https:\/\/fcba-offshore.com\/wp-content\/uploads\/2014\/06\/Singapour-Offshore-2-300x131.png 300w, https:\/\/fcba-offshore.com\/wp-content\/uploads\/2014\/06\/Singapour-Offshore-2.png 641w, https:\/\/fcba-offshore.com\/wp-content\/uploads\/2014\/06\/Singapour-Offshore-2-450x196.png 450w\" sizes=\"auto, (max-width: 300px) 100vw, 300px\" \/><\/a><\/h1>\n<p>&nbsp;<\/p>\n<h1>Offshore Business in<\/h1>\n<h1>Singapur:<\/h1>\n<p>&nbsp;<\/p>\n<p style=\"text-align: justify;\">Singapur ist ein Insel- und Stadtstaat in S\u00fcdostasien, der kleinste S\u00fcdostasiens, einer der wirtschaftlich dynamischsten Regionen der Welt. Die Insel liegt s\u00fcdlich von Malaysia und hat eine der h\u00f6chsten Lebenshaltungskosten der Welt. Ungef\u00e4hr 75% der Bewohner sind chinesischen Ursprungs. Neben Chinesisch und Malaiisch ist auch Englisch Amtssprache dort. Zwischen 1867 und 1962 war Singapur eine Kolonie des britischen K\u00f6nigreichs. Singapur\u00a0verf\u00fcgt \u00fcber eine steuerfreundliche Politik gegen\u00fcber <a title=\"Offshore Firma\" href=\"https:\/\/fcba-offshore.com\/de\/offshore-firma\/\">Offshore Firmen<\/a> (d.h. Gesch\u00e4fte au\u00dferhalb\u00a0 des Rechtsgebiets Singapurs) und es geh\u00f6rt nicht zu den von der OECD genannten Steuerparadiesen. Daher nennt man Singapur auch die Schweiz Asiens oder den asiatischen Drachen.<\/p>\n<p style=\"text-align: justify;\">Die Er\u00f6ffnung einer <a title=\"Offshore Firma\" href=\"https:\/\/fcba-offshore.com\/de\/offshore-firma\/\">Offshore Firma<\/a> in Singapur oder eines <a title=\"Offshore Bankkonto\" href=\"https:\/\/fcba-offshore.com\/de\/offshore-bank\/\">Offshore Bankkontos<\/a> gibt Ihnen als Kunden folgende Vorteile:<\/p>\n<ul style=\"text-align: justify;\">\n<li>Keine MwSt.<\/li>\n<li>Keine K\u00f6rperschaftssteuer (wenn Sie nicht Ihren Wohnsitz dort haben)<\/li>\n<li>Keine Steuern auf Gewinne oder Dividenden<\/li>\n<li>Garantiertes Bankgeheimnis\u00a0(100% Diskretion)<\/li>\n<li>Vollst\u00e4ndige Anonymit\u00e4t von Firmeninhabern<\/li>\n<li>Kein Mindesteinlagekapital<\/li>\n<\/ul>\n<p style=\"text-align: justify;\"><a title=\"Homepage\" href=\"https:\/\/fcba-offshore.com\/de\/\">FCBA Offshore<\/a> empfiehlt seinen Kunden die Er\u00f6ffnung eines <a title=\"Offshore Bankkonto\" href=\"https:\/\/fcba-offshore.com\/de\/offshore-bank\/\">Offshore Bankkontos<\/a> bzw. einer <a title=\"Offshore Firma\" href=\"https:\/\/fcba-offshore.com\/de\/offshore-firma\/\">Offshore Firma<\/a> in Singapur, weil es sich um einen politisch sehr stabilen Staat handelt. Ebenso wird \u00a0Singapur nicht al sein Steuerparadies durch die OECD gelistet, dadurch ist es gew\u00e4hrleistet, dass man uneingeschr\u00e4nkt am weltweiten Gesch\u00e4ftsleben teilnehmen kann. Allerdings sind die administrativen H\u00fcrden sehr hoch und die Anforderungen im Rechnungswesen lassen hohe Kosten aufkommen. Dazu kommt ein gro\u00dfer Zeitunterschied zwischen Singapur und Europa, was zu einem wenig effizienten operativen Umgang zur eigenen Bank f\u00fchrt.<\/p>\n<p style=\"text-align: justify;\">Die Er\u00f6ffnung sowohl eines <a title=\"Offshore Bankkonto\" href=\"https:\/\/fcba-offshore.com\/de\/offshore-bank\/\">Bankkontos<\/a> als auch einer <a title=\"Offshore Firma\" href=\"https:\/\/fcba-offshore.com\/de\/offshore-firma\/\">Offshore Firma<\/a> in Singapur stellt f\u00fcr uns allerdings kein Problem dar, denn wir verf\u00fcgen \u00fcber ein enges Netzwerk zu Banken vor Ort.<\/p>\n<p style=\"text-align: justify;\">Zu guter Letzt m\u00f6chten wir Sie noch informieren, dass Sie bei einer Bank in Singapur eine relativ hohe Ersteinlage haben m\u00fcssen, was f\u00fcr eine Gesch\u00e4ftser\u00f6ffnung ein Nachteil darstellen kann.<\/p>\n<p>&nbsp;<\/p>\n<p style=\"text-align: justify;\"><a title=\"Kontakt\" href=\"https:\/\/fcba-offshore.com\/de\/317-2\/\">Falls Sie weitere Fragen zu diesem Thema haben, kontaktieren Sie bitte \u00a0einen Mitarbeiter des FCBA Offshore Teams.<\/a><\/p>\n<p>&nbsp;<\/p>\n<p style=\"text-align: justify;\"><a href=\"http:\/\/fcba-offshore.com\/wp-content\/uploads\/2014\/06\/logo-small.png\"><img loading=\"lazy\" decoding=\"async\" class=\"alignnone size-full wp-image-479\" src=\"http:\/\/fcba-offshore.com\/wp-content\/uploads\/2014\/06\/logo-small.png\" alt=\"Logo offshore small\" width=\"142\" height=\"31\" \/><\/a><\/p>\n","protected":false},"excerpt":{"rendered":"<p>&nbsp; Offshore Business in Singapur: &nbsp; Singapur ist ein Insel- und Stadtstaat in S\u00fcdostasien, der kleinste S\u00fcdostasiens, einer der wirtschaftlich dynamischsten Regionen der Welt. Die Insel liegt s\u00fcdlich von Malaysia und hat eine der h\u00f6chsten Lebenshaltungskosten der Welt. Ungef\u00e4hr 75% der Bewohner sind chinesischen Ursprungs. Neben Chinesisch und Malaiisch ist auch Englisch Amtssprache dort. Zwischen&hellip;<\/p>\n","protected":false},"author":1,"featured_media":0,"parent":0,"menu_order":0,"comment_status":"closed","ping_status":"open","template":"","meta":{"footnotes":""},"class_list":["post-2240","page","type-page","status-publish","hentry"],"_links":{"self":[{"href":"https:\/\/fcba-offshore.com\/de\/wp-json\/wp\/v2\/pages\/2240","targetHints":{"allow":["GET"]}}],"collection":[{"href":"https:\/\/fcba-offshore.com\/de\/wp-json\/wp\/v2\/pages"}],"about":[{"href":"https:\/\/fcba-offshore.com\/de\/wp-json\/wp\/v2\/types\/page"}],"author":[{"embeddable":true,"href":"https:\/\/fcba-offshore.com\/de\/wp-json\/wp\/v2\/users\/1"}],"replies":[{"embeddable":true,"href":"https:\/\/fcba-offshore.com\/de\/wp-json\/wp\/v2\/comments?post=2240"}],"version-history":[{"count":10,"href":"https:\/\/fcba-offshore.com\/de\/wp-json\/wp\/v2\/pages\/2240\/revisions"}],"predecessor-version":[{"id":2587,"href":"https:\/\/fcba-offshore.com\/de\/wp-json\/wp\/v2\/pages\/2240\/revisions\/2587"}],"wp:attachment":[{"href":"https:\/\/fcba-offshore.com\/de\/wp-json\/wp\/v2\/media?parent=2240"}],"curies":[{"name":"wp","href":"https:\/\/api.w.org\/{rel}","templated":true}]}}