{"id":2243,"date":"2016-02-29T18:03:21","date_gmt":"2016-02-29T18:03:21","guid":{"rendered":"http:\/\/fcba-offshore.com\/?page_id=2243"},"modified":"2016-03-08T10:07:28","modified_gmt":"2016-03-08T10:07:28","slug":"switzerland-offshore","status":"publish","type":"page","link":"https:\/\/fcba-offshore.com\/de\/switzerland-offshore\/","title":{"rendered":"Schweiz Offshore"},"content":{"rendered":"<h1><a href=\"http:\/\/fcba-offshore.com\/wp-content\/uploads\/2014\/06\/Suisse.png\"><img loading=\"lazy\" decoding=\"async\" class=\"alignnone size-full wp-image-359\" src=\"http:\/\/fcba-offshore.com\/wp-content\/uploads\/2014\/06\/Suisse.png\" alt=\"Suisse\" width=\"63\" height=\"44\" \/><\/a> <a href=\"http:\/\/fcba-offshore.com\/wp-content\/uploads\/2014\/06\/Suisse-Offshore.png\"><img loading=\"lazy\" decoding=\"async\" class=\"size-medium wp-image-652 alignright\" src=\"http:\/\/fcba-offshore.com\/wp-content\/uploads\/2014\/06\/Suisse-Offshore-300x131.png\" alt=\"Suisse Offshore\" width=\"300\" height=\"131\" srcset=\"https:\/\/fcba-offshore.com\/wp-content\/uploads\/2014\/06\/Suisse-Offshore-300x131.png 300w, https:\/\/fcba-offshore.com\/wp-content\/uploads\/2014\/06\/Suisse-Offshore.png 641w, https:\/\/fcba-offshore.com\/wp-content\/uploads\/2014\/06\/Suisse-Offshore-450x196.png 450w\" sizes=\"auto, (max-width: 300px) 100vw, 300px\" \/><\/a><\/h1>\n<p>&nbsp;<\/p>\n<h1>Offshore Business in der\u00a0Schweiz:<\/h1>\n<p>&nbsp;<\/p>\n<p style=\"text-align: justify;\">Die Schweiz, gelegen in den Alpen, mu\u00df hier nicht gro\u00dfartig vorgestellt werden. Dieses Land hat eine gro\u00dfe Tradition als Offshore Ort, besonders f\u00fcr wohlhabende Kunden, die auf Diskretion bauen. Genauso wie in Monaco und Luxemburg, bietet auch die Schweiz exklusive Bankdienstleistungen an,\u00a0mit hoher Effektivit\u00e4t und Wirksamkeit. Ohne jeden Zweifel werden Sie von den angebotenen Leistungen in der Schweiz begeistert sein.<\/p>\n<p style=\"text-align: justify;\">Ein in Schweiz er\u00f6ffnetes <a title=\"Offshore Bankkonto\" href=\"https:\/\/fcba-offshore.com\/de\/offshore-bank\/\">Offshore Bankkonto<\/a> bringt Ihnen eine Reihe von Vorteilen. Nat\u00fcrlich das traditionelle Bankgeheimnis, dass aber in j\u00fcngster Vergangenheit etwas aufgeweicht wurde, sowie die sehr gro\u00dfe politische Stabilit\u00e4t , die sehr beruhigend f\u00fcr Investoren ist. Von einem rein wirtschaftlichen Standpunkt aus macht es aber keinen Sinn, in Schweiz ein Bankkonto zu er\u00f6ffnen, da das Land sehr teuer ist in Sachen Administration und Rechnungswesen. Die pers\u00f6nliche Steuerlast kann man selbst mit den lokalen Beh\u00f6rden verhandeln, aber nennenswerte Steuerreduzierungen werden nur gro\u00dfen Konzernen gew\u00e4hrt. Und schlie\u00dflich ist das Grundkapital f\u00fcr eine Firma in der Schweiz umgerechnet \u20ac 70.000.<\/p>\n<p style=\"text-align: justify;\"><a title=\"Homepage\" href=\"https:\/\/fcba-offshore.com\/de\/\">FCBA Offshore<\/a> empfiehlt nur den Kunden ein <a title=\"Offshore Bankkonto\" href=\"https:\/\/fcba-offshore.com\/de\/offshore-bank\/\">Offshore Konto<\/a> in\u00a0Schweiz zu er\u00f6ffnen, die \u00fcber sehr hohe finanzielle Mittel verf\u00fcgen da nur sie in den Genuss der besonderen Dienstleistungen von Schweizer Banken in Genuss kommen.\u00a0Selbst f\u00fcr die Er\u00f6ffnung von <a title=\"Offshore Firma\" href=\"https:\/\/fcba-offshore.com\/de\/offshore-firma\/\">Offshore Firmen<\/a> tendieren wir zu anderen Offshore Orten auch wenn die einzelnen Situationen immer unterschiedlich zu betrachten sind. Eine personifizierte Studie, die gemeinsam mit <a title=\"Homepage\" href=\"https:\/\/fcba-offshore.com\/de\/\">FCBA Offshore<\/a> Experten erstellt werden kann, k\u00f6nnte immer noch zu einer L\u00f6sung kommen, die dann \u201eSchweiz\u201c hei\u00dft.<\/p>\n<p style=\"text-align: justify;\">Es soll noch betont werden, dass es nicht ganz so leicht ist, ein <a title=\"Offshore Bankkonto\" href=\"https:\/\/fcba-offshore.com\/de\/offshore-bank\/\">Offshore Bankkonto<\/a> oder eine <a title=\"Offshore Firma\" href=\"https:\/\/fcba-offshore.com\/de\/offshore-firma\/\">Offshore Firma<\/a> in der Schweiz zu er\u00f6ffnen. Trotzdem sind wir dazu in der Lage, denn wir verf\u00fcgen \u00fcber ein enges Netzwerk zu Banken vor Ort.<\/p>\n<p style=\"text-align: justify;\">Zu guter Letzt m\u00f6chten wir Sie noch informieren, dass Sie bei einer Bank in der Schweiz eine sehr gro\u00dfe Ersteinlage haben m\u00fcssen, was f\u00fcr eine Gesch\u00e4ftser\u00f6ffnung ein Nachteil sein kann.<\/p>\n<p>&nbsp;<\/p>\n<p style=\"text-align: justify;\"><a title=\"Kontakt\" href=\"https:\/\/fcba-offshore.com\/de\/317-2\/\">Falls Sie weitere Fragen zu diesem Thema haben, kontaktieren Sie bitte einen Mitarbeiter des FCBA Offshore Teams.<\/a><\/p>\n<p>&nbsp;<\/p>\n<p style=\"text-align: justify;\"><a href=\"http:\/\/fcba-offshore.com\/wp-content\/uploads\/2014\/06\/logo-small.png\"><img loading=\"lazy\" decoding=\"async\" class=\"alignnone size-full wp-image-479\" src=\"http:\/\/fcba-offshore.com\/wp-content\/uploads\/2014\/06\/logo-small.png\" alt=\"Logo offshore small\" width=\"142\" height=\"31\" \/><\/a><\/p>\n","protected":false},"excerpt":{"rendered":"<p>&nbsp; Offshore Business in der\u00a0Schweiz: &nbsp; Die Schweiz, gelegen in den Alpen, mu\u00df hier nicht gro\u00dfartig vorgestellt werden. Dieses Land hat eine gro\u00dfe Tradition als Offshore Ort, besonders f\u00fcr wohlhabende Kunden, die auf Diskretion bauen. Genauso wie in Monaco und Luxemburg, bietet auch die Schweiz exklusive Bankdienstleistungen an,\u00a0mit hoher Effektivit\u00e4t und Wirksamkeit. Ohne jeden Zweifel&hellip;<\/p>\n","protected":false},"author":1,"featured_media":0,"parent":0,"menu_order":0,"comment_status":"closed","ping_status":"open","template":"","meta":{"footnotes":""},"class_list":["post-2243","page","type-page","status-publish","hentry"],"_links":{"self":[{"href":"https:\/\/fcba-offshore.com\/de\/wp-json\/wp\/v2\/pages\/2243","targetHints":{"allow":["GET"]}}],"collection":[{"href":"https:\/\/fcba-offshore.com\/de\/wp-json\/wp\/v2\/pages"}],"about":[{"href":"https:\/\/fcba-offshore.com\/de\/wp-json\/wp\/v2\/types\/page"}],"author":[{"embeddable":true,"href":"https:\/\/fcba-offshore.com\/de\/wp-json\/wp\/v2\/users\/1"}],"replies":[{"embeddable":true,"href":"https:\/\/fcba-offshore.com\/de\/wp-json\/wp\/v2\/comments?post=2243"}],"version-history":[{"count":6,"href":"https:\/\/fcba-offshore.com\/de\/wp-json\/wp\/v2\/pages\/2243\/revisions"}],"predecessor-version":[{"id":2588,"href":"https:\/\/fcba-offshore.com\/de\/wp-json\/wp\/v2\/pages\/2243\/revisions\/2588"}],"wp:attachment":[{"href":"https:\/\/fcba-offshore.com\/de\/wp-json\/wp\/v2\/media?parent=2243"}],"curies":[{"name":"wp","href":"https:\/\/api.w.org\/{rel}","templated":true}]}}