{"id":2245,"date":"2016-02-29T18:04:45","date_gmt":"2016-02-29T18:04:45","guid":{"rendered":"http:\/\/fcba-offshore.com\/?page_id=2245"},"modified":"2016-03-08T10:08:45","modified_gmt":"2016-03-08T10:08:45","slug":"vanuatu-offshore","status":"publish","type":"page","link":"https:\/\/fcba-offshore.com\/de\/vanuatu-offshore\/","title":{"rendered":"Vanuatu Offshore"},"content":{"rendered":"<h1><a href=\"http:\/\/fcba-offshore.com\/wp-content\/uploads\/2014\/06\/Vanuatu.png\"><img loading=\"lazy\" decoding=\"async\" class=\"alignnone size-full wp-image-360\" src=\"http:\/\/fcba-offshore.com\/wp-content\/uploads\/2014\/06\/Vanuatu.png\" alt=\"Vanuatu\" width=\"69\" height=\"43\" \/><\/a> <a href=\"http:\/\/fcba-offshore.com\/wp-content\/uploads\/2014\/06\/Vanuatu-Offshore.png\"><img loading=\"lazy\" decoding=\"async\" class=\"size-medium wp-image-655 alignright\" src=\"http:\/\/fcba-offshore.com\/wp-content\/uploads\/2014\/06\/Vanuatu-Offshore-300x131.png\" alt=\"Vanuatu Offshore\" width=\"300\" height=\"131\" srcset=\"https:\/\/fcba-offshore.com\/wp-content\/uploads\/2014\/06\/Vanuatu-Offshore-300x131.png 300w, https:\/\/fcba-offshore.com\/wp-content\/uploads\/2014\/06\/Vanuatu-Offshore.png 641w, https:\/\/fcba-offshore.com\/wp-content\/uploads\/2014\/06\/Vanuatu-Offshore-450x196.png 450w\" sizes=\"auto, (max-width: 300px) 100vw, 300px\" \/><\/a><\/h1>\n<p>&nbsp;<\/p>\n<h1>Offshore Business in Vanuatu:<\/h1>\n<p>&nbsp;<\/p>\n<p style=\"text-align: justify;\">Vanuatu ist ein ozeanischer Inselstaat, n\u00f6rdlich von Australien gelegen. Es wurde erst 1980 unabh\u00e4ngig, nachdem es aus den franz\u00f6sisch-britischen Neuen Hebriden hervorging. Das Gebiet Vanuatus z\u00e4hlt 67 bewohnte Inseln und geh\u00f6rt geographisch zu Melanesien. Es ist eine parlamentarische Republik mit einem Pr\u00e4sidenten. Das Land ist weder sehr bekannt noch stark bev\u00f6lkert (ungef\u00e4hr 260.000 Einwohner leben in Vanuatu) aber es zieht Investoren aus aller Welt durch eine attraktive Steuerpolitik an (f\u00fcr Nicht-Einwohner und <a title=\"Offshore Firma\" href=\"https:\/\/fcba-offshore.com\/de\/offshore-firma\/\">Offshore Firmen<\/a>). Neben dem Finanzsektor sind Tourismus und der Fischfang wichtige Einnahmequellen Vanuatus. Allerdings verf\u00fcgt das Land \u00fcber keinerlei Bodensch\u00e4tze.<\/p>\n<p style=\"text-align: justify;\">Die wichtigsten Vorteile eines <a title=\"Offshore Bankkonto\" href=\"https:\/\/fcba-offshore.com\/de\/offshore-bank\/\">Offshore Bankkontos<\/a> oder einer <a title=\"Offshore Firma\" href=\"https:\/\/fcba-offshore.com\/de\/offshore-firma\/\">Offshore Firma<\/a> auf Vanuatu sind:<\/p>\n<ul style=\"text-align: justify;\">\n<li>Keine MwSt.<\/li>\n<li>Keine K\u00f6rperschaftssteuer (wenn Sie nicht Ihren Wohnsitz dort haben)<\/li>\n<li>Keine Steuern auf Gewinne oder Dividenden<\/li>\n<li>Garantiertes Bankgeheimnis\u00a0(100% Diskretion)<\/li>\n<li>Vollst\u00e4ndige Anonymit\u00e4t von Firmeninhabern<\/li>\n<li>Kein Mindesteinlagekapital<\/li>\n<li>Keine Einkommenssteuer<\/li>\n<li>Keine Besteuerung von Kapitalgewinnen<\/li>\n<\/ul>\n<p style=\"text-align: justify;\"><a title=\"Homepage\" href=\"https:\/\/fcba-offshore.com\/de\/\">FCBA Offshore<\/a> kann seinen Kunden derzeit keine Empfehlung aussprechen, ein <a title=\"Offshore Bankkonto\" href=\"https:\/\/fcba-offshore.com\/de\/offshore-bank\/\">Offshore Bankkonto<\/a> oder gar eine <a title=\"Offshore Firma\" href=\"https:\/\/fcba-offshore.com\/de\/offshore-firma\/\">Offshore Firma<\/a> auf\u00a0Vanuatu zu gr\u00fcnden, da die politische Lage dort recht instabil ist und die Zeitdifferenz zwischen Vanuatu und Europa extrem gro\u00df ist. \u00a0Unsere Empfehlung heute w\u00e4re, abzuwarten, wie sich die Lage in Politik und auch in der Wirtschaft dort entwickelt. M\u00f6glicherweise wird Vanuatu ein interessanter Offshore Ort in der Zukunft. \u00a0Ein wenig anders sieht die Situation aus, wenn man auf Vanuatu seinen Wohnsitz hat, da man dann von interessanten M\u00f6glichkeiten profitiert.<\/p>\n<p style=\"text-align: justify;\">Die Er\u00f6ffnung sowohl eines <a title=\"Offshore Bankkonto\" href=\"https:\/\/fcba-offshore.com\/de\/offshore-bank\/\">Bankkontos<\/a> als auch einer <a title=\"Offshore Firma\" href=\"https:\/\/fcba-offshore.com\/de\/offshore-firma\/\">Offshore Firma<\/a> auf Vanuatu stellt f\u00fcr uns kein Problem dar, denn wir verf\u00fcgen \u00fcber ein enges Netzwerk zu Banken vor Ort.<\/p>\n<p style=\"text-align: justify;\">Zu guter Letzt m\u00f6chten wir Sie noch informieren, dass Sie bei einer Bank auf Vanuatu eine relativ geringe Ersteinlage haben m\u00fcssen, was f\u00fcr eine Gesch\u00e4ftser\u00f6ffnung ein Vorteil darstellen kann.<\/p>\n<p>&nbsp;<\/p>\n<p style=\"text-align: justify;\"><a title=\"Kontakt\" href=\"https:\/\/fcba-offshore.com\/de\/317-2\/\">Falls Sie weitere Fragen zu diesem Thema haben, kontaktieren Sie bitte \u00a0einen Mitarbeiter des FCBA Offshore Teams.<\/a><\/p>\n<p>&nbsp;<\/p>\n<p style=\"text-align: justify;\"><a href=\"http:\/\/fcba-offshore.com\/wp-content\/uploads\/2014\/06\/logo-small.png\"><img loading=\"lazy\" decoding=\"async\" class=\"alignnone size-full wp-image-479\" src=\"http:\/\/fcba-offshore.com\/wp-content\/uploads\/2014\/06\/logo-small.png\" alt=\"Logo offshore small\" width=\"142\" height=\"31\" \/><\/a><\/p>\n","protected":false},"excerpt":{"rendered":"<p>&nbsp; Offshore Business in Vanuatu: &nbsp; Vanuatu ist ein ozeanischer Inselstaat, n\u00f6rdlich von Australien gelegen. Es wurde erst 1980 unabh\u00e4ngig, nachdem es aus den franz\u00f6sisch-britischen Neuen Hebriden hervorging. Das Gebiet Vanuatus z\u00e4hlt 67 bewohnte Inseln und geh\u00f6rt geographisch zu Melanesien. Es ist eine parlamentarische Republik mit einem Pr\u00e4sidenten. Das Land ist weder sehr bekannt noch&hellip;<\/p>\n","protected":false},"author":1,"featured_media":0,"parent":0,"menu_order":0,"comment_status":"closed","ping_status":"open","template":"","meta":{"footnotes":""},"class_list":["post-2245","page","type-page","status-publish","hentry"],"_links":{"self":[{"href":"https:\/\/fcba-offshore.com\/de\/wp-json\/wp\/v2\/pages\/2245","targetHints":{"allow":["GET"]}}],"collection":[{"href":"https:\/\/fcba-offshore.com\/de\/wp-json\/wp\/v2\/pages"}],"about":[{"href":"https:\/\/fcba-offshore.com\/de\/wp-json\/wp\/v2\/types\/page"}],"author":[{"embeddable":true,"href":"https:\/\/fcba-offshore.com\/de\/wp-json\/wp\/v2\/users\/1"}],"replies":[{"embeddable":true,"href":"https:\/\/fcba-offshore.com\/de\/wp-json\/wp\/v2\/comments?post=2245"}],"version-history":[{"count":8,"href":"https:\/\/fcba-offshore.com\/de\/wp-json\/wp\/v2\/pages\/2245\/revisions"}],"predecessor-version":[{"id":2482,"href":"https:\/\/fcba-offshore.com\/de\/wp-json\/wp\/v2\/pages\/2245\/revisions\/2482"}],"wp:attachment":[{"href":"https:\/\/fcba-offshore.com\/de\/wp-json\/wp\/v2\/media?parent=2245"}],"curies":[{"name":"wp","href":"https:\/\/api.w.org\/{rel}","templated":true}]}}