{"id":2256,"date":"2016-02-29T19:40:35","date_gmt":"2016-02-29T19:40:35","guid":{"rendered":"http:\/\/fcba-offshore.com\/?page_id=2256"},"modified":"2016-06-30T13:53:14","modified_gmt":"2016-06-30T13:53:14","slug":"offshore-firma","status":"publish","type":"page","link":"https:\/\/fcba-offshore.com\/de\/offshore-firma\/","title":{"rendered":"Offshore Firma"},"content":{"rendered":"<h1>Offshore Firma: \u00dcbersicht und Information \u00fcber alle Orte<\/h1>\n<p>&nbsp;<\/p>\n<table class=\"int-tbl\" style=\"height: 210px;\" width=\"623\" cellspacing=\"0\" cellpadding=\"0\">\n<tfoot>\n<tr>\n<td><\/td>\n<\/tr>\n<\/tfoot>\n<tbody>\n<tr>\n<td><a href=\"http:\/\/fcba-offshore.com\/?page_id=215&amp;lang=fr\"><img loading=\"lazy\" decoding=\"async\" class=\"alignnone wp-image-369\" src=\"http:\/\/fcba-offshore.com\/wp-content\/uploads\/2014\/06\/Andorre.png\" alt=\"Andorre\" width=\"33\" height=\"20\" \/><\/a> <a class=\"tooltips\" style=\"position: absolute;\" title=\"Andorra ist eine historische Offshore Juristikation...\" href=\"https:\/\/fcba-offshore.com\/de\/2164-2\/\">Andorra<\/a><\/td>\n<td><a href=\"http:\/\/fcba-offshore.com\/?page_id=177&amp;lang=fr\"><img loading=\"lazy\" decoding=\"async\" class=\"alignnone wp-image-368\" src=\"http:\/\/fcba-offshore.com\/wp-content\/uploads\/2014\/06\/Gibraltar.png\" alt=\"Gibraltar\" width=\"33\" height=\"20\" \/><\/a> <a class=\"tooltips\" style=\"position: absolute;\" title=\"Das kleine Gibraltar ist in Europa ein...\" href=\"https:\/\/fcba-offshore.com\/de\/gibraltar-offshore\/\">Gibraltar<\/a><\/td>\n<td><a href=\"http:\/\/fcba-offshore.com\/?page_id=251&amp;lang=fr\"><img loading=\"lazy\" decoding=\"async\" class=\"alignnone wp-image-367\" src=\"http:\/\/fcba-offshore.com\/wp-content\/uploads\/2014\/06\/Irelande.png\" alt=\"Irelande\" width=\"33\" height=\"20\" \/><\/a> <a class=\"tooltips\" style=\"position: absolute;\" title=\"Die gr\u00fcne Insel Irland...\" href=\"https:\/\/fcba-offshore.com\/de\/ireland-offshore\/\">Irland<\/a><\/td>\n<td><a href=\"http:\/\/fcba-offshore.com\/?page_id=197&amp;lang=fr\"><img loading=\"lazy\" decoding=\"async\" class=\"alignnone wp-image-365\" src=\"http:\/\/fcba-offshore.com\/wp-content\/uploads\/2014\/06\/Nieves.png\" alt=\"Nieves\" width=\"33\" height=\"20\" \/><\/a> <a class=\"tooltips\" style=\"position: absolute;\" title=\"St. Kitts &amp; Nevis ist eine Inselgruppe in den Antillen...\" href=\"https:\/\/fcba-offshore.com\/de\/nevis-offshore\/\">St. Kitts &amp; Nevis<\/a><\/td>\n<\/tr>\n<tr>\n<td><a href=\"http:\/\/fcba-offshore.com\/?page_id=165&amp;lang=fr\"><img loading=\"lazy\" decoding=\"async\" class=\"alignnone wp-image-362\" src=\"http:\/\/fcba-offshore.com\/wp-content\/uploads\/2014\/06\/Bahamas.png\" alt=\"Bahamas\" width=\"33\" height=\"20\" \/><\/a> <a class=\"tooltips\" style=\"position: absolute;\" title=\"Das Archipelago der Bahamas...\" href=\"fcba-offshore.com\/offshore-bahamas\">Bahamas<\/a><\/td>\n<td><a href=\"http:\/\/fcba-offshore.com\/?page_id=2172&amp;lang=fr%20%E2%80%8E\"><img loading=\"lazy\" decoding=\"async\" class=\"alignnone wp-image-363\" src=\"http:\/\/fcba-offshore.com\/wp-content\/uploads\/2014\/06\/Guernesey.png\" alt=\"Guernesey\" width=\"33\" height=\"20\" \/><\/a> <a class=\"tooltips\" style=\"position: absolute;\" title=\"Die Kanalinsel Guernsey...\" href=\"https:\/\/fcba-offshore.com\/de\/guernsey-offshore\/\">Guernesey<\/a><\/td>\n<td><a href=\"http:\/\/fcba-offshore.com\/?page_id=209&amp;lang=fr\"><img loading=\"lazy\" decoding=\"async\" class=\"alignnone wp-image-364\" src=\"http:\/\/fcba-offshore.com\/wp-content\/uploads\/2014\/06\/Jersey.png\" alt=\"Jersey\" width=\"33\" height=\"20\" \/><\/a> <a class=\"tooltips\" style=\"position: absolute;\" title=\"Die zweite Kanalinsel Jersey...\" href=\"https:\/\/fcba-offshore.com\/de\/jersey-offshore\/\">Jersey<\/a><\/td>\n<td><a href=\"http:\/\/fcba-offshore.com\/?page_id=156&amp;lang=fr\"><img loading=\"lazy\" decoding=\"async\" class=\"alignnone wp-image-366\" src=\"http:\/\/fcba-offshore.com\/wp-content\/uploads\/2014\/06\/Panama.png\" alt=\"Panama\" width=\"33\" height=\"20\" \/><\/a> <a class=\"tooltips\" style=\"position: absolute;\" title=\"Panama liegt in Zentralamerika...\" href=\"https:\/\/fcba-offshore.com\/de\/panama-offshore\/\">Panama<\/a><\/td>\n<\/tr>\n<tr>\n<td><a href=\"http:\/\/fcba-offshore.com\/?page_id=140&amp;lang=fr\"><img loading=\"lazy\" decoding=\"async\" class=\"alignnone wp-image-344\" src=\"http:\/\/fcba-offshore.com\/wp-content\/uploads\/2014\/06\/Belize.png\" alt=\"Belize\" width=\"33\" height=\"20\" \/><\/a> <a class=\"tooltips\" style=\"position: absolute;\" title=\"Belize liegt s\u00fcdlich von Mexiko...\" href=\"https:\/\/fcba-offshore.com\/de\/belize-offshore\/\">Belize<\/a><\/td>\n<td><a href=\"http:\/\/fcba-offshore.com\/?page_id=169&amp;lang=fr\"><img loading=\"lazy\" decoding=\"async\" class=\"alignnone wp-image-349\" src=\"http:\/\/fcba-offshore.com\/wp-content\/uploads\/2014\/06\/Hong-Kong.png\" alt=\"Hongkong\" width=\"33\" height=\"20\" \/><\/a> <a class=\"tooltips\" style=\"position: absolute;\" title=\"Hongkong ist als Finanzzentrum S\u00fcdostasiens angesehen...\" href=\"https:\/\/fcba-offshore.com\/de\/hong-kong-offshore\/\">Hong-Kong<\/a><\/td>\n<td><a href=\"http:\/\/fcba-offshore.com\/?page_id=187&amp;lang=fr\"><img loading=\"lazy\" decoding=\"async\" class=\"alignnone wp-image-353\" src=\"http:\/\/fcba-offshore.com\/wp-content\/uploads\/2014\/06\/Lettonie.png\" alt=\"Lettonie\" width=\"33\" height=\"20\" \/><\/a> <a class=\"tooltips\" style=\"position: absolute;\" title=\"Lettland ist eines der drei baltischen L\u00e4nder...\" href=\"https:\/\/fcba-offshore.com\/de\/latvia-offshore\/\">Lettland<\/a><\/td>\n<td><a href=\"http:\/\/fcba-offshore.com\/?page_id=136&amp;lang=fr\"><img loading=\"lazy\" decoding=\"async\" class=\"alignnone wp-image-357\" src=\"http:\/\/fcba-offshore.com\/wp-content\/uploads\/2014\/06\/Seychelles.png\" alt=\"Seychellen\" width=\"33\" height=\"20\" \/><\/a> <a class=\"tooltips\" style=\"position: absolute;\" title=\"Die Seychellen im indischen Ozean gelegen...\" href=\"https:\/\/fcba-offshore.com\/de\/sychelles-offshore\/\">Seychellen<\/a><\/td>\n<\/tr>\n<tr>\n<td><a href=\"http:\/\/fcba-offshore.com\/?page_id=154&amp;lang=fr\"><img loading=\"lazy\" decoding=\"async\" class=\"alignnone wp-image-345\" src=\"http:\/\/fcba-offshore.com\/wp-content\/uploads\/2014\/06\/Chypre.png\" alt=\"Chypre\" width=\"33\" height=\"20\" \/><\/a> <a class=\"tooltips\" style=\"position: absolute;\" title=\"Zypern im \u00f6stlichen Mittelmeer gelegen\" href=\"https:\/\/fcba-offshore.com\/de\/cyprus-offshore\/\">Zypern<\/a><\/td>\n<td><a href=\"http:\/\/fcba-offshore.com\/?page_id=227&amp;lang=fr\"><img loading=\"lazy\" decoding=\"async\" class=\"alignnone wp-image-350\" src=\"http:\/\/fcba-offshore.com\/wp-content\/uploads\/2014\/06\/Ile-de-Man.png\" alt=\"Ile-de-Man\" width=\"33\" height=\"20\" \/><\/a> <a class=\"tooltips\" style=\"position: absolute;\" title=\"die Isle of Man fast direkt vor der franz\u00f6sischen K\u00fcste...\" href=\"https:\/\/fcba-offshore.com\/de\/isle-man-offshore\/\">Isle of Man<\/a><\/td>\n<td><a href=\"http:\/\/fcba-offshore.com\/?page_id=229&amp;lang=fr\"><img loading=\"lazy\" decoding=\"async\" class=\"alignnone wp-image-342\" src=\"http:\/\/fcba-offshore.com\/wp-content\/uploads\/2014\/06\/Liechtenstein.png\" alt=\"Liechtenstein\" width=\"33\" height=\"20\" \/><\/a> <a class=\"tooltips\" style=\"position: absolute;\" title=\"Das F\u00fcrstentum Liechtenstein ist eines der kleinsten L\u00e4nder...\" href=\"https:\/\/fcba-offshore.com\/de\/liechtenstein-offshore\/\">Liechtenstein<\/a><\/td>\n<td><a href=\"http:\/\/fcba-offshore.com\/?page_id=219&amp;lang=fr\"><img loading=\"lazy\" decoding=\"async\" class=\"alignnone wp-image-358\" src=\"http:\/\/fcba-offshore.com\/wp-content\/uploads\/2014\/06\/Singapour.png\" alt=\"Singapur\" width=\"33\" height=\"20\" \/><\/a> <a class=\"tooltips\" style=\"position: absolute;\" title=\"Singapor ist einer der Tigerstaaten...\" href=\"https:\/\/fcba-offshore.com\/de\/singapore-offshore\/\">Singapur<\/a><\/td>\n<\/tr>\n<tr>\n<td><a href=\"http:\/\/fcba-offshore.com\/?page_id=253&amp;lang=fr\"><img loading=\"lazy\" decoding=\"async\" class=\"alignnone wp-image-346\" src=\"http:\/\/fcba-offshore.com\/wp-content\/uploads\/2014\/06\/Delaware.png\" alt=\"Delaware\" width=\"33\" height=\"20\" \/><\/a> <a class=\"tooltips\" style=\"position: absolute;\" title=\"Delaware ist einer der 50 US-Bundesstaaten...\" href=\"https:\/\/fcba-offshore.com\/de\/delaware-offshore\/\">Delaware<\/a><\/td>\n<td><a href=\"http:\/\/fcba-offshore.com\/?page_id=162&amp;lang=fr\"><img loading=\"lazy\" decoding=\"async\" class=\"alignnone wp-image-351\" src=\"http:\/\/fcba-offshore.com\/wp-content\/uploads\/2014\/06\/Ile-Maurice.png\" alt=\"Ile-Maurice\" width=\"33\" height=\"20\" \/><\/a> <a class=\"tooltips\" style=\"position: absolute;\" title=\"Mauritius ist einer der preiswertesten...\" href=\"https:\/\/fcba-offshore.com\/de\/mauritius-offshore\/\">Mauritius<\/a><\/td>\n<td><a href=\"http:\/\/fcba-offshore.com\/?page_id=193&amp;lang=fr\"><img loading=\"lazy\" decoding=\"async\" class=\"alignnone wp-image-354\" src=\"http:\/\/fcba-offshore.com\/wp-content\/uploads\/2014\/06\/Luxembourg.png\" alt=\"Luxemburg\" width=\"33\" height=\"20\" \/><\/a> <a class=\"tooltips\" style=\"position: absolute;\" title=\"Das Gro\u00dfherzogtum Luxemburg im Herzen Europas...\" href=\"https:\/\/fcba-offshore.com\/de\/luxembourg-offshore\/\">Luxemburg<\/a><\/td>\n<td><a href=\"http:\/\/fcba-offshore.com\/?page_id=175&amp;lang=fr\"><img loading=\"lazy\" decoding=\"async\" class=\"alignnone wp-image-359\" src=\"http:\/\/fcba-offshore.com\/wp-content\/uploads\/2014\/06\/Suisse.png\" alt=\"Suisse\" width=\"33\" height=\"20\" \/><\/a> <a class=\"tooltips\" style=\"position: absolute;\" title=\"Die Schweiz hat eine gro\u00dfe Tradition...\" href=\"https:\/\/fcba-offshore.com\/de\/switzerland-offshore\/\">Schweiz<\/a><\/td>\n<\/tr>\n<tr>\n<td><a href=\"http:\/\/fcba-offshore.com\/?page_id=191&amp;lang=fr\"><img loading=\"lazy\" decoding=\"async\" class=\"alignnone wp-image-347\" src=\"http:\/\/fcba-offshore.com\/wp-content\/uploads\/2014\/06\/Dominique.png\" alt=\"Dominique\" width=\"33\" height=\"20\" \/><\/a> <a class=\"tooltips\" style=\"position: absolute;\" title=\"Dominica ist eine kleine Insel in der s\u00fcdlichen...\" href=\"https:\/\/fcba-offshore.com\/de\/dominica-offshore\/\">Dominica<\/a><\/td>\n<td><a href=\"http:\/\/fcba-offshore.com\/?page_id=233&amp;lang=fr\"><img loading=\"lazy\" decoding=\"async\" class=\"alignnone wp-image-343\" src=\"http:\/\/fcba-offshore.com\/wp-content\/uploads\/2014\/06\/Iles-Caimans.png\" alt=\"Iles-Caimans\" width=\"33\" height=\"20\" \/><\/a> <a class=\"tooltips\" style=\"position: absolute;\" title=\"Die Cayman Inseln vor der Haust\u00fcr der USA...\" href=\"https:\/\/fcba-offshore.com\/de\/cayman-islands-offshore\/\">Cayman Inseln<\/a><\/td>\n<td><a href=\"http:\/\/fcba-offshore.com\/?page_id=183&amp;lang=fr\"><img loading=\"lazy\" decoding=\"async\" class=\"alignnone wp-image-355\" src=\"http:\/\/fcba-offshore.com\/wp-content\/uploads\/2014\/06\/Malte.png\" alt=\"Malte\" width=\"33\" height=\"20\" \/><\/a> <a class=\"tooltips\" style=\"position: absolute;\" title=\"Malta ist das kleinste Land der EU...\" href=\"https:\/\/fcba-offshore.com\/de\/malta-offshore\/\">Malta<\/a><\/td>\n<td><a href=\"http:\/\/fcba-offshore.com\/?page_id=201&amp;lang=fr\"><img loading=\"lazy\" decoding=\"async\" class=\"alignnone wp-image-360\" src=\"http:\/\/fcba-offshore.com\/wp-content\/uploads\/2014\/06\/Vanuatu.png\" alt=\"Vanuatu\" width=\"33\" height=\"20\" \/><\/a> <a class=\"tooltips\" style=\"position: absolute;\" title=\"Vanuatu iist ein Inselarchipel in Ozeanien.....\" href=\"https:\/\/fcba-offshore.com\/de\/vanuatu-offshore\/\">Vanuatu<\/a><\/td>\n<\/tr>\n<tr>\n<td><a href=\"http:\/\/fcba-offshore.com\/?page_id=237&amp;lang=fr\"><img loading=\"lazy\" decoding=\"async\" class=\"alignnone wp-image-348\" src=\"http:\/\/fcba-offshore.com\/wp-content\/uploads\/2014\/06\/Dubai.png\" alt=\"Dubai\" width=\"33\" height=\"20\" \/><\/a> <a class=\"tooltips\" style=\"position: absolute;\" title=\"Dubai ist eines der sieben Emirate...\" href=\"https:\/\/fcba-offshore.com\/de\/dubai-offshore\/\">Dubai<\/a><\/td>\n<td><a href=\"http:\/\/fcba-offshore.com\/?page_id=223&amp;lang=fr\"><img loading=\"lazy\" decoding=\"async\" class=\"alignnone wp-image-352\" src=\"http:\/\/fcba-offshore.com\/wp-content\/uploads\/2014\/06\/Iles-Vierges-Britanniques.png\" alt=\"Iles-Vierges-Britanniques\" width=\"33\" height=\"20\" srcset=\"https:\/\/fcba-offshore.com\/wp-content\/uploads\/2014\/06\/Iles-Vierges-Britanniques.png 75w, https:\/\/fcba-offshore.com\/wp-content\/uploads\/2014\/06\/Iles-Vierges-Britanniques-72x46.png 72w\" sizes=\"auto, (max-width: 33px) 100vw, 33px\" \/><\/a> <a class=\"tooltips\" style=\"position: absolute;\" title=\"Die Britischen Jungferninseln im Atlantischen Ozean...\" href=\"https:\/\/fcba-offshore.com\/de\/bvi-offshore\/\">Brit. Jungferninseln<\/a><\/td>\n<td><a href=\"http:\/\/fcba-offshore.com\/?page_id=148&amp;lang=fr%20%E2%80%8E\"><img loading=\"lazy\" decoding=\"async\" class=\"alignnone wp-image-356\" src=\"http:\/\/fcba-offshore.com\/wp-content\/uploads\/2014\/06\/Monaco.png\" alt=\"Monaco\" width=\"33\" height=\"20\" \/><\/a> <a class=\"tooltips\" style=\"position: absolute;\" title=\"Das F\u00fcrstentum Monaco ist eines der reichsten...\" href=\"https:\/\/fcba-offshore.com\/de\/monaco-offshore\/\">Monaco<\/a><\/td>\n<td><a class=\"tooltips\" style=\"position: absolute;\" title=\"Nat\u00fcrlich gibt es noch weitere...\" href=\"https:\/\/fcba-offshore.com\/de\/weitere-offshore-orte\/\">Sonstige<\/a><\/td>\n<\/tr>\n<\/tbody>\n<\/table>\n<p style=\"text-align: justify;\">* klicken Sie auf das Land Ihres Interesses und lesen sie dort n\u00e4here Informationen dar\u00fcber<\/p>\n<p>&nbsp;<\/p>\n<p style=\"text-align: justify;\">Eine <a title=\"Offshore Firma\" href=\"https:\/\/fcba-offshore.com\/de\/offshore-firma\/\">Offshore Firma<\/a> bietet dem Firmeninhaber die M\u00f6glichkeit, anonym zu bleiben. Ihr Name wird nicht publiziert, weder in einem \u00f6ffentlichen, noch in einem elektronischen Handelsregister. Selbst Beh\u00f6rden haben keine Chance auf Ausk\u00fcnfte, da die meisten L\u00e4nder keine Rechtshilfeabkommen mit Deutschland oder anderen L\u00e4ndern haben. Falls Sie in einem Insolvenzverfahren sind oder waren, einem Wettbewerbsverbot unterliegen oder Ihr Verm\u00f6gen im Scheidungs- oder Erbfall sichern m\u00f6chten, ist die Gr\u00fcndung einer <a title=\"Offshore Firma\" href=\"https:\/\/fcba-offshore.com\/de\/offshore-firma\/\">Offshore Firma<\/a> (sowie eines <a title=\"Offshore Bankkonto\" href=\"https:\/\/fcba-offshore.com\/de\/offshore-bank\/\">Offshore Bankkontos<\/a>) empfehlenswert. Dar\u00fcber hinaus k\u00f6nnen sich niedrigere Steuers\u00e4tze anbieten. Und h\u00e4ufig bieten L\u00e4nder auch sehr niedrige Kosten bei der Gr\u00fcndung und der Fortf\u00fchrung einer <a title=\"Offshore Firma\" href=\"https:\/\/fcba-offshore.com\/de\/offshore-firma\/\">Offshore-Firma<\/a> an.<\/p>\n<p style=\"text-align: justify;\"><a title=\"Homepage\" href=\"https:\/\/fcba-offshore.com\/de\/\">FCBA Offshore <\/a>bietet seinen Kunden die M\u00f6glichkeit, in allen oben genannten L\u00e4ndern eine <a title=\"Offshore Firma\" href=\"https:\/\/fcba-offshore.com\/de\/offshore-firma\/\">Offshore Firma<\/a> zu er\u00f6ffnen. Dies geschieht in jedem Fall kompetent, schnell und diskret.<\/p>\n<p style=\"text-align: justify;\"><strong>Weitere Gr\u00fcnde, die f\u00fcr FCBA Offshore sprechen:<\/strong><\/p>\n<p style=\"text-align: justify;\">Unsere Mitarbeiter k\u00fcmmern sich um alle administrativen Belange, die es bei der Gr\u00fcndung einer <a title=\"Offshore Firma\" href=\"https:\/\/fcba-offshore.com\/de\/offshore-firma\/\">Offshore Firma<\/a> zu beachten gibt<\/p>\n<p style=\"text-align: justify;\">Buchf\u00fchrung und administrative Unterst\u00fctzung bei der Leitung Ihrer <a title=\"Offshore Firma\" href=\"https:\/\/fcba-offshore.com\/de\/offshore-firma\/\">Offshore Firma<\/a> (einschlie\u00dflich einer fachgerechten, diskreten Lagerung von vertraulichen Dokumenten)<\/p>\n<p style=\"text-align: justify;\">Er\u00f6ffnung eines <a title=\"Offshore Bankkonto\" href=\"https:\/\/fcba-offshore.com\/de\/offshore-bank\/\">Offshore Bankkontos<\/a>, das zu Ihrer <a title=\"Offshore Firma\" href=\"https:\/\/fcba-offshore.com\/de\/offshore-firma\/\">Offshore Firma<\/a> geh\u00f6rt<\/p>\n<p style=\"text-align: justify;\">Unterst\u00fctzung bei der Erstellung eines professionellen Internetauftritts Ihrer <a title=\"Offshore Firma\" href=\"https:\/\/fcba-offshore.com\/de\/offshore-firma\/\">Offshore Firma<\/a> mit effizienten und einfachen Online-Zahlungsfunktionen<\/p>\n<p style=\"text-align: justify;\">Und dies alles, ohne dass Sie auch nur einmal reisen m\u00fcssen!<\/p>\n<p style=\"text-align: justify;\"><strong>Kosten und Geb\u00fchren:<\/strong><\/p>\n<p style=\"text-align: justify;\">Die gesamten Kosten und Geb\u00fchren sind abh\u00e4ngig von Ihrer optimierten L\u00f6sung f\u00fcr Ihre <a title=\"Offshore Firma\" href=\"https:\/\/fcba-offshore.com\/de\/offshore-firma\/\">Offshore Firma<\/a><\/p>\n<p style=\"text-align: justify;\"><a title=\"Kontakt\" href=\"https:\/\/fcba-offshore.com\/de\/317-2\/\">Falls Sie Fragen haben, z\u00f6gern Sie nicht, einen kompetenten Experten von FCBA Offshore zu kontaktieren<\/a><\/p>\n<h2><\/h2>\n<p>&nbsp;<\/p>\n<p>&nbsp;<\/p>\n<p style=\"text-align: justify;\"><a href=\"http:\/\/fcba-offshore.com\/wp-content\/uploads\/2014\/06\/logo-small.png\"><img loading=\"lazy\" decoding=\"async\" class=\"alignnone size-full wp-image-479\" src=\"http:\/\/fcba-offshore.com\/wp-content\/uploads\/2014\/06\/logo-small.png\" alt=\"Logo offshore small\" width=\"142\" height=\"31\" \/><\/a><\/p>\n<p style=\"text-align: justify;\">\u00a0\u00a0 *\u00a0weitere Informationen gewinnen Sie\u00a0<a title=\"Offshore Bankkonto\" href=\"https:\/\/fcba-offshore.com\/de\/offshore-bank\/\">hier<\/a>\u00a0und\u00a0<a title=\"Homepage\" href=\"https:\/\/fcba-offshore.com\/de\/\">dort<\/a>.<\/p>\n","protected":false},"excerpt":{"rendered":"<p>Offshore Firma: \u00dcbersicht und Information \u00fcber alle Orte &nbsp; Andorra Gibraltar Irland St. Kitts &amp; Nevis Bahamas Guernesey Jersey Panama Belize Hong-Kong Lettland Seychellen Zypern Isle of Man Liechtenstein Singapur Delaware Mauritius Luxemburg Schweiz Dominica Cayman Inseln Malta Vanuatu Dubai Brit. Jungferninseln Monaco Sonstige * klicken Sie auf das Land Ihres Interesses und lesen sie&hellip;<\/p>\n","protected":false},"author":1,"featured_media":0,"parent":0,"menu_order":0,"comment_status":"closed","ping_status":"open","template":"","meta":{"footnotes":""},"class_list":["post-2256","page","type-page","status-publish","hentry"],"_links":{"self":[{"href":"https:\/\/fcba-offshore.com\/de\/wp-json\/wp\/v2\/pages\/2256","targetHints":{"allow":["GET"]}}],"collection":[{"href":"https:\/\/fcba-offshore.com\/de\/wp-json\/wp\/v2\/pages"}],"about":[{"href":"https:\/\/fcba-offshore.com\/de\/wp-json\/wp\/v2\/types\/page"}],"author":[{"embeddable":true,"href":"https:\/\/fcba-offshore.com\/de\/wp-json\/wp\/v2\/users\/1"}],"replies":[{"embeddable":true,"href":"https:\/\/fcba-offshore.com\/de\/wp-json\/wp\/v2\/comments?post=2256"}],"version-history":[{"count":28,"href":"https:\/\/fcba-offshore.com\/de\/wp-json\/wp\/v2\/pages\/2256\/revisions"}],"predecessor-version":[{"id":2686,"href":"https:\/\/fcba-offshore.com\/de\/wp-json\/wp\/v2\/pages\/2256\/revisions\/2686"}],"wp:attachment":[{"href":"https:\/\/fcba-offshore.com\/de\/wp-json\/wp\/v2\/media?parent=2256"}],"curies":[{"name":"wp","href":"https:\/\/api.w.org\/{rel}","templated":true}]}}