{"id":2259,"date":"2016-02-29T19:42:03","date_gmt":"2016-02-29T19:42:03","guid":{"rendered":"http:\/\/fcba-offshore.com\/?page_id=2259"},"modified":"2016-06-30T13:39:03","modified_gmt":"2016-06-30T13:39:03","slug":"offshore-bankkonto","status":"publish","type":"page","link":"https:\/\/fcba-offshore.com\/de\/offshore-bankkonto\/","title":{"rendered":"Offshore Bankkonto"},"content":{"rendered":"<h1>Offshore Bankkonto: Wo \u00fcberall kann es eingerichtet werden?<\/h1>\n<p>&nbsp;<\/p>\n<table class=\"int-tbl\" style=\"height: 206px;\" width=\"695\" cellspacing=\"0\" cellpadding=\"0\">\n<tfoot>\n<tr>\n<td><\/td>\n<\/tr>\n<\/tfoot>\n<tbody>\n<tr>\n<td><a href=\"http:\/\/fcba-offshore.com\/?page_id=215&amp;lang=fr\"><img loading=\"lazy\" decoding=\"async\" class=\"alignnone wp-image-369\" src=\"http:\/\/fcba-offshore.com\/wp-content\/uploads\/2014\/06\/Andorre.png\" alt=\"Andorre\" width=\"33\" height=\"20\" \/><\/a> <a class=\"tooltips\" style=\"position: absolute;\" title=\"Andorra ist eine historische Offshore Juristikation...\" href=\"https:\/\/fcba-offshore.com\/de\/2164-2\/\">Andorra<\/a><\/td>\n<td><a href=\"http:\/\/fcba-offshore.com\/?page_id=177&amp;lang=fr\"><img loading=\"lazy\" decoding=\"async\" class=\"alignnone wp-image-368\" src=\"http:\/\/fcba-offshore.com\/wp-content\/uploads\/2014\/06\/Gibraltar.png\" alt=\"Gibraltar\" width=\"33\" height=\"20\" \/><\/a> <a class=\"tooltips\" style=\"position: absolute;\" title=\"Das kleine Gibraltar ist in Europa ein...\" href=\"https:\/\/fcba-offshore.com\/de\/gibraltar-offshore\/\">Gibraltar<\/a><\/td>\n<td><a href=\"http:\/\/fcba-offshore.com\/?page_id=251&amp;lang=fr\"><img loading=\"lazy\" decoding=\"async\" class=\"alignnone wp-image-367\" src=\"http:\/\/fcba-offshore.com\/wp-content\/uploads\/2014\/06\/Irelande.png\" alt=\"Irelande\" width=\"33\" height=\"20\" \/><\/a> <a class=\"tooltips\" style=\"position: absolute;\" title=\"Die gr\u00fcne Insel Irland...\" href=\"https:\/\/fcba-offshore.com\/de\/ireland-offshore\/\">Irland<\/a><\/td>\n<td><a href=\"http:\/\/fcba-offshore.com\/?page_id=197&amp;lang=fr\"><img loading=\"lazy\" decoding=\"async\" class=\"alignnone wp-image-365\" src=\"http:\/\/fcba-offshore.com\/wp-content\/uploads\/2014\/06\/Nieves.png\" alt=\"Nieves\" width=\"33\" height=\"20\" \/><\/a> <a class=\"tooltips\" style=\"position: absolute;\" title=\"St. Kitts &amp; Nevis ist eine Inselgruppe in den Antillen...\" href=\"https:\/\/fcba-offshore.com\/de\/nevis-offshore\/\">St. Kitts &amp; Nevis<\/a><\/td>\n<\/tr>\n<tr>\n<td><a href=\"http:\/\/fcba-offshore.com\/?page_id=165&amp;lang=fr\"><img loading=\"lazy\" decoding=\"async\" class=\"alignnone wp-image-362\" src=\"http:\/\/fcba-offshore.com\/wp-content\/uploads\/2014\/06\/Bahamas.png\" alt=\"Bahamas\" width=\"33\" height=\"20\" \/><\/a> <a class=\"tooltips\" style=\"position: absolute;\" title=\"Das Archipelago der Bahamas...\" href=\"fcba-offshore.com\/offshore-bahamas\">Bahamas<\/a><\/td>\n<td><a href=\"http:\/\/fcba-offshore.com\/?page_id=2172&amp;lang=fr%20%E2%80%8E\"><img loading=\"lazy\" decoding=\"async\" class=\"alignnone wp-image-363\" src=\"http:\/\/fcba-offshore.com\/wp-content\/uploads\/2014\/06\/Guernesey.png\" alt=\"Guernesey\" width=\"33\" height=\"20\" \/><\/a> <a class=\"tooltips\" style=\"position: absolute;\" title=\"Die Kanalinsel Guernsey...\" href=\"https:\/\/fcba-offshore.com\/de\/guernsey-offshore\/\">Guernesey<\/a><\/td>\n<td><a href=\"http:\/\/fcba-offshore.com\/?page_id=209&amp;lang=fr\"><img loading=\"lazy\" decoding=\"async\" class=\"alignnone wp-image-364\" src=\"http:\/\/fcba-offshore.com\/wp-content\/uploads\/2014\/06\/Jersey.png\" alt=\"Jersey\" width=\"33\" height=\"20\" \/><\/a> <a class=\"tooltips\" style=\"position: absolute;\" title=\"Die zweite Kanalinsel Jersey...\" href=\"https:\/\/fcba-offshore.com\/de\/jersey-offshore\/\">Jersey<\/a><\/td>\n<td><a href=\"http:\/\/fcba-offshore.com\/?page_id=156&amp;lang=fr\"><img loading=\"lazy\" decoding=\"async\" class=\"alignnone wp-image-366\" src=\"http:\/\/fcba-offshore.com\/wp-content\/uploads\/2014\/06\/Panama.png\" alt=\"Panama\" width=\"33\" height=\"20\" \/><\/a> <a class=\"tooltips\" style=\"position: absolute;\" title=\"Panama liegt in Zentralamerika...\" href=\"https:\/\/fcba-offshore.com\/de\/panama-offshore\/\">Panama<\/a><\/td>\n<\/tr>\n<tr>\n<td><a href=\"http:\/\/fcba-offshore.com\/?page_id=140&amp;lang=fr\"><img loading=\"lazy\" decoding=\"async\" class=\"alignnone wp-image-344\" src=\"http:\/\/fcba-offshore.com\/wp-content\/uploads\/2014\/06\/Belize.png\" alt=\"Belize\" width=\"33\" height=\"20\" \/><\/a> <a class=\"tooltips\" style=\"position: absolute;\" title=\"Belize liegt s\u00fcdlich von Mexiko...\" href=\"https:\/\/fcba-offshore.com\/de\/belize-offshore\/\">Belize<\/a><\/td>\n<td><a href=\"http:\/\/fcba-offshore.com\/?page_id=169&amp;lang=fr\"><img loading=\"lazy\" decoding=\"async\" class=\"alignnone wp-image-349\" src=\"http:\/\/fcba-offshore.com\/wp-content\/uploads\/2014\/06\/Hong-Kong.png\" alt=\"Hongkong\" width=\"33\" height=\"20\" \/><\/a> <a class=\"tooltips\" style=\"position: absolute;\" title=\"Hongkong ist als Finanzzentrum S\u00fcdostasiens angesehen...\" href=\"https:\/\/fcba-offshore.com\/de\/hong-kong-offshore\/\">Hong-Kong<\/a><\/td>\n<td><a href=\"http:\/\/fcba-offshore.com\/?page_id=187&amp;lang=fr\"><img loading=\"lazy\" decoding=\"async\" class=\"alignnone wp-image-353\" src=\"http:\/\/fcba-offshore.com\/wp-content\/uploads\/2014\/06\/Lettonie.png\" alt=\"Lettonie\" width=\"33\" height=\"20\" \/><\/a> <a class=\"tooltips\" style=\"position: absolute;\" title=\"Lettland ist eines der drei baltischen L\u00e4nder...\" href=\"https:\/\/fcba-offshore.com\/de\/latvia-offshore\/\">Lettland<\/a><\/td>\n<td><a href=\"http:\/\/fcba-offshore.com\/?page_id=136&amp;lang=fr\"><img loading=\"lazy\" decoding=\"async\" class=\"alignnone wp-image-357\" src=\"http:\/\/fcba-offshore.com\/wp-content\/uploads\/2014\/06\/Seychelles.png\" alt=\"Seychellen\" width=\"33\" height=\"20\" \/><\/a> <a class=\"tooltips\" style=\"position: absolute;\" title=\"Die Seychellen im indischen Ozean gelegen...\" href=\"https:\/\/fcba-offshore.com\/de\/sychelles-offshore\/\">Seychellen<\/a><\/td>\n<\/tr>\n<tr>\n<td><a href=\"http:\/\/fcba-offshore.com\/?page_id=154&amp;lang=fr\"><img loading=\"lazy\" decoding=\"async\" class=\"alignnone wp-image-345\" src=\"http:\/\/fcba-offshore.com\/wp-content\/uploads\/2014\/06\/Chypre.png\" alt=\"Chypre\" width=\"33\" height=\"20\" \/><\/a> <a class=\"tooltips\" style=\"position: absolute;\" title=\"Zypern im \u00f6stlichen Mittelmeer gelegen\" href=\"https:\/\/fcba-offshore.com\/de\/cyprus-offshore\/\">Zypern<\/a><\/td>\n<td><a href=\"http:\/\/fcba-offshore.com\/?page_id=227&amp;lang=fr\"><img loading=\"lazy\" decoding=\"async\" class=\"alignnone wp-image-350\" src=\"http:\/\/fcba-offshore.com\/wp-content\/uploads\/2014\/06\/Ile-de-Man.png\" alt=\"Ile-de-Man\" width=\"33\" height=\"20\" \/><\/a> <a class=\"tooltips\" style=\"position: absolute;\" title=\"die Isle of Man fast direkt vor der franz\u00f6sischen K\u00fcste...\" href=\"https:\/\/fcba-offshore.com\/de\/isle-man-offshore\/\">Isle of Man<\/a><\/td>\n<td><a href=\"http:\/\/fcba-offshore.com\/?page_id=229&amp;lang=fr\"><img loading=\"lazy\" decoding=\"async\" class=\"alignnone wp-image-342\" src=\"http:\/\/fcba-offshore.com\/wp-content\/uploads\/2014\/06\/Liechtenstein.png\" alt=\"Liechtenstein\" width=\"33\" height=\"20\" \/><\/a> <a class=\"tooltips\" style=\"position: absolute;\" title=\"Das F\u00fcrstentum Liechtenstein ist eines der kleinsten L\u00e4nder...\" href=\"https:\/\/fcba-offshore.com\/de\/liechtenstein-offshore\/\">Liechtenstein<\/a><\/td>\n<td><a href=\"http:\/\/fcba-offshore.com\/?page_id=219&amp;lang=fr\"><img loading=\"lazy\" decoding=\"async\" class=\"alignnone wp-image-358\" src=\"http:\/\/fcba-offshore.com\/wp-content\/uploads\/2014\/06\/Singapour.png\" alt=\"Singapur\" width=\"33\" height=\"20\" \/><\/a> <a class=\"tooltips\" style=\"position: absolute;\" title=\"Singapor ist einer der Tigerstaaten...\" href=\"https:\/\/fcba-offshore.com\/de\/singapore-offshore\/\">Singapur<\/a><\/td>\n<\/tr>\n<tr>\n<td><a href=\"http:\/\/fcba-offshore.com\/?page_id=253&amp;lang=fr\"><img loading=\"lazy\" decoding=\"async\" class=\"alignnone wp-image-346\" src=\"http:\/\/fcba-offshore.com\/wp-content\/uploads\/2014\/06\/Delaware.png\" alt=\"Delaware\" width=\"33\" height=\"20\" \/><\/a> <a class=\"tooltips\" style=\"position: absolute;\" title=\"Delaware ist einer der 50 US-Bundesstaaten...\" href=\"https:\/\/fcba-offshore.com\/de\/delaware-offshore\/\">Delaware<\/a><\/td>\n<td><a href=\"http:\/\/fcba-offshore.com\/?page_id=162&amp;lang=fr\"><img loading=\"lazy\" decoding=\"async\" class=\"alignnone wp-image-351\" src=\"http:\/\/fcba-offshore.com\/wp-content\/uploads\/2014\/06\/Ile-Maurice.png\" alt=\"Ile-Maurice\" width=\"33\" height=\"20\" \/><\/a> <a class=\"tooltips\" style=\"position: absolute;\" title=\"Mauritius ist einer der preiswertesten...\" href=\"https:\/\/fcba-offshore.com\/de\/mauritius-offshore\/\">Mauritius<\/a><\/td>\n<td><a href=\"http:\/\/fcba-offshore.com\/?page_id=193&amp;lang=fr\"><img loading=\"lazy\" decoding=\"async\" class=\"alignnone wp-image-354\" src=\"http:\/\/fcba-offshore.com\/wp-content\/uploads\/2014\/06\/Luxembourg.png\" alt=\"Luxemburg\" width=\"33\" height=\"20\" \/><\/a> <a class=\"tooltips\" style=\"position: absolute;\" title=\"Das Gro\u00dfherzogtum Luxemburg im Herzen Europas...\" href=\"https:\/\/fcba-offshore.com\/de\/luxembourg-offshore\/\">Luxemburg<\/a><\/td>\n<td><a href=\"http:\/\/fcba-offshore.com\/?page_id=175&amp;lang=fr\"><img loading=\"lazy\" decoding=\"async\" class=\"alignnone wp-image-359\" src=\"http:\/\/fcba-offshore.com\/wp-content\/uploads\/2014\/06\/Suisse.png\" alt=\"Suisse\" width=\"33\" height=\"20\" \/><\/a> <a class=\"tooltips\" style=\"position: absolute;\" title=\"Die Schweiz hat eine gro\u00dfe Tradition...\" href=\"https:\/\/fcba-offshore.com\/de\/switzerland-offshore\/\">Schweiz<\/a><\/td>\n<\/tr>\n<tr>\n<td><a href=\"http:\/\/fcba-offshore.com\/?page_id=191&amp;lang=fr\"><img loading=\"lazy\" decoding=\"async\" class=\"alignnone wp-image-347\" src=\"http:\/\/fcba-offshore.com\/wp-content\/uploads\/2014\/06\/Dominique.png\" alt=\"Dominique\" width=\"33\" height=\"20\" \/><\/a> <a class=\"tooltips\" style=\"position: absolute;\" title=\"Dominica ist eine kleine Insel in der s\u00fcdlichen...\" href=\"https:\/\/fcba-offshore.com\/de\/dominica-offshore\/\">Dominica<\/a><\/td>\n<td><a href=\"http:\/\/fcba-offshore.com\/?page_id=233&amp;lang=fr\"><img loading=\"lazy\" decoding=\"async\" class=\"alignnone wp-image-343\" src=\"http:\/\/fcba-offshore.com\/wp-content\/uploads\/2014\/06\/Iles-Caimans.png\" alt=\"Iles-Caimans\" width=\"33\" height=\"20\" \/><\/a> <a class=\"tooltips\" style=\"position: absolute;\" title=\"Die Cayman Inseln vor der Haust\u00fcr der USA...\" href=\"https:\/\/fcba-offshore.com\/de\/cayman-islands-offshore\/\">Cayman Inseln<\/a><\/td>\n<td><a href=\"http:\/\/fcba-offshore.com\/?page_id=183&amp;lang=fr\"><img loading=\"lazy\" decoding=\"async\" class=\"alignnone wp-image-355\" src=\"http:\/\/fcba-offshore.com\/wp-content\/uploads\/2014\/06\/Malte.png\" alt=\"Malte\" width=\"33\" height=\"20\" \/><\/a> <a class=\"tooltips\" style=\"position: absolute;\" title=\"Malta ist das kleinste Land der EU...\" href=\"https:\/\/fcba-offshore.com\/de\/malta-offshore\/\">Malta<\/a><\/td>\n<td><a href=\"http:\/\/fcba-offshore.com\/?page_id=201&amp;lang=fr\"><img loading=\"lazy\" decoding=\"async\" class=\"alignnone wp-image-360\" src=\"http:\/\/fcba-offshore.com\/wp-content\/uploads\/2014\/06\/Vanuatu.png\" alt=\"Vanuatu\" width=\"33\" height=\"20\" \/><\/a> <a class=\"tooltips\" style=\"position: absolute;\" title=\"Vanuatu iist ein Inselarchipel in Ozeanien.....\" href=\"https:\/\/fcba-offshore.com\/de\/vanuatu-offshore\/\">Vanuatu<\/a><\/td>\n<\/tr>\n<tr>\n<td><a href=\"http:\/\/fcba-offshore.com\/?page_id=237&amp;lang=fr\"><img loading=\"lazy\" decoding=\"async\" class=\"alignnone wp-image-348\" src=\"http:\/\/fcba-offshore.com\/wp-content\/uploads\/2014\/06\/Dubai.png\" alt=\"Dubai\" width=\"33\" height=\"20\" \/><\/a> <a class=\"tooltips\" style=\"position: absolute;\" title=\"Dubai ist eines der sieben Emirate...\" href=\"https:\/\/fcba-offshore.com\/de\/dubai-offshore\/\">Dubai<\/a><\/td>\n<td><a href=\"http:\/\/fcba-offshore.com\/?page_id=223&amp;lang=fr\"><img loading=\"lazy\" decoding=\"async\" class=\"alignnone wp-image-352\" src=\"http:\/\/fcba-offshore.com\/wp-content\/uploads\/2014\/06\/Iles-Vierges-Britanniques.png\" alt=\"Iles-Vierges-Britanniques\" width=\"33\" height=\"20\" srcset=\"https:\/\/fcba-offshore.com\/wp-content\/uploads\/2014\/06\/Iles-Vierges-Britanniques.png 75w, https:\/\/fcba-offshore.com\/wp-content\/uploads\/2014\/06\/Iles-Vierges-Britanniques-72x46.png 72w\" sizes=\"auto, (max-width: 33px) 100vw, 33px\" \/><\/a> <a class=\"tooltips\" style=\"position: absolute;\" title=\"Die Britischen Jungferninseln im Atlantischen Ozean...\" href=\"https:\/\/fcba-offshore.com\/de\/bvi-offshore\/\">Brit. Jungferninseln<\/a><\/td>\n<td><a href=\"http:\/\/fcba-offshore.com\/?page_id=148&amp;lang=fr%20%E2%80%8E\"><img loading=\"lazy\" decoding=\"async\" class=\"alignnone wp-image-356\" src=\"http:\/\/fcba-offshore.com\/wp-content\/uploads\/2014\/06\/Monaco.png\" alt=\"Monaco\" width=\"33\" height=\"20\" \/><\/a> <a class=\"tooltips\" style=\"position: absolute;\" title=\"Das F\u00fcrstentum Monaco ist eines der reichsten...\" href=\"https:\/\/fcba-offshore.com\/de\/monaco-offshore\/\">Monaco<\/a><\/td>\n<td><a class=\"tooltips\" style=\"position: absolute;\" title=\"Nat\u00fcrlich gibt es noch weitere...\" href=\"https:\/\/fcba-offshore.com\/de\/weitere-offshore-orte\/\">Sonstige<\/a><\/td>\n<\/tr>\n<\/tbody>\n<\/table>\n<p style=\"text-align: justify;\">\u00a0\u00a0 *\u00a0klicken Sie auf das Land Ihres Interesses und lesen sie dort n\u00e4here Informationen dar\u00fcber<\/p>\n<p>&nbsp;<\/p>\n<p style=\"text-align: justify;\">Ein <a title=\"Offshore Bankkonto\" href=\"https:\/\/fcba-offshore.com\/de\/offshore-bankkonto\/\">Offshore Bankkonto<\/a> kann sowohl ein Firmen- als auch ein Privatkonto sein.<\/p>\n<p style=\"text-align: justify;\">Im Zuge einer <a title=\"Offshore Firma\" href=\"https:\/\/fcba-offshore.com\/de\/offshore-firma\/\">Offshore Firmengr\u00fcndung<\/a> wird in aller Regel auch gleich ein <a title=\"Offshore Bankkonto\" href=\"https:\/\/fcba-offshore.com\/de\/offshore-bankkonto\/\">Offshore Bankkonto<\/a> eingerichtet, um den anfallenden Zahlungsverkehr zu gew\u00e4hrleisten. Dies kann im gleichen Land, wie die Offshore Firma sein, muss es aber nicht.<\/p>\n<p style=\"text-align: justify;\">Aber auch f\u00fcr Privatpersonen hat ein <a title=\"Offshore Bankkonto\" href=\"https:\/\/fcba-offshore.com\/de\/offshore-bankkonto\/\">Offshore Bankkonto<\/a> durchaus seine Vorteile:<\/p>\n<ul style=\"text-align: justify;\">\n<li>Hohe Diskretion (Bankgeheimnis)<\/li>\n<li>Schutz vor Gl\u00e4ubigern<\/li>\n<li>Neuanfang w\u00e4hrend bzw. nach einer Insolvenz<\/li>\n<li>Konto trotz negativer Bonit\u00e4t (z.B. Schufa-Eintrag in Deutschland)<\/li>\n<li>Diskretes Verm\u00f6gen (kein Wissen Dritter)<\/li>\n<li>Zugang zu neuen M\u00e4rkten<\/li>\n<\/ul>\n<p style=\"text-align: justify;\"><a title=\"Offshore Bankkonto\" href=\"https:\/\/fcba-offshore.com\/de\/offshore-bankkonto\/\">Offshore Bankkonten<\/a>, die durch <a title=\"Homepage\" href=\"https:\/\/fcba-offshore.com\/de\/\">FCBA Offshore<\/a> eingerichtet werden, bieten u.a. folgende Annehmlichkeiten:<\/p>\n<ul style=\"text-align: justify;\">\n<li style=\"text-align: justify;\">Kredit- und Debit-Karten mit au\u00dfergew\u00f6hnlich hohen Limits f\u00fcr Kauf bzw. Barabhebungen<\/li>\n<li style=\"text-align: justify;\">Multi-W\u00e4hrungskonten (Firmen- und Privatkonten)<\/li>\n<li style=\"text-align: justify;\">Internet Banking<\/li>\n<li style=\"text-align: justify;\">Anonymisierte Kredit- und Debit-Karten (ohne Namen)<\/li>\n<li style=\"text-align: justify;\">Spar-\/Anlage- und Verm\u00f6gensverwaltung<\/li>\n<li style=\"text-align: justify;\">Wertpapierhandel<\/li>\n<\/ul>\n<p style=\"text-align: justify;\">Die Experten von <a title=\"Homepage\" href=\"https:\/\/fcba-offshore.com\/de\/\">FCBA Offshore<\/a> k\u00f6nnen Sie bei der Er\u00f6ffnung und F\u00fchrung eines <a title=\"Offshore Bankkonto\" href=\"https:\/\/fcba-offshore.com\/de\/offshore-bankkonto\/\">Offshore Bankkontos<\/a> in jedem der oben genannten L\u00e4nder kompetent beraten. \u00a0Kontaktieren Sie uns f\u00fcr eine diskrete und pers\u00f6nliche Beratung, in der wir auf Ihre konkrete Situation eingehen und gemeinsam mit Ihnen die f\u00fcr Sie optimale L\u00f6sung suchen und implementieren.<\/p>\n<p style=\"text-align: justify;\"><strong>Weitere Gr\u00fcnde, die f\u00fcr FCBA Offshore sprechen:<\/strong><\/p>\n<p style=\"text-align: justify;\">Unsere Mitarbeiter k\u00fcmmern sich um alle administrativen Belange, die es bei der Auswahl und Er\u00f6ffnung eines <a title=\"Offshore Bankkonto\" href=\"https:\/\/fcba-offshore.com\/de\/offshore-bankkonto\/\">Offshore Bankkontos<\/a> zu beachten gibt<\/p>\n<p style=\"text-align: justify;\">Unterst\u00fctzung in der F\u00fchrung Ihres <a title=\"Offshore Bankkonto\" href=\"https:\/\/fcba-offshore.com\/de\/offshore-bankkonto\/\">Offshore Bankkontos<\/a><\/p>\n<p style=\"text-align: justify;\">Fachgerechte, diskreten Lagerung von vertraulichen Dokumenten<\/p>\n<p style=\"text-align: justify;\">Und dies alles, ohne dass Sie auch nur einmal reisen m\u00fcssen!<\/p>\n<p style=\"text-align: justify;\"><strong>Kosten und Geb\u00fchren:<\/strong><\/p>\n<p style=\"text-align: justify;\">Die gesamten Kosten und Geb\u00fchren sind abh\u00e4ngig von Ihrer optimierten L\u00f6sung f\u00fcr Ihre <a title=\"Offshore Firma\" href=\"https:\/\/fcba-offshore.com\/de\/offshore-firma\/\">Offshore Firma<\/a><\/p>\n<p style=\"text-align: justify;\">Falls Sie Fragen haben, z\u00f6gern Sie nicht, einen kompetenten Experten von <a title=\"Homepage\" href=\"https:\/\/fcba-offshore.com\/de\/\">FCBA Offshore<\/a> zu kontaktieren<\/p>\n<h2 style=\"text-align: justify;\"><\/h2>\n<p>&nbsp;<\/p>\n<p>&nbsp;<\/p>\n<p style=\"text-align: justify;\"><a href=\"http:\/\/fcba-offshore.com\/wp-content\/uploads\/2014\/06\/logo-small.png\"><img loading=\"lazy\" decoding=\"async\" class=\"alignnone size-full wp-image-479\" src=\"http:\/\/fcba-offshore.com\/wp-content\/uploads\/2014\/06\/logo-small.png\" alt=\"Logo offshore small\" width=\"142\" height=\"31\" \/><\/a><\/p>\n<p style=\"text-align: justify;\">\u00a0\u00a0 * weitere Informationen gewinnen Sie\u00a0<a title=\"Offshore Firma\" href=\"https:\/\/fcba-offshore.com\/de\/offshore-firma\/\">hier<\/a> und\u00a0<a title=\"Homepage\" href=\"https:\/\/fcba-offshore.com\/de\/\">dort<\/a>.<\/p>\n","protected":false},"excerpt":{"rendered":"<p>Offshore Bankkonto: Wo \u00fcberall kann es eingerichtet werden? &nbsp; Andorra Gibraltar Irland St. Kitts &amp; Nevis Bahamas Guernesey Jersey Panama Belize Hong-Kong Lettland Seychellen Zypern Isle of Man Liechtenstein Singapur Delaware Mauritius Luxemburg Schweiz Dominica Cayman Inseln Malta Vanuatu Dubai Brit. Jungferninseln Monaco Sonstige \u00a0\u00a0 *\u00a0klicken Sie auf das Land Ihres Interesses und lesen sie&hellip;<\/p>\n","protected":false},"author":1,"featured_media":0,"parent":0,"menu_order":0,"comment_status":"closed","ping_status":"open","template":"","meta":{"footnotes":""},"class_list":["post-2259","page","type-page","status-publish","hentry"],"_links":{"self":[{"href":"https:\/\/fcba-offshore.com\/de\/wp-json\/wp\/v2\/pages\/2259","targetHints":{"allow":["GET"]}}],"collection":[{"href":"https:\/\/fcba-offshore.com\/de\/wp-json\/wp\/v2\/pages"}],"about":[{"href":"https:\/\/fcba-offshore.com\/de\/wp-json\/wp\/v2\/types\/page"}],"author":[{"embeddable":true,"href":"https:\/\/fcba-offshore.com\/de\/wp-json\/wp\/v2\/users\/1"}],"replies":[{"embeddable":true,"href":"https:\/\/fcba-offshore.com\/de\/wp-json\/wp\/v2\/comments?post=2259"}],"version-history":[{"count":54,"href":"https:\/\/fcba-offshore.com\/de\/wp-json\/wp\/v2\/pages\/2259\/revisions"}],"predecessor-version":[{"id":2627,"href":"https:\/\/fcba-offshore.com\/de\/wp-json\/wp\/v2\/pages\/2259\/revisions\/2627"}],"wp:attachment":[{"href":"https:\/\/fcba-offshore.com\/de\/wp-json\/wp\/v2\/media?parent=2259"}],"curies":[{"name":"wp","href":"https:\/\/api.w.org\/{rel}","templated":true}]}}