{"id":2261,"date":"2016-02-29T19:42:58","date_gmt":"2016-02-29T19:42:58","guid":{"rendered":"http:\/\/fcba-offshore.com\/?page_id=2261"},"modified":"2016-03-23T14:09:18","modified_gmt":"2016-03-23T14:09:18","slug":"fallbeispiele-offshore","status":"publish","type":"page","link":"https:\/\/fcba-offshore.com\/de\/fallbeispiele-offshore\/","title":{"rendered":"Fallbeispiele Offshore Firmen"},"content":{"rendered":"<div id=\"accordion-1\" class=\"accordion no-js\" role=\"tablist\" aria-multiselectable=\"true\">\n<h3 id=\"accordion-1-t1\" class=\"accordion-title\" role=\"tab\" aria-controls=\"accordion-1-c1\" aria-selected=\"false\" aria-expanded=\"false\" tabindex=\"0\" >Er\u00f6ffnung eines Offshore Bankkontos<\/h3><div id=\"accordion-1-c1\" class=\"accordion-content\" role=\"tabpanel\" aria-labelledby=\"accordion-1-t1\" aria-hidden=\"true\">\n<p>Rebecca lebt und arbeitet in Berlin als Englisch Lehrerin seit einigen Jahren. Sie ist verheiratet und hat zwei Kinder. Obwohl sie Britin ist, muss sie selbstverst\u00e4ndlich ihre Steuern in Deutschland zahlen Nachdem ihre Mutter verstarb, erbte Rebecca ein gro\u00dfz\u00fcgiges Apartment im Norden Londons und sie entschied sich, es zu vermieten, um Ertr\u00e4ge daraus zu ziehen. Aus praktischen Gr\u00fcnden rieten wir Rebecca, ein Multi-W\u00e4hrungskonto als <a title=\"Offshore Bankkonto\" href=\"https:\/\/fcba-offshore.com\/de\/offshore-bank\/\">Offshore Bankkonto<\/a> in einer Bank in der Karibik zu er\u00f6ffnen. Diese Bank garantiert Rebecca noch ein vollst\u00e4ndiges Bankgeheimnis und erlaubt es ihr zudem, die Einnahmen in Britischen Pfund (GBP) in Euro (EUR) umzuwandeln, ohne Umtauschgeb\u00fchren zu bezahlen.<\/p>\n<p>Die drei Hauptvorteile f\u00fcr Rebecca sind:<\/p>\n<ul>\n<li>Mieteinnahmen gehen nicht auf ihr Gehaltskonto ein<\/li>\n<li>Sie zahlt keine Umtauschgeb\u00fchren<\/li>\n<li>Ihre Assets sind finanziell in einer Offshore Jurisdiktion mit garantiertem Bankgeheimnis<\/li>\n<\/ul>\n<p>Die Kosten f\u00fcr eine Er\u00f6ffnung eines solchen <a title=\"Offshore Bankkonto\" href=\"https:\/\/fcba-offshore.com\/de\/offshore-bank\/\">Offshore\u00a0Bankkonto<\/a> f\u00fcr Rebecca betragen \u20ac 600 und sie musste weder irgendwohin reisen noch sich um B\u00fcrokratie k\u00fcmmern.<\/p>\n<\/div>\n<h3 id=\"accordion-1-t2\" class=\"accordion-title\" role=\"tab\" aria-controls=\"accordion-1-c2\" aria-selected=\"false\" aria-expanded=\"false\" tabindex=\"0\" >International arbeitender Berater<\/h3><div id=\"accordion-1-c2\" class=\"accordion-content\" role=\"tabpanel\" aria-labelledby=\"accordion-1-t2\" aria-hidden=\"true\">\n<p>David arbeitet als Ingenieur im Bereich Nuklearmedizin. Er hat dazu eine Consultingfirma gegr\u00fcndet, die ihren Sitz in seiner s\u00fcddeutschen Heimat hat. Er bat seinen Steuerberater, sich um den administrativen Teil seiner Forma zu k\u00fcmmern. Da David aber st\u00e4ndig auf Reisen ist (er muss in diversen L\u00e4ndern arbeiten, da er mehrere ausl\u00e4ndische Kunden hat) , empfahlen wir David die Gr\u00fcndung einer <a title=\"Offshore Firma\" href=\"https:\/\/fcba-offshore.com\/de\/offshore-firma\/\">Offshore Firma<\/a> in Lettland. Hier ist die K\u00f6rperschaftssteuer sehr gering (zwischen 9% und 15 %) u d dar\u00fcber hinaus unterst\u00fctzen wir David bei der Erledigung aller administrativen Herausforderungen. Auch nach der Firmengr\u00fcndung erledigen unsere juristischen und buchhalterischen Teams, zusammen mit lokalen Partnern David bei allen notwenigen Schritten, \u00a0die von den lettischen Finanzbeh\u00f6rden verlangt werden (Buchf\u00fchrung, Steuererkl\u00e4rungen&#8230;). Und selbstverst\u00e4ndlich haben wir f\u00fcr David auch ein Bankkontoer\u00f6ffnet mit Multi-W\u00e4hrungsfunktion, was problemlos den Ein- und Ausgang von \u00a0EURO, USD und GBP erlaubt.<\/p>\n<p>Die wichtigsten Vorteile f\u00fcr David:<\/p>\n<ul>\n<li>Er zahlt deutlich geringere K\u00f6rperschaftssteuern in Lettland als in Deutschland<\/li>\n<li>Er muss sich \u00fcberhaupt nicht mehr um administrative Aufgaben k\u00fcmmern<\/li>\n<li>Und dank seines Multi-W\u00e4hrungskontos als <a title=\"Offshore Bankkonto\" href=\"https:\/\/fcba-offshore.com\/de\/offshore-bank\/\">Offshore Bankkonto<\/a> braucht er auch keine Umtauschgeb\u00fchren mehr zu bezahlen<\/li>\n<\/ul>\n<p>Die Kosten f\u00fcr die vollst\u00e4ndige Firmengr\u00fcndung betrugen \u20ac 2.000. Die Kosten f\u00fcr die Er\u00f6ffnung des <a title=\"Offshore Bankkonto\" href=\"https:\/\/fcba-offshore.com\/de\/offshore-bank\/\">Offshore Bankkontos<\/a> lagen bei \u20ac 800.\u00a0Die monatliche Administrationsgeb\u00fchr (inklusive Buchf\u00fchrung) sind \u20ac 300. Aber 3 Monate sp\u00e4ter empfahl David seinem Freund Michael (IT Consultant) uns zu kontaktieren und als Dank f\u00fcr seine Empfehlung gaben wir David eine Gutschrift \u00fcber eine dreimonatigen Administrationsgeb\u00fchr im Wert von \u20ac 900.\u00a0Wir von <a title=\"Homepage\" href=\"https:\/\/fcba-offshore.com\/de\/\">FCBA Offshore<\/a>, belohnen Kunden, die uns unterst\u00fctzen, neuen Kunden zu gewinnen!<\/p>\n<\/div>\n<h3 id=\"accordion-1-t3\" class=\"accordion-title\" role=\"tab\" aria-controls=\"accordion-1-c3\" aria-selected=\"false\" aria-expanded=\"false\" tabindex=\"0\" >Bankkonto trotz SCHUFA-Eintrags<\/h3><div id=\"accordion-1-c3\" class=\"accordion-content\" role=\"tabpanel\" aria-labelledby=\"accordion-1-t3\" aria-hidden=\"true\">\n<p>Gerhard, ein gestandener Mittvierziger, hatte gesch\u00e4ftlich gro\u00dfes Pech. Er musste eine Insolvenz anmelden, die wegen seiner Rechtshaftung auf das private Verm\u00f6gen zur\u00fcckfiel. Dadurch geriet er in eine private Insolvent. Er kann nun kein Gesch\u00e4ftskonto f\u00fchren, ohne dass Gl\u00e4ubiger darauf zur\u00fcckgreifen k\u00f6nnen. Daher haben wir f\u00fcr ihn ein <a title=\"Offshore Bankkonto\" href=\"https:\/\/fcba-offshore.com\/de\/offshore-bank\/\">Offshore Bankkonto<\/a> au\u00dferhalb Europas f\u00fcr ihn er\u00f6ffnet. Hier genie\u00dft er Bankgeheimnis. Au\u00dferdem wurde selbstverst\u00e4ndlich keine SCHUFA Auskunft eingeholt. Das Konto ist ein Multi-W\u00e4hrungskonto, das Gerhard erlaubt, im Ausland ohne Umtauschgeb\u00fchren USD oder Britische Pfund abzuheben.<\/p>\n<p>Die Vorteile f\u00fcr Gerhard:<\/p>\n<ul>\n<li>Kein Zugriff von Gl\u00e4ubigern auf sein <a title=\"Offshore Bankkonto\" href=\"https:\/\/fcba-offshore.com\/de\/offshore-bank\/\">Offshore Bankkonto<\/a> (kann nicht gepf\u00e4ndet werden)<\/li>\n<li>Keine SCHUFA Auskunft bei Kontoer\u00f6ffnung<\/li>\n<li>Keine Umtauschgeb\u00fchren<\/li>\n<\/ul>\n<p>Die Kosten der Einrichtung eines <a title=\"Offshore Bankkonto\" href=\"https:\/\/fcba-offshore.com\/de\/offshore-bank\/\">Offshore\u00a0Bankkontos<\/a> f\u00fcr Gerhard waren \u20ac 600 und nat\u00fcrlich musste er nicht in das Land seiner Bank reisen. Alle b\u00fcrokratischen Angelegenheiten wurden durch <a title=\"Homepage\" href=\"https:\/\/fcba-offshore.com\/de\/\">FCBA Offshore<\/a> erledigt.<\/p>\n<\/div>\n<h3 id=\"accordion-1-t4\" class=\"accordion-title\" role=\"tab\" aria-controls=\"accordion-1-c4\" aria-selected=\"false\" aria-expanded=\"false\" tabindex=\"0\" >Anonymisierte Debit Karte<\/h3><div id=\"accordion-1-c4\" class=\"accordion-content\" role=\"tabpanel\" aria-labelledby=\"accordion-1-t4\" aria-hidden=\"true\">\n<p>Alexander m\u00f6chte aus bestimmten Gr\u00fcnden gerne eine 100% \u00a0anonymisierte Debit-Karte haben, \u00a0die ihm alle normalen Funktionen einer Karte anbietet: Online Payment, Barabhebungen und\u00a0 Kartenzahlungen in L\u00e4den. Nat\u00fcrlich kann ein solches Produkt sehr interessant sein aber es ist im deutschsprachigen Raum nur schwer zu erhalten und die wenigen Geldinstitute, die es anbieten, geben es in der Regel nur an ihnen bekannte Kunden. Dennoch war es <a title=\"Homepage\" href=\"https:\/\/fcba-offshore.com\/de\/\">FCBA Offshore<\/a> m\u00f6glich, \u00a0Alexander mit einer anonymisierten Debit-Karte auszustatten.\u00a0Sein Name erscheint nicht auf der Karte und es ist den Finanzbeh\u00f6rden unm\u00f6glich, seine Transaktionen zur\u00fcckzuverfolgen.<\/p>\n<p>Es gibt einige interessante Vorteile f\u00fcr Alexander:<\/p>\n<ul>\n<li>Anonymit\u00e4t aller Transaktionen<\/li>\n<li>Fast unlimitiert (weder t\u00e4gliches, w\u00f6chentliches noch monatliches Limit)<\/li>\n<li>Das Konto ist in einer Jurisdiktion mit Bankgeheimnis<\/li>\n<li>Zugang zu allen standardisierten Funktionen einer Debit-Karte<\/li>\n<\/ul>\n<p>Die kompletten Kosten von Alexander beliefen sich bei \u20ac 800 und <a title=\"Homepage\" href=\"https:\/\/fcba-offshore.com\/de\/\">FCBA Offshore<\/a> k\u00fcmmerte sich um alle administrativen Vorg\u00e4nge.<\/p>\n<\/div>\n<h3 id=\"accordion-1-t5\" class=\"accordion-title\" role=\"tab\" aria-controls=\"accordion-1-c5\" aria-selected=\"false\" aria-expanded=\"false\" tabindex=\"0\" >Verm\u00f6gen vor Zugriff sch\u00fctzen<\/h3><div id=\"accordion-1-c5\" class=\"accordion-content\" role=\"tabpanel\" aria-labelledby=\"accordion-1-t5\" aria-hidden=\"true\">\n<p>Hans und seine Ehefrau Maria sind beide pensioniert.\u00a0Sie haben keine gemeinsamen Kinder und beschlossen deshalb, ihr beachtliches Verm\u00f6gen ihrem Neffen Carsten zu vererben, der aus bestimmten famili\u00e4ren Gr\u00fcnden von Hans und Maria gr\u00f6\u00dftenteils aufgezogen worden ist. Aber Hans und Maria haben auch weitere Nichten und Neffen, und das Ehepaar m\u00f6chte vermeiden, dass andere Familienmitglieder einen Pflichtanteil am Erbe erhalten. Aus diesem Grund hat <a title=\"Homepage\" href=\"https:\/\/fcba-offshore.com\/de\/\">FCBA Offshore<\/a> Hans und Maria die Er\u00f6ffnung eines <a title=\"Offshore Bankkonto\" href=\"https:\/\/fcba-offshore.com\/de\/offshore-bank\/\">Offshore Bankkontos<\/a> empfohlen, im Namen ihres Neffen Carsten. Dies befindet sich an einem Ort mit h\u00f6chstem Bankgeheimnis in der Karibik.<\/p>\n<p>Die Vorteile f\u00fcr Hans und Maria hier sind:<\/p>\n<ul>\n<li>Das Bankgeheimnis sichert ihr Verm\u00f6gen nach au\u00dfen<\/li>\n<li>Das Verm\u00f6gen ist vor Zugriffen gesichert<\/li>\n<li>Unter Umst\u00e4nden M\u00f6glichkeiten des Verm\u00f6genszuwachses durch attraktive Finanzprodukte<\/li>\n<\/ul>\n<p>Die Kosten f\u00fcr Hans und Maria betrugen \u20ac 600 und selbstverst\u00e4ndlich mussten sie nirgendwo hinreisen oder sich um unn\u00f6tige B\u00fcrokratie k\u00fcmmern.<\/p>\n<\/div>\n<h3 id=\"accordion-1-t6\" class=\"accordion-title\" role=\"tab\" aria-controls=\"accordion-1-c6\" aria-selected=\"false\" aria-expanded=\"false\" tabindex=\"0\" >Der individuelle Freiberufler<\/h3><div id=\"accordion-1-c6\" class=\"accordion-content\" role=\"tabpanel\" aria-labelledby=\"accordion-1-t6\" aria-hidden=\"true\">\n<p>Frank ist \u00d6sterreicher und im Neudeutsch ein \u201cLaptop-Nomade\u201d, der keinen festen Wohnsitz hat und auch sich nirgendwo anmelden m\u00f6chte. Er hat seinen Angestellten-Job aufgegeben und erstellt nun Webseiten f\u00fcr Firmen. Daf\u00fcr ist er vollkommen mobil, denn er braucht nur ein gut funktionierendes Internet und kann sich seinen jeweiligen Aufenthaltsort aussuchen. Seine Freelancer-T\u00e4tigkeit macht ihm Freunde und seine Kunden, die weltweit verstreut sind, vertrauen ihm. Aus steuerlichen Gr\u00fcnden hat Frank eine <a title=\"Offshore Firma\" href=\"https:\/\/fcba-offshore.com\/de\/offshore-firma\/\">Offshore\u00a0Firma<\/a> in Panama und eine weitere in Irland (f\u00fcr seine europ\u00e4ischen Kunden). Als er Probleme hatte, ein <a title=\"Offshore Bankkonto\" href=\"https:\/\/fcba-offshore.com\/de\/offshore-bank\/\">Offshore\u00a0Bankkonto <\/a>f\u00fcr die panamaische Firma zu er\u00f6ffnen, bat er <a title=\"Homepage\" href=\"https:\/\/fcba-offshore.com\/de\/\">FCBA Offshore<\/a> um Unterst\u00fctzung. Wir haben den kompletten Fall und die Gesamtsituation mit Frank diskutiert und mehrere Optionen mit ihnen durchgespielt. Als Ergebnis hat er sich nach unseren Gespr\u00e4chen entschlossen, eine neue <a title=\"Offshore Firma\" href=\"https:\/\/fcba-offshore.com\/de\/offshore-firma\/\">Offshore Firma<\/a> auf den Seychellen zu gr\u00fcnden und die andere Firma in Panama zu schlie\u00dfen. Frank war rasch von unserem Vorschlag \u00fcberzeugt, auch wenn es dazu die Schlie\u00dfung der zweiten <a title=\"Offshore Firma\" href=\"https:\/\/fcba-offshore.com\/de\/offshore-firma\/\">Offshore Firma<\/a> bedurfte. Nat\u00fcrlich h\u00e4tten wir ihm auch ein Multiw\u00e4hrungskonto als Bankkonto f\u00fcr seine Firma in Panama er\u00f6ffnen k\u00f6nnen, aber die Vorteile sprachen letztendlich deutlich f\u00fcr eine Offshore\u00a0Firma auf den Seychellen. Danach er\u00f6ffneten wir ein Multiw\u00e4hrungskonto als <a title=\"Offshore Bankkonto\" href=\"https:\/\/fcba-offshore.com\/de\/offshore-bank\/\">Offshore Bankkonto<\/a> als Firmenkonto seiner <a title=\"Offshore Firma\" href=\"https:\/\/fcba-offshore.com\/de\/offshore-firma\/\">Offshore\u00a0Firma<\/a> auf den Seychellen.<\/p>\n<p>Die Vorteile f\u00fcr Frank im \u00dcberblick:<\/p>\n<ul>\n<li>Vollst\u00e4ndige Abdeckung des geographischen Gesch\u00e4ftsfeldes<\/li>\n<li>Niedrigere Steuerlast (Seychellen Vs Panama)<\/li>\n<li>Komplettes Bankgeheimnis<\/li>\n<li>Niedrigere Bankgeb\u00fchren (W\u00e4hrungsumtausch)<\/li>\n<\/ul>\n<p>Die Kosten f\u00fcr Frank waren \u20ac 1.500 f\u00fcr die Firmener\u00f6ffnung auf den Seychellen und \u20ac 800 f\u00fcr die Er\u00f6ffnung eines <a title=\"Offshore Bankkonto\" href=\"https:\/\/fcba-offshore.com\/de\/offshore-bank\/\">Offshore Firmenbankkontos<\/a>. Dar\u00fcber hinaus beauftragte Frank <a title=\"Homepage\" href=\"https:\/\/fcba-offshore.com\/de\/\">FCBA Offshore<\/a>, sich um alle administrativen Aufgaben zu k\u00fcmmern hinsichtlich der Beh\u00f6rden der Seychellen (inklusive Rechnungswesen&#8230;). Die monatliche Geb\u00fchr daf\u00fcr betr\u00e4gt\u00a0 \u20ac 180 und beinhaltet u.a. die Dokumentenverwahrung f\u00fcr die <a title=\"Offshore Firma\" href=\"https:\/\/fcba-offshore.com\/de\/offshore-firma\/\">Offshore\u00a0Firma<\/a>, um somit dem Kunden die vollst\u00e4ndige Diskretion zu garantieren.<\/p>\n<p>Frank hat uns gegen\u00fcber ge\u00e4u\u00dfert, dass er wahrscheinlich einige seiner Bekannten von dieser L\u00f6sung \u00fcberzeugen kann. In diesem Fall w\u00fcrde <a title=\"Homepage\" href=\"https:\/\/fcba-offshore.com\/de\/\">FCBA Offshore<\/a> ihm eine 3 monatliche Administrationsgeb\u00fchr erlassen.<\/p>\n<\/div>\n<h3 id=\"accordion-1-t7\" class=\"accordion-title\" role=\"tab\" aria-controls=\"accordion-1-c7\" aria-selected=\"false\" aria-expanded=\"false\" tabindex=\"0\" >Bankkonto f\u00fcr eine Firma mit Sitz au\u00dferhalb Europas<\/h3><div id=\"accordion-1-c7\" class=\"accordion-content\" role=\"tabpanel\" aria-labelledby=\"accordion-1-t7\" aria-hidden=\"true\">\n<p>Ahmed ist t\u00fcrkischer Staatsangeh\u00f6riger und erfolgreicher Unternehmer, der sich auf den Bau und die Renovierung von H\u00e4usern im Nahen Osten spezialisiert hat. W\u00e4hrend der letzten Jahre haben sich seine Gesch\u00e4fte sehr positive entwickelt und \u00a0er hat Niederlassungen vor Ort er\u00f6ffnet (B\u00fcros, Shops\u2026). Auch hier stiegen die Ums\u00e4tze bald an. Das einzige Problem waren die Geld\u00fcberweisungen auf seine lokalen Bankkonten.<\/p>\n<p>Jeder Bezahlung einer Rechnung z.B. in den Nordirak war aufwendig, schwierig und v.a. teuer.<\/p>\n<p>Aus diesem Grund empfahlen wir Ahmed, ein Firmenkonto innerhalb der EURO Zone (SEPA) zu er\u00f6ffnen und daf\u00fcr unsere Partnerbank aus Lettland zu w\u00e4hlen. Dank dieser Bankverbindung innerhalb der EU ist Ahmed nun in der Lage, \u00a0Rechnungen seiner irakischen Firma auszustellen und problemlos Zahlungen zu erhalten. Die Kosten f\u00fcr die Er\u00f6ffnung des Bankkontos beliefen sich auf 700 \u20ac. Folgende Vorteile ergaben sich daraus:<\/p>\n<ul>\n<li>Er kann nun problemlos und zeitnah Zahlungen seiner europ\u00e4ischen Kunden erhalten<\/li>\n<li>Er konnte die Bankgeb\u00fchren f\u00fcr eingehende Zahlungen signifikant reduzieren<\/li>\n<li>Er erh\u00e4lt nun einen besseren Service von seiner Bank<\/li>\n<\/ul>\n<p>Nach einiger Zeit kontaktierte uns Ahmed erneut. Er w\u00fcnschte sich eine <a title=\"Offshore Firma\" href=\"https:\/\/fcba-offshore.com\/de\/offshore-firma\/\">Offshore Firma<\/a> innerhalb der Europ\u00e4ischen Union mit MwSt.-Nummer. Wir konnten ihm seinen Wunsch erf\u00fcllen und eine Firma in Lettland f\u00fcr Ahmed er\u00f6ffnen. Diese neue Firma hat eine europ\u00e4ische Steuernummer und eine niedrige K\u00f6rperschaftssteuer 15%. Ahmed erteilte uns den Auftrag, alle administrativen Aufgaben in seinem Namen f\u00fcr diese neue Firma zu \u00fcbernehmen, so dass er nicht nach Lettland reisen muss.<\/p>\n<p>Die kompletten Kosten f\u00fcr die Gr\u00fcndung der lettischen Firma betrugen 2.000 \u20ac und f\u00fcr den Monat stellen wir 180 \u20ac Administrationskosten in Rechnung, die dann auch alle buchhalterischen Kosten beinhaltet.<\/p>\n<\/div>\n<h3 id=\"accordion-1-t8\" class=\"accordion-title\" role=\"tab\" aria-controls=\"accordion-1-c8\" aria-selected=\"false\" aria-expanded=\"false\" tabindex=\"0\" >Hilfe nach Debakel mit einer Offshore Firma<\/h3><div id=\"accordion-1-c8\" class=\"accordion-content\" role=\"tabpanel\" aria-labelledby=\"accordion-1-t8\" aria-hidden=\"true\">\n<p>Manfred hat bereits eine Offshore Firma. In Sri Lanka. Weil dieses Land nicht am Informationsaustausch (CRS) teilnimmt. Daf\u00fcr hat er einer Agentur mehrere tausend Euro bezahlt. Leider wurde ihm nicht mitgeteilt, dass praktisch keine Bank in Europa ein Firmenkonto f\u00fcr eine Firma mit Sitz in Sri Lanka einrichtet. Seine individuellen Kunden, in der EU sitzend, k\u00f6nnen weder eine Rechnung von ihm bekommen noch ihn bezahlen. Au\u00dferdem droht durch die Beh\u00f6rden Sri Lanka\u2019s eine gerichtliche Enteignung.<\/p>\n<p><a title=\"Homepage\" href=\"https:\/\/fcba-offshore.com\/de\/\">FCBA Offshore<\/a> ber\u00e4t Manfred eingehend und individuell und findet eine L\u00f6sung, die ihn aus den Schwierigkeiten befreit. Es wird eine <a title=\"Offshore Firma\" href=\"https:\/\/fcba-offshore.com\/de\/offshore-firma\/\">Offshore Firma<\/a> innerhalb Europas gegr\u00fcndet. Nach gut 2 Wochen waren alle Dokumente vollst\u00e4ndig und korrekt vorhanden. Damit konnte sofort ein Bankkonto in einem anderen europ\u00e4ischen Land er\u00f6ffnet werden. Manfred kann seinen Kunden nun Rechnungen stellen, die diese auch akzeptieren und sicher und schnell bezahlen k\u00f6nnen.<\/p>\n<p>Die Vorteile f\u00fcr Manfred im \u00dcberblick:<\/p>\n<ul>\n<li>Zugang zu einer Europ\u00e4ischen Bank mit allen ihren Produkten und Sicherheiten<\/li>\n<li>Reduzierte Firmenabgaben im Vergleich zu einer Firma mit Sitz in Deutschland<\/li>\n<li><a title=\"Offshore Bankkonto\" href=\"https:\/\/fcba-offshore.com\/de\/offshore-bank\/\">Offshore Bankkonto<\/a> innerhalb der Europ\u00e4ischen Union<\/li>\n<li>Kompetente Dokumentenbehandlung, st\u00e4ndige Erreichbarkeit bei R\u00fcckfragen<\/li>\n<\/ul>\n<p>Die Kosten f\u00fcr Manfred betrugen \u20ac 2000,- f\u00fcr die Firmengr\u00fcndung und das Bankkonto sowie \u20ac 180,- monatliche Administrationsgeb\u00fchr.<\/p>\n<\/div>\n<h3 id=\"accordion-1-t9\" class=\"accordion-title\" role=\"tab\" aria-controls=\"accordion-1-c9\" aria-selected=\"false\" aria-expanded=\"false\" tabindex=\"0\" >Bankkonto nach Insolvenz<\/h3><div id=\"accordion-1-c9\" class=\"accordion-content\" role=\"tabpanel\" aria-labelledby=\"accordion-1-t9\" aria-hidden=\"true\">\n<p>Pablo ist Spanier und er hat sehr gro\u00dfe Probleme, ein neues Firmenkonto zu er\u00f6ffnen, da seine letzte Firma insolvent ging.. Selbstverst\u00e4ndlich hat Pablo aber die gleichen Bed\u00fcrfnisse, wie jeder andere auch in Sachen Bankgesch\u00e4fte. Wir brachten Pablo mit einer unserer Partnerbanken zusammen und sie gestattete Pablo, ein Euro <a title=\"Offshore Bankkonto\" href=\"https:\/\/fcba-offshore.com\/de\/offshore-bank\/\">Offshore Bankkonto<\/a> mit Internet Banking und Visa Debit Karte.<\/p>\n<p>Die Vorteile f\u00fcr Pablo im \u00dcberblick:<\/p>\n<ul>\n<li>Er kann wieder normale Bankgesch\u00e4fte t\u00e4tigen<\/li>\n<li>Er kann sogar bessere Produkte in Anspruch nehmen, die seine neue Bank im Gegensatz zu seiner alten Bank anbietet<\/li>\n<\/ul>\n<p>Die Kosten f\u00fcr Pablo lagen bei \u20ac 600.<\/p>\n<\/div>\n<\/div>\n<p>&nbsp;<\/p>\n<p><strong>ACHTUNG :<\/strong><\/p>\n<p>Obwohl es oft so gesehen und dargestellt wird: Offshore Business ist nicht auf einen exklusiven Kundenkreis reduziert. Es gibt eine ganze Anzahl von Situationen, die auch f\u00fcr \u201cOtto Normalverbraucher\u201d interessant und lohnenswert sind, \u00fcber eine <a title=\"Offshore Firma\" href=\"https:\/\/fcba-offshore.com\/de\/offshore-firma\/\">Offshore Firma<\/a> bzw. ein <a title=\"Offshore Bankkonto\" href=\"https:\/\/fcba-offshore.com\/de\/offshore-bank\/\">Offshore Bankkonto<\/a> intensiv nachzudenken.<\/p>\n<p>&nbsp;<\/p>\n<p><a title=\"Kontakt\" href=\"https:\/\/fcba-offshore.com\/de\/317-2\/\">Um eine individuelle, umfassende Beratung zu den Themen Offshore Firma und Offshore Bankkonto zu bekommen, nutzen Sie bitte das Kontaktformular und schreiben Sie uns. Wir antworten in aller Regel innerhalb der n\u00e4chsten zwei Werktage.<\/a><\/p>\n<p>&nbsp;<\/p>\n<p style=\"text-align: justify;\"><a href=\"http:\/\/fcba-offshore.com\/wp-content\/uploads\/2014\/06\/logo-small.png\"><img loading=\"lazy\" decoding=\"async\" class=\"alignnone size-full wp-image-479\" src=\"http:\/\/fcba-offshore.com\/wp-content\/uploads\/2014\/06\/logo-small.png\" alt=\"Logo offshore small\" width=\"142\" height=\"31\" \/><\/a><\/p>\n","protected":false},"excerpt":{"rendered":"<p>&nbsp; ACHTUNG : Obwohl es oft so gesehen und dargestellt wird: Offshore Business ist nicht auf einen exklusiven Kundenkreis reduziert. Es gibt eine ganze Anzahl von Situationen, die auch f\u00fcr \u201cOtto Normalverbraucher\u201d interessant und lohnenswert sind, \u00fcber eine Offshore Firma bzw. ein Offshore Bankkonto intensiv nachzudenken. &nbsp; Um eine individuelle, umfassende Beratung zu den Themen&hellip;<\/p>\n","protected":false},"author":1,"featured_media":0,"parent":0,"menu_order":0,"comment_status":"closed","ping_status":"open","template":"","meta":{"footnotes":""},"class_list":["post-2261","page","type-page","status-publish","hentry"],"_links":{"self":[{"href":"https:\/\/fcba-offshore.com\/de\/wp-json\/wp\/v2\/pages\/2261","targetHints":{"allow":["GET"]}}],"collection":[{"href":"https:\/\/fcba-offshore.com\/de\/wp-json\/wp\/v2\/pages"}],"about":[{"href":"https:\/\/fcba-offshore.com\/de\/wp-json\/wp\/v2\/types\/page"}],"author":[{"embeddable":true,"href":"https:\/\/fcba-offshore.com\/de\/wp-json\/wp\/v2\/users\/1"}],"replies":[{"embeddable":true,"href":"https:\/\/fcba-offshore.com\/de\/wp-json\/wp\/v2\/comments?post=2261"}],"version-history":[{"count":24,"href":"https:\/\/fcba-offshore.com\/de\/wp-json\/wp\/v2\/pages\/2261\/revisions"}],"predecessor-version":[{"id":2663,"href":"https:\/\/fcba-offshore.com\/de\/wp-json\/wp\/v2\/pages\/2261\/revisions\/2663"}],"wp:attachment":[{"href":"https:\/\/fcba-offshore.com\/de\/wp-json\/wp\/v2\/media?parent=2261"}],"curies":[{"name":"wp","href":"https:\/\/api.w.org\/{rel}","templated":true}]}}