{"id":2268,"date":"2016-02-29T19:47:40","date_gmt":"2016-02-29T19:47:40","guid":{"rendered":"http:\/\/fcba-offshore.com\/?page_id=2268"},"modified":"2016-03-09T08:32:59","modified_gmt":"2016-03-09T08:32:59","slug":"legale","status":"publish","type":"page","link":"https:\/\/fcba-offshore.com\/de\/legale\/","title":{"rendered":"Rechtliche Hinweise"},"content":{"rendered":"<h2 style=\"text-align: justify;\">Rechtliche Hinweise:<\/h2>\n<h3 style=\"text-align: justify;\">Website-Editor<\/h3>\n<p style=\"text-align: justify;\">www.fcba-offshore.com wurde erstellt durch:<\/p>\n<p style=\"text-align: justify;\">FCBA Offshore<\/p>\n<h3 style=\"text-align: justify;\">Hosting<\/h3>\n<p style=\"text-align: justify;\">www.fcba-offshore.com wird gehostet von: GoDaddy.com LLC, 14455 North Hayden Rd., Suite 219, Scottsdale, AZ 85260.<\/p>\n<p style=\"text-align: justify;\">Im Falle einer Beschwerde in Bezug auf den Inhalt der Webseite, Kommentare oder Beitr\u00e4ge, bitten wir Sie, uns direkt \u00fcber das Kontaktformular auf der Website zu kontaktieren. Gem\u00e4\u00df Gesetz k\u00f6nnen Sie unter der folgenden Adresse auch direkt Verbindung zum Hosting-Unternehmen aufnehmen:<\/p>\n<p style=\"text-align: justify;\">Legal Department GoDaddy.com LLC, 14455 Nord Hayden Rd., Suite 219, Scottsdale, AZ 85260.<\/p>\n<p style=\"text-align: justify;\">Sie k\u00f6nnen auch GoDaddy.com per E-Mail an support@godaddy.com kontaktieren.<\/p>\n<h3 style=\"text-align: justify;\">Verarbeitung personenbezogener Daten<\/h3>\n<p style=\"text-align: justify;\">Personenbezogene Daten sind nur f\u00fcr den internen Gebrauch bestimmt. Ihre pers\u00f6nlichen Daten werden verwendet, um auf Ihre Anfragen zu reagieren, und werden zu keiner Zeit an Dritte verkauft, weitergegeben oder offengelegt.<\/p>\n<h3 style=\"text-align: justify;\">\u00dcber FCBA Offshore Ltd<\/h3>\n<p style=\"text-align: justify;\">Diese Website wird von FCBA Offshore Ltd, einem auf den Seychellen registrierten Unternehmen, ver\u00f6ffentlicht.<\/p>\n<p style=\"text-align: justify;\">FCBA Offshore Ltd wird weder von der Financial Conduct Authority (FCA) im Vereinigten K\u00f6nigreich, noch von einer anderen Zulassungsbeh\u00f6rde eines anderen Landes reguliert. Daher bietet FCBA Offshore Ltd keine Anlageberatung.<\/p>\n<p style=\"text-align: justify;\">Ebenso kann FCBA Offshore Ltd Einzahlungen der \u00d6ffentlichkeit nur in Form von Geb\u00fchren erhalten.<\/p>\n<p style=\"text-align: justify;\">Der Zweck dieser Website ist es, die \u00d6ffentlichkeit \u00fcber die Aktivit\u00e4ten von FCBA Offshore Ltd zu informieren. Der Inhalt ist keine Handelsvereinbarung von FCBA Offshore Ltd &#8211; weder von seinen Tochtergesellschaften, noch von seinen Partnern.<\/p>\n<p style=\"text-align: justify;\">FCBA Offshore Ltd ist bestrebt,\u00a0sicherzustellen, dass die Informationen auf dieser Website korrekt und aktuell ist und beh\u00e4lt sich das Recht vor, die Inhalte jederzeit und ohne vorherige Ank\u00fcndigung zu korrigieren. FCBA Offshore Ltd kann jedoch keine Garantie f\u00fcr die Vollst\u00e4ndigkeit dieser Informationen bieten. Dar\u00fcber hinaus \u00fcbernimmt sie keine Haftung im Falle von Fehlern oder Auslassungen in diesen Informationen.<\/p>\n<p style=\"text-align: justify;\">Jede Person, die eine der auf der Website vorgestellten Dienstleistungen oder Produkte nutzen m\u00f6chte, wird gebeten, FCBA Offshore Ltd zu kontaktieren, um die Verf\u00fcgbarkeit der Dienstleistungen oder Produkte und die aktuellen Vertragsbedingungen und Preise zu erfragen.<\/p>\n<p style=\"text-align: justify;\">FCBA Offshore Ltd \u00fcbernimmt keine Haftung f\u00fcr den Inhalt dieser Seiten und deren Benutzung durch jedwede Person. Eine, auch teilweise, Ver\u00f6ffentlichung, Verwendung oder Verbreitung dieser Seiten, muss im Voraus genehmigt werden.<\/p>\n<p style=\"text-align: justify;\">Die auf dieser Website verf\u00fcgbaren Informationen gehen konform mit den britischen Gesetzen.<\/p>\n<p style=\"text-align: justify;\">Der Besitz und die Verwendung eines Offshore-Kontos kann durch das Land des Wohnsitzes des Eigent\u00fcmers geregelt werden.<\/p>\n<p style=\"text-align: justify;\">FCBA Offshore Ltd wird keines der hier angebotenen Produkte oder Dienstleistungen einer Person anbieten, wenn dies durch das Gesetz des Herkunftslandes dieser Person oder eines anderen der Person betreffendes Land verboten ist.<\/p>\n<p style=\"text-align: justify;\">FCBA Offshore Ltd \u00fcberpr\u00fcft die Aktivit\u00e4ten ihrer Kunden, kann aber nicht f\u00fcr die T\u00e4tigkeiten, die von ihren Kunden ausge\u00fcbt werden, verantwortlich gemacht werden.<\/p>\n<p style=\"text-align: justify;\">FCBA Offshore Ltd stellt fest, dass die meisten der vorgeschlagenen Gerichtsbarkeiten absolute Vertraulichkeit bieten. Inhaber eines Offshore-Kontos sind verantwortlich f\u00fcr die Deklaration dieser Informationen bei den Steuerbeh\u00f6rden im Land ihres st\u00e4ndigen Wohnsitzes, sowie alle ihrer Eink\u00fcnfte.<\/p>\n<h3 style=\"text-align: justify;\">Inhalt<\/h3>\n<p style=\"text-align: justify;\">Die Inhalte der Internetseite (http:\/\/fcba-offshore.com) werden zu Informationszwecken angegeben. FCBA Offshore Ltd ist nicht verantwortlich f\u00fcr \u00c4nderungen, Entwicklungen oder \u00c4nderungen in der Gesetzgebung oder Steuerregelungen in den jeweiligen Gerichtsbarkeiten und ihr Inhalt sollte unter keinen Umst\u00e4nden ohne vorherige Beratung des Kunden angewendet werden.<\/p>\n<p style=\"text-align: justify;\">Die L\u00e4nderprofile erteilen allgemeine Informationen, deren rechtliche und technische Inhalte durch FCBA Offshore Ltd aktualisiert werden. Allerdings beinhaltet diese Aktualisierung keine Verantwortung in Bezug auf lokale Entwicklungen. Diagramme und Abbildungen werden zu Informationszwecken aufgef\u00fchrt und FCBA Offshore Ltd kann daf\u00fcr nicht haftbar gemacht werden.<\/p>\n<p style=\"text-align: justify;\">Der Begriff \u201eOffshore\u201c kann in gewisser Hinsicht als Steuerbetrug, Steuerhinterziehung oder Missbrauch des Rechts in einigen L\u00e4ndern gesehen werden. Erteilte Erkl\u00e4rungen k\u00f6nnen in einigen L\u00e4ndern als illegal angesehen werden: Sie bieten einen schnellen \u00dcberblick \u00fcber die internationalen Praktiken. Sie k\u00f6nnen nicht als endg\u00fcltig oder anwendbar in Bezug auf die gegebenen Beispiele betrachtet werden. Kunden, die diese Angebote wahrnehmen wollen, m\u00fcssen sich mit einem qualifizierten Berater in Verbindung setzen.<\/p>\n<p style=\"text-align: justify;\">Der Begriff \u201eein Offshore-Konto er\u00f6ffnen\u201c bezeichnet eine Dienstleistung, die den Kunden mit autorisierten Bankinstituten in Verbindung setzt und bedeutet nicht die Er\u00f6ffnung eines Kontos durch FCBA Offshore Ltd in seine eigenen B\u00fccher.<\/p>\n<h3 style=\"text-align: justify;\">Bek\u00e4mpfung von Geldw\u00e4sche<\/h3>\n<p style=\"text-align: justify;\">FCBA Offshore Ltd k\u00e4mpft gegen Geldw\u00e4scherei und Terrorismusfinanzierung, sowohl innerhalb ihres Unternehmens, als auch innerhalb der Projekte ihrer Kunden.<\/p>\n<p style=\"text-align: justify;\">FCBA Offshore Ltd hat sich verpflichtet, seine Gesch\u00e4fte in aller Objektivit\u00e4t, Ehrlichkeit und Anst\u00e4ndigkeit zu f\u00fchren und deren Gew\u00e4hrleistung im Interesse des Unternehmens, der Kunden und der Integrit\u00e4t des Marktes Vorrang zu bieten. Dieses Engagement, den ethischen Standards zu entsprechen, zielt nicht\u00a0 nur auf die Einhaltung von Gesetzen und Vorschriften der verschiedenen L\u00e4ndern ab, an denen FCBA Offshore Ltd beteiligt ist, sondern auch langfristiges Vertrauen der Kunden, Aktion\u00e4re, Mitarbeiter und Partner zu gewinnen und zu beizubehalten.<\/p>\n","protected":false},"excerpt":{"rendered":"<p>Rechtliche Hinweise: Website-Editor www.fcba-offshore.com wurde erstellt durch: FCBA Offshore Hosting www.fcba-offshore.com wird gehostet von: GoDaddy.com LLC, 14455 North Hayden Rd., Suite 219, Scottsdale, AZ 85260. Im Falle einer Beschwerde in Bezug auf den Inhalt der Webseite, Kommentare oder Beitr\u00e4ge, bitten wir Sie, uns direkt \u00fcber das Kontaktformular auf der Website zu kontaktieren. Gem\u00e4\u00df Gesetz k\u00f6nnen&hellip;<\/p>\n","protected":false},"author":1,"featured_media":0,"parent":0,"menu_order":0,"comment_status":"closed","ping_status":"open","template":"","meta":{"footnotes":""},"class_list":["post-2268","page","type-page","status-publish","hentry"],"_links":{"self":[{"href":"https:\/\/fcba-offshore.com\/de\/wp-json\/wp\/v2\/pages\/2268","targetHints":{"allow":["GET"]}}],"collection":[{"href":"https:\/\/fcba-offshore.com\/de\/wp-json\/wp\/v2\/pages"}],"about":[{"href":"https:\/\/fcba-offshore.com\/de\/wp-json\/wp\/v2\/types\/page"}],"author":[{"embeddable":true,"href":"https:\/\/fcba-offshore.com\/de\/wp-json\/wp\/v2\/users\/1"}],"replies":[{"embeddable":true,"href":"https:\/\/fcba-offshore.com\/de\/wp-json\/wp\/v2\/comments?post=2268"}],"version-history":[{"count":7,"href":"https:\/\/fcba-offshore.com\/de\/wp-json\/wp\/v2\/pages\/2268\/revisions"}],"predecessor-version":[{"id":2532,"href":"https:\/\/fcba-offshore.com\/de\/wp-json\/wp\/v2\/pages\/2268\/revisions\/2532"}],"wp:attachment":[{"href":"https:\/\/fcba-offshore.com\/de\/wp-json\/wp\/v2\/media?parent=2268"}],"curies":[{"name":"wp","href":"https:\/\/api.w.org\/{rel}","templated":true}]}}