{"id":2484,"date":"2016-03-02T17:43:27","date_gmt":"2016-03-02T17:43:27","guid":{"rendered":"http:\/\/fcba-offshore.com\/?page_id=2484"},"modified":"2016-03-09T16:40:35","modified_gmt":"2016-03-09T16:40:35","slug":"allgemeine-verkaufsbedingungen","status":"publish","type":"page","link":"https:\/\/fcba-offshore.com\/de\/allgemeine-verkaufsbedingungen\/","title":{"rendered":"AGB"},"content":{"rendered":"<h2><span style=\"color: #000000;\"><strong>\u00a0Allgemeine Verkaufsbedingungen der FCBA Offshore<\/strong><\/span><\/h2>\n<h3 style=\"text-align: justify;\"><strong>1. Geltungsbereich und rechtliche Zwecke<\/strong><\/h3>\n<p style=\"text-align: justify;\">Die folgenden Allgemeinen Gesch\u00e4ftsbedingungen regeln die vertraglichen Beziehungen zwischen <a title=\"Homepage\" href=\"https:\/\/fcba-offshore.com\/de\/\">FCBA Offshore<\/a> und ihren Kunden. Sie sind ebenfalls integraler Bestandteil eines jeden Auftrags, der von <a title=\"Homepage\" href=\"https:\/\/fcba-offshore.com\/de\/\">FCBA Offshore<\/a> mit ihren Kunden abgeschlossen wird. Sie regeln die verschiedenen Dienste von <a title=\"Homepage\" href=\"https:\/\/fcba-offshore.com\/de\/\">FCBA Offshore<\/a>, wie die Gr\u00fcndung von Unternehmen, Er\u00f6ffnung von Bankkonten und Gesch\u00e4ftsf\u00fchrung der Unternehmen.<\/p>\n<p style=\"text-align: justify;\">Der Kunde verpflichtet sich, den Vertrag oder einen Teil des Vertrags nicht f\u00fcr illegale, unmoralische oder diffamierende Zwecke zu verwenden. <a title=\"Homepage\" href=\"https:\/\/fcba-offshore.com\/de\/\">FCBA Offshore<\/a> beh\u00e4lt sich das Recht vor, im Falle von Verletzungen durch den Kunden mit den jeweils zust\u00e4ndigen Beh\u00f6rden zusammenzuarbeiten. <a title=\"Homepage\" href=\"https:\/\/fcba-offshore.com\/de\/\">FCBA Offshore<\/a> darf nicht mit Kundengesch\u00e4ften in Verbindung gebracht werden.<\/p>\n<p style=\"text-align: justify;\">Der Kunde verantwortlich f\u00fcr das Risiko der eigenen Gesch\u00e4ftsunf\u00e4higkeit, seiner Anw\u00e4lte oder eines Dritten, sofern <a title=\"Homepage\" href=\"https:\/\/fcba-offshore.com\/de\/\">FCBA Offshore<\/a> nicht in schriftlicher Form von dieser Unf\u00e4higkeit informiert wurde.<\/p>\n<p style=\"text-align: justify;\"><a title=\"Homepage\" href=\"https:\/\/fcba-offshore.com\/de\/\">FCBA Offshore<\/a> darf es ablehnen, alle dem Kunden angebotenen Dienstleistungen, ohne die Notwendigkeit einer Begr\u00fcndung, zu erbringen.<\/p>\n<p style=\"text-align: justify;\"><a title=\"Homepage\" href=\"https:\/\/fcba-offshore.com\/de\/\">FCBA Offshore<\/a> beh\u00e4lt sich das Recht vor, die Allgemeinen Gesch\u00e4ftsbedingungen jederzeit mit sofortiger Wirkung abzu\u00e4ndern. Der Kunde wird \u00fcber solche \u00c4nderungen durch eine schriftliche Mitteilung benachrichtigt. Die \u00c4nderungen gelten als vom Kunden angenommen, sofern <a title=\"Homepage\" href=\"https:\/\/fcba-offshore.com\/de\/\">FCBA Offshore<\/a> keinen schriftlichen Widerspruch innerhalb von vier Wochen ab Zustellungszeitpunkt der Mitteilung erh\u00e4lt.<\/p>\n<h3 style=\"text-align: justify;\"><strong>2. Detaillierte Liste der Dienstleistungen<\/strong><\/h3>\n<p style=\"text-align: justify;\"><strong>Kontoer\u00f6ffnung:<\/strong> <a title=\"Homepage\" href=\"https:\/\/fcba-offshore.com\/de\/\">FCBA Offshore<\/a> unterst\u00fctzt den Kunden bei der Er\u00f6ffnung eines Bankkontos. <a title=\"Homepage\" href=\"https:\/\/fcba-offshore.com\/de\/\">FCBA Offshore<\/a> f\u00fchrt alle erforderlichen Schritte f\u00fcr den Kunden zu seiner vollsten Zufriedenheit aus. Um den Kunden eine optimale Dienstleistung zu bieten, versorgt <a title=\"Homepage\" href=\"https:\/\/fcba-offshore.com\/de\/\">FCBA Offshore<\/a> sie mit einer Liste sorgf\u00e4ltig ausgew\u00e4hlter Banken. In einigen F\u00e4llen ist die Bank dazu verpflichtet, eine Kontoer\u00f6ffnung zu verweigern. Dies ist insbesondere dann der Fall, wenn die Regeln der Sorgfaltspflicht nicht eingehalten werden. <a title=\"Homepage\" href=\"https:\/\/fcba-offshore.com\/de\/\">FCBA Offshore<\/a> verpflichtet sich, dem Kunden alle \u201eBeratungs\u201c-Geb\u00fchren zur\u00fcckzuerstatten, wenn ein Konto f\u00fcr ihn nicht er\u00f6ffnet werden kann.<\/p>\n<ul style=\"text-align: justify;\">\n<li>zu erbringende Dienstleistung (Kontoer\u00f6ffnung + Internet-Banking + Debit- \/ Kreditkarte + W\u00e4hrung &#8230;) und Preis sind mit einem Berater von <a title=\"Homepage\" href=\"https:\/\/fcba-offshore.com\/de\/\">FCBA Offshore<\/a> zu vereinbaren<\/li>\n<li>die Zahlung kann entweder per Bank\u00fcberweisung (Informationen auf der Rechnung) oder per sicherer Online-\u00dcberweisung (+ 5%) durchgef\u00fchrt werden<\/li>\n<li>jegliche Zahlungsarten m\u00fcssen in schriftlicher Form mit einem Berater von <a title=\"Homepage\" href=\"https:\/\/fcba-offshore.com\/de\/\">FCBA Offshore<\/a> vereinbart werden<\/li>\n<li><a title=\"Homepage\" href=\"https:\/\/fcba-offshore.com\/de\/\">FCBA Offshore<\/a> kann weder f\u00fcr die ben\u00f6tigte Zeit der Bank zur Kontoer\u00f6ffnung, noch f\u00fcr die des Kunden, alle von der Bank ben\u00f6tigten Dokumente zu versenden, verantwortlich gemacht werden<\/li>\n<li>Allerdings hat <a title=\"Homepage\" href=\"https:\/\/fcba-offshore.com\/de\/\">FCBA Offshore<\/a> diesen Prozess aufmerksam zu verfolgen und ihr M\u00f6glichstes zu tun, den Prozess innerhalb von 15 Arbeitstagen, sobald alle Dokumente vom Kunden eingegangen sind, abzuschlie\u00dfen<\/li>\n<li>Jeder Kunde kann seinen Antrag innerhalb von 7 Tagen zur\u00fcckziehen und <a title=\"Homepage\" href=\"https:\/\/fcba-offshore.com\/de\/\">FCBA Offshore<\/a> wird alle angefallenen \u201eBeratung\u201c-Geb\u00fchren im Zusammenhang mit der Kontoer\u00f6ffnung zur\u00fcckerstatten, wenn mit Hilfe der sicheren Online-\u00dcberweisung (Kredit- \/ Debitkarte) gezahlt wurde<\/li>\n<li><a title=\"Homepage\" href=\"https:\/\/fcba-offshore.com\/de\/\">FCBA Offshore<\/a> ist als H\u00e4ndler f\u00fcr den Bankkontoer\u00f6ffnungsprozess verantwortlich, sobald dieser jedoch abgeschlossen ist, kann <a title=\"Homepage\" href=\"https:\/\/fcba-offshore.com\/de\/\">FCBA Offshore<\/a> nicht f\u00fcr die folgenden Handlungen zwischen Bank und Kunden verantwortlich gemacht werden<\/li>\n<\/ul>\n<p style=\"text-align: justify;\"><strong>Unternehmensgr\u00fcndung:<\/strong> <a title=\"Homepage\" href=\"https:\/\/fcba-offshore.com\/de\/\">FCBA Offshore<\/a> unterst\u00fctzt den Kunden in bei der Unternehmensgr\u00fcndung. <a title=\"Homepage\" href=\"https:\/\/fcba-offshore.com\/de\/\">FCBA Offshore<\/a> f\u00fchrt alle erforderlichen Schritte f\u00fcr den Kunden zu seiner vollsten Zufriedenheit aus. Um Kunden eine optimale Dienstleistung zu bieten, hat <a title=\"Homepage\" href=\"https:\/\/fcba-offshore.com\/de\/\">FCBA Offshore<\/a> mehere lokale Gesch\u00e4ftsbeziehungen aufgebaut. In einigen F\u00e4llen sind die Partner jedoch dazu verpflichtet, die Aufnahme des Unternehmens aufgrund geltender Gesetze des zust\u00e4ndigen Rechtsbereichs zu verweigern. Dies ist insbesondere dann der Fall, wenn die Regeln der Sorgfaltspflicht nicht eingehalten werden. <a title=\"Homepage\" href=\"https:\/\/fcba-offshore.com\/de\/\">FCBA Offshore<\/a> verpflichtet sich, dem Kunden alle \u201eBeratungsgeb\u00fchren\u201c zu erstatten, wenn ein Unternehmen die Aufnahme verweigert.<\/p>\n<ul style=\"text-align: justify;\">\n<li>zu erbringende Dienstleistung (Unternehmensregistrierung + gesetzlich verplichtende Dokumente&#8230;) und Preis sind mit einem Berater von <a title=\"Homepage\" href=\"https:\/\/fcba-offshore.com\/de\/\">FCBA Offshore<\/a> zu vereinbaren<\/li>\n<li>die Zahlung kann entweder per Bank\u00fcberweisung (Informationen auf der Rechnung) oder per sicherer Online-\u00dcberweisung (+ 5%) durchgef\u00fchrt werden<\/li>\n<li>jegliche Zahlungsarten m\u00fcssen in schriftlicher Form mit einem Berater von <a title=\"Homepage\" href=\"https:\/\/fcba-offshore.com\/de\/\">FCBA Offshore <\/a>vereinbart werden<\/li>\n<li><a title=\"Homepage\" href=\"https:\/\/fcba-offshore.com\/de\/\">FCBA Offshore<\/a> kann weder f\u00fcr die ben\u00f6tigte Zeit der Bank zur Kontoer\u00f6ffnung, noch f\u00fcr die des Kunden, alle von der Bank ben\u00f6tigten Dokumente zu versenden, verantwortlich gemacht werden<\/li>\n<li>Allerdings hat <a title=\"Homepage\" href=\"https:\/\/fcba-offshore.com\/de\/\">FCBA Offshore<\/a> diesen Prozess aufmerksam zu verfolgen und ihr M\u00f6glichstes zu tun, den Prozess innerhalb von 30 Arbeitstagen, sobald alle Dokumente vom Kunden eingegangen sind, abzuschlie\u00dfen<\/li>\n<li>Jeder Kunde kann seinen Antrag innerhalb von 7 Tagen zur\u00fcckziehen und <a title=\"Homepage\" href=\"https:\/\/fcba-offshore.com\/de\/\">FCBA Offshore<\/a> wird alle angefallenen Geb\u00fchren im Zusammenhang mit der Kontoer\u00f6ffnung zur\u00fcckerstatten, wenn mit Hilfe der sicheren Online-\u00dcberweisung (Kredit- \/ Debitkarte) gezahlt wurde<\/li>\n<li><a title=\"Homepage\" href=\"https:\/\/fcba-offshore.com\/de\/\">FCBA Offshore<\/a> ist als H\u00e4ndler f\u00fcr den Bankkontoer\u00f6ffnungsprozess verantwortlich, sobald dieser jedoch abgeschlossen ist, kann <a title=\"Homepage\" href=\"https:\/\/fcba-offshore.com\/de\/\">FCBA Offshore<\/a> nicht f\u00fcr die folgenden Handlungen zwischen Bank und Kunden verantwortlich gemacht werden<\/li>\n<\/ul>\n<p style=\"text-align: justify;\"><strong>Gesch\u00e4ftsf\u00fchrung: <\/strong><a title=\"Homepage\" href=\"https:\/\/fcba-offshore.com\/de\/\">FCBA Offshore<\/a> bietet an, den Kunden bei der Verwaltung des Unternehmens zu unterst\u00fctzen und alle Gesch\u00e4ftsunterlagen und Dokumente des Unternehmens zu verwahren. Diese Dienstleistung wird in Zusammenarbeit mit lokalen Partnern angeboten, die in diesem Bereich h\u00f6chst anerkannt sind. <a title=\"Homepage\" href=\"https:\/\/fcba-offshore.com\/de\/\">FCBA Offshore<\/a> kann jedoch nicht f\u00fcr eine etwaige finanzielle Misswirtschaft verantwortlich gemacht werden, die durch die verwaltenden Partner entstehen k\u00f6nnen.Allerdings hat <a title=\"Homepage\" href=\"https:\/\/fcba-offshore.com\/de\/\">FCBA Offshore<\/a> die wirtschaftlichen Eigent\u00fcmer der Gesellschaft \u00fcber alle Verpflichtungen zu informieren, welche einzureichen sind (beispielsweise j\u00e4hrliche Verl\u00e4ngerungsgeb\u00fchren ), um seine Firma am Laufen zu halten.<\/p>\n<ul style=\"text-align: justify;\">\n<li>zu erbringende Dienstleistung (Aufbewahrung von Dokumenten, die Unterst\u00fctzung bei der rechtlichen und verwaltungstechnischer Aufrechterhaltung der Gesellschaft) und Preis (monatlich + Verl\u00e4ngerungsgeb\u00fchren ) sind mit einem H\u00e4ndler von <a title=\"Homepage\" href=\"https:\/\/fcba-offshore.com\/de\/\">FCBA Offshore<\/a> zu vereinbaren<\/li>\n<li>die Zahlung kann entweder per Bank\u00fcberweisung (Informationen auf der Rechnung) oder per sicherer Online-\u00dcberweisung (+ 5%) durchgef\u00fchrt werden<\/li>\n<li>jegliche Zahlungsarten m\u00fcssen in schriftlicher Form mit einem Berater von <a title=\"Homepage\" href=\"https:\/\/fcba-offshore.com\/de\/\">FCBA Offshore<\/a> vereinbart werden<\/li>\n<li>Da <a title=\"Homepage\" href=\"https:\/\/fcba-offshore.com\/de\/\">FCBA Offshore<\/a> dem Kunden die Gesch\u00e4ftsverwaltung des Unternehmens durch eine Vereinbarung mit lokalen Gesch\u00e4ftspartnern bietet, kann <a title=\"Homepage\" href=\"https:\/\/fcba-offshore.com\/de\/\">FCBA Offshore<\/a> nicht verantwortlich gemacht werden, wenn die Gesch\u00e4ftsbeziehung mit den Partnern terminiert ist<\/li>\n<li>Falls <a title=\"Homepage\" href=\"https:\/\/fcba-offshore.com\/de\/\">FCBA Offshore<\/a> die Zusammenarbeit mit dem lokalen Partner beendet, muss <a title=\"Homepage\" href=\"https:\/\/fcba-offshore.com\/de\/\">FCBA Offshore<\/a> seinen Kunden \u00fcber die Unm\u00f6glichkeit des Fortf\u00fchrens der Gesch\u00e4ftsf\u00fchrung des Kunden in Kenntnis setzen und hat alle f\u00fcr die folgende(n) Monat(e) bereits gezahlten monatlichen Geb\u00fchren zur\u00fcckzuerstatten<\/li>\n<li>Jeder Kunde, der eine Gesch\u00e4ftsf\u00fchrung f\u00fcr sein Unternehmen in Auftrag gibt, muss eine monatliche Geb\u00fchr bezahlen und <a title=\"Homepage\" href=\"https:\/\/fcba-offshore.com\/de\/\">FCBA Offshore<\/a> drei Monate im Voraus \u00fcber seinen Wunsch in Kenntnis setzen, falls er diese Dienstleistung beenden m\u00f6chte. In diesem Fall kommt der Wunsch, die Zusammenarbeit zu beenden, vom Kunden und eine Erstattung der Geb\u00fchren wird nicht f\u00e4llig<\/li>\n<\/ul>\n<h3 style=\"text-align: justify;\"><strong>3. Dienstleistungsverweigerungsrecht<\/strong><\/h3>\n<p style=\"text-align: justify;\"><a title=\"Homepage\" href=\"https:\/\/fcba-offshore.com\/de\/\">FCBA Offshore <\/a>beh\u00e4lt sich das Recht vor, ohne Angabe von Gr\u00fcnden oder Erkl\u00e4rungen Kunden bestimmte und \/ oder alle seine Dienste zu verweigern und kann unter keinen Umst\u00e4nden f\u00fcr diese Ablehnung verantwortlich gemacht werden.<\/p>\n<h3 style=\"text-align: justify;\"><strong>4. Rechtsberatung<\/strong><\/h3>\n<p style=\"text-align: justify;\">W\u00e4hrend <a title=\"Homepage\" href=\"https:\/\/fcba-offshore.com\/de\/\">FCBA Offshore<\/a> bestrebt ist, wahre und richtige Informationen \u00fcber alle seine Dienstleistungen zur Verf\u00fcgung zu stellen, so wird jedoch keine Rechtsberatung geboten. Der Kunde ist daf\u00fcr verantwortlich, dass er \/ sie alle notwendigen Steuer- und Rechtsberatungen im Hinblick auf die Errichtung und den Betrieb des Unternehmens getroffen hat, und daf\u00fcr, dass die T\u00e4tigkeiten, nicht gegen das Gesetz der jeweiligen Rechtsordnung versto\u00dfen.<\/p>\n<h3 style=\"text-align: justify;\"><strong>5. Rechtliche Zwecke<\/strong><\/h3>\n<p style=\"text-align: justify;\">Der Kunde garantiert, dass er \/ sie keines der ihm in der Vereinbarung gew\u00e4hrten Rechte f\u00fcr illegale, unanst\u00e4ndige, unmoralische oder diffamierende Zwecke nutzen und in keiner Weise <a title=\"Homepage\" href=\"https:\/\/fcba-offshore.com\/de\/\">FCBA Offshore<\/a> in Verruf bringen wird. Der Kunde wird ferner keiner Weise den Namen der <a title=\"Homepage\" href=\"https:\/\/fcba-offshore.com\/de\/\">FCBA Offshore<\/a> zum Zwecke seiner gewerblichen Aktivit\u00e4ten verwenden, weder vollst\u00e4ndig noch teilweise. <a title=\"Homepage\" href=\"https:\/\/fcba-offshore.com\/de\/\">FCBA Offshore<\/a> beh\u00e4lt sich das Recht vor, mit amtlichen Untersuchungsbeh\u00f6rden zu kooperieren, falls dies aufgrund von Behauptungen von Fehlverhalten seitens des Kunden erforderlich ist.<\/p>\n<h3 style=\"text-align: justify;\"><strong>6. Geldw\u00e4sche und Sorgfaltspflicht<\/strong><\/h3>\n<p style=\"text-align: justify;\">Der Kunde muss <a title=\"Homepage\" href=\"https:\/\/fcba-offshore.com\/de\/\">FCBA Offshore<\/a> Informationen zur Verf\u00fcgung stellen, die <a title=\"Homepage\" href=\"https:\/\/fcba-offshore.com\/de\/\">FCBA Offshore<\/a> f\u00fcr notwendig erachtet, um sicherzustellen, dass das Unternehmen die geltenden Rechtsvorschriften zur Bek\u00e4mpfung der Geldw\u00e4sche und der Sorgfaltspflicht befolgt. Der Kunde ist daf\u00fcr verantwortlich, dass die Informationen an <a title=\"Homepage\" href=\"https:\/\/fcba-offshore.com\/de\/\">FCBA Offshore<\/a> wahrheitsgem\u00e4\u00df sind. Der Kunde stellt gegen\u00fcber <a title=\"Homepage\" href=\"https:\/\/fcba-offshore.com\/de\/\">FCBA Offshore<\/a> sicher, dass die zu einem Unternehmen zugef\u00fchrten Verm\u00f6gen oder Fonds nicht direkt oder indirekt den Ertrag einer Straftat oder anderer illegaler Aktivit\u00e4ten darstellen. Um <a title=\"Homepage\" href=\"https:\/\/fcba-offshore.com\/de\/\">FCBA Offshore<\/a> zu erm\u00f6glichen, ihre gesetzliche Verpflichtung zu erf\u00fcllen, hat der Auftraggeber <a title=\"Homepage\" href=\"https:\/\/fcba-offshore.com\/de\/\">FCBA Offshore<\/a> vollst\u00e4ndig und unverz\u00fcglich \u00fcber alle \u00c4nderungen des wirtschaftlichen Eigentums, Anteilbesitzes und der leitenden Angestellten der Gesellschaft zu informieren.<\/p>\n<h3 style=\"text-align: justify;\"><strong>7. Haftung<\/strong><\/h3>\n<p style=\"text-align: justify;\">Jedwede Vereinbarung zwischen <a title=\"Homepage\" href=\"https:\/\/fcba-offshore.com\/de\/\">FCBA Offshore<\/a> und dem Kunden wird als Vertrag bezeichnet.<br \/>\nAusschlie\u00dfend spezifische Bestimmungen und Fahrl\u00e4ssigkeit oder Betrug, die nicht ausgeschlossen werden k\u00f6nnen, sind jegliche Sch\u00e4den, die durch Fehler oder Unvollst\u00e4ndigkeiten durch <a title=\"Homepage\" href=\"https:\/\/fcba-offshore.com\/de\/\">FCBA Offshore<\/a> oder seinen Mitarbeitern entstehen, im Haftungsbereich des Kunden. Dar\u00fcber hinaus hat der Kunde die Haftung f\u00fcr etwaige entstehende Sch\u00e4den zu \u00fcbernehmen, die direkt oder indirekt durch Vernachl\u00e4ssigungen, Fehler, Handlungen oder Unterlassungen einer dritten Partei, Institution oder Zahlungsinfrastruktur entstehen.<br \/>\nDer Kunde wird f\u00fcr etwaige Sch\u00e4den, die durch die Verwendung von Postdienstleistungen, Telefon oder Fax, E-Mail oder anderer Kommunikationsmittel entstehen, haftbar gemacht, sowie f\u00fcr Sch\u00e4den die durch Verz\u00f6gerungen oder Missverst\u00e4ndnisse entstehen, sofern <a title=\"Homepage\" href=\"https:\/\/fcba-offshore.com\/de\/\">FCBA Offshore<\/a> nicht grob fahrl\u00e4ssig gehandelt hat.<br \/>\n<a title=\"Homepage\" href=\"https:\/\/fcba-offshore.com\/de\/\">FCBA Offshore<\/a> verpflichtet sich, alle erforderlichen Anstrengungen zu unternehmen, zus\u00e4tzliche Dienstleistungen einzurichten. Sollten diese Dienste jedoch nicht umgesetzt werden, \u00fcbernimmt <a title=\"Homepage\" href=\"https:\/\/fcba-offshore.com\/de\/\">FCBA Offshore<\/a> keine Verantwortung. Gleicherma\u00dfen gilt dies, wenn ein Bankkonto er\u00f6ffnet wird, da <a title=\"Homepage\" href=\"https:\/\/fcba-offshore.com\/de\/\">FCBA Offshore<\/a> lediglich als Vermittler zwischen der Bank und dem Kunden fungiert. <a title=\"Homepage\" href=\"https:\/\/fcba-offshore.com\/de\/\">FCBA Offshore<\/a> haftet unter keinen Umst\u00e4nden bei Sch\u00e4den oder Streitigkeiten zwischen der Bank und dem Kunden. <a title=\"Homepage\" href=\"https:\/\/fcba-offshore.com\/de\/\">FCBA Offshore<\/a> fungiert als Vermittler und f\u00fchrt keine T\u00e4tigkeit im Namen der Bank aus.<\/p>\n<h3 style=\"text-align: justify;\"><strong>8. Verpflichtungen des Kunden<\/strong><\/h3>\n<p style=\"text-align: justify;\">Der Kunde hat die Verpflichtung, <a title=\"Homepage\" href=\"https:\/\/fcba-offshore.com\/de\/\">FCBA Offshore<\/a> mit allen notwendigen Unterlagen entweder f\u00fcr die Kontoer\u00f6ffnung oder die Firmengr\u00fcndung zu versorgen. Au\u00dferdem hat der Kunde die Rechnung im Zusammenhang mit der erbrachten Dienstleistung zu bezahlen.<\/p>\n<h3 style=\"text-align: justify;\"><strong>9. Zust\u00e4ndige Gerichtsbarkeit<\/strong><\/h3>\n<p style=\"text-align: justify;\">Im Streitfall ist das Gericht der Seychellen die rechtlich zust\u00e4ndige Gerichtsbarkeit.<\/p>\n","protected":false},"excerpt":{"rendered":"<p>\u00a0Allgemeine Verkaufsbedingungen der FCBA Offshore 1. Geltungsbereich und rechtliche Zwecke Die folgenden Allgemeinen Gesch\u00e4ftsbedingungen regeln die vertraglichen Beziehungen zwischen FCBA Offshore und ihren Kunden. Sie sind ebenfalls integraler Bestandteil eines jeden Auftrags, der von FCBA Offshore mit ihren Kunden abgeschlossen wird. Sie regeln die verschiedenen Dienste von FCBA Offshore, wie die Gr\u00fcndung von Unternehmen, Er\u00f6ffnung&hellip;<\/p>\n","protected":false},"author":1,"featured_media":0,"parent":0,"menu_order":0,"comment_status":"closed","ping_status":"open","template":"","meta":{"footnotes":""},"class_list":["post-2484","page","type-page","status-publish","hentry"],"_links":{"self":[{"href":"https:\/\/fcba-offshore.com\/de\/wp-json\/wp\/v2\/pages\/2484","targetHints":{"allow":["GET"]}}],"collection":[{"href":"https:\/\/fcba-offshore.com\/de\/wp-json\/wp\/v2\/pages"}],"about":[{"href":"https:\/\/fcba-offshore.com\/de\/wp-json\/wp\/v2\/types\/page"}],"author":[{"embeddable":true,"href":"https:\/\/fcba-offshore.com\/de\/wp-json\/wp\/v2\/users\/1"}],"replies":[{"embeddable":true,"href":"https:\/\/fcba-offshore.com\/de\/wp-json\/wp\/v2\/comments?post=2484"}],"version-history":[{"count":15,"href":"https:\/\/fcba-offshore.com\/de\/wp-json\/wp\/v2\/pages\/2484\/revisions"}],"predecessor-version":[{"id":2620,"href":"https:\/\/fcba-offshore.com\/de\/wp-json\/wp\/v2\/pages\/2484\/revisions\/2620"}],"wp:attachment":[{"href":"https:\/\/fcba-offshore.com\/de\/wp-json\/wp\/v2\/media?parent=2484"}],"curies":[{"name":"wp","href":"https:\/\/api.w.org\/{rel}","templated":true}]}}