{"id":2621,"date":"2016-03-09T17:02:06","date_gmt":"2016-03-09T17:02:06","guid":{"rendered":"http:\/\/fcba-offshore.com\/?page_id=2621"},"modified":"2016-03-09T17:04:18","modified_gmt":"2016-03-09T17:04:18","slug":"weitere-offshore-orte","status":"publish","type":"page","link":"https:\/\/fcba-offshore.com\/de\/weitere-offshore-orte\/","title":{"rendered":"Weitere Offshore Orte"},"content":{"rendered":"<h1>Weitere Offshore Orte:<\/h1>\n<p>&nbsp;<\/p>\n<p>Selbstverst\u00e4ndlich gibt es noch eine ganze Reihe weiterer Orte, die f\u00fcr eine Er\u00f6ffnung eines Offshore Bankkontos oder einer Offshore Firma in Frage kommen. Unsere Liste der\u00a0 L\u00e4nder nicht allumfassend und erhebt auch nicht diesen Anspruch.<\/p>\n<p>Da die Welt, darunter auch die Finanzwelt, immer dynamischer wird und sich vor allem Regeln und Gesetze in allen L\u00e4ndern st\u00e4ndig \u00e4ndern k\u00f6nnen, ist es unm\u00f6glich vorherzusagen, ob die hier genannten Vorteile und M\u00f6glichkeiten eines jeden Offshore Ortes in der Zukunft noch genauso g\u00fcltig sein werden.<\/p>\n<p>Daher sind die Mitarbeiter von FCBA Offshore st\u00e4ndig am Ball und holen sich \u00fcber unser gro\u00dfes Netzwerk kontinuierlich aktuelle Informationen ein, z.B. \u00fcber Steuerrichtlinien, Risiken oder Gesetze hinsichtlich des Bankgeheimnisses.<\/p>\n<p>Au\u00dferdem haben wir uns entschlossen, aus Gr\u00fcnden des Wettbewerbs und Vertraulichkeit, nicht alle potentiellen Offshore Orte und deren Vorz\u00fcge hier offenzulegen. Wir bitten hier um Ihr Verst\u00e4ndnis.<\/p>\n<p>&nbsp;<\/p>\n<p><a href=\"https:\/\/fcba-offshore.com\/de\/317-2\/\">Falls Sie weitere Informationen haben m\u00f6chten, kontaktieren Sie bitte das Team von FCBA Offshore.<\/a><\/p>\n<p>&nbsp;<\/p>\n<p style=\"text-align: justify;\"><a href=\"http:\/\/fcba-offshore.com\/wp-content\/uploads\/2014\/06\/logo-small.png\"><img loading=\"lazy\" decoding=\"async\" class=\"alignnone size-full wp-image-479\" src=\"http:\/\/fcba-offshore.com\/wp-content\/uploads\/2014\/06\/logo-small.png\" alt=\"Logo offshore small\" width=\"142\" height=\"31\" \/><\/a><\/p>\n","protected":false},"excerpt":{"rendered":"<p>Weitere Offshore Orte: &nbsp; Selbstverst\u00e4ndlich gibt es noch eine ganze Reihe weiterer Orte, die f\u00fcr eine Er\u00f6ffnung eines Offshore Bankkontos oder einer Offshore Firma in Frage kommen. Unsere Liste der\u00a0 L\u00e4nder nicht allumfassend und erhebt auch nicht diesen Anspruch. Da die Welt, darunter auch die Finanzwelt, immer dynamischer wird und sich vor allem Regeln und&hellip;<\/p>\n","protected":false},"author":1,"featured_media":0,"parent":0,"menu_order":0,"comment_status":"closed","ping_status":"open","template":"","meta":{"footnotes":""},"class_list":["post-2621","page","type-page","status-publish","hentry"],"_links":{"self":[{"href":"https:\/\/fcba-offshore.com\/de\/wp-json\/wp\/v2\/pages\/2621","targetHints":{"allow":["GET"]}}],"collection":[{"href":"https:\/\/fcba-offshore.com\/de\/wp-json\/wp\/v2\/pages"}],"about":[{"href":"https:\/\/fcba-offshore.com\/de\/wp-json\/wp\/v2\/types\/page"}],"author":[{"embeddable":true,"href":"https:\/\/fcba-offshore.com\/de\/wp-json\/wp\/v2\/users\/1"}],"replies":[{"embeddable":true,"href":"https:\/\/fcba-offshore.com\/de\/wp-json\/wp\/v2\/comments?post=2621"}],"version-history":[{"count":4,"href":"https:\/\/fcba-offshore.com\/de\/wp-json\/wp\/v2\/pages\/2621\/revisions"}],"predecessor-version":[{"id":2625,"href":"https:\/\/fcba-offshore.com\/de\/wp-json\/wp\/v2\/pages\/2621\/revisions\/2625"}],"wp:attachment":[{"href":"https:\/\/fcba-offshore.com\/de\/wp-json\/wp\/v2\/media?parent=2621"}],"curies":[{"name":"wp","href":"https:\/\/api.w.org\/{rel}","templated":true}]}}