{"id":317,"date":"2014-06-09T12:43:04","date_gmt":"2014-06-09T12:43:04","guid":{"rendered":"http:\/\/fcba-offshore.com\/?page_id=317"},"modified":"2022-04-13T09:53:03","modified_gmt":"2022-04-13T09:53:03","slug":"317-2","status":"publish","type":"page","link":"https:\/\/fcba-offshore.com\/de\/317-2\/","title":{"rendered":"Kontakt"},"content":{"rendered":"<h1>Kontakt:<\/h1>\n<h5><strong>Sie haben Fragen? Sie m\u00f6chten mit einem unserer Experten sprechen? Bitte f\u00fcllen Sie unten stehendes Formular aus und einer unserer Mitarbeiter wird sich bei Ihnen melden, um mit Ihnen gemeinsam die optimale Offshore L\u00f6sung f\u00fcr Ihre pers\u00f6nliche und berufliche Situation zu finden..<\/strong><\/h5>\n<p>&nbsp;<\/p>\n<table class=\"int-tbl\" cellspacing=\"0\" cellpadding=\"0\">\n<tbody>\n<tr>\n<td style=\"width: 310px;\">\n<h5>Contact form<\/h5>\n\n<div class=\"wpcf7 no-js\" id=\"wpcf7-f2496-o1\" lang=\"en-US\" dir=\"ltr\" data-wpcf7-id=\"2496\">\n<div class=\"screen-reader-response\"><p role=\"status\" aria-live=\"polite\" aria-atomic=\"true\"><\/p> <ul><\/ul><\/div>\n<form action=\"\/de\/wp-json\/wp\/v2\/pages\/317#wpcf7-f2496-o1\" method=\"post\" class=\"wpcf7-form init\" aria-label=\"Contact form\" novalidate=\"novalidate\" data-status=\"init\">\n<div style=\"display: none;\">\n<input type=\"hidden\" name=\"_wpcf7\" value=\"2496\" \/>\n<input type=\"hidden\" name=\"_wpcf7_version\" value=\"6.0.6\" \/>\n<input type=\"hidden\" name=\"_wpcf7_locale\" value=\"en_US\" \/>\n<input type=\"hidden\" name=\"_wpcf7_unit_tag\" value=\"wpcf7-f2496-o1\" \/>\n<input type=\"hidden\" name=\"_wpcf7_container_post\" value=\"0\" \/>\n<input type=\"hidden\" name=\"_wpcf7_posted_data_hash\" value=\"\" \/>\n<\/div>\n<p>Ihren Namen\n<\/p>\n<p><span class=\"wpcf7-form-control-wrap\" data-name=\"Nom\"><input size=\"40\" maxlength=\"400\" class=\"wpcf7-form-control wpcf7-text\" aria-invalid=\"false\" value=\"\" type=\"text\" name=\"Nom\" \/><\/span>\n<\/p>\n<p>Ihre E-Mail (erforderlich)\n<\/p>\n<p><span class=\"wpcf7-form-control-wrap\" data-name=\"Email\"><input size=\"40\" maxlength=\"400\" class=\"wpcf7-form-control wpcf7-email wpcf7-validates-as-required wpcf7-text wpcf7-validates-as-email\" aria-required=\"true\" aria-invalid=\"false\" value=\"\" type=\"email\" name=\"Email\" \/><\/span>\n<\/p>\n<p>Ihre Nachricht\n<\/p>\n<p><span class=\"wpcf7-form-control-wrap\" data-name=\"Message\"><textarea cols=\"40\" rows=\"10\" maxlength=\"2000\" class=\"wpcf7-form-control wpcf7-textarea wpcf7-validates-as-required\" aria-required=\"true\" aria-invalid=\"false\" name=\"Message\"><\/textarea><\/span>\n<\/p>\n\n<!-- CF7 Modules -->\n<div style='display:none;'><input type=\"hidden\" class=\"wpcf7-form-control wpcf7-hidden\" name=\"hidden-lang-GE\" placeholder=\"\" value=\"German\" \/>\n<\/div>\n<!-- End CF7 Modules -->\n\n<p><div id=\"cf7sr-69de639f31bc2\" class=\"cf7sr-g-recaptcha\" data-theme=\"light\" data-type=\"image\" data-size=\"normal\" data-sitekey=\"6LerGXwUAAAAANIW-lM2lRotaaW3CHEMa0Bi8QLw\"><\/div><span class=\"wpcf7-form-control-wrap cf7sr-recaptcha\" data-name=\"cf7sr-recaptcha\"><input type=\"hidden\" name=\"cf7sr-recaptcha\" value=\"\" class=\"wpcf7-form-control\"><\/span>\n<\/p>\n<p><input class=\"wpcf7-form-control wpcf7-submit has-spinner\" type=\"submit\" value=\"Senden\" \/>\n<\/p><div class=\"wpcf7-response-output\" aria-hidden=\"true\"><\/div>\n<\/form>\n<\/div>\n<\/td>\n<td style=\"width: 310px; vertical-align: top; padding-top: 5px;\">\n<h5>Unsere Adresse<\/h5>\n<p>FCBA Offshore<br \/>\nStrelnieku iela 9<br \/>\nRiga &#8211; LV 1010<br \/>\nLettland<\/p>\n<p>Tel: +371.27590302 \/ +421 902199624<\/td>\n<\/tr>\n<\/tbody>\n<\/table>\n<h5 style=\"text-align: justify;\"><\/h5>\n<p><span style=\"color: #ff0000;\">Achtung! Unter Umst\u00e4nden k\u00f6nnte unsere Mails auch in Ihrem Spam-Ordner angekommen sein<\/span><\/p>\n","protected":false},"excerpt":{"rendered":"<p>Kontakt: Sie haben Fragen? Sie m\u00f6chten mit einem unserer Experten sprechen? Bitte f\u00fcllen Sie unten stehendes Formular aus und einer unserer Mitarbeiter wird sich bei Ihnen melden, um mit Ihnen gemeinsam die optimale Offshore L\u00f6sung f\u00fcr Ihre pers\u00f6nliche und berufliche Situation zu finden.. &nbsp; Contact form Unsere Adresse FCBA Offshore Strelnieku iela 9 Riga &#8211;&hellip;<\/p>\n","protected":false},"author":1,"featured_media":0,"parent":0,"menu_order":0,"comment_status":"closed","ping_status":"open","template":"","meta":{"footnotes":""},"class_list":["post-317","page","type-page","status-publish","hentry"],"_links":{"self":[{"href":"https:\/\/fcba-offshore.com\/de\/wp-json\/wp\/v2\/pages\/317","targetHints":{"allow":["GET"]}}],"collection":[{"href":"https:\/\/fcba-offshore.com\/de\/wp-json\/wp\/v2\/pages"}],"about":[{"href":"https:\/\/fcba-offshore.com\/de\/wp-json\/wp\/v2\/types\/page"}],"author":[{"embeddable":true,"href":"https:\/\/fcba-offshore.com\/de\/wp-json\/wp\/v2\/users\/1"}],"replies":[{"embeddable":true,"href":"https:\/\/fcba-offshore.com\/de\/wp-json\/wp\/v2\/comments?post=317"}],"version-history":[{"count":12,"href":"https:\/\/fcba-offshore.com\/de\/wp-json\/wp\/v2\/pages\/317\/revisions"}],"predecessor-version":[{"id":4062,"href":"https:\/\/fcba-offshore.com\/de\/wp-json\/wp\/v2\/pages\/317\/revisions\/4062"}],"wp:attachment":[{"href":"https:\/\/fcba-offshore.com\/de\/wp-json\/wp\/v2\/media?parent=317"}],"curies":[{"name":"wp","href":"https:\/\/api.w.org\/{rel}","templated":true}]}}