{"id":136,"date":"2014-06-06T14:11:56","date_gmt":"2014-06-06T14:11:56","guid":{"rendered":"http:\/\/fcba-offshore.com\/?page_id=136"},"modified":"2016-10-20T15:31:53","modified_gmt":"2016-10-20T15:31:53","slug":"offshore-company-in-seychelles","status":"publish","type":"page","link":"https:\/\/fcba-offshore.com\/en\/offshore-company-in-seychelles\/","title":{"rendered":"Seychelles"},"content":{"rendered":"<h1><a href=\"http:\/\/fcba-offshore.com\/wp-content\/uploads\/2014\/06\/Seychelles.png\"><img loading=\"lazy\" decoding=\"async\" class=\"alignnone size-full wp-image-357\" src=\"http:\/\/fcba-offshore.com\/wp-content\/uploads\/2014\/06\/Seychelles.png\" alt=\"Seychelles\" width=\"65\" height=\"35\" \/><\/a> <a href=\"http:\/\/fcba-offshore.com\/wp-content\/uploads\/2014\/06\/Seychelles-Offshore.png\"><img loading=\"lazy\" decoding=\"async\" class=\"size-medium wp-image-642 alignright\" src=\"http:\/\/fcba-offshore.com\/wp-content\/uploads\/2014\/06\/Seychelles-Offshore-300x131.png\" alt=\"Seychelles Offshore\" width=\"300\" height=\"131\" srcset=\"https:\/\/fcba-offshore.com\/wp-content\/uploads\/2014\/06\/Seychelles-Offshore-300x131.png 300w, https:\/\/fcba-offshore.com\/wp-content\/uploads\/2014\/06\/Seychelles-Offshore.png 641w, https:\/\/fcba-offshore.com\/wp-content\/uploads\/2014\/06\/Seychelles-Offshore-450x196.png 450w\" sizes=\"auto, (max-width: 300px) 100vw, 300px\" \/><\/a><\/h1>\n<p>&nbsp;<\/p>\n<h1>Offshore\u00a0business in\u00a0Seychelles:<\/h1>\n<p>&nbsp;<\/p>\n<p style=\"text-align: justify;\">Seychelles is located in the Indian Ocean near the Mauritius Island and not so far from Madagascar. This archipelago of 115 islands is one of the top offshore destination worldwide offering security and a lot of financial benefits.\u00a0Seychelles\u00a0which used to be under British dominance has a\u00a0very business oriented legislation because based on the\u00a0English model.\u00a0The laws there\u00a0are much more\u00a0flexible and modern\u00a0than in the European Union which is a strong\u00a0asset and\u00a0motivates\u00a0many foreign investors in moving their business into this jurisdiction. Also, the new\u00a0recently voted tax reforms are increasing the interests of this jurisdiction and are a proof of the willingness of the government to enhance its dominant position.<\/p>\n<p style=\"text-align: justify;\">The main reasons to either open an <a href=\"https:\/\/fcba-offshore.com\/en\/offshore-bank-account\/\">offshore bank account<\/a> or to incorporate an <a href=\"https:\/\/fcba-offshore.com\/en\/offshore-companies\/\">offshore company<\/a> in Seychelles are:<\/p>\n<ul style=\"text-align: justify;\">\n<li>No corporate tax on profit (for non-resident)<\/li>\n<li>No tax on dividend<\/li>\n<li>No VAT<\/li>\n<li>100% guaranteed banking secrecy<\/li>\n<li>Full anonymity and non disclosure of the identity of business owners<\/li>\n<li>No minimum share capital<\/li>\n<\/ul>\n<p style=\"text-align: justify;\">At\u00a0FCBA Offshore Ltd, we\u00a0strongly recommend to our clients to either open an <a href=\"https:\/\/fcba-offshore.com\/en\/offshore-bank-account\/\">offshore bank account<\/a>\u00a0or\u00a0to incorporate an <a href=\"https:\/\/fcba-offshore.com\/en\/offshore-companies\/\">offshore company<\/a> in Seychelles if they are interested in confidentiality. Actually, in addition to the benefits listed above, your Seychelles <a href=\"https:\/\/fcba-offshore.com\/en\/offshore-companies\/\">offshore company<\/a> will enable you to conduct your business\u00a0everywhere in the world as\u00a0Seychelles\u00a0is not listed\u00a0as a tax heaven by OECD. Only a few companies part of\u00a0big international groups based in Europe and willing not to\u00a0establish any business relations with\u00a0Seychelles could\u00a0refuse paying\u00a0invoices from this destination even if\u00a0it is not prohibited by their states. Also the Seychelles administration is\u00a0one of the simplest, cheapest and\u00a0most efficient worldwide. This will ease your relation with the local authorities on a daily basis. Finally, opening an <a href=\"https:\/\/fcba-offshore.com\/en\/offshore-bank-account\/\">offshore bank account <\/a>in the archipelago will guarantee you a total anonymity as Seychelles\u00a0is respecting the banking secrecy.<\/p>\n<p style=\"text-align: justify;\">To open an <a href=\"https:\/\/fcba-offshore.com\/en\/offshore-bank-account\/\">offshore bank account<\/a> or to\u00a0incorporate an <a href=\"https:\/\/fcba-offshore.com\/en\/offshore-companies\/\">offshore company<\/a> in\u00a0Seychelles is something easy for us and we could enjoy our network and partnerships with\u00a0local banks\u00a0to you.<\/p>\n<p style=\"text-align: justify;\"><span title=\"Enfin, il faut savoir que le d\u00e9p\u00f4t initial de votre compte bancaire offshore demand\u00e9 par les banques est faible et ne sera donc en rien un frein quant \u00e0 l'ouverture de votre compte bancaire offshore sur l'\u00eele.\">Finally, be aware that the initial deposit of your <a href=\"https:\/\/fcba-offshore.com\/en\/offshore-bank-account\/\">offshore bank account<\/a> required by banks is low and will therefore by no means be a drag for you to open your <a href=\"https:\/\/fcba-offshore.com\/en\/offshore-bank-account\/\">offshore bank account<\/a>.<\/span><\/p>\n<p>&nbsp;<\/p>\n<p style=\"text-align: justify;\"><a href=\"https:\/\/fcba-offshore.com\/en\/contact\/\">Please if you need any additional information feel free to contact\u00a0FCBA Offshore Ltd\u00a0team members.<\/a><\/p>\n<p>&nbsp;<\/p>\n<p style=\"text-align: justify;\"><a href=\"http:\/\/fcba-offshore.com\/wp-content\/uploads\/2014\/06\/logo-small.png\"><img loading=\"lazy\" decoding=\"async\" class=\"alignnone size-full wp-image-479\" src=\"http:\/\/fcba-offshore.com\/wp-content\/uploads\/2014\/06\/logo-small.png\" alt=\"Logo offshore small\" width=\"142\" height=\"31\" \/><\/a><\/p>\n","protected":false},"excerpt":{"rendered":"<p>&nbsp; Offshore\u00a0business in\u00a0Seychelles: &nbsp; Seychelles is located in the Indian Ocean near the Mauritius Island and not so far from Madagascar. This archipelago of 115 islands is one of the top offshore destination worldwide offering security and a lot of financial benefits.\u00a0Seychelles\u00a0which used to be under British dominance has a\u00a0very business oriented legislation because based&hellip;<\/p>\n","protected":false},"author":1,"featured_media":0,"parent":0,"menu_order":0,"comment_status":"closed","ping_status":"open","template":"","meta":{"footnotes":""},"class_list":["post-136","page","type-page","status-publish","hentry"],"_links":{"self":[{"href":"https:\/\/fcba-offshore.com\/en\/wp-json\/wp\/v2\/pages\/136","targetHints":{"allow":["GET"]}}],"collection":[{"href":"https:\/\/fcba-offshore.com\/en\/wp-json\/wp\/v2\/pages"}],"about":[{"href":"https:\/\/fcba-offshore.com\/en\/wp-json\/wp\/v2\/types\/page"}],"author":[{"embeddable":true,"href":"https:\/\/fcba-offshore.com\/en\/wp-json\/wp\/v2\/users\/1"}],"replies":[{"embeddable":true,"href":"https:\/\/fcba-offshore.com\/en\/wp-json\/wp\/v2\/comments?post=136"}],"version-history":[{"count":8,"href":"https:\/\/fcba-offshore.com\/en\/wp-json\/wp\/v2\/pages\/136\/revisions"}],"predecessor-version":[{"id":1709,"href":"https:\/\/fcba-offshore.com\/en\/wp-json\/wp\/v2\/pages\/136\/revisions\/1709"}],"wp:attachment":[{"href":"https:\/\/fcba-offshore.com\/en\/wp-json\/wp\/v2\/media?parent=136"}],"curies":[{"name":"wp","href":"https:\/\/api.w.org\/{rel}","templated":true}]}}