{"id":152,"date":"2014-06-06T14:13:53","date_gmt":"2014-06-06T14:13:53","guid":{"rendered":"http:\/\/fcba-offshore.com\/?page_id=152"},"modified":"2016-10-20T14:53:35","modified_gmt":"2016-10-20T14:53:35","slug":"offshore-company-in-cyprus","status":"publish","type":"page","link":"https:\/\/fcba-offshore.com\/en\/offshore-company-in-cyprus\/","title":{"rendered":"Cyprus"},"content":{"rendered":"<h1><a href=\"http:\/\/fcba-offshore.com\/wp-content\/uploads\/2014\/06\/Chypre.png\"><img loading=\"lazy\" decoding=\"async\" class=\"alignnone size-full wp-image-345\" src=\"http:\/\/fcba-offshore.com\/wp-content\/uploads\/2014\/06\/Chypre.png\" alt=\"Chypre\" width=\"79\" height=\"50\" \/><\/a> <a href=\"http:\/\/fcba-offshore.com\/wp-content\/uploads\/2014\/06\/Chypre-offshore.png\"><img loading=\"lazy\" decoding=\"async\" class=\"size-medium wp-image-563 alignright\" src=\"http:\/\/fcba-offshore.com\/wp-content\/uploads\/2014\/06\/Chypre-offshore-300x131.png\" alt=\"Chypre offshore\" width=\"300\" height=\"131\" srcset=\"https:\/\/fcba-offshore.com\/wp-content\/uploads\/2014\/06\/Chypre-offshore-300x131.png 300w, https:\/\/fcba-offshore.com\/wp-content\/uploads\/2014\/06\/Chypre-offshore.png 641w, https:\/\/fcba-offshore.com\/wp-content\/uploads\/2014\/06\/Chypre-offshore-450x196.png 450w\" sizes=\"auto, (max-width: 300px) 100vw, 300px\" \/><\/a><\/h1>\n<p>&nbsp;<\/p>\n<h1>Offshore business in Cyprus:<\/h1>\n<p>&nbsp;<\/p>\n<p style=\"text-align: justify;\">Cyprus is an island\u00a0in the eastern Mediterranean see\u00a0located between Greece and Turkey. The main activity of the island is tourism but Cyprus is also offering a huge range of benefits for people willing to open an offshore bank account or to\u00a0incorporate an offshore company. Unfortunately, the country has been affected by a\u00a0major banking crisis in 2012\/2013 and has seen its reputation declined. But be aware that Cypriot banks have not all been affected by this crisis and our local banking partner is one of those actors who\u00a0did<span title=\"su anticiper et d\u00e9jouer les pi\u00e8ges relatifs \u00e0 cette crise financi\u00e8re.&lt;\/p&gt;&lt;br \/&gt;&lt;br \/&gt;&lt;br \/&gt;&lt;br \/&gt;&lt;br \/&gt;&lt;br \/&gt;\n&lt;p&gt;\"> anticipate and avoid the pitfalls related to this financial crisis.<\/span><\/p>\n<p style=\"text-align: justify;\">The benefits to open an <a href=\"https:\/\/fcba-offshore.com\/en\/offshore-bank-account\/\">offshore bank account<\/a> or to incorporate an <a href=\"https:\/\/fcba-offshore.com\/en\/offshore-companies\/\">offshore company<\/a> in Cyprus are the followings:<\/p>\n<ul style=\"text-align: justify;\">\n<li>Discretion and banking secrecy towards all major states (but unfortunately no longer with European Union members)<\/li>\n<li>Possibility to have a European registration\u00a0\/ VAT number (because Cyprus is part of EU)<\/li>\n<li>Official currency: Euro<\/li>\n<li>Law corporate profit tax rate of 12,5% for both residents\u00a0and non residents<\/li>\n<\/ul>\n<p style=\"text-align: justify;\">At FCBA Offshore Ltd, we do recommend first to\u00a0all owners of a Cypriot bank account having suffered from the impact of the financial crisis to contact us. We will advise you to open a new\u00a0<a href=\"https:\/\/fcba-offshore.com\/en\/offshore-bank-account\/\">offshore bank account<\/a> either\u00a0with our local partner or with any\u00a0<span title=\"'un partenaire bancaire d'une autre juridiction.\">other banking partners\u00a0from another jurisdiction. <\/span><span title=\"Aussi, les personnes souhaitant y cr\u00e9er une soci\u00e9t\u00e9 offshore ou y ouvrir un compte bancaire offshore doivent absolument s'assurer que leur partenaire financier fait preuve d'une grande fiabilit\u00e9.&lt;\/p&gt;&lt;br \/&gt;&lt;br \/&gt;&lt;br \/&gt;&lt;br \/&gt;&lt;br \/&gt;&lt;br \/&gt;\n&lt;p&gt;\">Also, people wishing to incorporate an <a href=\"https:\/\/fcba-offshore.com\/en\/offshore-companies\/\">offshore company<\/a> or to\u00a0open an <a href=\"https:\/\/fcba-offshore.com\/en\/offshore-bank-account\/\">offshore bank account<\/a>\u00a0should ensure that their financial partner is highly reliable.<\/span><\/p>\n<p style=\"text-align: justify;\">To open an <a href=\"https:\/\/fcba-offshore.com\/en\/offshore-bank-account\/\">offshore bank account<\/a> or to\u00a0incorporate an <a href=\"https:\/\/fcba-offshore.com\/en\/offshore-companies\/\">offshore company<\/a> in\u00a0Cyprus is something easy for us and we could enjoy our network and partnerships with\u00a0local banks\u00a0to you.<\/p>\n<p style=\"text-align: justify;\"><span title=\"Enfin, il faut savoir que le d\u00e9p\u00f4t initial de votre compte bancaire offshore demand\u00e9 par les banques est faible et ne sera donc en rien un frein quant \u00e0 l'ouverture de votre compte bancaire offshore sur l'\u00eele.\">Finally, be aware that the initial deposit of your <a href=\"https:\/\/fcba-offshore.com\/en\/offshore-bank-account\/\">offshore bank account<\/a> required by banks is low and will therefore by no means be a drag for you to open your offshore bank account.<\/span><\/p>\n<p>&nbsp;<\/p>\n<p style=\"text-align: justify;\"><a href=\"https:\/\/fcba-offshore.com\/en\/contact\/\">Please if you need any additional information feel free to contact\u00a0FCBA Offshore Ltd\u00a0team members.<\/a><\/p>\n<p>&nbsp;<\/p>\n<p style=\"text-align: justify;\"><a href=\"http:\/\/fcba-offshore.com\/wp-content\/uploads\/2014\/06\/logo-small.png\"><img loading=\"lazy\" decoding=\"async\" class=\"alignnone size-full wp-image-479\" src=\"http:\/\/fcba-offshore.com\/wp-content\/uploads\/2014\/06\/logo-small.png\" alt=\"Logo offshore small\" width=\"142\" height=\"31\" \/><\/a><\/p>\n","protected":false},"excerpt":{"rendered":"<p>&nbsp; Offshore business in Cyprus: &nbsp; Cyprus is an island\u00a0in the eastern Mediterranean see\u00a0located between Greece and Turkey. The main activity of the island is tourism but Cyprus is also offering a huge range of benefits for people willing to open an offshore bank account or to\u00a0incorporate an offshore company. Unfortunately, the country has been&hellip;<\/p>\n","protected":false},"author":1,"featured_media":0,"parent":0,"menu_order":0,"comment_status":"closed","ping_status":"open","template":"","meta":{"footnotes":""},"class_list":["post-152","page","type-page","status-publish","hentry"],"_links":{"self":[{"href":"https:\/\/fcba-offshore.com\/en\/wp-json\/wp\/v2\/pages\/152","targetHints":{"allow":["GET"]}}],"collection":[{"href":"https:\/\/fcba-offshore.com\/en\/wp-json\/wp\/v2\/pages"}],"about":[{"href":"https:\/\/fcba-offshore.com\/en\/wp-json\/wp\/v2\/types\/page"}],"author":[{"embeddable":true,"href":"https:\/\/fcba-offshore.com\/en\/wp-json\/wp\/v2\/users\/1"}],"replies":[{"embeddable":true,"href":"https:\/\/fcba-offshore.com\/en\/wp-json\/wp\/v2\/comments?post=152"}],"version-history":[{"count":11,"href":"https:\/\/fcba-offshore.com\/en\/wp-json\/wp\/v2\/pages\/152\/revisions"}],"predecessor-version":[{"id":1685,"href":"https:\/\/fcba-offshore.com\/en\/wp-json\/wp\/v2\/pages\/152\/revisions\/1685"}],"wp:attachment":[{"href":"https:\/\/fcba-offshore.com\/en\/wp-json\/wp\/v2\/media?parent=152"}],"curies":[{"name":"wp","href":"https:\/\/api.w.org\/{rel}","templated":true}]}}