{"id":156,"date":"2014-06-06T14:14:16","date_gmt":"2014-06-06T14:14:16","guid":{"rendered":"http:\/\/fcba-offshore.com\/?page_id=156"},"modified":"2016-10-20T15:31:36","modified_gmt":"2016-10-20T15:31:36","slug":"offshore-company-in-panama","status":"publish","type":"page","link":"https:\/\/fcba-offshore.com\/en\/offshore-company-in-panama\/","title":{"rendered":"Panama"},"content":{"rendered":"<h1><a href=\"http:\/\/fcba-offshore.com\/wp-content\/uploads\/2014\/06\/Panama.png\"><img loading=\"lazy\" decoding=\"async\" class=\"alignnone size-full wp-image-366\" src=\"http:\/\/fcba-offshore.com\/wp-content\/uploads\/2014\/06\/Panama.png\" alt=\"Panama\" width=\"65\" height=\"42\" \/><\/a> <a href=\"http:\/\/fcba-offshore.com\/wp-content\/uploads\/2014\/06\/Panama-Offshore.png\"><img loading=\"lazy\" decoding=\"async\" class=\"size-medium wp-image-638 alignright\" src=\"http:\/\/fcba-offshore.com\/wp-content\/uploads\/2014\/06\/Panama-Offshore-300x131.png\" alt=\"Panama Offshore\" width=\"300\" height=\"131\" srcset=\"https:\/\/fcba-offshore.com\/wp-content\/uploads\/2014\/06\/Panama-Offshore-300x131.png 300w, https:\/\/fcba-offshore.com\/wp-content\/uploads\/2014\/06\/Panama-Offshore.png 641w, https:\/\/fcba-offshore.com\/wp-content\/uploads\/2014\/06\/Panama-Offshore-450x196.png 450w\" sizes=\"auto, (max-width: 300px) 100vw, 300px\" \/><\/a><\/h1>\n<p>&nbsp;<\/p>\n<h1>Offshore\u00a0business in\u00a0Panama:<\/h1>\n<p>&nbsp;<\/p>\n<p style=\"text-align: justify;\">Panama is the southernmost country of Central America with almost 3,5 million inhabitants. This state is famous worldwide for its canal through which transit ships willing to join the Atlantic and the Pacific Ocean shortly. <span class=\"hps\">The economy of this<\/span> <span class=\"hps\">country<\/span> <span class=\"hps\">is the most prosperous<\/span> <span class=\"hps\">of Central America<\/span> <span class=\"hps\">and is based<\/span> <span class=\"hps\">on trade<\/span>, tourism and <span class=\"hps\">mainly<\/span> <span class=\"hps\">on financial<\/span> <span class=\"hps\">services.<\/span> <span class=\"hps\">This<\/span> <span class=\"hps\">offshore jurisdiction with a very tax friendly legislation guarantees anonymity to the people having there\u00a0either an <a href=\"https:\/\/fcba-offshore.com\/en\/offshore-bank-account\/\">offshore bank account <\/a>or an <a href=\"https:\/\/fcba-offshore.com\/en\/offshore-companies\/\">offshore company<\/a> but living abroad. We can easily compare this state to Switzerland because\u00a0Panama is a regional powerful financial center which offer banking secrecy\u00a0and a high level of confidentiality in your business.<\/span><\/p>\n<p style=\"text-align: justify;\">There are many benefits of\u00a0having an <a href=\"https:\/\/fcba-offshore.com\/en\/offshore-bank-account\/\">offshore bank account <\/a>or owning an <a href=\"https:\/\/fcba-offshore.com\/en\/offshore-companies\/\">offshore company<\/a> in Panama:<\/p>\n<ul style=\"text-align: justify;\">\n<li>No VAT<\/li>\n<li>No corporate tax (only for non-resident)<\/li>\n<li>No minimum capital share<\/li>\n<li>Guaranteed banking secrecy\u00a0(100% confidentiality)<\/li>\n<li>Non disclosure of the identity of business owners<\/li>\n<\/ul>\n<p style=\"text-align: justify;\">At\u00a0FCBA Offshore Ltd, we do recommend our clients to either open an <a href=\"https:\/\/fcba-offshore.com\/en\/offshore-bank-account\/\">offshore bank account <\/a>or to incorporate an <a href=\"https:\/\/fcba-offshore.com\/en\/offshore-companies\/\">offshore company<\/a>\u00a0in Panama mostly for\u00a0people not having any business relations with\u00a0Europe. The reason why, it&#8217;s because this jurisdiction is seen as an exotic one\u00a0by the\u00a0European governments and also, there is a huge time\u00a0difference between Europe and Panama which\u00a0could\u00a0prevent you\u00a0from establishing an\u00a0efficient daily contact with your bank.<\/p>\n<p style=\"text-align: justify;\">To open an <a href=\"https:\/\/fcba-offshore.com\/en\/offshore-bank-account\/\">offshore bank account <\/a>or to\u00a0incorporate an <a href=\"https:\/\/fcba-offshore.com\/en\/offshore-companies\/\">offshore company<\/a> in\u00a0Panama is something easy for us and we could enjoy our network and partnerships with\u00a0local banks\u00a0to you.<\/p>\n<p style=\"text-align: justify;\"><span title=\"Enfin, il faut savoir que le d\u00e9p\u00f4t initial de votre compte bancaire offshore demand\u00e9 par les banques est faible et ne sera donc en rien un frein quant \u00e0 l'ouverture de votre compte bancaire offshore sur l'\u00eele.\">Finally, be aware that the initial deposit of your <a href=\"https:\/\/fcba-offshore.com\/en\/offshore-bank-account\/\">offshore bank account<\/a> required by banks is quite\u00a0high and\u00a0should therefore by no means be a drag for you to open your <a href=\"https:\/\/fcba-offshore.com\/en\/offshore-bank-account\/\">offshore bank account<\/a>.<\/span><\/p>\n<p>&nbsp;<\/p>\n<p style=\"text-align: justify;\"><a href=\"https:\/\/fcba-offshore.com\/en\/contact\/\">Please if you need any additional information feel free to contact\u00a0FCBA Offshore Ltd\u00a0team members.<\/a><\/p>\n<p>&nbsp;<\/p>\n<p style=\"text-align: justify;\"><a href=\"http:\/\/fcba-offshore.com\/wp-content\/uploads\/2014\/06\/logo-small.png\"><img loading=\"lazy\" decoding=\"async\" class=\"alignnone size-full wp-image-479\" src=\"http:\/\/fcba-offshore.com\/wp-content\/uploads\/2014\/06\/logo-small.png\" alt=\"Logo offshore small\" width=\"142\" height=\"31\" \/><\/a><\/p>\n","protected":false},"excerpt":{"rendered":"<p>&nbsp; Offshore\u00a0business in\u00a0Panama: &nbsp; Panama is the southernmost country of Central America with almost 3,5 million inhabitants. This state is famous worldwide for its canal through which transit ships willing to join the Atlantic and the Pacific Ocean shortly. The economy of this country is the most prosperous of Central America and is based on&hellip;<\/p>\n","protected":false},"author":1,"featured_media":0,"parent":0,"menu_order":0,"comment_status":"closed","ping_status":"open","template":"","meta":{"footnotes":""},"class_list":["post-156","page","type-page","status-publish","hentry"],"_links":{"self":[{"href":"https:\/\/fcba-offshore.com\/en\/wp-json\/wp\/v2\/pages\/156","targetHints":{"allow":["GET"]}}],"collection":[{"href":"https:\/\/fcba-offshore.com\/en\/wp-json\/wp\/v2\/pages"}],"about":[{"href":"https:\/\/fcba-offshore.com\/en\/wp-json\/wp\/v2\/types\/page"}],"author":[{"embeddable":true,"href":"https:\/\/fcba-offshore.com\/en\/wp-json\/wp\/v2\/users\/1"}],"replies":[{"embeddable":true,"href":"https:\/\/fcba-offshore.com\/en\/wp-json\/wp\/v2\/comments?post=156"}],"version-history":[{"count":9,"href":"https:\/\/fcba-offshore.com\/en\/wp-json\/wp\/v2\/pages\/156\/revisions"}],"predecessor-version":[{"id":1710,"href":"https:\/\/fcba-offshore.com\/en\/wp-json\/wp\/v2\/pages\/156\/revisions\/1710"}],"wp:attachment":[{"href":"https:\/\/fcba-offshore.com\/en\/wp-json\/wp\/v2\/media?parent=156"}],"curies":[{"name":"wp","href":"https:\/\/api.w.org\/{rel}","templated":true}]}}