{"id":160,"date":"2014-06-06T14:15:52","date_gmt":"2014-06-06T14:15:52","guid":{"rendered":"http:\/\/fcba-offshore.com\/?page_id=160"},"modified":"2016-10-20T15:19:47","modified_gmt":"2016-10-20T15:19:47","slug":"offshore-company-in-mauritius","status":"publish","type":"page","link":"https:\/\/fcba-offshore.com\/en\/offshore-company-in-mauritius\/","title":{"rendered":"Mauritius Island"},"content":{"rendered":"<h1><a href=\"http:\/\/fcba-offshore.com\/wp-content\/uploads\/2014\/06\/Ile-Maurice.png\"><img loading=\"lazy\" decoding=\"async\" class=\"alignnone size-full wp-image-351\" src=\"http:\/\/fcba-offshore.com\/wp-content\/uploads\/2014\/06\/Ile-Maurice.png\" alt=\"Ile-Maurice\" width=\"74\" height=\"47\" srcset=\"https:\/\/fcba-offshore.com\/wp-content\/uploads\/2014\/06\/Ile-Maurice.png 74w, https:\/\/fcba-offshore.com\/wp-content\/uploads\/2014\/06\/Ile-Maurice-72x47.png 72w\" sizes=\"auto, (max-width: 74px) 100vw, 74px\" \/><\/a> <a href=\"http:\/\/fcba-offshore.com\/wp-content\/uploads\/2014\/06\/Ile-Maurice-Offshore1.png\"><img loading=\"lazy\" decoding=\"async\" class=\"size-medium wp-image-606 alignright\" src=\"http:\/\/fcba-offshore.com\/wp-content\/uploads\/2014\/06\/Ile-Maurice-Offshore1-300x131.png\" alt=\"Ile Maurice Offshore\" width=\"300\" height=\"131\" srcset=\"https:\/\/fcba-offshore.com\/wp-content\/uploads\/2014\/06\/Ile-Maurice-Offshore1-300x131.png 300w, https:\/\/fcba-offshore.com\/wp-content\/uploads\/2014\/06\/Ile-Maurice-Offshore1.png 641w, https:\/\/fcba-offshore.com\/wp-content\/uploads\/2014\/06\/Ile-Maurice-Offshore1-450x196.png 450w\" sizes=\"auto, (max-width: 300px) 100vw, 300px\" \/><\/a><\/h1>\n<p>&nbsp;<\/p>\n<h1>Offshore business in the Mauritius Island:<\/h1>\n<p>&nbsp;<\/p>\n<p style=\"text-align: justify;\">The Mauritius Island is famous for being on of the favorite touristic destination for those willing to enjoy sunny and quite holidays. But the Mauritius Island is as well a very competitive offshore destination. Located in the Indian Ocean, this archipelago which used to be under British dominance has a\u00a0very business oriented legislation because based on the\u00a0English model.\u00a0The laws there\u00a0are much more\u00a0flexible and modern\u00a0than in the European Union which is a strong\u00a0asset and motivates many foreign investors\u00a0to move their business into this jurisdiction.<\/p>\n<p style=\"text-align: justify;\">The main benefits to open an <a href=\"https:\/\/fcba-offshore.com\/en\/offshore-bank-account\/\">offshore bank account<\/a> or to incorporate an <a href=\"https:\/\/fcba-offshore.com\/en\/offshore-companies\/\">offshore company <\/a>in Mauritius are:<\/p>\n<ul style=\"text-align: justify;\">\n<li>No VAT<\/li>\n<li>No corporate tax (if you are non-resident)<\/li>\n<li>Guaranteed bank secrecy\u00a0(100% discretion)<\/li>\n<li>Non disclosure of the identity of business owners<\/li>\n<li>Very low accounting requirements<\/li>\n<\/ul>\n<p style=\"text-align: justify;\">At\u00a0FCBA Offshore Ltd, we do recommend our clients to either open an <a href=\"https:\/\/fcba-offshore.com\/en\/offshore-bank-account\/\">offshore bank account<\/a> or to incorporate an <a href=\"https:\/\/fcba-offshore.com\/en\/offshore-companies\/\">offshore company<\/a> in the Mauritius Island. This jurisdiction is interesting\u00a0in many aspects and will\u00a0guarantee you a very\u00a0high confidential level. The only one downside of this offshore destination is that the accounting and administrative standards (even if the accounting policies are simplified for non-resident) are somehow higher than in\u00a0some other offshore jurisdictions.<\/p>\n<p style=\"text-align: justify;\">To open an <a href=\"https:\/\/fcba-offshore.com\/en\/offshore-bank-account\/\">offshore bank account<\/a> or to\u00a0incorporate an<a href=\"https:\/\/fcba-offshore.com\/en\/offshore-companies\/\"> offshore company<\/a> in Mauritius is something easy for us and we could enjoy our network and partnerships with\u00a0local banks\u00a0to you.<\/p>\n<p style=\"text-align: justify;\"><span title=\"Enfin, il faut savoir que le d\u00e9p\u00f4t initial de votre compte bancaire offshore demand\u00e9 par les banques est faible et ne sera donc en rien un frein quant \u00e0 l'ouverture de votre compte bancaire offshore sur l'\u00eele.\">Finally, be aware that the initial deposit of your <a href=\"https:\/\/fcba-offshore.com\/en\/offshore-bank-account\/\">offshore bank account<\/a> required by banks is low and will therefore by no means be a drag for you to open your <a href=\"https:\/\/fcba-offshore.com\/en\/offshore-bank-account\/\">offshore bank account<\/a>.<\/span><\/p>\n<p>&nbsp;<\/p>\n<p style=\"text-align: justify;\"><a href=\"https:\/\/fcba-offshore.com\/en\/contact\/\">Please if you need any additional information feel free to contact\u00a0FCBA Offshore Ltd\u00a0team members.<\/a><\/p>\n<p>&nbsp;<\/p>\n<p style=\"text-align: justify;\"><a href=\"http:\/\/fcba-offshore.com\/wp-content\/uploads\/2014\/06\/logo-small.png\"><img loading=\"lazy\" decoding=\"async\" class=\"alignnone size-full wp-image-479\" src=\"http:\/\/fcba-offshore.com\/wp-content\/uploads\/2014\/06\/logo-small.png\" alt=\"Logo offshore small\" width=\"142\" height=\"31\" \/><\/a><\/p>\n","protected":false},"excerpt":{"rendered":"<p>&nbsp; Offshore business in the Mauritius Island: &nbsp; The Mauritius Island is famous for being on of the favorite touristic destination for those willing to enjoy sunny and quite holidays. But the Mauritius Island is as well a very competitive offshore destination. Located in the Indian Ocean, this archipelago which used to be under British&hellip;<\/p>\n","protected":false},"author":1,"featured_media":0,"parent":0,"menu_order":0,"comment_status":"closed","ping_status":"open","template":"","meta":{"footnotes":""},"class_list":["post-160","page","type-page","status-publish","hentry"],"_links":{"self":[{"href":"https:\/\/fcba-offshore.com\/en\/wp-json\/wp\/v2\/pages\/160","targetHints":{"allow":["GET"]}}],"collection":[{"href":"https:\/\/fcba-offshore.com\/en\/wp-json\/wp\/v2\/pages"}],"about":[{"href":"https:\/\/fcba-offshore.com\/en\/wp-json\/wp\/v2\/types\/page"}],"author":[{"embeddable":true,"href":"https:\/\/fcba-offshore.com\/en\/wp-json\/wp\/v2\/users\/1"}],"replies":[{"embeddable":true,"href":"https:\/\/fcba-offshore.com\/en\/wp-json\/wp\/v2\/comments?post=160"}],"version-history":[{"count":11,"href":"https:\/\/fcba-offshore.com\/en\/wp-json\/wp\/v2\/pages\/160\/revisions"}],"predecessor-version":[{"id":3032,"href":"https:\/\/fcba-offshore.com\/en\/wp-json\/wp\/v2\/pages\/160\/revisions\/3032"}],"wp:attachment":[{"href":"https:\/\/fcba-offshore.com\/en\/wp-json\/wp\/v2\/media?parent=160"}],"curies":[{"name":"wp","href":"https:\/\/api.w.org\/{rel}","templated":true}]}}