{"id":169,"date":"2014-06-06T14:18:43","date_gmt":"2014-06-06T14:18:43","guid":{"rendered":"http:\/\/fcba-offshore.com\/?page_id=169"},"modified":"2016-10-20T15:09:47","modified_gmt":"2016-10-20T15:09:47","slug":"offshore-company-in-hong-kong","status":"publish","type":"page","link":"https:\/\/fcba-offshore.com\/en\/offshore-company-in-hong-kong\/","title":{"rendered":"Hong-Kong"},"content":{"rendered":"<h1><a href=\"http:\/\/fcba-offshore.com\/wp-content\/uploads\/2014\/06\/Hong-Kong.png\"><img loading=\"lazy\" decoding=\"async\" class=\"alignnone size-full wp-image-349\" src=\"http:\/\/fcba-offshore.com\/wp-content\/uploads\/2014\/06\/Hong-Kong.png\" alt=\"Hong-Kong\" width=\"79\" height=\"57\" \/><\/a> <a href=\"http:\/\/fcba-offshore.com\/wp-content\/uploads\/2014\/06\/Hong-Kong-Offshore.png\"><img loading=\"lazy\" decoding=\"async\" class=\"size-medium wp-image-596 alignright\" src=\"http:\/\/fcba-offshore.com\/wp-content\/uploads\/2014\/06\/Hong-Kong-Offshore-300x131.png\" alt=\"Hong Kong Offshore\" width=\"300\" height=\"131\" srcset=\"https:\/\/fcba-offshore.com\/wp-content\/uploads\/2014\/06\/Hong-Kong-Offshore-300x131.png 300w, https:\/\/fcba-offshore.com\/wp-content\/uploads\/2014\/06\/Hong-Kong-Offshore.png 641w, https:\/\/fcba-offshore.com\/wp-content\/uploads\/2014\/06\/Hong-Kong-Offshore-450x196.png 450w\" sizes=\"auto, (max-width: 300px) 100vw, 300px\" \/><\/a><\/h1>\n<p>&nbsp;<\/p>\n<h1>Offshore\u00a0business in\u00a0Hong-Kong:<\/h1>\n<p>&nbsp;<\/p>\n<p style=\"text-align: justify;\">Hong-Kong is considered as the main financial place of the world&#8217;s most dynamic region: Southeast Asia. This major financial place\u00a0is one\u00a0of the most liberal\u00a0worldwide and its particular status\u00a0towards China\u00a0guarantees its autonomy until 2047. The official business\u00a0language is\u00a0English and its\u00a0historical English&#8217;s influence guarantee you a\u00a0very business oriented legislation because based on the\u00a0English model.\u00a0The laws there\u00a0are much more\u00a0flexible and modern\u00a0than in Europe which is a strong\u00a0asset and motivates every year more and more\u00a0foreign investors\u00a0to move their business into this jurisdiction. Besides, there is a total confidentiality regarding both your\u00a0<a href=\"https:\/\/fcba-offshore.com\/en\/offshore-bank-account\/\">offshore bank account<\/a> (banking secrecy) and your <a href=\"https:\/\/fcba-offshore.com\/en\/offshore-companies\/\">offshore company<\/a>.<\/p>\n<p style=\"text-align: justify;\">This city-state\u00a0offers a lot of benefits for people\u00a0willing to make business there which\u00a0make this\u00a0place one of the most interesting worldwide. The\u00a0main benefits are the following:<\/p>\n<ul style=\"text-align: justify;\">\n<li>No VAT<\/li>\n<li>No tax profit<\/li>\n<li>No tax on dividends<\/li>\n<li>No tax on capital<\/li>\n<li>Banking secrecy<\/li>\n<li>Non disclosure of the identity of business owners<\/li>\n<\/ul>\n<p style=\"text-align: justify;\">At FCBA Offshore Ltd, we do recommend our clients willing to either open an <a href=\"https:\/\/fcba-offshore.com\/en\/offshore-bank-account\/\">offshore bank account<\/a> or to incorporate an <a href=\"https:\/\/fcba-offshore.com\/en\/offshore-companies\/\">offshore company<\/a> in Hong-Kong to consider this jurisdiction as very interesting. You will be able to benefit from all the above mentioned benefits and your local business relation will be discussed in English language. Also, as the accounting standards in Honk-Kong are quite high, you will need to maintain a business relationship with a local firm which will ensure that your <a href=\"https:\/\/fcba-offshore.com\/en\/offshore-companies\/\">offshore company<\/a> is respecting all local requirements and will make sure as well that all financial or tax reports are duly delivered to the local administration on time.\u00a0Finally, we do more\u00a0recommend this jurisdiction to our clients based in Asia because the six hours time\u00a0difference between Hong-Kong and Europe\u00a0could be a problem to maintain an efficient daily communication with your local contacts.<\/p>\n<p style=\"text-align: justify;\">To open an <a href=\"https:\/\/fcba-offshore.com\/en\/offshore-bank-account\/\">offshore bank account<\/a> or to\u00a0incorporate an <a href=\"https:\/\/fcba-offshore.com\/en\/offshore-companies\/\">offshore company<\/a> in\u00a0Hong-Kong is something easy for us and we could enjoy our network and partnerships with\u00a0local banks\u00a0to you.<\/p>\n<p style=\"text-align: justify;\"><span title=\"Enfin, il faut savoir que le d\u00e9p\u00f4t initial de votre compte bancaire offshore demand\u00e9 par les banques est faible et ne sera donc en rien un frein quant \u00e0 l'ouverture de votre compte bancaire offshore sur l'\u00eele.\">Finally, be aware that the initial deposit of your <a href=\"https:\/\/fcba-offshore.com\/en\/offshore-bank-account\/\">offshore bank account<\/a> required by banks is\u00a0huge and\u00a0could therefore be a drag for you to open your <a href=\"https:\/\/fcba-offshore.com\/en\/offshore-bank-account\/\">offshore bank account <\/a>in Hong-Kong.<\/span><\/p>\n<p>&nbsp;<\/p>\n<p style=\"text-align: justify;\"><a href=\"https:\/\/fcba-offshore.com\/en\/contact\/\">Please if you need any additional information feel free to contact\u00a0FCBA Offshore Ltd\u00a0team members.<\/a><\/p>\n<p>&nbsp;<\/p>\n<p><a href=\"http:\/\/fcba-offshore.com\/wp-content\/uploads\/2014\/06\/logo-small.png\"><img loading=\"lazy\" decoding=\"async\" class=\"alignnone size-full wp-image-479\" src=\"http:\/\/fcba-offshore.com\/wp-content\/uploads\/2014\/06\/logo-small.png\" alt=\"Logo offshore small\" width=\"142\" height=\"31\" \/><\/a><\/p>\n","protected":false},"excerpt":{"rendered":"<p>&nbsp; Offshore\u00a0business in\u00a0Hong-Kong: &nbsp; Hong-Kong is considered as the main financial place of the world&#8217;s most dynamic region: Southeast Asia. This major financial place\u00a0is one\u00a0of the most liberal\u00a0worldwide and its particular status\u00a0towards China\u00a0guarantees its autonomy until 2047. The official business\u00a0language is\u00a0English and its\u00a0historical English&#8217;s influence guarantee you a\u00a0very business oriented legislation because based on the\u00a0English&hellip;<\/p>\n","protected":false},"author":1,"featured_media":0,"parent":0,"menu_order":0,"comment_status":"closed","ping_status":"open","template":"","meta":{"footnotes":""},"class_list":["post-169","page","type-page","status-publish","hentry"],"_links":{"self":[{"href":"https:\/\/fcba-offshore.com\/en\/wp-json\/wp\/v2\/pages\/169","targetHints":{"allow":["GET"]}}],"collection":[{"href":"https:\/\/fcba-offshore.com\/en\/wp-json\/wp\/v2\/pages"}],"about":[{"href":"https:\/\/fcba-offshore.com\/en\/wp-json\/wp\/v2\/types\/page"}],"author":[{"embeddable":true,"href":"https:\/\/fcba-offshore.com\/en\/wp-json\/wp\/v2\/users\/1"}],"replies":[{"embeddable":true,"href":"https:\/\/fcba-offshore.com\/en\/wp-json\/wp\/v2\/comments?post=169"}],"version-history":[{"count":12,"href":"https:\/\/fcba-offshore.com\/en\/wp-json\/wp\/v2\/pages\/169\/revisions"}],"predecessor-version":[{"id":1693,"href":"https:\/\/fcba-offshore.com\/en\/wp-json\/wp\/v2\/pages\/169\/revisions\/1693"}],"wp:attachment":[{"href":"https:\/\/fcba-offshore.com\/en\/wp-json\/wp\/v2\/media?parent=169"}],"curies":[{"name":"wp","href":"https:\/\/api.w.org\/{rel}","templated":true}]}}