{"id":181,"date":"2014-06-06T14:21:44","date_gmt":"2014-06-06T14:21:44","guid":{"rendered":"http:\/\/fcba-offshore.com\/?page_id=181"},"modified":"2016-10-20T15:18:51","modified_gmt":"2016-10-20T15:18:51","slug":"offshore-company-in-malta","status":"publish","type":"page","link":"https:\/\/fcba-offshore.com\/en\/offshore-company-in-malta\/","title":{"rendered":"Malta"},"content":{"rendered":"<h1><a href=\"http:\/\/fcba-offshore.com\/wp-content\/uploads\/2014\/06\/Malte.png\"><img loading=\"lazy\" decoding=\"async\" class=\"alignnone size-full wp-image-355\" src=\"http:\/\/fcba-offshore.com\/wp-content\/uploads\/2014\/06\/Malte.png\" alt=\"Malte\" width=\"83\" height=\"46\" \/><\/a> <a href=\"http:\/\/fcba-offshore.com\/wp-content\/uploads\/2014\/06\/Malte-Offshore.png\"><img loading=\"lazy\" decoding=\"async\" class=\"size-medium wp-image-631 alignright\" src=\"http:\/\/fcba-offshore.com\/wp-content\/uploads\/2014\/06\/Malte-Offshore-300x131.png\" alt=\"Malte Offshore\" width=\"300\" height=\"131\" srcset=\"https:\/\/fcba-offshore.com\/wp-content\/uploads\/2014\/06\/Malte-Offshore-300x131.png 300w, https:\/\/fcba-offshore.com\/wp-content\/uploads\/2014\/06\/Malte-Offshore.png 641w, https:\/\/fcba-offshore.com\/wp-content\/uploads\/2014\/06\/Malte-Offshore-450x196.png 450w\" sizes=\"auto, (max-width: 300px) 100vw, 300px\" \/><\/a><\/h1>\n<p>&nbsp;<\/p>\n<h1>Offshore\u00a0business in\u00a0Malta:<\/h1>\n<p>&nbsp;<\/p>\n<p style=\"text-align: justify;\">The island of Malta is located in the Mediterranean Sea, next to Sicily. This country is the smallest state among the\u00a0European Union members. Its rigorous and conservative banking system make this place one of the more interesting offshore destination. Moreover, Malta which used to be under British dominance has a\u00a0very business oriented legislation because based on the\u00a0English model.\u00a0The laws there\u00a0are much more\u00a0flexible and modern\u00a0than in the European Union which is a strong\u00a0asset and motivates\u00a0many foreign investors to move their business into this jurisdiction.<\/p>\n<p style=\"text-align: justify;\">There are several different interests in considering Malta as an offshore option to either open an <a href=\"https:\/\/fcba-offshore.com\/en\/offshore-bank-account\/\">offshore bank account <\/a>or to incorporate there\u00a0an <a href=\"https:\/\/fcba-offshore.com\/en\/offshore-companies\/\">offshore company<\/a>. First of all, the share capital required by the Maltese authorities is very law. Also, the corporate tax profit rate of 5% is one of the smallest of the European Union. However, this is conditioned to the fact that you won&#8217;t get any salary (or dividend) during the fiscal year but only at the end of the year. Finally, Malta as an European Union members will allow you to establish very strong economical links together with your business partners because you will have a European VAT identification number. As for <a href=\"https:\/\/fcba-offshore.com\/en\/offshore-bank-account\/\">offshore bank accounts<\/a>, Malta is interesting only for non-European Union residents in terms of confidentiality and discretion as Malta is communicating with the authorities of other members. All major international banks have a branch in the island.<\/p>\n<p style=\"text-align: justify;\">At\u00a0FCBA Offshore Ltd, we\u00a0strongly recommend to our clients willing to incorporate there <a href=\"https:\/\/fcba-offshore.com\/en\/offshore-companies\/\">offshore company<\/a> in Malta to consider this jurisdiction as very interesting due to its\u00a0ultra competitive\u00a0tax advantages. Also, your Maltese <a href=\"https:\/\/fcba-offshore.com\/en\/offshore-companies\/\">offshore company<\/a> will allow you to invoice any European company\u00a0which will never consider your company as being exotic. It&#8217;s also good to notice that there\u00a0is no minimum share capital required by the Maltese authorities. Only\u00a0strong accounting\u00a0requirements\u00a0will generate you some costs. As for <a href=\"https:\/\/fcba-offshore.com\/en\/offshore-bank-account\/\">offshore bank accounts<\/a>, we do recommend this jurisdiction only to our non-European Union resident clients. Finally,\u00a0be aware that if you are investing more than \u20ac 650&#8217;000 in\u00a0the island&#8217;s economy, then you will be able to get the Maltese passport\u00a0which will allow you travelling everywhere in Europe without any problem.<\/p>\n<p style=\"text-align: justify;\">Opening an <a href=\"https:\/\/fcba-offshore.com\/en\/offshore-bank-account\/\">offshore bank account<\/a> or to\u00a0incorporate an <a href=\"https:\/\/fcba-offshore.com\/en\/offshore-companies\/\">offshore company<\/a> in\u00a0Malta is something easy for us and we could enjoy our network and partnerships with\u00a0local banks\u00a0to you.<\/p>\n<p style=\"text-align: justify;\"><span title=\"Enfin, il faut savoir que le d\u00e9p\u00f4t initial de votre compte bancaire offshore demand\u00e9 par les banques est faible et ne sera donc en rien un frein quant \u00e0 l'ouverture de votre compte bancaire offshore sur l'\u00eele.\">Finally, be aware that the initial deposit of your <a href=\"https:\/\/fcba-offshore.com\/en\/offshore-bank-account\/\">offshore bank account<\/a> required by banks is low and will therefore by no means be a drag for you to open your <a href=\"https:\/\/fcba-offshore.com\/en\/offshore-bank-account\/\">offshore bank account<\/a>.<\/span><\/p>\n<p>&nbsp;<\/p>\n<p style=\"text-align: justify;\"><a href=\"https:\/\/fcba-offshore.com\/en\/contact\/\">Please if you need any additional information feel free to contact\u00a0FCBA Offshore Ltd\u00a0team members.<\/a><\/p>\n<p>&nbsp;<\/p>\n<p style=\"text-align: justify;\"><a href=\"http:\/\/fcba-offshore.com\/wp-content\/uploads\/2014\/06\/logo-small.png\"><img loading=\"lazy\" decoding=\"async\" class=\"alignnone size-full wp-image-479\" src=\"http:\/\/fcba-offshore.com\/wp-content\/uploads\/2014\/06\/logo-small.png\" alt=\"Logo offshore small\" width=\"142\" height=\"31\" \/><\/a><\/p>\n","protected":false},"excerpt":{"rendered":"<p>&nbsp; Offshore\u00a0business in\u00a0Malta: &nbsp; The island of Malta is located in the Mediterranean Sea, next to Sicily. This country is the smallest state among the\u00a0European Union members. Its rigorous and conservative banking system make this place one of the more interesting offshore destination. Moreover, Malta which used to be under British dominance has a\u00a0very business&hellip;<\/p>\n","protected":false},"author":1,"featured_media":0,"parent":0,"menu_order":0,"comment_status":"closed","ping_status":"open","template":"","meta":{"footnotes":""},"class_list":["post-181","page","type-page","status-publish","hentry"],"_links":{"self":[{"href":"https:\/\/fcba-offshore.com\/en\/wp-json\/wp\/v2\/pages\/181","targetHints":{"allow":["GET"]}}],"collection":[{"href":"https:\/\/fcba-offshore.com\/en\/wp-json\/wp\/v2\/pages"}],"about":[{"href":"https:\/\/fcba-offshore.com\/en\/wp-json\/wp\/v2\/types\/page"}],"author":[{"embeddable":true,"href":"https:\/\/fcba-offshore.com\/en\/wp-json\/wp\/v2\/users\/1"}],"replies":[{"embeddable":true,"href":"https:\/\/fcba-offshore.com\/en\/wp-json\/wp\/v2\/comments?post=181"}],"version-history":[{"count":10,"href":"https:\/\/fcba-offshore.com\/en\/wp-json\/wp\/v2\/pages\/181\/revisions"}],"predecessor-version":[{"id":1701,"href":"https:\/\/fcba-offshore.com\/en\/wp-json\/wp\/v2\/pages\/181\/revisions\/1701"}],"wp:attachment":[{"href":"https:\/\/fcba-offshore.com\/en\/wp-json\/wp\/v2\/media?parent=181"}],"curies":[{"name":"wp","href":"https:\/\/api.w.org\/{rel}","templated":true}]}}