{"id":185,"date":"2014-06-06T14:22:31","date_gmt":"2014-06-06T14:22:31","guid":{"rendered":"http:\/\/fcba-offshore.com\/?page_id=185"},"modified":"2017-01-05T13:12:35","modified_gmt":"2017-01-05T13:12:35","slug":"offshore-company-in-latvia","status":"publish","type":"page","link":"https:\/\/fcba-offshore.com\/en\/offshore-company-in-latvia\/","title":{"rendered":"Latvia"},"content":{"rendered":"<h1><a href=\"http:\/\/fcba-offshore.com\/wp-content\/uploads\/2014\/06\/Lettonie.png\"><img loading=\"lazy\" decoding=\"async\" class=\"alignnone size-full wp-image-353\" src=\"http:\/\/fcba-offshore.com\/wp-content\/uploads\/2014\/06\/Lettonie.png\" alt=\"Lettonie\" width=\"80\" height=\"47\" \/><\/a> <a href=\"http:\/\/fcba-offshore.com\/wp-content\/uploads\/2014\/06\/Lettonie-Offshore.png\"><img loading=\"lazy\" decoding=\"async\" class=\"size-medium wp-image-621 alignright\" src=\"http:\/\/fcba-offshore.com\/wp-content\/uploads\/2014\/06\/Lettonie-Offshore-300x131.png\" alt=\"Lettonie Offshore\" width=\"300\" height=\"131\" srcset=\"https:\/\/fcba-offshore.com\/wp-content\/uploads\/2014\/06\/Lettonie-Offshore-300x131.png 300w, https:\/\/fcba-offshore.com\/wp-content\/uploads\/2014\/06\/Lettonie-Offshore.png 641w, https:\/\/fcba-offshore.com\/wp-content\/uploads\/2014\/06\/Lettonie-Offshore-450x196.png 450w\" sizes=\"auto, (max-width: 300px) 100vw, 300px\" \/><\/a><\/h1>\n<p>&nbsp;<\/p>\n<h1>Offshore\u00a0business in\u00a0Latvia:<\/h1>\n<p>&nbsp;<\/p>\n<p style=\"text-align: justify;\">Latvia is one of the three Baltic States with Lithuania and Estonia. <span title=\"La Lettonie n'est pas tr\u00e8s m\u00e9diatis\u00e9e en Europe occidentale mais ce pays balte m\u00e9connu \u00e0 la croissance \u00e9conomique remarquable a rejoint l'Union Europ\u00e9enne en 2004 et pratique une fiscalit\u00e9 attrayante.\">Latvia is not\u00a0so popular\u00a0in Western Europe but this country\u00a0with a\u00a0remarkable economic growth\u00a0is\u00a0part of\u00a0the European Union\u00a0since 2004 and\u00a0has an attractive taxation policy. Moreover<\/span><span title=\"De plus, le co\u00fbt faible de sa main d'\u0153uvre et la simplicit\u00e9 de son administration en font un pays tr\u00e8s int\u00e9ressant \u00e0 bien des \u00e9gards.\">, the low cost of its workforce and\u00a0its very efficient\u00a0administration\u00a0make this country\u00a0very interesting for those willing to do business there.\u00a0<\/span><span title=\"Enfin, les simplifications fiscales, administratives et comptables mises en place par le gouvernement letton en r\u00e9ponse \u00e0 la crise financi\u00e8re attirent les capitaux \u00e9trangers.&lt;\/p&gt;&lt;br \/&gt;&lt;br \/&gt;&lt;br \/&gt;&lt;br \/&gt;&lt;br \/&gt;&lt;br \/&gt;\n&lt;p&gt;\">Finally, the recently introduced taxation, administrative and accounting simplifications by the Latvian government in response to the financial crisis are attracting many foreigners to invest in this country.<\/span><\/p>\n<p style=\"text-align: justify;\">The reasons why to consider Latvia as an interesting state to do business are numerous. First of all, as Latvia is a European Union member, the owner of\u00a0a Latvian <a href=\"https:\/\/fcba-offshore.com\/en\/offshore-companies\/\">offshore company <\/a>will never face any difficulties in having a business relation together with another European based corporate because its Latvian company will have a European VAT identification number. In comparison a lot of <a href=\"https:\/\/fcba-offshore.com\/en\/offshore-companies\/\">offshore companies<\/a> registered in more exotic jurisdictions\u00a0are not always compliance with international group policies. Secondly, Latvian companies can be managed by a non-resident person and the corporate profit tax\u00a0rate is only 15%. Also, all the administrative\u00a0obligations related to the maintenance of your company are simplified and not so expensive in comparison with many other offshore jurisdiction.\u00a0Besides, be aware of the fact that for those who would like to become a Latvian resident they will pay only a 22% income tax for incomes higher than \u20ac 15&#8217;000 and that this tax rate will be only 20% from 2015. This is another evidence proving the willingness of the Latvian government to decrease all the\u00a0taxation policies\u00a0in the country. Finally, the minimum share capital of your Latvian company is only \u20ac 2&#8217;800 but this can be paid over the first three years after the creation of your firm.<\/p>\n<p style=\"text-align: justify;\">At\u00a0FCBA Offshore Ltd, we do\u00a0strongly encourage our clients to\u00a0both open an <a href=\"https:\/\/fcba-offshore.com\/en\/offshore-bank-account\/\">offshore bank account<\/a>\u00a0and to incorporate\u00a0an <a href=\"https:\/\/fcba-offshore.com\/en\/offshore-companies\/\">offshore company <\/a>in Latvia. This country\u00a0guarantees you a lot of benefits and the quality of the financial sector services is one of the\u00a0best\u00a0in\u00a0Europe. Also, the confidentiality is high (the banking secrecy towards the\u00a0European Union was\u00a0guaranteed a few years ago)\u00a0\u00a0and the low costs of\u00a0the business administration of your company\u00a0makes Latvia\u00a0the\u00a0most affordable European offshore destination with the highest quality.<\/p>\n<p style=\"text-align: justify;\">Opening an <a href=\"https:\/\/fcba-offshore.com\/en\/offshore-bank-account\/\">offshore bank account<\/a> or to\u00a0incorporate an<a href=\"https:\/\/fcba-offshore.com\/en\/offshore-companies\/\"> offshore company <\/a>in\u00a0Latvia is something easy for us and we could enjoy our network and partnerships with\u00a0local banks\u00a0to you.<\/p>\n<p style=\"text-align: justify;\"><span title=\"Enfin, il faut savoir que le d\u00e9p\u00f4t initial de votre compte bancaire offshore demand\u00e9 par les banques est faible et ne sera donc en rien un frein quant \u00e0 l'ouverture de votre compte bancaire offshore sur l'\u00eele.\">Finally, be aware that the initial deposit of your <a href=\"https:\/\/fcba-offshore.com\/en\/offshore-bank-account\/\">offshore bank account<\/a> required by banks is low and will therefore by no means be a drag for you to open your <a href=\"https:\/\/fcba-offshore.com\/en\/offshore-bank-account\/\">offshore bank account<\/a>.<\/span><\/p>\n<p>&nbsp;<\/p>\n<p style=\"text-align: justify;\"><a href=\"https:\/\/fcba-offshore.com\/en\/contact\/\">Please if you need any additional information feel free to contact\u00a0FCBA Offshore Ltd\u00a0team members.<\/a><\/p>\n<p>&nbsp;<\/p>\n<p style=\"text-align: justify;\"><a href=\"http:\/\/fcba-offshore.com\/wp-content\/uploads\/2014\/06\/logo-small.png\"><img loading=\"lazy\" decoding=\"async\" class=\"alignnone size-full wp-image-479\" src=\"http:\/\/fcba-offshore.com\/wp-content\/uploads\/2014\/06\/logo-small.png\" alt=\"Logo offshore small\" width=\"142\" height=\"31\" \/><\/a><\/p>\n","protected":false},"excerpt":{"rendered":"<p>&nbsp; Offshore\u00a0business in\u00a0Latvia: &nbsp; Latvia is one of the three Baltic States with Lithuania and Estonia. Latvia is not\u00a0so popular\u00a0in Western Europe but this country\u00a0with a\u00a0remarkable economic growth\u00a0is\u00a0part of\u00a0the European Union\u00a0since 2004 and\u00a0has an attractive taxation policy. Moreover, the low cost of its workforce and\u00a0its very efficient\u00a0administration\u00a0make this country\u00a0very interesting for those willing to do&hellip;<\/p>\n","protected":false},"author":1,"featured_media":0,"parent":0,"menu_order":0,"comment_status":"closed","ping_status":"open","template":"","meta":{"footnotes":""},"class_list":["post-185","page","type-page","status-publish","hentry"],"_links":{"self":[{"href":"https:\/\/fcba-offshore.com\/en\/wp-json\/wp\/v2\/pages\/185","targetHints":{"allow":["GET"]}}],"collection":[{"href":"https:\/\/fcba-offshore.com\/en\/wp-json\/wp\/v2\/pages"}],"about":[{"href":"https:\/\/fcba-offshore.com\/en\/wp-json\/wp\/v2\/types\/page"}],"author":[{"embeddable":true,"href":"https:\/\/fcba-offshore.com\/en\/wp-json\/wp\/v2\/users\/1"}],"replies":[{"embeddable":true,"href":"https:\/\/fcba-offshore.com\/en\/wp-json\/wp\/v2\/comments?post=185"}],"version-history":[{"count":11,"href":"https:\/\/fcba-offshore.com\/en\/wp-json\/wp\/v2\/pages\/185\/revisions"}],"predecessor-version":[{"id":3237,"href":"https:\/\/fcba-offshore.com\/en\/wp-json\/wp\/v2\/pages\/185\/revisions\/3237"}],"wp:attachment":[{"href":"https:\/\/fcba-offshore.com\/en\/wp-json\/wp\/v2\/media?parent=185"}],"curies":[{"name":"wp","href":"https:\/\/api.w.org\/{rel}","templated":true}]}}