{"id":189,"date":"2014-06-06T14:23:08","date_gmt":"2014-06-06T14:23:08","guid":{"rendered":"http:\/\/fcba-offshore.com\/?page_id=189"},"modified":"2016-10-20T14:59:58","modified_gmt":"2016-10-20T14:59:58","slug":"offshore-company-in-dominica","status":"publish","type":"page","link":"https:\/\/fcba-offshore.com\/en\/offshore-company-in-dominica\/","title":{"rendered":"Dominica"},"content":{"rendered":"<h1><a href=\"http:\/\/fcba-offshore.com\/wp-content\/uploads\/2014\/06\/Dominique.png\"><img loading=\"lazy\" decoding=\"async\" class=\"alignnone size-full wp-image-347\" src=\"http:\/\/fcba-offshore.com\/wp-content\/uploads\/2014\/06\/Dominique.png\" alt=\"Dominique\" width=\"78\" height=\"41\" \/><\/a> <a href=\"http:\/\/fcba-offshore.com\/wp-content\/uploads\/2014\/06\/Dominique-Offshore-2.png\"><img loading=\"lazy\" decoding=\"async\" class=\"size-medium wp-image-577 alignright\" src=\"http:\/\/fcba-offshore.com\/wp-content\/uploads\/2014\/06\/Dominique-Offshore-2-300x131.png\" alt=\"Dominique Offshore 2\" width=\"300\" height=\"131\" srcset=\"https:\/\/fcba-offshore.com\/wp-content\/uploads\/2014\/06\/Dominique-Offshore-2-300x131.png 300w, https:\/\/fcba-offshore.com\/wp-content\/uploads\/2014\/06\/Dominique-Offshore-2.png 641w, https:\/\/fcba-offshore.com\/wp-content\/uploads\/2014\/06\/Dominique-Offshore-2-450x196.png 450w\" sizes=\"auto, (max-width: 300px) 100vw, 300px\" \/><\/a><\/h1>\n<p>&nbsp;<\/p>\n<h1>Offshore business in Dominica:<\/h1>\n<p>&nbsp;<\/p>\n<p style=\"text-align: justify;\"><span title=\"La Dominique est une \u00eele des cara\u00efbes situ\u00e9e dans l'oc\u00e9an atlantique qui est souvent confondue avec La R\u00e9publique Dominicaine.\">Dominica is a Caribbean island located in the Atlantic Ocean\u00a0and which\u00a0is often confused with the Dominican Republic. <\/span><span title=\"Or, La Dominique est bel et bien un \u00e9tat ind\u00e9pendant appartenant au Commonwealth o\u00f9 l'on y parle l'anglais et o\u00f9 la l\u00e9gislation en vigueur est largement comparable \u00e0 la l\u00e9gislation anglaise car tr\u00e8s souple.\">But Dominica is indeed an independent state and belongs to the Commonwealth\u00a0and the official language is the English.\u00a0Also,\u00a0the Dominican tax\u00a0authorities are\u00a0tax friendly with all\u00a0entities willing to do business out of the\u00a0archipelago and encourage you\u00a0to register\u00a0your corporate there by not taxing your offshore profit ie by doing business only out of their territory. Also, its very business oriented legislation because based on the\u00a0English model is flexible and modern\u00a0which is a strong\u00a0asset and motivated\u00a0many foreign investors\u00a0to move their business into this jurisdiction.<\/span><\/p>\n<p style=\"text-align: justify;\">There are many\u00a0benefits to\u00a0open an <a href=\"https:\/\/fcba-offshore.com\/en\/offshore-bank-account\/\">offshore bank account<\/a> or to incorporate an <a href=\"https:\/\/fcba-offshore.com\/en\/offshore-companies\/\">offshore company<\/a> in Dominica. The main ones are listed below:<\/p>\n<ul style=\"text-align: justify;\">\n<li>No VAT<\/li>\n<li>No corporate tax (during the 20 first years of existence of your company)<\/li>\n<li>Banking secrecy\u00a0(100% discretion)<\/li>\n<li>Non disclosure of the identity of business owners<\/li>\n<\/ul>\n<p style=\"text-align: justify;\"><span title=\"On pourrait \u00e9galement mettre en avant que le fait d'\u00eatre une place offshore relativement jeune et m\u00e9connue, la Dominique engendre moins de m\u00e9fiance de la part des autorit\u00e9s de contr\u00f4le europ\u00e9ennes bien que facturer une entreprise appartenant \u00e0 un grand groupe international ne sera pas chose ais\u00e9e\">We\u00a0could also highlight that being a relatively young and unknown offshore place, Dominica generates less suspicion from the European tax authorities. But still, to invoice and then to get paid by a company belonging to the European Union or a big international group will be difficult&#8230;<\/span><\/p>\n<p style=\"text-align: justify;\"><span title=\"Chez FCBA Offshore Ltd, nous conseillons l'ouverture d'un compte bancaire offshore ou la cr\u00e9ation d'une soci\u00e9t\u00e9 offshore en Dominique principalement pour les personnes n'\u00e9tant pas r\u00e9sident europ\u00e9en car le d\u00e9calage horaire de 6 heures entre la Dominique et la France par\">At FCBA Offshore Ltd, we recommend to open an <a href=\"https:\/\/fcba-offshore.com\/en\/offshore-bank-account\/\">offshore bank account<\/a> or\u00a0incorporate an <a href=\"https:\/\/fcba-offshore.com\/en\/offshore-companies\/\">offshore company <\/a>in Dominica\u00a0only for people not having any business relation with any European companies. Also, the\u00a0six hours time difference with Europe could\u00a0prevent you\u00a0from establishing an efficient daily contact with your bank.<\/span><\/p>\n<p style=\"text-align: justify;\">To open an <a href=\"https:\/\/fcba-offshore.com\/en\/offshore-bank-account\/\">offshore bank account<\/a> or to\u00a0incorporate an <a href=\"https:\/\/fcba-offshore.com\/en\/offshore-companies\/\">offshore company <\/a>in\u00a0Dominica is something easy for us and we could enjoy our network and partnerships with\u00a0local banks\u00a0to you.<\/p>\n<p style=\"text-align: justify;\"><span title=\"Enfin, il faut savoir que le d\u00e9p\u00f4t initial de votre compte bancaire offshore demand\u00e9 par les banques est faible et ne sera donc en rien un frein quant \u00e0 l'ouverture de votre compte bancaire offshore sur l'\u00eele.\">Finally, be aware that the initial deposit of your <a href=\"https:\/\/fcba-offshore.com\/en\/offshore-bank-account\/\">offshore bank account <\/a>required by banks is quite low and\u00a0should therefore by no means be a drag for you to open your <a href=\"https:\/\/fcba-offshore.com\/en\/offshore-bank-account\/\">offshore bank account<\/a>.<\/span><\/p>\n<p>&nbsp;<\/p>\n<p style=\"text-align: justify;\"><a href=\"https:\/\/fcba-offshore.com\/en\/contact\/\">Please if you need any additional information feel free to contact\u00a0FCBA Offshore Ltd\u00a0team members.<\/a><\/p>\n<p>&nbsp;<\/p>\n<p style=\"text-align: justify;\"><a href=\"http:\/\/fcba-offshore.com\/wp-content\/uploads\/2014\/06\/logo-small.png\"><img loading=\"lazy\" decoding=\"async\" class=\"alignnone size-full wp-image-479\" src=\"http:\/\/fcba-offshore.com\/wp-content\/uploads\/2014\/06\/logo-small.png\" alt=\"Logo offshore small\" width=\"142\" height=\"31\" \/><\/a><\/p>\n","protected":false},"excerpt":{"rendered":"<p>&nbsp; Offshore business in Dominica: &nbsp; Dominica is a Caribbean island located in the Atlantic Ocean\u00a0and which\u00a0is often confused with the Dominican Republic. But Dominica is indeed an independent state and belongs to the Commonwealth\u00a0and the official language is the English.\u00a0Also,\u00a0the Dominican tax\u00a0authorities are\u00a0tax friendly with all\u00a0entities willing to do business out of the\u00a0archipelago and&hellip;<\/p>\n","protected":false},"author":1,"featured_media":0,"parent":0,"menu_order":0,"comment_status":"closed","ping_status":"open","template":"","meta":{"footnotes":""},"class_list":["post-189","page","type-page","status-publish","hentry"],"_links":{"self":[{"href":"https:\/\/fcba-offshore.com\/en\/wp-json\/wp\/v2\/pages\/189","targetHints":{"allow":["GET"]}}],"collection":[{"href":"https:\/\/fcba-offshore.com\/en\/wp-json\/wp\/v2\/pages"}],"about":[{"href":"https:\/\/fcba-offshore.com\/en\/wp-json\/wp\/v2\/types\/page"}],"author":[{"embeddable":true,"href":"https:\/\/fcba-offshore.com\/en\/wp-json\/wp\/v2\/users\/1"}],"replies":[{"embeddable":true,"href":"https:\/\/fcba-offshore.com\/en\/wp-json\/wp\/v2\/comments?post=189"}],"version-history":[{"count":12,"href":"https:\/\/fcba-offshore.com\/en\/wp-json\/wp\/v2\/pages\/189\/revisions"}],"predecessor-version":[{"id":1687,"href":"https:\/\/fcba-offshore.com\/en\/wp-json\/wp\/v2\/pages\/189\/revisions\/1687"}],"wp:attachment":[{"href":"https:\/\/fcba-offshore.com\/en\/wp-json\/wp\/v2\/media?parent=189"}],"curies":[{"name":"wp","href":"https:\/\/api.w.org\/{rel}","templated":true}]}}