{"id":197,"date":"2014-06-06T14:24:34","date_gmt":"2014-06-06T14:24:34","guid":{"rendered":"http:\/\/fcba-offshore.com\/?page_id=197"},"modified":"2016-10-20T15:30:09","modified_gmt":"2016-10-20T15:30:09","slug":"offshore-company-in-nevis","status":"publish","type":"page","link":"https:\/\/fcba-offshore.com\/en\/offshore-company-in-nevis\/","title":{"rendered":"Nevis"},"content":{"rendered":"<h1><a href=\"http:\/\/fcba-offshore.com\/wp-content\/uploads\/2014\/06\/Nieves.png\"><img loading=\"lazy\" decoding=\"async\" class=\"alignnone size-full wp-image-365\" src=\"http:\/\/fcba-offshore.com\/wp-content\/uploads\/2014\/06\/Nieves.png\" alt=\"Nieves\" width=\"66\" height=\"43\" \/><\/a> <a href=\"http:\/\/fcba-offshore.com\/wp-content\/uploads\/2014\/06\/Neves-Offshore-2.png\"><img loading=\"lazy\" decoding=\"async\" class=\"size-medium wp-image-636 alignright\" src=\"http:\/\/fcba-offshore.com\/wp-content\/uploads\/2014\/06\/Neves-Offshore-2-300x131.png\" alt=\"Neves Offshore 2\" width=\"300\" height=\"131\" srcset=\"https:\/\/fcba-offshore.com\/wp-content\/uploads\/2014\/06\/Neves-Offshore-2-300x131.png 300w, https:\/\/fcba-offshore.com\/wp-content\/uploads\/2014\/06\/Neves-Offshore-2.png 641w, https:\/\/fcba-offshore.com\/wp-content\/uploads\/2014\/06\/Neves-Offshore-2-450x196.png 450w\" sizes=\"auto, (max-width: 300px) 100vw, 300px\" \/><\/a><\/h1>\n<p>&nbsp;<\/p>\n<h1>Offshore\u00a0business in\u00a0Nevis:<\/h1>\n<p>&nbsp;<\/p>\n<p style=\"text-align: justify;\">Nevis is a small island part of the Caribbean archipelago in the Atlantic Ocean and with only a little more than 12&#8217;000 inhabitants. Living meanly from fishing and tourism, local people are quite poor and financial institutions based in the island are mainly hiring people from abroad. This island is a Commonwealth member and has a very business oriented legislation because based on the\u00a0English model.\u00a0The laws there\u00a0are much more\u00a0flexible and modern\u00a0than in the European Union which is a strong\u00a0asset and motivates many foreign investors\u00a0to move their business into this jurisdiction. This almost unknown island in Europe guarantee a high level of confidentiality for those willing to open there an <a href=\"https:\/\/fcba-offshore.com\/en\/offshore-bank-account\/\">offshore bank account <\/a>or to incorporate an <a href=\"https:\/\/fcba-offshore.com\/en\/offshore-companies\/\">offshore company<\/a>.<\/p>\n<p style=\"text-align: justify;\">The main benefits of this jurisdiction are:<\/p>\n<ul style=\"text-align: justify;\">\n<li>No VAT<\/li>\n<li>No corporate profit tax (if you are a non-resident)<\/li>\n<li>No tax on dividends<\/li>\n<li>Guaranteed banking secrecy\u00a0(100% discretion)<\/li>\n<li>Non disclosure of the identity of business owners<\/li>\n<\/ul>\n<p style=\"text-align: justify;\">At\u00a0FCBA Offshore Ltd, we do recommend to our clients to either open an <a href=\"https:\/\/fcba-offshore.com\/en\/offshore-bank-account\/\">offshore bank account<\/a> or to incorporate an <a href=\"https:\/\/fcba-offshore.com\/en\/offshore-companies\/\">offshore company<\/a> in Nevis especially for people not having any business relation with European companies as this offshore jurisdiction could be considered as exotic by major international groups. On top of this, the huge hours difference with Europe\u00a0in addition to the fact that the island is small and that a few international banks have a branch on the island lead us to doubt about the long term benefits of having any assets and making any offshore business\u00a0in Nevis.<\/p>\n<p style=\"text-align: justify;\">Opening\u00a0an <a href=\"https:\/\/fcba-offshore.com\/en\/offshore-bank-account\/\">offshore bank account<\/a> or to\u00a0incorporate an <a href=\"https:\/\/fcba-offshore.com\/en\/offshore-companies\/\">offshore company<\/a> in\u00a0Nevis is something easy for us and we could enjoy our network and partnerships with\u00a0local banks\u00a0to you.<\/p>\n<p style=\"text-align: justify;\"><span title=\"Enfin, il faut savoir que le d\u00e9p\u00f4t initial de votre compte bancaire offshore demand\u00e9 par les banques est faible et ne sera donc en rien un frein quant \u00e0 l'ouverture de votre compte bancaire offshore sur l'\u00eele.\">Finally, be aware that the initial deposit of your <a href=\"https:\/\/fcba-offshore.com\/en\/offshore-bank-account\/\">offshore bank account<\/a> required by banks is quite low and\u00a0should therefore by no means be a drag for you to open your offshore bank account.<\/span><\/p>\n<p>&nbsp;<\/p>\n<p style=\"text-align: justify;\"><a href=\"https:\/\/fcba-offshore.com\/en\/contact\/\">Please if you need any additional information feel free to contact\u00a0FCBA Offshore Ltd\u00a0team members.<\/a><\/p>\n<p>&nbsp;<\/p>\n<p style=\"text-align: justify;\"><a href=\"http:\/\/fcba-offshore.com\/wp-content\/uploads\/2014\/06\/logo-small.png\"><img loading=\"lazy\" decoding=\"async\" class=\"alignnone size-full wp-image-479\" src=\"http:\/\/fcba-offshore.com\/wp-content\/uploads\/2014\/06\/logo-small.png\" alt=\"Logo offshore small\" width=\"142\" height=\"31\" \/><\/a><\/p>\n","protected":false},"excerpt":{"rendered":"<p>&nbsp; Offshore\u00a0business in\u00a0Nevis: &nbsp; Nevis is a small island part of the Caribbean archipelago in the Atlantic Ocean and with only a little more than 12&#8217;000 inhabitants. Living meanly from fishing and tourism, local people are quite poor and financial institutions based in the island are mainly hiring people from abroad. This island is a&hellip;<\/p>\n","protected":false},"author":1,"featured_media":0,"parent":0,"menu_order":0,"comment_status":"closed","ping_status":"open","template":"","meta":{"footnotes":""},"class_list":["post-197","page","type-page","status-publish","hentry"],"_links":{"self":[{"href":"https:\/\/fcba-offshore.com\/en\/wp-json\/wp\/v2\/pages\/197","targetHints":{"allow":["GET"]}}],"collection":[{"href":"https:\/\/fcba-offshore.com\/en\/wp-json\/wp\/v2\/pages"}],"about":[{"href":"https:\/\/fcba-offshore.com\/en\/wp-json\/wp\/v2\/types\/page"}],"author":[{"embeddable":true,"href":"https:\/\/fcba-offshore.com\/en\/wp-json\/wp\/v2\/users\/1"}],"replies":[{"embeddable":true,"href":"https:\/\/fcba-offshore.com\/en\/wp-json\/wp\/v2\/comments?post=197"}],"version-history":[{"count":10,"href":"https:\/\/fcba-offshore.com\/en\/wp-json\/wp\/v2\/pages\/197\/revisions"}],"predecessor-version":[{"id":1704,"href":"https:\/\/fcba-offshore.com\/en\/wp-json\/wp\/v2\/pages\/197\/revisions\/1704"}],"wp:attachment":[{"href":"https:\/\/fcba-offshore.com\/en\/wp-json\/wp\/v2\/media?parent=197"}],"curies":[{"name":"wp","href":"https:\/\/api.w.org\/{rel}","templated":true}]}}