{"id":201,"date":"2014-06-06T14:25:07","date_gmt":"2014-06-06T14:25:07","guid":{"rendered":"http:\/\/fcba-offshore.com\/?page_id=201"},"modified":"2016-10-20T15:34:09","modified_gmt":"2016-10-20T15:34:09","slug":"offshore-company-in-vanuatu","status":"publish","type":"page","link":"https:\/\/fcba-offshore.com\/en\/offshore-company-in-vanuatu\/","title":{"rendered":"Vanuatu"},"content":{"rendered":"<h1><a href=\"http:\/\/fcba-offshore.com\/wp-content\/uploads\/2014\/06\/Vanuatu.png\"><img loading=\"lazy\" decoding=\"async\" class=\"alignnone size-full wp-image-360\" src=\"http:\/\/fcba-offshore.com\/wp-content\/uploads\/2014\/06\/Vanuatu.png\" alt=\"Vanuatu\" width=\"69\" height=\"43\" \/><\/a> <a href=\"http:\/\/fcba-offshore.com\/wp-content\/uploads\/2014\/06\/Vanuatu-Offshore.png\"><img loading=\"lazy\" decoding=\"async\" class=\"size-medium wp-image-655 alignright\" src=\"http:\/\/fcba-offshore.com\/wp-content\/uploads\/2014\/06\/Vanuatu-Offshore-300x131.png\" alt=\"Vanuatu Offshore\" width=\"300\" height=\"131\" srcset=\"https:\/\/fcba-offshore.com\/wp-content\/uploads\/2014\/06\/Vanuatu-Offshore-300x131.png 300w, https:\/\/fcba-offshore.com\/wp-content\/uploads\/2014\/06\/Vanuatu-Offshore.png 641w, https:\/\/fcba-offshore.com\/wp-content\/uploads\/2014\/06\/Vanuatu-Offshore-450x196.png 450w\" sizes=\"auto, (max-width: 300px) 100vw, 300px\" \/><\/a><\/h1>\n<p>&nbsp;<\/p>\n<h1>Offshore business\u00a0in Vanuatu:<\/h1>\n<p>&nbsp;<\/p>\n<p style=\"text-align: justify;\">Vanuatu is an archipelago located in Oceania situated\u00a0in the north of Australia. This country is not very famous\u00a0worldwide and very low populated (there are approximately 260&#8217;000 inhabitants in Vanuatu) but is willing to attract foreign investments by practicing a very advantageous tax legislation for non-resident and <a href=\"https:\/\/fcba-offshore.com\/en\/offshore-companies\/\">offshore companies<\/a>. Besides its financial sector, the archipelago&#8217;s economy is based on fishing and tourism but the country is suffering from not having any natural resources available.<\/p>\n<p style=\"text-align: justify;\">The main benefits\u00a0to open\u00a0an <a href=\"https:\/\/fcba-offshore.com\/en\/offshore-bank-account\/\">offshore bank account<\/a>\u00a0or to incorporate there an <a href=\"https:\/\/fcba-offshore.com\/en\/offshore-companies\/\">offshore company in Vanuatu\u00a0<\/a>are:<\/p>\n<ul style=\"text-align: justify;\">\n<li>No corporate tax<\/li>\n<li>No tax on dividends<\/li>\n<li>No VAT<\/li>\n<li>100% guaranteed banking secrecy<\/li>\n<li>Non disclosure of the identity of business owners<\/li>\n<li>No minimum share capital<\/li>\n<li>No income tax<\/li>\n<li>No taxation on capital gains<\/li>\n<\/ul>\n<p style=\"text-align: justify;\">At FCBA Offshore Ltd, we do not really\u00a0advise our clients to neither open an <a href=\"https:\/\/fcba-offshore.com\/en\/offshore-bank-account\/\">offshore bank account<\/a>\u00a0nor to incorporate an <a href=\"https:\/\/fcba-offshore.com\/en\/offshore-companies\/\">offshore company <\/a>in\u00a0Vanuatu because of the political instability of the archipelago and the huge time difference between Vanuatu and Europe. But our recommendation would be to wait what will be the future of this jurisdiction and to follow the next economical results of the archipelago which could, if they are positive make Vanuatu a next interesting offshore destination. However, people willing to become a resident of Vanuatu are encouraged to do so as the financial benefits are strong and unique.<\/p>\n<p style=\"text-align: justify;\">Opening\u00a0an <a href=\"https:\/\/fcba-offshore.com\/en\/offshore-bank-account\/\">offshore bank account <\/a>or to\u00a0incorporate an <a href=\"https:\/\/fcba-offshore.com\/en\/offshore-companies\/\">offshore company<\/a> in\u00a0Vanuatu is something easy for us and we could enjoy our network and partnerships with\u00a0local banks\u00a0to you.<\/p>\n<p style=\"text-align: justify;\"><span title=\"Enfin, il faut savoir que le d\u00e9p\u00f4t initial de votre compte bancaire offshore demand\u00e9 par les banques est faible et ne sera donc en rien un frein quant \u00e0 l'ouverture de votre compte bancaire offshore sur l'\u00eele.\">Finally, be aware that the initial deposit of your <a href=\"https:\/\/fcba-offshore.com\/en\/offshore-bank-account\/\">offshore bank account <\/a>required by banks is quite low and\u00a0should therefore by no means be a drag for you to open your <a href=\"https:\/\/fcba-offshore.com\/en\/offshore-bank-account\/\">offshore bank account<\/a>.<\/span><\/p>\n<p>&nbsp;<\/p>\n<p style=\"text-align: justify;\"><a href=\"https:\/\/fcba-offshore.com\/en\/contact\/\">Please if you need any additional information feel free to contact\u00a0FCBA Offshore Ltd\u00a0team members.<\/a><\/p>\n<p>&nbsp;<\/p>\n<p style=\"text-align: justify;\"><a href=\"http:\/\/fcba-offshore.com\/wp-content\/uploads\/2014\/06\/logo-small.png\"><img loading=\"lazy\" decoding=\"async\" class=\"alignnone size-full wp-image-479\" src=\"http:\/\/fcba-offshore.com\/wp-content\/uploads\/2014\/06\/logo-small.png\" alt=\"Logo offshore small\" width=\"142\" height=\"31\" \/><\/a><\/p>\n","protected":false},"excerpt":{"rendered":"<p>&nbsp; Offshore business\u00a0in Vanuatu: &nbsp; Vanuatu is an archipelago located in Oceania situated\u00a0in the north of Australia. This country is not very famous\u00a0worldwide and very low populated (there are approximately 260&#8217;000 inhabitants in Vanuatu) but is willing to attract foreign investments by practicing a very advantageous tax legislation for non-resident and offshore companies. Besides its&hellip;<\/p>\n","protected":false},"author":1,"featured_media":0,"parent":0,"menu_order":0,"comment_status":"closed","ping_status":"open","template":"","meta":{"footnotes":""},"class_list":["post-201","page","type-page","status-publish","hentry"],"_links":{"self":[{"href":"https:\/\/fcba-offshore.com\/en\/wp-json\/wp\/v2\/pages\/201","targetHints":{"allow":["GET"]}}],"collection":[{"href":"https:\/\/fcba-offshore.com\/en\/wp-json\/wp\/v2\/pages"}],"about":[{"href":"https:\/\/fcba-offshore.com\/en\/wp-json\/wp\/v2\/types\/page"}],"author":[{"embeddable":true,"href":"https:\/\/fcba-offshore.com\/en\/wp-json\/wp\/v2\/users\/1"}],"replies":[{"embeddable":true,"href":"https:\/\/fcba-offshore.com\/en\/wp-json\/wp\/v2\/comments?post=201"}],"version-history":[{"count":9,"href":"https:\/\/fcba-offshore.com\/en\/wp-json\/wp\/v2\/pages\/201\/revisions"}],"predecessor-version":[{"id":3034,"href":"https:\/\/fcba-offshore.com\/en\/wp-json\/wp\/v2\/pages\/201\/revisions\/3034"}],"wp:attachment":[{"href":"https:\/\/fcba-offshore.com\/en\/wp-json\/wp\/v2\/media?parent=201"}],"curies":[{"name":"wp","href":"https:\/\/api.w.org\/{rel}","templated":true}]}}