{"id":217,"date":"2014-06-06T14:27:57","date_gmt":"2014-06-06T14:27:57","guid":{"rendered":"http:\/\/fcba-offshore.com\/?page_id=217"},"modified":"2016-10-20T15:32:10","modified_gmt":"2016-10-20T15:32:10","slug":"offshore-company-in-singapore","status":"publish","type":"page","link":"https:\/\/fcba-offshore.com\/en\/offshore-company-in-singapore\/","title":{"rendered":"Singapore"},"content":{"rendered":"<h1><a href=\"http:\/\/fcba-offshore.com\/wp-content\/uploads\/2014\/06\/Singapour.png\"><img loading=\"lazy\" decoding=\"async\" class=\"alignnone size-full wp-image-358\" src=\"http:\/\/fcba-offshore.com\/wp-content\/uploads\/2014\/06\/Singapour.png\" alt=\"Singapour\" width=\"64\" height=\"46\" \/><\/a> <a href=\"http:\/\/fcba-offshore.com\/wp-content\/uploads\/2014\/06\/Singapour-Offshore-2.png\"><img loading=\"lazy\" decoding=\"async\" class=\"size-medium wp-image-645 alignright\" src=\"http:\/\/fcba-offshore.com\/wp-content\/uploads\/2014\/06\/Singapour-Offshore-2-300x131.png\" alt=\"Singapour Offshore 2\" width=\"300\" height=\"131\" srcset=\"https:\/\/fcba-offshore.com\/wp-content\/uploads\/2014\/06\/Singapour-Offshore-2-300x131.png 300w, https:\/\/fcba-offshore.com\/wp-content\/uploads\/2014\/06\/Singapour-Offshore-2.png 641w, https:\/\/fcba-offshore.com\/wp-content\/uploads\/2014\/06\/Singapour-Offshore-2-450x196.png 450w\" sizes=\"auto, (max-width: 300px) 100vw, 300px\" \/><\/a><\/h1>\n<p>&nbsp;<\/p>\n<h1>Offshore\u00a0business\u00a0in<\/h1>\n<h1>Singapore:<\/h1>\n<p>&nbsp;<\/p>\n<p style=\"text-align: justify;\">Singapore is a city-state located in Southern Asia which is in one\u00a0of the world&#8217;s economical dynamic region.\u00a0Singapore\u00a0has a\u00a0very favorable tax\u00a0regime towards <a href=\"https:\/\/fcba-offshore.com\/en\/offshore-companies\/\">offshore companies<\/a> (ie conducting activities\u00a0outside of the jurisdiction), and is not listed as a tax heaven place by the OECD. That is the reason why we do say about Singapore that it is the Switzerland of Asia or the Asian Dragon.<\/p>\n<p style=\"text-align: justify;\">Incorporating its <a href=\"https:\/\/fcba-offshore.com\/en\/offshore-companies\/\">offshore company<\/a> in Singapore or to open\u00a0\u00a0there an <a href=\"https:\/\/fcba-offshore.com\/en\/offshore-bank-account\/\">offshore bank account<\/a> will allow you to benefit from the following advantages:<\/p>\n<ul style=\"text-align: justify;\">\n<li>No corporate tax (for non-resident)<\/li>\n<li>No tax on dividends<\/li>\n<li>No VAT<\/li>\n<li>100% guaranteed banking secrecy<\/li>\n<li>Non disclosure of the identity of business owners<\/li>\n<li>No minimum share capital<\/li>\n<\/ul>\n<p style=\"text-align: justify;\">At\u00a0FCBA Offshore Ltd, we do recommend our clients to open an <a href=\"https:\/\/fcba-offshore.com\/en\/offshore-bank-account\/\">offshore bank account<\/a> or to incorporate an <a href=\"https:\/\/fcba-offshore.com\/en\/offshore-companies\/\">offshore company<\/a> in Singapore because it is a very politically stable jurisdiction. Also, due to the fact that Singapore is not listed as a tax heaven by the OECD, it\u00a0will enable you to conduct a normal economical activity everywhere in the world. However, the adminsitrative obligations of this jurisdiction are quite high and the accounting requirements will generate important costs. Finally, the huge time difference between Singapore and Europe could\u00a0prevent you\u00a0from establishing an efficient daily contact with your bank or business partners.<\/p>\n<p style=\"text-align: justify;\">Opening an <a href=\"https:\/\/fcba-offshore.com\/en\/offshore-bank-account\/\">offshore bank account <\/a>or to\u00a0incorporate an <a href=\"https:\/\/fcba-offshore.com\/en\/offshore-companies\/\">offshore company<\/a> in\u00a0Singapore is something easy for us and we could enjoy our network and partnerships with\u00a0local banks\u00a0to you.<\/p>\n<p style=\"text-align: justify;\"><span title=\"Enfin, il faut savoir que le d\u00e9p\u00f4t initial de votre compte bancaire offshore demand\u00e9 par les banques est faible et ne sera donc en rien un frein quant \u00e0 l'ouverture de votre compte bancaire offshore sur l'\u00eele.\">Finally, be aware that the initial deposit of your <a href=\"https:\/\/fcba-offshore.com\/en\/offshore-bank-account\/\">offshore bank account<\/a> required by banks is quite\u00a0high\u00a0but\u00a0should therefore by no means be a drag for you to open your <a href=\"https:\/\/fcba-offshore.com\/en\/offshore-bank-account\/\">offshore bank account<\/a>.<\/span><\/p>\n<p>&nbsp;<\/p>\n<p style=\"text-align: justify;\"><a href=\"https:\/\/fcba-offshore.com\/en\/contact\/\">Please if you need any additional information feel free to contact\u00a0FCBA Offshore Ltd\u00a0team members.<\/a><\/p>\n<p>&nbsp;<\/p>\n<p style=\"text-align: justify;\"><a href=\"http:\/\/fcba-offshore.com\/wp-content\/uploads\/2014\/06\/logo-small.png\"><img loading=\"lazy\" decoding=\"async\" class=\"alignnone size-full wp-image-479\" src=\"http:\/\/fcba-offshore.com\/wp-content\/uploads\/2014\/06\/logo-small.png\" alt=\"Logo offshore small\" width=\"142\" height=\"31\" \/><\/a><\/p>\n","protected":false},"excerpt":{"rendered":"<p>&nbsp; Offshore\u00a0business\u00a0in Singapore: &nbsp; Singapore is a city-state located in Southern Asia which is in one\u00a0of the world&#8217;s economical dynamic region.\u00a0Singapore\u00a0has a\u00a0very favorable tax\u00a0regime towards offshore companies (ie conducting activities\u00a0outside of the jurisdiction), and is not listed as a tax heaven place by the OECD. That is the reason why we do say about Singapore&hellip;<\/p>\n","protected":false},"author":1,"featured_media":0,"parent":0,"menu_order":0,"comment_status":"closed","ping_status":"open","template":"","meta":{"footnotes":""},"class_list":["post-217","page","type-page","status-publish","hentry"],"_links":{"self":[{"href":"https:\/\/fcba-offshore.com\/en\/wp-json\/wp\/v2\/pages\/217","targetHints":{"allow":["GET"]}}],"collection":[{"href":"https:\/\/fcba-offshore.com\/en\/wp-json\/wp\/v2\/pages"}],"about":[{"href":"https:\/\/fcba-offshore.com\/en\/wp-json\/wp\/v2\/types\/page"}],"author":[{"embeddable":true,"href":"https:\/\/fcba-offshore.com\/en\/wp-json\/wp\/v2\/users\/1"}],"replies":[{"embeddable":true,"href":"https:\/\/fcba-offshore.com\/en\/wp-json\/wp\/v2\/comments?post=217"}],"version-history":[{"count":10,"href":"https:\/\/fcba-offshore.com\/en\/wp-json\/wp\/v2\/pages\/217\/revisions"}],"predecessor-version":[{"id":1711,"href":"https:\/\/fcba-offshore.com\/en\/wp-json\/wp\/v2\/pages\/217\/revisions\/1711"}],"wp:attachment":[{"href":"https:\/\/fcba-offshore.com\/en\/wp-json\/wp\/v2\/media?parent=217"}],"curies":[{"name":"wp","href":"https:\/\/api.w.org\/{rel}","templated":true}]}}