{"id":225,"date":"2014-06-06T14:29:03","date_gmt":"2014-06-06T14:29:03","guid":{"rendered":"http:\/\/fcba-offshore.com\/?page_id=225"},"modified":"2016-10-20T15:10:40","modified_gmt":"2016-10-20T15:10:40","slug":"offshore-company-in-the-isle-of-man","status":"publish","type":"page","link":"https:\/\/fcba-offshore.com\/en\/offshore-company-in-the-isle-of-man\/","title":{"rendered":"Isle of Man"},"content":{"rendered":"<h1><a href=\"http:\/\/fcba-offshore.com\/wp-content\/uploads\/2014\/06\/Ile-de-Man.png\"><img loading=\"lazy\" decoding=\"async\" class=\"alignnone size-full wp-image-350\" src=\"http:\/\/fcba-offshore.com\/wp-content\/uploads\/2014\/06\/Ile-de-Man.png\" alt=\"Ile-de-Man\" width=\"80\" height=\"51\" \/><\/a> <a href=\"http:\/\/fcba-offshore.com\/wp-content\/uploads\/2014\/06\/Ile-de-Man-Offshore.png\"><img loading=\"lazy\" decoding=\"async\" class=\"size-medium wp-image-601 alignright\" src=\"http:\/\/fcba-offshore.com\/wp-content\/uploads\/2014\/06\/Ile-de-Man-Offshore-300x131.png\" alt=\"Ile de Man Offshore\" width=\"300\" height=\"131\" srcset=\"https:\/\/fcba-offshore.com\/wp-content\/uploads\/2014\/06\/Ile-de-Man-Offshore-300x131.png 300w, https:\/\/fcba-offshore.com\/wp-content\/uploads\/2014\/06\/Ile-de-Man-Offshore.png 641w, https:\/\/fcba-offshore.com\/wp-content\/uploads\/2014\/06\/Ile-de-Man-Offshore-450x196.png 450w\" sizes=\"auto, (max-width: 300px) 100vw, 300px\" \/><\/a><\/h1>\n<p>&nbsp;<\/p>\n<h1>Offshore business in the Island of Man:<\/h1>\n<p>&nbsp;<\/p>\n<p style=\"text-align: justify;\">The Isle of Man is\u00a0nowadays quite\u00a0famous\u00a0in Europe. Located in the Irish Sea right between Ireland and Great Britain, this island is considered as an offshore destination as\u00a0the parliament of the island has full autonomy vis-\u00e0-vis its powerful neighbors regarding tax and social policies. Moreover, the administration of the island encourages development and investment\u00a0in both: banking and business sectors.<\/p>\n<p style=\"text-align: justify;\">Opening an <a href=\"https:\/\/fcba-offshore.com\/en\/offshore-bank-account\/\">offshore bank account<\/a> in the Isle of Man can be a very good business solution for our clients looking for higher banking services quality than the one offered on the continent. Thus, all major international banks have a branch in the Isle of Man and thanks to FCBA Offshore Ltd, you will be able to open their an <a href=\"https:\/\/fcba-offshore.com\/en\/offshore-bank-account\/\">offshore bank account<\/a> and to access\u00a0very efficient and innovative products. Your <a href=\"https:\/\/fcba-offshore.com\/en\/offshore-bank-account\/\">offshore bank account<\/a> can of course be a multicurrency one and you will be able to invest your money in high performance\u00a0products and as well, a personal advisor will be always available to answer all your questions. As for the incorporation of an <a href=\"https:\/\/fcba-offshore.com\/en\/offshore-companies\/\">offshore company<\/a>, the lsle of Man will guarantee you many benefits related to its low tax program and the simplicity of the local administration will ease all your business relations.<\/p>\n<p style=\"text-align: justify;\">At\u00a0FCBA Offshore Ltd, we do recommend to all\u00a0our clients willing to either\u00a0open an <a href=\"https:\/\/fcba-offshore.com\/en\/offshore-bank-account\/\">offshore bank account<\/a> or to incorporate an <a href=\"https:\/\/fcba-offshore.com\/en\/offshore-companies\/\">offshore company<\/a> in the Isle of Man to do so especially if they are not interested in anonymity. Actually, the recently signed transparency agreements between the Isle of Man and the European Union do not guarantee any\u00a0longer\u00a0any\u00a0confidentiality. Banking secrecy and the non-disclosure of your name as\u00a0the beneficial owner of an <a href=\"https:\/\/fcba-offshore.com\/en\/offshore-companies\/\">offshore company<\/a> in the Isle of Man\u00a0are no longer guaranteed for European resident.<\/p>\n<p style=\"text-align: justify;\">To open an <a href=\"https:\/\/fcba-offshore.com\/en\/offshore-bank-account\/\">offshore bank account <\/a>or to\u00a0incorporate an <a href=\"https:\/\/fcba-offshore.com\/en\/offshore-companies\/\">offshore company<\/a> in the Isle of Man\u00a0is something easy for us and we could enjoy our network and partnerships with\u00a0local banks\u00a0to you.<\/p>\n<p style=\"text-align: justify;\"><span title=\"Enfin, il faut savoir que le d\u00e9p\u00f4t initial de votre compte bancaire offshore demand\u00e9 par les banques est faible et ne sera donc en rien un frein quant \u00e0 l'ouverture de votre compte bancaire offshore sur l'\u00eele.\">Finally, be aware that the initial deposit of your <a href=\"https:\/\/fcba-offshore.com\/en\/offshore-bank-account\/\">offshore bank account<\/a> required by banks is\u00a0huge and\u00a0could therefore be a drag for you to open your <a href=\"https:\/\/fcba-offshore.com\/en\/offshore-bank-account\/\">offshore bank account <\/a>in the Isle of Man<\/span><\/p>\n<p>&nbsp;<\/p>\n<p style=\"text-align: justify;\"><a href=\"https:\/\/fcba-offshore.com\/en\/contact\/\">Please if you need any additional information feel free to contact\u00a0FCBA Offshore Ltd\u00a0team members.<\/a><\/p>\n<p>&nbsp;<\/p>\n<p style=\"text-align: justify;\"><a href=\"http:\/\/fcba-offshore.com\/wp-content\/uploads\/2014\/06\/logo-small.png\"><img loading=\"lazy\" decoding=\"async\" class=\"alignnone size-full wp-image-479\" src=\"http:\/\/fcba-offshore.com\/wp-content\/uploads\/2014\/06\/logo-small.png\" alt=\"Logo offshore small\" width=\"142\" height=\"31\" \/><\/a><\/p>\n","protected":false},"excerpt":{"rendered":"<p>&nbsp; Offshore business in the Island of Man: &nbsp; The Isle of Man is\u00a0nowadays quite\u00a0famous\u00a0in Europe. Located in the Irish Sea right between Ireland and Great Britain, this island is considered as an offshore destination as\u00a0the parliament of the island has full autonomy vis-\u00e0-vis its powerful neighbors regarding tax and social policies. Moreover, the administration&hellip;<\/p>\n","protected":false},"author":1,"featured_media":0,"parent":0,"menu_order":0,"comment_status":"closed","ping_status":"open","template":"","meta":{"footnotes":""},"class_list":["post-225","page","type-page","status-publish","hentry"],"_links":{"self":[{"href":"https:\/\/fcba-offshore.com\/en\/wp-json\/wp\/v2\/pages\/225","targetHints":{"allow":["GET"]}}],"collection":[{"href":"https:\/\/fcba-offshore.com\/en\/wp-json\/wp\/v2\/pages"}],"about":[{"href":"https:\/\/fcba-offshore.com\/en\/wp-json\/wp\/v2\/types\/page"}],"author":[{"embeddable":true,"href":"https:\/\/fcba-offshore.com\/en\/wp-json\/wp\/v2\/users\/1"}],"replies":[{"embeddable":true,"href":"https:\/\/fcba-offshore.com\/en\/wp-json\/wp\/v2\/comments?post=225"}],"version-history":[{"count":7,"href":"https:\/\/fcba-offshore.com\/en\/wp-json\/wp\/v2\/pages\/225\/revisions"}],"predecessor-version":[{"id":1695,"href":"https:\/\/fcba-offshore.com\/en\/wp-json\/wp\/v2\/pages\/225\/revisions\/1695"}],"wp:attachment":[{"href":"https:\/\/fcba-offshore.com\/en\/wp-json\/wp\/v2\/media?parent=225"}],"curies":[{"name":"wp","href":"https:\/\/api.w.org\/{rel}","templated":true}]}}