{"id":233,"date":"2014-06-06T14:30:25","date_gmt":"2014-06-06T14:30:25","guid":{"rendered":"http:\/\/fcba-offshore.com\/?page_id=233"},"modified":"2016-10-19T15:21:39","modified_gmt":"2016-10-19T15:21:39","slug":"offshore-company-in-the-cayman-islands","status":"publish","type":"page","link":"https:\/\/fcba-offshore.com\/en\/offshore-company-in-the-cayman-islands\/","title":{"rendered":"Cayman Islands"},"content":{"rendered":"<p><a href=\"http:\/\/fcba-offshore.com\/wp-content\/uploads\/2014\/06\/Iles-Caimans.png\"><img loading=\"lazy\" decoding=\"async\" class=\"alignnone size-full wp-image-343\" src=\"http:\/\/fcba-offshore.com\/wp-content\/uploads\/2014\/06\/Iles-Caimans.png\" alt=\"Iles-Caimans\" width=\"78\" height=\"40\" \/><\/a> <a href=\"http:\/\/fcba-offshore.com\/wp-content\/uploads\/2014\/06\/Iles-Caymans-Offshore.png\"><img loading=\"lazy\" decoding=\"async\" class=\"size-medium wp-image-598 alignright\" src=\"http:\/\/fcba-offshore.com\/wp-content\/uploads\/2014\/06\/Iles-Caymans-Offshore-300x131.png\" alt=\"Iles Caymans Offshore\" width=\"300\" height=\"131\" srcset=\"https:\/\/fcba-offshore.com\/wp-content\/uploads\/2014\/06\/Iles-Caymans-Offshore-300x131.png 300w, https:\/\/fcba-offshore.com\/wp-content\/uploads\/2014\/06\/Iles-Caymans-Offshore.png 641w, https:\/\/fcba-offshore.com\/wp-content\/uploads\/2014\/06\/Iles-Caymans-Offshore-450x196.png 450w\" sizes=\"auto, (max-width: 300px) 100vw, 300px\" \/><\/a><\/p>\n<p>&nbsp;<\/p>\n<h1>Offshore business in Cayman Islands:<\/h1>\n<p>&nbsp;<\/p>\n<p style=\"text-align: justify;\">The Cayman Islands\u00a0is an archipelago of the Caribbean Sea considered as a British overseas territory.\u00a0This\u00a0offshore place has been\u00a0highly described as one\u00a0of the most\u00a0popular offshore\u00a0destination by the media in the nineties because of all benefits they offered. However nowadays, due to many transparency agreements signed between the Cayman Islands and the United States of America, Ireland, the Netherlands, Scandinavian countries and the upcoming project to extend those agreements\u00a0with many other countries belonging to the OECD, we are now facing a case of &#8220;end of cycle&#8221; regarding this offshore jurisdiction according to many experts.<\/p>\n<p style=\"text-align: justify;\"><span title=\"En effet, bien que les lois fiscales des Iles Ca\u00efmans offrent toujours un taux de taxation de 0% pour les soci\u00e9t\u00e9s offshores, c'est-\u00e0-dire ayant des activit\u00e9s \u00e9conomiques situ\u00e9es uniquement en dehors du territoire, les autorit\u00e9s d\u00e9voilent maintenant le nom des\">Actually, although that the\u00a0tax\u00a0authorities\u00a0of the Cayman Islands offer a profit tax rate of 0% for <a href=\"https:\/\/fcba-offshore.com\/en\/offshore-companies\/\">offshore companies<\/a>, that is to say having only economic activities located outside the territory, the\u00a0Cayman Islands authorities\u00a0now reveal the business owners <\/span><span title=\"d\u00e9tenteurs de ces soci\u00e9t\u00e9s aux administrations comp\u00e9tentes des pays dans lesquels r\u00e9sident ces personnes.\">of <a href=\"https:\/\/fcba-offshore.com\/en\/offshore-companies\/\">offshore companies <\/a>registered on their territory. <\/span><span title=\"Il est donc toujours possible l\u00e9galement de ne pas \u00eatre impos\u00e9 sur les b\u00e9n\u00e9fices de sa soci\u00e9t\u00e9 offshore bas\u00e9e aux Iles Ca\u00efmans mais c'est bien le seul et unique avantage que cette juridiction apporte de nos jours.&lt;\/p&gt;&lt;br \/&gt;&lt;br \/&gt;&lt;br \/&gt;&lt;br \/&gt;&lt;br \/&gt;&lt;br \/&gt;&lt;br \/&gt;\n&lt;p&gt;\">It is therefore\u00a0still possible legally not to be taxed\u00a0on your\u00a0offshore business profit but this is the only one\u00a0benefit to incorporate your <a href=\"https:\/\/fcba-offshore.com\/en\/offshore-companies\/\">offshore company <\/a>in the Cayman Islands as there is no more anonymity.<\/span><\/p>\n<p style=\"text-align: justify;\">At\u00a0FCBA Offshore Ltd, we do not recommend anymore to our clients to open an <a href=\"https:\/\/fcba-offshore.com\/en\/offshore-bank-account\/\">offshore bank account<\/a> or to incorporate an <a href=\"https:\/\/fcba-offshore.com\/en\/offshore-companies\/\">offshore company <\/a>in the Cayman Islands resulting of the signature of these transparency agreements with different states. Even though all countries\u00a0have not yet signed these agreements, it seems\u00a0that according to many experts it will be the case soon.\u00a0That is why we do recommend also to the people having an <a href=\"https:\/\/fcba-offshore.com\/en\/offshore-bank-account\/?\">offshore bank account<\/a> or owning an <a href=\"https:\/\/fcba-offshore.com\/en\/offshore-companies\/\">offshore company <\/a>in the Cayman Islands to contact us in order to advise\u00a0you where you should relocate. Many other jurisdictions depending on your situation can\u00a0guarantee you both: discretion and bank secrecy.<\/p>\n<p style=\"text-align: justify;\">However\u00a0opening an <a href=\"https:\/\/fcba-offshore.com\/en\/offshore-bank-account\/\">offshore bank account<\/a> or to\u00a0incorporate an <a href=\"https:\/\/fcba-offshore.com\/en\/offshore-companies\/\">offshore company <\/a>in\u00a0the Cayman Islands\u00a0\u00a0is still\u00a0possible for us and we could enjoy our network and partnerships with\u00a0local banks\u00a0to you.<\/p>\n<p style=\"text-align: justify;\"><span class=\"hps\">Finally,<\/span> <span class=\"hps\">be aware that<\/span> <span class=\"hps\">the initial deposit<\/span> <span class=\"hps\">of your <a href=\"https:\/\/fcba-offshore.com\/en\/offshore-bank-account\/\">offshore<\/a><\/span><a href=\"https:\/\/fcba-offshore.com\/en\/offshore-bank-account\/\"> <span class=\"hps\">bank account<\/span><\/a> <span class=\"hps\">required<\/span> <span class=\"hps\">by local banks<\/span> <span class=\"hps\">can be quite<\/span> <span class=\"hps\">high and<\/span> <span class=\"hps\">therefore<\/span> <span class=\"hps\">you must have it at your disposal before starting any business in there.<\/span><\/p>\n<p>&nbsp;<\/p>\n<p style=\"text-align: justify;\"><a href=\"https:\/\/fcba-offshore.com\/en\/contact\/\">Please if you need any additional information feel free to contact\u00a0FCBA Offshore Ltd\u00a0team members.<\/a><\/p>\n<p>&nbsp;<\/p>\n<p style=\"text-align: justify;\"><a href=\"http:\/\/fcba-offshore.com\/wp-content\/uploads\/2014\/06\/logo-small.png\"><img loading=\"lazy\" decoding=\"async\" class=\"alignnone size-full wp-image-479\" src=\"http:\/\/fcba-offshore.com\/wp-content\/uploads\/2014\/06\/logo-small.png\" alt=\"Logo offshore small\" width=\"142\" height=\"31\" \/><\/a><\/p>\n","protected":false},"excerpt":{"rendered":"<p>&nbsp; Offshore business in Cayman Islands: &nbsp; The Cayman Islands\u00a0is an archipelago of the Caribbean Sea considered as a British overseas territory.\u00a0This\u00a0offshore place has been\u00a0highly described as one\u00a0of the most\u00a0popular offshore\u00a0destination by the media in the nineties because of all benefits they offered. However nowadays, due to many transparency agreements signed between the Cayman Islands&hellip;<\/p>\n","protected":false},"author":1,"featured_media":0,"parent":0,"menu_order":0,"comment_status":"closed","ping_status":"open","template":"","meta":{"footnotes":""},"class_list":["post-233","page","type-page","status-publish","hentry"],"_links":{"self":[{"href":"https:\/\/fcba-offshore.com\/en\/wp-json\/wp\/v2\/pages\/233","targetHints":{"allow":["GET"]}}],"collection":[{"href":"https:\/\/fcba-offshore.com\/en\/wp-json\/wp\/v2\/pages"}],"about":[{"href":"https:\/\/fcba-offshore.com\/en\/wp-json\/wp\/v2\/types\/page"}],"author":[{"embeddable":true,"href":"https:\/\/fcba-offshore.com\/en\/wp-json\/wp\/v2\/users\/1"}],"replies":[{"embeddable":true,"href":"https:\/\/fcba-offshore.com\/en\/wp-json\/wp\/v2\/comments?post=233"}],"version-history":[{"count":12,"href":"https:\/\/fcba-offshore.com\/en\/wp-json\/wp\/v2\/pages\/233\/revisions"}],"predecessor-version":[{"id":1683,"href":"https:\/\/fcba-offshore.com\/en\/wp-json\/wp\/v2\/pages\/233\/revisions\/1683"}],"wp:attachment":[{"href":"https:\/\/fcba-offshore.com\/en\/wp-json\/wp\/v2\/media?parent=233"}],"curies":[{"name":"wp","href":"https:\/\/api.w.org\/{rel}","templated":true}]}}