{"id":237,"date":"2014-06-06T14:31:01","date_gmt":"2014-06-06T14:31:01","guid":{"rendered":"http:\/\/fcba-offshore.com\/?page_id=237"},"modified":"2016-10-20T15:02:02","modified_gmt":"2016-10-20T15:02:02","slug":"offshore-company-in-dubai","status":"publish","type":"page","link":"https:\/\/fcba-offshore.com\/en\/offshore-company-in-dubai\/","title":{"rendered":"Dubai"},"content":{"rendered":"<h1><a href=\"http:\/\/fcba-offshore.com\/wp-content\/uploads\/2014\/06\/Dubai.png\"><img loading=\"lazy\" decoding=\"async\" class=\"alignnone size-full wp-image-348\" src=\"http:\/\/fcba-offshore.com\/wp-content\/uploads\/2014\/06\/Dubai.png\" alt=\"Dubai\" width=\"82\" height=\"48\" \/><\/a> <a href=\"http:\/\/fcba-offshore.com\/wp-content\/uploads\/2014\/06\/Dubai-offshore.png\"><img loading=\"lazy\" decoding=\"async\" class=\"size-medium wp-image-582 alignright\" src=\"http:\/\/fcba-offshore.com\/wp-content\/uploads\/2014\/06\/Dubai-offshore-300x131.png\" alt=\"Dubai offshore\" width=\"300\" height=\"131\" srcset=\"https:\/\/fcba-offshore.com\/wp-content\/uploads\/2014\/06\/Dubai-offshore-300x131.png 300w, https:\/\/fcba-offshore.com\/wp-content\/uploads\/2014\/06\/Dubai-offshore.png 641w, https:\/\/fcba-offshore.com\/wp-content\/uploads\/2014\/06\/Dubai-offshore-450x196.png 450w\" sizes=\"auto, (max-width: 300px) 100vw, 300px\" \/><\/a><\/h1>\n<p>&nbsp;<\/p>\n<h1>Offshore\u00a0business in\u00a0Dubai:<\/h1>\n<p>&nbsp;<\/p>\n<p style=\"text-align: justify;\">Dubai is nowadays widely recognized to be one of the most luxuous touristic destination worldwide. But also, Dubai has the ambition to grow its economy in order to be able to preserve its key position once the depletion of its natural resources such as gas and oil will have occurred.\u00a0That is why\u00a0Dubai is now focused on new technologies with high added values. <span title=\"On compte \u00e0 Duba\u00ef un peu plus de deux millions d'habitants qui font parties des personnes ayant le plus grand pouvoir d'achat au monde.&lt;\/p&gt;&lt;br \/&gt;&lt;br \/&gt;&lt;br \/&gt;&lt;br \/&gt;&lt;br \/&gt;&lt;br \/&gt;&lt;br \/&gt;\n&lt;p&gt;\">There are in Dubai just over two million\u00a0inhabitants who are among the\u00a0richest people\u00a0in the world.<\/span><\/p>\n<p style=\"text-align: justify;\">In terms of tax legislation, Dubai has a Duty Free Zone\u00a0which offers many benefits with good and stable business perspectives. The mains benefits\u00a0are listed below:<\/p>\n<ul style=\"text-align: justify;\">\n<li>No VAT<\/li>\n<li>No corporate tax (only for non-resident)<\/li>\n<li>No taxation on capital gains<\/li>\n<li>No taxation on salaries<\/li>\n<\/ul>\n<p style=\"text-align: justify;\"><span title=\"Chez FCBA Offshore Ltd, nous conseillons la cr\u00e9ation d'une soci\u00e9t\u00e9 offshore dans l'\u00e9mirat de Duba\u00ef \u00e0 toutes les personnes recherchant les avantages cit\u00e9s ci-dessus mais ne souhaitant pas b\u00e9n\u00e9ficier de discr\u00e9tion ou du secret bancaire quant \u00e0 l'existence de votre compte\">At FCBA Offshore Ltd, we do recommend to incorporate\u00a0an <a href=\"https:\/\/fcba-offshore.com\/en\/offshore-companies\/\">offshore company<\/a> in the Emirate of Dubai to all the people interested in the above mentioned benefits. But you must be aware that in term of discretion, Dubai is not the place to be chosen. Actually, there is neither bank secrecy nor\u00a0anonymity of the owner of company in there. It means that if you decide to open an <a href=\"https:\/\/fcba-offshore.com\/en\/offshore-bank-account\/\">offshore bank account <\/a>or to incorporate an <a href=\"https:\/\/fcba-offshore.com\/en\/offshore-companies\/\">offshore company<\/a>\u00a0there then\u00a0it will be known by everyone.\u00a0<\/span><span title=\"Aussi, il faut compter environ 60'000 euros \u00e0 apporter au capital de la soci\u00e9t\u00e9 ce qui peut rev\u00eatir un frein pour certaines personnes.\">Also, you may need to have a \u20ac 60&#8217;000 share capital which could be a drag for\u00a0you to set-up your business there.\u00a0<\/span><span title=\"Enfin, la comptabilit\u00e9 de votre soci\u00e9t\u00e9 est obligatoire et syst\u00e9matiquement contr\u00f4ler par les organismes de contr\u00f4le locaux.&lt;\/p&gt;&lt;br \/&gt;&lt;br \/&gt;&lt;br \/&gt;&lt;br \/&gt;&lt;br \/&gt;&lt;br \/&gt;&lt;br \/&gt;\n&lt;p&gt;\">Finally, accounting\u00a0standard required by the authority of the emirate are quite high so quite costly. And you must respect all policies because\u00a0of systematic controls by the local agencies.<br \/>\n<\/span><\/p>\n<p style=\"text-align: justify;\">To open an <a href=\"https:\/\/fcba-offshore.com\/en\/offshore-bank-account\/\">offshore bank account <\/a>or to\u00a0incorporate an <a href=\"https:\/\/fcba-offshore.com\/en\/offshore-companies\/\">offshore company<\/a>\u00a0in\u00a0Dubai is easy for us and we could enjoy our network and partnerships with\u00a0local banks\u00a0to you. However, bank fees (including both transaction and maintenance fees) are quite expensive compared to other banks located in\u00a0other jurisdictions.<\/p>\n<p style=\"text-align: justify;\">Finally, be aware of the fact that the initial deposit required by the banks is\u00a0quite big\u00a0and this could prevent you from having an easy and fast running business.<\/p>\n<p>&nbsp;<\/p>\n<p style=\"text-align: justify;\"><a href=\"https:\/\/fcba-offshore.com\/en\/contact\/\">Please if you need any additional information feel free to contact\u00a0FCBA Offshore Ltd\u00a0team members.<\/a><\/p>\n<p>&nbsp;<\/p>\n<p style=\"text-align: justify;\"><a href=\"http:\/\/fcba-offshore.com\/wp-content\/uploads\/2014\/06\/logo-small.png\"><img loading=\"lazy\" decoding=\"async\" class=\"alignnone size-full wp-image-479\" src=\"http:\/\/fcba-offshore.com\/wp-content\/uploads\/2014\/06\/logo-small.png\" alt=\"Logo offshore small\" width=\"142\" height=\"31\" \/><\/a><\/p>\n","protected":false},"excerpt":{"rendered":"<p>&nbsp; Offshore\u00a0business in\u00a0Dubai: &nbsp; Dubai is nowadays widely recognized to be one of the most luxuous touristic destination worldwide. But also, Dubai has the ambition to grow its economy in order to be able to preserve its key position once the depletion of its natural resources such as gas and oil will have occurred.\u00a0That is&hellip;<\/p>\n","protected":false},"author":1,"featured_media":0,"parent":0,"menu_order":0,"comment_status":"closed","ping_status":"open","template":"","meta":{"footnotes":""},"class_list":["post-237","page","type-page","status-publish","hentry"],"_links":{"self":[{"href":"https:\/\/fcba-offshore.com\/en\/wp-json\/wp\/v2\/pages\/237","targetHints":{"allow":["GET"]}}],"collection":[{"href":"https:\/\/fcba-offshore.com\/en\/wp-json\/wp\/v2\/pages"}],"about":[{"href":"https:\/\/fcba-offshore.com\/en\/wp-json\/wp\/v2\/types\/page"}],"author":[{"embeddable":true,"href":"https:\/\/fcba-offshore.com\/en\/wp-json\/wp\/v2\/users\/1"}],"replies":[{"embeddable":true,"href":"https:\/\/fcba-offshore.com\/en\/wp-json\/wp\/v2\/comments?post=237"}],"version-history":[{"count":12,"href":"https:\/\/fcba-offshore.com\/en\/wp-json\/wp\/v2\/pages\/237\/revisions"}],"predecessor-version":[{"id":3031,"href":"https:\/\/fcba-offshore.com\/en\/wp-json\/wp\/v2\/pages\/237\/revisions\/3031"}],"wp:attachment":[{"href":"https:\/\/fcba-offshore.com\/en\/wp-json\/wp\/v2\/media?parent=237"}],"curies":[{"name":"wp","href":"https:\/\/api.w.org\/{rel}","templated":true}]}}