{"id":249,"date":"2014-06-06T18:30:28","date_gmt":"2014-06-06T18:30:28","guid":{"rendered":"http:\/\/fcba-offshore.com\/?page_id=249"},"modified":"2016-10-20T15:10:03","modified_gmt":"2016-10-20T15:10:03","slug":"offshore-company-in-ireland","status":"publish","type":"page","link":"https:\/\/fcba-offshore.com\/en\/offshore-company-in-ireland\/","title":{"rendered":"Ireland"},"content":{"rendered":"<h1><a href=\"http:\/\/fcba-offshore.com\/wp-content\/uploads\/2014\/06\/Irelande.png\"><img loading=\"lazy\" decoding=\"async\" class=\"alignnone size-full wp-image-367\" src=\"http:\/\/fcba-offshore.com\/wp-content\/uploads\/2014\/06\/Irelande.png\" alt=\"Irelande\" width=\"72\" height=\"55\" \/><\/a> <a href=\"http:\/\/fcba-offshore.com\/wp-content\/uploads\/2014\/06\/Irlande-Offshore.png\"><img loading=\"lazy\" decoding=\"async\" class=\"size-medium wp-image-613 alignright\" src=\"http:\/\/fcba-offshore.com\/wp-content\/uploads\/2014\/06\/Irlande-Offshore-300x131.png\" alt=\"Irlande Offshore\" width=\"300\" height=\"131\" srcset=\"https:\/\/fcba-offshore.com\/wp-content\/uploads\/2014\/06\/Irlande-Offshore-300x131.png 300w, https:\/\/fcba-offshore.com\/wp-content\/uploads\/2014\/06\/Irlande-Offshore.png 641w, https:\/\/fcba-offshore.com\/wp-content\/uploads\/2014\/06\/Irlande-Offshore-450x196.png 450w\" sizes=\"auto, (max-width: 300px) 100vw, 300px\" \/><\/a><\/h1>\n<p>&nbsp;<\/p>\n<h1>Offshore business in Ireland:<\/h1>\n<p>&nbsp;<\/p>\n<p style=\"text-align: justify;\">We do not need to introduce Ireland which is a member of the European Union for more than 40 years\u00a0and is one of its major dynamic states with Great Britain.\u00a0Formerly named the &#8220;Celtic Tiger&#8221;, Ireland has\u00a0developed its economy with the establishment of\u00a0a low taxation system. Even if deeply affected by the\u00a0so called &#8220;subprime crisis&#8221;, Ireland recovered quickly by attracting many\u00a0foreign companies to register on its territory. Actually, many big international companies such as Google for instance have\u00a0decided to incorporate\u00a0a subsidiary in Ireland from where they can manage all their\u00a0European business.<\/p>\n<p style=\"text-align: justify;\">There are different reasons\u00a0why Ireland is attractive as an offshore destination. First of all, as a member of the European Union,\u00a0your <a href=\"https:\/\/fcba-offshore.com\/en\/offshore-companies\/\">offshore company<\/a> registered in Ireland will never face any problem in\u00a0invoicing another European company. Actually sometimes, <a href=\"https:\/\/fcba-offshore.com\/en\/offshore-companies\/\">offshore companies <\/a>incorporated in more exotic jurisdictions\u00a0can have problems in establishing a business relation\u00a0with the financial departments of big and international groups but Ireland will\u00a0be considered as 100% secured by them.\u00a0Secondly, Irish companies can be managed from abroad and the profit tax rate is only 12,5%. Finally administrative obligations in Ireland are lower than in many other offshore jurisdictions.<\/p>\n<p style=\"text-align: justify;\">At\u00a0FCBA Offshore we do recommend to our clients to either incorporate an <a href=\"https:\/\/fcba-offshore.com\/en\/offshore-companies\/\">offshore company <\/a>in Ireland or to open their an <a href=\"https:\/\/fcba-offshore.com\/en\/offshore-bank-account\/\">offshore bank account<\/a>. But even though if Ireland offers many benefits, be aware of the fact that this destination is expensive regarding all adminsitrative aspects, accounting obligations, secretary&#8230; Finally, y<span title=\"Aussi, il faut compter environ 60'000 euros \u00e0 apporter au capital de la soci\u00e9t\u00e9 ce qui peut rev\u00eatir un frein pour certaines personnes.\">ou may need to have an initial\u00a0\u20ac 38&#8217;000 share capital which could be a drag for\u00a0you to set-up your business there.<\/span><\/p>\n<p style=\"text-align: justify;\">To open an <a href=\"https:\/\/fcba-offshore.com\/en\/offshore-bank-account\/\">offshore bank account<\/a> or to\u00a0incorporate an <a href=\"https:\/\/fcba-offshore.com\/en\/offshore-companies\/\">offshore company<\/a> in Ireland\u00a0is easy for us and we could enjoy our network and partnerships with\u00a0local banks\u00a0to you.<\/p>\n<p style=\"text-align: justify;\">Finally, be aware of the fact that the initial deposit required by the banks is\u00a0quite big\u00a0and this could prevent you from having an easy and fast running business.<\/p>\n<p>&nbsp;<\/p>\n<p style=\"text-align: justify;\"><a href=\"https:\/\/fcba-offshore.com\/en\/contact\/\">Please if you need any additional information feel free to contact\u00a0FCBA Offshore Ltd\u00a0team members.<\/a><\/p>\n<p>&nbsp;<\/p>\n<p style=\"text-align: justify;\"><a href=\"http:\/\/fcba-offshore.com\/wp-content\/uploads\/2014\/06\/logo-small.png\"><img loading=\"lazy\" decoding=\"async\" class=\"alignnone size-full wp-image-479\" src=\"http:\/\/fcba-offshore.com\/wp-content\/uploads\/2014\/06\/logo-small.png\" alt=\"Logo offshore small\" width=\"142\" height=\"31\" \/><\/a><\/p>\n","protected":false},"excerpt":{"rendered":"<p>&nbsp; Offshore business in Ireland: &nbsp; We do not need to introduce Ireland which is a member of the European Union for more than 40 years\u00a0and is one of its major dynamic states with Great Britain.\u00a0Formerly named the &#8220;Celtic Tiger&#8221;, Ireland has\u00a0developed its economy with the establishment of\u00a0a low taxation system. Even if deeply affected&hellip;<\/p>\n","protected":false},"author":1,"featured_media":0,"parent":0,"menu_order":0,"comment_status":"closed","ping_status":"open","template":"","meta":{"footnotes":""},"class_list":["post-249","page","type-page","status-publish","hentry"],"_links":{"self":[{"href":"https:\/\/fcba-offshore.com\/en\/wp-json\/wp\/v2\/pages\/249","targetHints":{"allow":["GET"]}}],"collection":[{"href":"https:\/\/fcba-offshore.com\/en\/wp-json\/wp\/v2\/pages"}],"about":[{"href":"https:\/\/fcba-offshore.com\/en\/wp-json\/wp\/v2\/types\/page"}],"author":[{"embeddable":true,"href":"https:\/\/fcba-offshore.com\/en\/wp-json\/wp\/v2\/users\/1"}],"replies":[{"embeddable":true,"href":"https:\/\/fcba-offshore.com\/en\/wp-json\/wp\/v2\/comments?post=249"}],"version-history":[{"count":9,"href":"https:\/\/fcba-offshore.com\/en\/wp-json\/wp\/v2\/pages\/249\/revisions"}],"predecessor-version":[{"id":1694,"href":"https:\/\/fcba-offshore.com\/en\/wp-json\/wp\/v2\/pages\/249\/revisions\/1694"}],"wp:attachment":[{"href":"https:\/\/fcba-offshore.com\/en\/wp-json\/wp\/v2\/media?parent=249"}],"curies":[{"name":"wp","href":"https:\/\/api.w.org\/{rel}","templated":true}]}}