{"id":253,"date":"2014-06-06T18:32:57","date_gmt":"2014-06-06T18:32:57","guid":{"rendered":"http:\/\/fcba-offshore.com\/?page_id=253"},"modified":"2016-10-20T14:59:36","modified_gmt":"2016-10-20T14:59:36","slug":"offshore-company-in-delaware","status":"publish","type":"page","link":"https:\/\/fcba-offshore.com\/en\/offshore-company-in-delaware\/","title":{"rendered":"Delaware"},"content":{"rendered":"<h1><a href=\"http:\/\/fcba-offshore.com\/wp-content\/uploads\/2014\/06\/Delaware.png\"><img loading=\"lazy\" decoding=\"async\" class=\"alignnone size-full wp-image-346\" src=\"http:\/\/fcba-offshore.com\/wp-content\/uploads\/2014\/06\/Delaware.png\" alt=\"Delaware\" width=\"79\" height=\"44\" \/><\/a> <a href=\"http:\/\/fcba-offshore.com\/wp-content\/uploads\/2014\/06\/Delaware-offshore-2.png\"><img loading=\"lazy\" decoding=\"async\" class=\"size-medium wp-image-575 alignright\" src=\"http:\/\/fcba-offshore.com\/wp-content\/uploads\/2014\/06\/Delaware-offshore-2-300x131.png\" alt=\"Delaware offshore 2\" width=\"300\" height=\"131\" srcset=\"https:\/\/fcba-offshore.com\/wp-content\/uploads\/2014\/06\/Delaware-offshore-2-300x131.png 300w, https:\/\/fcba-offshore.com\/wp-content\/uploads\/2014\/06\/Delaware-offshore-2.png 641w, https:\/\/fcba-offshore.com\/wp-content\/uploads\/2014\/06\/Delaware-offshore-2-450x196.png 450w\" sizes=\"auto, (max-width: 300px) 100vw, 300px\" \/><\/a><\/h1>\n<p>&nbsp;<\/p>\n<h1>Offshore\u00a0business in\u00a0Delaware:<\/h1>\n<p>&nbsp;<\/p>\n<p style=\"text-align: justify;\">The state of Delaware is one of the 50 states of the United States of America, located in the northeast of the country. <span title=\"Cette destination offshore historique b\u00e9n\u00e9ficie d'une grande notori\u00e9t\u00e9 dans le monde entier et reste certainement la destination offshore la plus connue internationalement.\">This historical offshore\u00a0place enjoys a great international reputation and certainly remains as one of the most well known offshore jurisdiction worldwide. <\/span><span title=\"En plus de proposer des avantages fiscaux hyper comp\u00e9titifs aux d\u00e9tenteurs de soci\u00e9t\u00e9 offshore enregistr\u00e9e sur son territoire, le Delaware peut permettre \u00e0 son propri\u00e9taire d'obtenir une carte verte am\u00e9ricaine permettant le s\u00e9jour et la r\u00e9sidence aux USA.&lt;\/p&gt;&lt;br \/&gt;&lt;br \/&gt;&lt;br \/&gt;&lt;br \/&gt;&lt;br \/&gt;&lt;br \/&gt;&lt;br \/&gt;&lt;br \/&gt;&lt;br \/&gt;&lt;br \/&gt; &lt;p&gt;\">In addition to provide very competitive tax benefits for all companies incorporated on its territory, the state of Delaware can also allow (under certain conditions) the beneficial owner of the <a href=\"https:\/\/fcba-offshore.com\/en\/offshore-companies\/\">offshore company<\/a> to get the American Green Card and to become a US resident.<\/span><\/p>\n<p style=\"text-align: justify;\"><span title=\"Le principal avantage de poss\u00e9der une soci\u00e9t\u00e9 offshore situ\u00e9e au Delaware est la non imposition des b\u00e9n\u00e9fices li\u00e9s \u00e0 votre activit\u00e9 commerciale offshore, c'est-\u00e0-dire r\u00e9alis\u00e9e en dehors des Etats Unis d'Am\u00e9rique.\">The main benefit of having an\u00a0<a href=\"https:\/\/fcba-offshore.com\/en\/offshore-companies\/\">offshore company<\/a>\u00a0in Delaware is that the local authorities are\u00a0tax friendly with all\u00a0entities willing to do business out of the\u00a0state. The state of Delaware encourages you\u00a0to register\u00a0your <a href=\"https:\/\/fcba-offshore.com\/en\/offshore-companies\/?\">offshore corporate<\/a> there by not taxing your offshore profit ie done\u00a0outside of the territory. <\/span><span title=\"Cependant, sa m\u00e9diatisation forte en Europe a rendu difficile l'utilisation de votre soci\u00e9t\u00e9 offshore au sein de l'union europ\u00e9enne.\">However, its strong mediatization in Europe has made it difficult to use your <a href=\"https:\/\/fcba-offshore.com\/en\/offshore-companies\/\">offshore company<\/a> incorporated in Delaware within the European Union. <\/span><span title=\"En effet, les soci\u00e9t\u00e9s que vous serez amen\u00e9 \u00e0 facturer pourraient se voir notifier une reclassification fiscale par les autorit\u00e9s de r\u00e9gularisation fiscales de leur pays.&lt;\/p&gt;&lt;br \/&gt;&lt;br \/&gt;&lt;br \/&gt;&lt;br \/&gt;&lt;br \/&gt;&lt;br \/&gt;&lt;br \/&gt;&lt;br \/&gt;&lt;br \/&gt;&lt;br \/&gt; &lt;p&gt;\">Indeed, the European tax authorities may notify a reclassification to the local companies having been charged by an <a href=\"https:\/\/fcba-offshore.com\/en\/offshore-companies\/\">offshore company<\/a>\u00a0incorporated in Delaware.<\/span><\/p>\n<p style=\"text-align: justify;\">That&#8217;s why, at FCBA Offshore Ltd, we do recommend first to the owners of an <a href=\"https:\/\/fcba-offshore.com\/en\/offshore-companies\/\">offshore corporate<\/a> registered in Delaware and having\u00a0difficulties in\u00a0invoicing some\u00a0business partners\u00a0to contact us. We will advise you to incorporate a company within a new jurisdiction which will not prevent you from charging your clients. Also<span title=\"Deuxi\u00e8mement, pour ceux int\u00e9ress\u00e9s par l'ouverture d'un compte bancaire offshore li\u00e9 \u00e0 leur soci\u00e9t\u00e9 d\u00e9j\u00e0 enregistr\u00e9e, nous avons des partenaires bancaires solides et exp\u00e9riment\u00e9s qui seront vous proposer l'ensemble des services bancaires dont vous avez besoin.&lt;\/p&gt;&lt;br \/&gt;&lt;br \/&gt;&lt;br \/&gt;&lt;br \/&gt;&lt;br \/&gt;&lt;br \/&gt;&lt;br \/&gt;&lt;br \/&gt;&lt;br \/&gt;&lt;br \/&gt; &lt;p&gt;\">, for those interested in opening an <a href=\"https:\/\/fcba-offshore.com\/en\/offshore-bank-account\/\">offshore bank account<\/a> linked to their offshore company already incorporated in Delaware, be aware that we do have strong and experienced banking partners that will offer all banking services you need.<\/span><\/p>\n<p style=\"text-align: justify;\">To open an <a href=\"https:\/\/fcba-offshore.com\/en\/offshore-bank-account\/\">offshore bank account<\/a> or to\u00a0incorporate an <a href=\"https:\/\/fcba-offshore.com\/en\/offshore-companies\/\">offshore company<\/a> in\u00a0Delaware is something easy for us and we could enjoy our network and partnerships with\u00a0local banks\u00a0to you.<\/p>\n<p style=\"text-align: justify;\"><span title=\"Enfin, il faut savoir que le d\u00e9p\u00f4t initial de votre compte bancaire offshore demand\u00e9 par les banques est faible et ne sera donc en rien un frein quant \u00e0 l'ouverture de votre compte bancaire offshore sur l'\u00eele.\">Finally, be aware that the initial deposit of your <a href=\"https:\/\/fcba-offshore.com\/en\/offshore-bank-account\/\">offshore bank account<\/a> required by banks is quite low and\u00a0should therefore by no means be a drag for you to open your offshore ban account.<\/span><\/p>\n<p>&nbsp;<\/p>\n<p style=\"text-align: justify;\"><a href=\"https:\/\/fcba-offshore.com\/en\/contact\/\">Please if you need any additional information feel free to contact\u00a0FCBA Offshore Ltd\u00a0team members.<\/a><\/p>\n<p>&nbsp;<\/p>\n<p style=\"text-align: justify;\"><a href=\"http:\/\/fcba-offshore.com\/wp-content\/uploads\/2014\/06\/logo-small.png\"><img loading=\"lazy\" decoding=\"async\" class=\"alignnone size-full wp-image-479\" src=\"http:\/\/fcba-offshore.com\/wp-content\/uploads\/2014\/06\/logo-small.png\" alt=\"Logo offshore small\" width=\"142\" height=\"31\" \/><\/a><\/p>\n","protected":false},"excerpt":{"rendered":"<p>&nbsp; Offshore\u00a0business in\u00a0Delaware: &nbsp; The state of Delaware is one of the 50 states of the United States of America, located in the northeast of the country. This historical offshore\u00a0place enjoys a great international reputation and certainly remains as one of the most well known offshore jurisdiction worldwide. In addition to provide very competitive tax&hellip;<\/p>\n","protected":false},"author":1,"featured_media":0,"parent":0,"menu_order":0,"comment_status":"closed","ping_status":"open","template":"","meta":{"footnotes":""},"class_list":["post-253","page","type-page","status-publish","hentry"],"_links":{"self":[{"href":"https:\/\/fcba-offshore.com\/en\/wp-json\/wp\/v2\/pages\/253","targetHints":{"allow":["GET"]}}],"collection":[{"href":"https:\/\/fcba-offshore.com\/en\/wp-json\/wp\/v2\/pages"}],"about":[{"href":"https:\/\/fcba-offshore.com\/en\/wp-json\/wp\/v2\/types\/page"}],"author":[{"embeddable":true,"href":"https:\/\/fcba-offshore.com\/en\/wp-json\/wp\/v2\/users\/1"}],"replies":[{"embeddable":true,"href":"https:\/\/fcba-offshore.com\/en\/wp-json\/wp\/v2\/comments?post=253"}],"version-history":[{"count":17,"href":"https:\/\/fcba-offshore.com\/en\/wp-json\/wp\/v2\/pages\/253\/revisions"}],"predecessor-version":[{"id":3029,"href":"https:\/\/fcba-offshore.com\/en\/wp-json\/wp\/v2\/pages\/253\/revisions\/3029"}],"wp:attachment":[{"href":"https:\/\/fcba-offshore.com\/en\/wp-json\/wp\/v2\/media?parent=253"}],"curies":[{"name":"wp","href":"https:\/\/api.w.org\/{rel}","templated":true}]}}