{"id":34,"date":"2014-06-06T10:20:31","date_gmt":"2014-06-06T10:20:31","guid":{"rendered":"http:\/\/fcba-offshore.com\/?page_id=34"},"modified":"2015-04-11T12:48:07","modified_gmt":"2015-04-11T12:48:07","slug":"offshore-bank-account","status":"publish","type":"page","link":"https:\/\/fcba-offshore.com\/en\/offshore-bank-account\/","title":{"rendered":"Offshore bank account"},"content":{"rendered":"<h1>Offshore\u00a0bank account\u00a0places:<\/h1>\n<p>&nbsp;<\/p>\n<table class=\"int-tbl\" style=\"height: 277px;\" width=\"364\" cellspacing=\"0\" cellpadding=\"0\">\n<tfoot>\n<tr>\n<td><\/td>\n<\/tr>\n<\/tfoot>\n<tbody>\n<tr>\n<td><a href=\"https:\/\/fcba-offshore.com\/en\/offshore-company-in-andorra\/\"><img loading=\"lazy\" decoding=\"async\" class=\"alignnone wp-image-369\" src=\"http:\/\/fcba-offshore.com\/wp-content\/uploads\/2014\/06\/Andorre.png\" alt=\"Andorre\" width=\"33\" height=\"20\" \/><\/a>\u00a0<a class=\"tooltips\" style=\"position: absolute;\" title=\"Andorre is an historical offshore destination...\" href=\"https:\/\/fcba-offshore.com\/en\/offshore-company-in-andorra\/\">Andorra<\/a><\/td>\n<td><a href=\"https:\/\/fcba-offshore.com\/en\/offshore-company-in-dominica\/\"><img loading=\"lazy\" decoding=\"async\" class=\"alignnone wp-image-347\" src=\"http:\/\/fcba-offshore.com\/wp-content\/uploads\/2014\/06\/Dominique.png\" alt=\"Dominique\" width=\"33\" height=\"20\" \/><\/a><a class=\"tooltips\" style=\"position: absolute;\" title=\"Dominica is a Caribbean island located...\" href=\"https:\/\/fcba-offshore.com\/en\/offshore-company-in-dominica\/\">\u00a0Dominica<\/a><a class=\"tooltips\" style=\"position: absolute;\" title=\"Contenu\" href=\"https:\/\/fcba-offshore.com\/en\/offshore-company-in-dominica\/\">\u00a0<\/a><\/td>\n<td><a href=\"https:\/\/fcba-offshore.com\/en\/offshore-company-in-jersey\/\"><img loading=\"lazy\" decoding=\"async\" class=\"alignnone wp-image-364\" src=\"http:\/\/fcba-offshore.com\/wp-content\/uploads\/2014\/06\/Jersey.png\" alt=\"Jersey\" width=\"33\" height=\"20\" \/><\/a>\u00a0<a class=\"tooltips\" style=\"position: absolute;\" title=\"The island of Jersey is like Guernesey...\" href=\"https:\/\/fcba-offshore.com\/en\/offshore-company-in-jersey\/\">Jersey<\/a><\/td>\n<td><a href=\"https:\/\/fcba-offshore.com\/en\/offshore-company-in-nevis\/\"><img loading=\"lazy\" decoding=\"async\" class=\"alignnone wp-image-365\" src=\"http:\/\/fcba-offshore.com\/wp-content\/uploads\/2014\/06\/Nieves.png\" alt=\"Nieves\" width=\"33\" height=\"20\" \/><\/a>\u00a0<a class=\"tooltips\" style=\"position: absolute;\" title=\"Nevis is an island located in the Atlantic Ocean...\" href=\"https:\/\/fcba-offshore.com\/en\/offshore-company-in-nevis\/\">Nevis<\/a><\/td>\n<\/tr>\n<tr>\n<td><a href=\"https:\/\/fcba-offshore.com\/en\/offshore-company-in-bahamas\/\"><img loading=\"lazy\" decoding=\"async\" class=\"alignnone wp-image-362\" src=\"http:\/\/fcba-offshore.com\/wp-content\/uploads\/2014\/06\/Bahamas.png\" alt=\"Bahamas is an island populated by approxiamtely...\" width=\"33\" height=\"20\" \/><\/a>\u00a0<a class=\"tooltips\" style=\"position: absolute;\" title=\"Bahamas is an island belonging to the Caribbean...\" href=\"https:\/\/fcba-offshore.com\/en\/offshore-company-in-bahamas\/\">Bahamas<\/a><\/td>\n<td><a href=\"https:\/\/fcba-offshore.com\/en\/offshore-company-in-dubai\/\"><img loading=\"lazy\" decoding=\"async\" class=\"alignnone wp-image-348\" src=\"http:\/\/fcba-offshore.com\/wp-content\/uploads\/2014\/06\/Dubai.png\" alt=\"Dubai\" width=\"33\" height=\"20\" \/><\/a>\u00a0<a class=\"tooltips\" style=\"position: absolute;\" title=\"Dubai is nowadays very famous worldwide...\" href=\"https:\/\/fcba-offshore.com\/en\/offshore-company-in-dubai\/\">Dubai<\/a><\/td>\n<td><a href=\"https:\/\/fcba-offshore.com\/en\/offshore-company-in-latvia\/\"><img loading=\"lazy\" decoding=\"async\" class=\"alignnone wp-image-353\" src=\"http:\/\/fcba-offshore.com\/wp-content\/uploads\/2014\/06\/Lettonie.png\" alt=\"Lettonie\" width=\"33\" height=\"20\" \/><\/a>\u00a0<a class=\"tooltips\" style=\"position: absolute;\" title=\"Latvia is a Batlic state...\" href=\"https:\/\/fcba-offshore.com\/en\/offshore-company-in-latvia\/\">Latvia<\/a><\/td>\n<td><a href=\"https:\/\/fcba-offshore.com\/en\/offshore-company-in-panama\/\"><img loading=\"lazy\" decoding=\"async\" class=\"alignnone wp-image-366\" src=\"http:\/\/fcba-offshore.com\/wp-content\/uploads\/2014\/06\/Panama.png\" alt=\"Panama\" width=\"33\" height=\"20\" \/><\/a>\u00a0<a class=\"tooltips\" style=\"position: absolute;\" title=\"Panama is a state located in Central America...\" href=\"https:\/\/fcba-offshore.com\/en\/offshore-company-in-panama\/\">Panama<\/a><\/td>\n<\/tr>\n<tr>\n<td><a href=\"https:\/\/fcba-offshore.com\/en\/offshore-company-in-belize\/\"><img loading=\"lazy\" decoding=\"async\" class=\"alignnone wp-image-344\" src=\"http:\/\/fcba-offshore.com\/wp-content\/uploads\/2014\/06\/Belize.png\" alt=\"Belize\" width=\"33\" height=\"20\" \/><\/a>\u00a0<a class=\"tooltips\" style=\"position: absolute;\" title=\"Belize is located in the southern Mexico...\" href=\"https:\/\/fcba-offshore.com\/en\/offshore-company-in-belize\/\">Belize<\/a><\/td>\n<td><a href=\"https:\/\/fcba-offshore.com\/en\/offshore-company-in-gibraltar\/\"><img loading=\"lazy\" decoding=\"async\" class=\"alignnone wp-image-368\" src=\"http:\/\/fcba-offshore.com\/wp-content\/uploads\/2014\/06\/Gibraltar.png\" alt=\"Gibraltar\" width=\"33\" height=\"20\" \/><\/a>\u00a0<a class=\"tooltips\" style=\"position: absolute;\" title=\"The Rock of Gibralatar is famous for being a geographical...\" href=\"https:\/\/fcba-offshore.com\/en\/offshore-company-in-gibraltar\/\">Gibraltar<\/a><\/td>\n<td><a href=\"https:\/\/fcba-offshore.com\/en\/offshore-company-in-liechtenstein\/\"><img loading=\"lazy\" decoding=\"async\" class=\"alignnone wp-image-342\" src=\"http:\/\/fcba-offshore.com\/wp-content\/uploads\/2014\/06\/Liechtenstein.png\" alt=\"Liechtenstein\" width=\"33\" height=\"20\" \/><\/a>\u00a0<a class=\"tooltips\" style=\"position: absolute;\" title=\"The principality of Liechtenstein is a small state...\" href=\"https:\/\/fcba-offshore.com\/en\/offshore-company-in-liechtenstein\/\">Liechtenstein<\/a><\/td>\n<td><a href=\"https:\/\/fcba-offshore.com\/en\/offshore-company-in-seychelles\/\"><img loading=\"lazy\" decoding=\"async\" class=\"alignnone wp-image-357\" src=\"http:\/\/fcba-offshore.com\/wp-content\/uploads\/2014\/06\/Seychelles.png\" alt=\"Seychelles\" width=\"33\" height=\"20\" \/><\/a>\u00a0<a class=\"tooltips\" style=\"position: absolute;\" title=\"The archipelago of Seychelles is located...\" href=\"https:\/\/fcba-offshore.com\/en\/offshore-company-in-seychelles\/\">Seychelles<\/a><\/td>\n<\/tr>\n<tr>\n<td><a href=\"https:\/\/fcba-offshore.com\/en\/offshore-company-in-the-bvi\/\"><img loading=\"lazy\" decoding=\"async\" class=\"alignnone wp-image-352\" src=\"http:\/\/fcba-offshore.com\/wp-content\/uploads\/2014\/06\/Iles-Vierges-Britanniques.png\" alt=\"Iles-Vierges-Britanniques\" width=\"33\" height=\"20\" srcset=\"https:\/\/fcba-offshore.com\/wp-content\/uploads\/2014\/06\/Iles-Vierges-Britanniques.png 75w, https:\/\/fcba-offshore.com\/wp-content\/uploads\/2014\/06\/Iles-Vierges-Britanniques-72x46.png 72w\" sizes=\"auto, (max-width: 33px) 100vw, 33px\" \/><\/a>\u00a0<a class=\"tooltips\" style=\"position: absolute;\" title=\"The British Virgin Island are located in the Atlantic Ocean...\" href=\"https:\/\/fcba-offshore.com\/en\/offshore-company-in-the-bvi\/\">BVI<\/a><\/td>\n<td><a href=\"https:\/\/fcba-offshore.com\/en\/offshore-company-in-guernsey\/\"><img loading=\"lazy\" decoding=\"async\" class=\"alignnone wp-image-363\" src=\"http:\/\/fcba-offshore.com\/wp-content\/uploads\/2014\/06\/Guernesey.png\" alt=\"Guernesey\" width=\"33\" height=\"20\" \/><\/a>\u00a0<a class=\"tooltips\" style=\"position: absolute;\" title=\"The Island of Guernesey is located in the English Channel...\" href=\"https:\/\/fcba-offshore.com\/en\/offshore-company-in-guernsey\/\">Guernesey<\/a><\/td>\n<td><a href=\"https:\/\/fcba-offshore.com\/en\/offshore-company-in-luxembourg\/\"><img loading=\"lazy\" decoding=\"async\" class=\"alignnone wp-image-354\" src=\"http:\/\/fcba-offshore.com\/wp-content\/uploads\/2014\/06\/Luxembourg.png\" alt=\"Luxembourg\" width=\"33\" height=\"20\" \/><\/a>\u00a0<a class=\"tooltips\" style=\"position: absolute;\" title=\"The Grand-duchy of Luxembourg is located between...\" href=\"https:\/\/fcba-offshore.com\/en\/offshore-company-in-luxembourg\/\">Luxembourg<\/a><\/td>\n<td><a href=\"https:\/\/fcba-offshore.com\/en\/offshore-company-in-singapore\/\"><img loading=\"lazy\" decoding=\"async\" class=\"alignnone wp-image-358\" src=\"http:\/\/fcba-offshore.com\/wp-content\/uploads\/2014\/06\/Singapour.png\" alt=\"Singapour\" width=\"33\" height=\"20\" \/><\/a>\u00a0<a class=\"tooltips\" style=\"position: absolute;\" title=\"Singapore is a city-state located in southern Asia...\" href=\"https:\/\/fcba-offshore.com\/en\/offshore-company-in-singapore\/\">Singapore<\/a><\/td>\n<\/tr>\n<tr>\n<td><a href=\"https:\/\/fcba-offshore.com\/en\/offshore-company-in-the-cayman-islands\/\"><img loading=\"lazy\" decoding=\"async\" class=\"alignnone wp-image-343\" src=\"http:\/\/fcba-offshore.com\/wp-content\/uploads\/2014\/06\/Iles-Caimans.png\" alt=\"Iles-Caimans\" width=\"33\" height=\"20\" \/><\/a>\u00a0<a class=\"tooltips\" style=\"position: absolute;\" title=\"The Caimans Island is an archipelago located in the Altantic Ocean...\" href=\"https:\/\/fcba-offshore.com\/en\/offshore-company-in-the-cayman-islands\/\">Caimans Islands<\/a><\/td>\n<td><a href=\"https:\/\/fcba-offshore.com\/en\/offshore-company-in-hong-kong\/\"><img loading=\"lazy\" decoding=\"async\" class=\"alignnone wp-image-349\" src=\"http:\/\/fcba-offshore.com\/wp-content\/uploads\/2014\/06\/Hong-Kong.png\" alt=\"Hong-Kong\" width=\"33\" height=\"20\" \/><\/a>\u00a0<a class=\"tooltips\" style=\"position: absolute;\" title=\"Hong-Kong is considered as the financial capitale of...\" href=\"https:\/\/fcba-offshore.com\/en\/offshore-company-in-hong-kong\/\">Hong-Kong<\/a><\/td>\n<td><a href=\"https:\/\/fcba-offshore.com\/en\/offshore-company-in-malta\/\"><img loading=\"lazy\" decoding=\"async\" class=\"alignnone wp-image-355\" src=\"http:\/\/fcba-offshore.com\/wp-content\/uploads\/2014\/06\/Malte.png\" alt=\"Malte\" width=\"33\" height=\"20\" \/><\/a>\u00a0<a class=\"tooltips\" style=\"position: absolute;\" title=\"Malta is an island located in the Mediterranean sea...\" href=\"https:\/\/fcba-offshore.com\/en\/offshore-company-in-malta\/\">Malta<\/a><\/td>\n<td><a href=\"https:\/\/fcba-offshore.com\/en\/offshore-company-in-switzerland\/\"><img loading=\"lazy\" decoding=\"async\" class=\"alignnone wp-image-359\" src=\"http:\/\/fcba-offshore.com\/wp-content\/uploads\/2014\/06\/Suisse.png\" alt=\"Suisse\" width=\"33\" height=\"20\" \/><\/a>\u00a0<a class=\"tooltips\" style=\"position: absolute;\" title=\"Switzerland is a well known country located...\" href=\"https:\/\/fcba-offshore.com\/en\/offshore-company-in-switzerland\/\">Switzerland<\/a><\/td>\n<\/tr>\n<tr>\n<td><a href=\"https:\/\/fcba-offshore.com\/en\/offshore-company-in-cyprus\/\"><img loading=\"lazy\" decoding=\"async\" class=\"alignnone wp-image-345\" src=\"http:\/\/fcba-offshore.com\/wp-content\/uploads\/2014\/06\/Chypre.png\" alt=\"Chypre\" width=\"33\" height=\"20\" \/><\/a>\u00a0<a class=\"tooltips\" style=\"position: absolute;\" title=\"Cyprus is an eastern Mediterranean island...\" href=\"https:\/\/fcba-offshore.com\/en\/offshore-company-in-cyprus\/\">Cyprus<\/a><\/td>\n<td><a href=\"https:\/\/fcba-offshore.com\/en\/offshore-company-in-ireland\/\"><img loading=\"lazy\" decoding=\"async\" class=\"alignnone wp-image-367\" src=\"http:\/\/fcba-offshore.com\/wp-content\/uploads\/2014\/06\/Irelande.png\" alt=\"Irelande\" width=\"33\" height=\"20\" \/><\/a>\u00a0<a class=\"tooltips\" style=\"position: absolute;\" title=\"We do not need to introduce Ireland which is...\" href=\"https:\/\/fcba-offshore.com\/en\/offshore-company-in-ireland\/\">Ireland<\/a><\/td>\n<td><a href=\"https:\/\/fcba-offshore.com\/en\/offshore-company-in-mauritius\/\"><img loading=\"lazy\" decoding=\"async\" class=\"alignnone wp-image-351\" src=\"http:\/\/fcba-offshore.com\/wp-content\/uploads\/2014\/06\/Ile-Maurice.png\" alt=\"Ile-Maurice\" width=\"33\" height=\"20\" \/><\/a> <a class=\"tooltips\" style=\"position: absolute;\" title=\"Mauritius Island\" href=\"https:\/\/fcba-offshore.com\/en\/mauritius-island\/\">Mauritius<\/a><\/td>\n<td><a href=\"https:\/\/fcba-offshore.com\/en\/offshore-company-in-vanuatu\/\"><img loading=\"lazy\" decoding=\"async\" class=\"alignnone wp-image-360\" src=\"http:\/\/fcba-offshore.com\/wp-content\/uploads\/2014\/06\/Vanuatu.png\" alt=\"Vanuatu\" width=\"33\" height=\"20\" \/><\/a>\u00a0<a class=\"tooltips\" style=\"position: absolute;\" title=\"Vanuatu is an archipelago located in Oceania...\" href=\"https:\/\/fcba-offshore.com\/en\/offshore-company-in-vanuatu\/\">Vanuatu<\/a><\/td>\n<\/tr>\n<tr>\n<td><a href=\"https:\/\/fcba-offshore.com\/en\/offshore-company-in-delaware\/\"><img loading=\"lazy\" decoding=\"async\" class=\"alignnone wp-image-346\" src=\"http:\/\/fcba-offshore.com\/wp-content\/uploads\/2014\/06\/Delaware.png\" alt=\"Delaware\" width=\"33\" height=\"20\" \/><\/a>\u00a0<a class=\"tooltips\" style=\"position: absolute;\" title=\"The state of Delaware is part of the United States of America...\" href=\"https:\/\/fcba-offshore.com\/en\/offshore-company-in-delaware\/\">Delaware<\/a><\/td>\n<td><a href=\"https:\/\/fcba-offshore.com\/en\/offshore-company-in-the-isle-of-man\/\"><img loading=\"lazy\" decoding=\"async\" class=\"alignnone wp-image-350\" src=\"http:\/\/fcba-offshore.com\/wp-content\/uploads\/2014\/06\/Ile-de-Man.png\" alt=\"Ile-de-Man\" width=\"33\" height=\"20\" \/><\/a>\u00a0<a class=\"tooltips\" style=\"position: absolute;\" title=\"The Island of Man is quite famous nowadays...\" href=\"https:\/\/fcba-offshore.com\/en\/offshore-company-in-the-isle-of-man\/\">Isle of Man<\/a><\/td>\n<td><a href=\"https:\/\/fcba-offshore.com\/en\/offshore-company-in-monaco\/\"><img loading=\"lazy\" decoding=\"async\" class=\"alignnone wp-image-356\" src=\"http:\/\/fcba-offshore.com\/wp-content\/uploads\/2014\/06\/Monaco.png\" alt=\"Monaco is a principality and an exclusive offshore destination...\" width=\"33\" height=\"20\" \/><\/a>\u00a0<a class=\"tooltips\" style=\"position: absolute;\" title=\"Monaco is a principality and an exclusive offshore destination...\" href=\"https:\/\/fcba-offshore.com\/en\/offshore-company-in-monaco\/\">Monaco<\/a><\/td>\n<td><a class=\"tooltips\" style=\"position: absolute;\" title=\"Other jurisdictions...\" href=\"https:\/\/fcba-offshore.com\/en\/other-offshore-jurisdictions\/\">Others<\/a><\/td>\n<\/tr>\n<\/tbody>\n<\/table>\n<p>&nbsp;<\/p>\n<h2>Benefits of an offshore bank account:<\/h2>\n<p style=\"text-align: justify;\"><span title=\"Gr\u00e2ce \u00e0 notre savoir faire et \u00e0 nos connaissances du monde offshore, nous vous proposerons d'ouvrir un compte bancaire dans une juridiction en ad\u00e9quation avec votre profil et votre strat\u00e9gie offshore.\">Thanks to\u00a0their experience,\u00a0their\u00a0connections\u00a0and\u00a0their knowledge of the offshore business<\/span><span title=\"Gr\u00e2ce \u00e0 notre savoir faire et \u00e0 nos connaissances du monde offshore, nous vous proposerons d'ouvrir un compte bancaire dans une juridiction en ad\u00e9quation avec votre profil et votre strat\u00e9gie offshore.\">,\u00a0FCBA Offshore Ltd&#8217;s experts\u00a0will advise and support you in\u00a0opening an offshore\u00a0bank account in a jurisdiction in line with both your profile and your offshore strategy. <\/span><span title=\"Afin de bien appr\u00e9hender votre demande et d'y apporter une solution concr\u00e8te et efficace vous devrez rentrer en contact avec l'un de nos experts qui prendra le temps de dialoguer avec vous et de d\u00e9finir avec votre consentement la nature du produit ou service que nous\">To fully understand your\u00a0personal and\u00a0professional situations\u00a0and in order to\u00a0offer\u00a0you a\u00a0practical and efficient solution answering all your needs you will have <a href=\"https:\/\/fcba-offshore.com\/en\/contact\/\">to get in touch with one of our experts<\/a> and take the time to discuss together with us so as to define which offshore\u00a0products or services could fit with your expectations.<\/span><\/p>\n<p style=\"text-align: justify;\">The main benefits of having an offshore bank account are:<\/p>\n<ul style=\"text-align: justify;\">\n<li>High level of confidentiality (banking secrecy)<\/li>\n<li>High performance Credit or Debit card (with almost no limit of payment or withdrawal)<\/li>\n<li>Multicurrency personal or corporate offshore bank\u00a0account<\/li>\n<li>Savings, investment and wealth management with diversified solutions and products<\/li>\n<li>Internet banking<\/li>\n<li>Full trading solution<\/li>\n<li>Completely anonymous Credit \/ Debit card (ensuring all basic services)<\/li>\n<\/ul>\n<h3 style=\"text-align: justify;\">What will FCBA Offshore Ltd will bring you in addition to this:<\/h3>\n<ul style=\"text-align: justify;\">\n<li>Our team will take care of all administrative obligations related to both the opening of your personal or corporate offshore bank account<\/li>\n<li>Support in the management of your offshore bank account<\/li>\n<li>Virtual contact office and possibility of storage of all confidential documents in our office<\/li>\n<\/ul>\n<h3 style=\"text-align: justify;\"><span style=\"color: #ff0000;\">AND\u00a0ALL THAT WITHOUT\u00a0HAVING TO MOVE ANYWHERE!<\/span><\/h3>\n<p>&nbsp;<\/p>\n<h2 style=\"text-align: justify;\">Costs and fees:<\/h2>\n<p style=\"text-align: justify;\">One more time, costs and fees will depend on which adapted offshore solution will fit with your situations, requirements\u00a0and needs. But in order to have a brief idea about how much could cost an offshore solution we do recommend you to read carefully <a href=\"https:\/\/fcba-offshore.com\/en\/offshore-case-studies\/\">our page &#8220;case studies&#8221;.<\/a><\/p>\n<p>&nbsp;<\/p>\n<p style=\"text-align: justify;\"><a href=\"https:\/\/fcba-offshore.com\/en\/contact\/\">Please if you need any additional information feel free to contact\u00a0FCBA Offshore Ltd\u00a0team members.<\/a><\/p>\n<p>&nbsp;<\/p>\n<p style=\"text-align: justify;\"><a href=\"http:\/\/fcba-offshore.com\/wp-content\/uploads\/2014\/06\/logo-small.png\"><img loading=\"lazy\" decoding=\"async\" class=\"alignnone size-full wp-image-479\" src=\"http:\/\/fcba-offshore.com\/wp-content\/uploads\/2014\/06\/logo-small.png\" alt=\"Logo offshore small\" width=\"142\" height=\"31\" \/><\/a><\/p>\n","protected":false},"excerpt":{"rendered":"<p>Offshore\u00a0bank account\u00a0places: &nbsp; \u00a0Andorra \u00a0Dominica\u00a0 \u00a0Jersey \u00a0Nevis \u00a0Bahamas \u00a0Dubai \u00a0Latvia \u00a0Panama \u00a0Belize \u00a0Gibraltar \u00a0Liechtenstein \u00a0Seychelles \u00a0BVI \u00a0Guernesey \u00a0Luxembourg \u00a0Singapore \u00a0Caimans Islands \u00a0Hong-Kong \u00a0Malta \u00a0Switzerland \u00a0Cyprus \u00a0Ireland Mauritius \u00a0Vanuatu \u00a0Delaware \u00a0Isle of Man \u00a0Monaco Others &nbsp; Benefits of an offshore bank account: Thanks to\u00a0their experience,\u00a0their\u00a0connections\u00a0and\u00a0their knowledge of the offshore business,\u00a0FCBA Offshore Ltd&#8217;s experts\u00a0will advise and support&hellip;<\/p>\n","protected":false},"author":1,"featured_media":0,"parent":0,"menu_order":0,"comment_status":"closed","ping_status":"open","template":"","meta":{"footnotes":""},"class_list":["post-34","page","type-page","status-publish","hentry"],"_links":{"self":[{"href":"https:\/\/fcba-offshore.com\/en\/wp-json\/wp\/v2\/pages\/34","targetHints":{"allow":["GET"]}}],"collection":[{"href":"https:\/\/fcba-offshore.com\/en\/wp-json\/wp\/v2\/pages"}],"about":[{"href":"https:\/\/fcba-offshore.com\/en\/wp-json\/wp\/v2\/types\/page"}],"author":[{"embeddable":true,"href":"https:\/\/fcba-offshore.com\/en\/wp-json\/wp\/v2\/users\/1"}],"replies":[{"embeddable":true,"href":"https:\/\/fcba-offshore.com\/en\/wp-json\/wp\/v2\/comments?post=34"}],"version-history":[{"count":34,"href":"https:\/\/fcba-offshore.com\/en\/wp-json\/wp\/v2\/pages\/34\/revisions"}],"predecessor-version":[{"id":124,"href":"https:\/\/fcba-offshore.com\/en\/wp-json\/wp\/v2\/pages\/34\/revisions\/124"}],"wp:attachment":[{"href":"https:\/\/fcba-offshore.com\/en\/wp-json\/wp\/v2\/media?parent=34"}],"curies":[{"name":"wp","href":"https:\/\/api.w.org\/{rel}","templated":true}]}}