{"id":3042,"date":"2016-12-26T09:29:25","date_gmt":"2016-12-26T09:29:25","guid":{"rendered":"http:\/\/fcba-offshore.com\/?page_id=3042"},"modified":"2017-02-26T06:33:08","modified_gmt":"2017-02-26T06:33:08","slug":"home-sp","status":"publish","type":"page","link":"https:\/\/fcba-offshore.com\/es\/","title":{"rendered":"Inicio"},"content":{"rendered":"<p><html><br \/>\n\t<head><br \/>\n\t\t<meta name=\"msvalidate.01\" content=\"043D2EEB3C95C966AD943E76A851BB26\" \/><br \/>\n\t\t<title>Your SEO optimized title<\/title><br \/>\n\t<\/head><\/p>\n<h1>El mundo del offshore con FCBA Offshore LTD:<\/h1>\n<p>&nbsp;<\/p>\n<p>Queridos lectores,<\/p>\n<p>&nbsp;<\/p>\n<p style=\"text-align: justify;\">Somos FCBA Offshore Ltd, especialistas del mundo offshore y nuestros experimentados colaboradores est\u00e1n a su disposici\u00f3n para <a title=\"Contacto\" href=\"https:\/\/fcba-offshore.com\/es\/contact-sp\/\">responder a todas sus preguntas<\/a>.<\/p>\n<p style=\"text-align: justify;\">FCBA Offshore Ltd fue fundada por profesionales confirmados con la voluntad de crear, a trav\u00e9s de sus conexiones, productos simples, eficaces y econ\u00f3micos. El objetivo es ayudarles a descubrir un \u00e1mbito nuevo y aconsejarles para crear la estructura que le corresponde.<\/p>\n<p style=\"text-align: justify;\">Nuestra misi\u00f3n es encontrar una soluci\u00f3n adaptada a cada situaci\u00f3n y encargarnos para usted de la totalidad de los tramites administrativos necesarios al momento de abrir una <a title=\"Cuenta bancaria offshore\" href=\"https:\/\/fcba-offshore.com\/es\/slider\/cuenta-bancaria-offshore\/\">cuenta bancaria offshore<\/a> o para crear su <a title=\"Sociedad offshore\" href=\"https:\/\/fcba-offshore.com\/es\/sociedad-offshore-sp\/\">sociedad offshore<\/a>, pero tambi\u00e9n las obligaciones contables y administrativas relacionadas con ella. Esto nos diferencia de una competencia con falta de profesionalismo, dispuesta a tramitar las operaciones iniciales antes de desaparecer sin ning\u00fan tipo de seguimiento o acompa\u00f1amiento posterior.<br \/>\nAs\u00ed, si decide acordarnos su confianza, le garantizamos un servicio de calidad en total discreci\u00f3n con un acceso a todas las ventajas del mundo offshore en el tiempo.<br \/>\nDespu\u00e9s de un<a title=\"Contacto\" href=\"https:\/\/fcba-offshore.com\/es\/contact-sp\/\"> contacto por email<\/a> de inicio, nos comprometemos a ponernos en contacto con usted en menos de 48h para desarrollar la soluci\u00f3n offshore mas adaptada a su situaci\u00f3n personal y profesional. Es fundamental para nosotros conocerle y hacer un balance completo de los motivos que le han decidido a ponerse en contacto con nosotros y a interesarse al mundo del offshore para garantizarle el mejor servicio. Nuestros asesores experimentados sabr\u00e1n encontrar la soluci\u00f3n mejor adaptada a sus necesidades. En efecto el mundo del offshore es exclusivo pero no esta reservado a una minoridad y nuestra voluntad en FCBA offshore ltd es que todos puedan gozar de nuestros productos offshore.<\/p>\n<p style=\"text-align: justify;\"><strong>SIMPLICIDAD, EFICACIA<\/strong> y <strong>ECONOMIA<\/strong> es lo que estamos dispuestos a ofrecerles.<\/p>\n<p style=\"text-align: justify;\">Consulte nuestra pagina web para <a title=\"Cuenta bancaria offshore\" href=\"https:\/\/fcba-offshore.com\/es\/slider\/cuenta-bancaria-offshore\/\">examinar los productos y servicios que proponemos<\/a>. Siempre mas numerosos y diversificados, permiten dar una respuesta adaptada a todas las situaciones.<\/p>\n<p>&nbsp;<\/p>\n<p>El equipo de FCBA Offshore Ltd<\/p>\n<p><a href=\"http:\/\/fcba-offshore.com\/wp-content\/uploads\/2014\/06\/logo-small.png\"><img loading=\"lazy\" decoding=\"async\" class=\"alignnone size-full wp-image-479\" src=\"http:\/\/fcba-offshore.com\/wp-content\/uploads\/2014\/06\/logo-small.png\" alt=\"Logo offshore small\" width=\"142\" height=\"31\" \/><\/a><\/p>\n","protected":false},"excerpt":{"rendered":"<p>Your SEO optimized title El mundo del offshore con FCBA Offshore LTD: &nbsp; Queridos lectores, &nbsp; Somos FCBA Offshore Ltd, especialistas del mundo offshore y nuestros experimentados colaboradores est\u00e1n a su disposici\u00f3n para responder a todas sus preguntas. FCBA Offshore Ltd fue fundada por profesionales confirmados con la voluntad de crear, a trav\u00e9s de sus&hellip;<\/p>\n","protected":false},"author":1,"featured_media":0,"parent":0,"menu_order":0,"comment_status":"closed","ping_status":"open","template":"template_homepage1.php","meta":{"footnotes":""},"class_list":["post-3042","page","type-page","status-publish","hentry"],"_links":{"self":[{"href":"https:\/\/fcba-offshore.com\/es\/wp-json\/wp\/v2\/pages\/3042","targetHints":{"allow":["GET"]}}],"collection":[{"href":"https:\/\/fcba-offshore.com\/es\/wp-json\/wp\/v2\/pages"}],"about":[{"href":"https:\/\/fcba-offshore.com\/es\/wp-json\/wp\/v2\/types\/page"}],"author":[{"embeddable":true,"href":"https:\/\/fcba-offshore.com\/es\/wp-json\/wp\/v2\/users\/1"}],"replies":[{"embeddable":true,"href":"https:\/\/fcba-offshore.com\/es\/wp-json\/wp\/v2\/comments?post=3042"}],"version-history":[{"count":13,"href":"https:\/\/fcba-offshore.com\/es\/wp-json\/wp\/v2\/pages\/3042\/revisions"}],"predecessor-version":[{"id":3532,"href":"https:\/\/fcba-offshore.com\/es\/wp-json\/wp\/v2\/pages\/3042\/revisions\/3532"}],"wp:attachment":[{"href":"https:\/\/fcba-offshore.com\/es\/wp-json\/wp\/v2\/media?parent=3042"}],"curies":[{"name":"wp","href":"https:\/\/api.w.org\/{rel}","templated":true}]}}