{"id":3047,"date":"2016-12-26T09:33:01","date_gmt":"2016-12-26T09:33:01","guid":{"rendered":"http:\/\/fcba-offshore.com\/?page_id=3047"},"modified":"2017-02-25T08:38:35","modified_gmt":"2017-02-25T08:38:35","slug":"andorra-offshore-sp","status":"publish","type":"page","link":"https:\/\/fcba-offshore.com\/es\/andorra-offshore-sp\/","title":{"rendered":"Andorra offshore"},"content":{"rendered":"<h1><a href=\"http:\/\/fcba-offshore.com\/wp-content\/uploads\/2014\/06\/Andorre.png\"><img loading=\"lazy\" decoding=\"async\" class=\"alignnone size-full wp-image-369\" src=\"http:\/\/fcba-offshore.com\/wp-content\/uploads\/2014\/06\/Andorre.png\" alt=\"Andorre\" width=\"68\" height=\"48\" \/><\/a>\u00a0<a href=\"http:\/\/fcba-offshore.com\/wp-content\/uploads\/2014\/06\/Andorre-offshore.png\"><img loading=\"lazy\" decoding=\"async\" class=\"size-medium wp-image-538 alignright\" src=\"http:\/\/fcba-offshore.com\/wp-content\/uploads\/2014\/06\/Andorre-offshore-300x131.png\" alt=\"Andorre offshore\" width=\"300\" height=\"131\" srcset=\"https:\/\/fcba-offshore.com\/wp-content\/uploads\/2014\/06\/Andorre-offshore-300x131.png 300w, https:\/\/fcba-offshore.com\/wp-content\/uploads\/2014\/06\/Andorre-offshore.png 641w, https:\/\/fcba-offshore.com\/wp-content\/uploads\/2014\/06\/Andorre-offshore-450x196.png 450w\" sizes=\"auto, (max-width: 300px) 100vw, 300px\" \/><\/a><\/h1>\n<p>&nbsp;<\/p>\n<p>&nbsp;<\/p>\n<h1>Offshore en Andorra:<\/h1>\n<p>&nbsp;<\/p>\n<p style=\"text-align: justify;\">Andorra es un destino offshore hist\u00f3rico muy famoso.\u00a0 Andorra la Vieja (en\u00a0 catalan oficialmente: <em>Andorra la Vella<\/em>) es la capital y una de las siete parroquias\u00a0 del Principado de Andorra siendo tambi\u00e9n la m\u00e1s peque\u00f1a y la m\u00e1s poblada de todas. La poblaci\u00f3n se reparte en tres n\u00facleos: Santa Coloma, la antigua aldea de La Margineda y la propia Andorra la Vieja. La ciudad se encuentra situada en los Pirineos, cerca de la confluencia de los r\u00edos Valira del Norte y Valira de Oriente, que forman el r\u00edo Valira, a una altitud de 1123 metros sobre el nivel del mar, situ\u00e1ndola como la capital de Estado a mayor altitud sobre el nivel del mar de toda Europa. El Principado de Andorra ubicado entre Francia y Espa\u00f1a de 80&#8217;000 habitantes, practicaba el secreto bancario con la Uni\u00f3n Europea\u00a0 hasta 2009 pero desgraciadamente,\u00a0 las cosas han cambiado hoy en d\u00eda. Este cambio se explica por las relaciones estrechas entre Andorra y Francia y las cosas no deber\u00edan ir mejorando para el mercado offshore en Andorra.<\/p>\n<p>&nbsp;<\/p>\n<p style=\"text-align: justify;\">A nivel fiscal, tener una <a title=\"Cuenta bancaria offshore\" href=\"https:\/\/fcba-offshore.com\/es\/compte-bancaire-offshore-sp\/\">cuenta bancaria offshore<\/a> o una <a title=\"Sociedad offshore\" href=\"https:\/\/fcba-offshore.com\/es\/sociedad-offshore-sp\/\">sociedad offshore<\/a> en Andorra sigue siendo interesante a varios niveles:<\/p>\n<ul style=\"text-align: justify;\">\n<li>Ausencia de impuesto sobre la renta (si es residente)<\/li>\n<li>Ausencia de impuesto sobre el patrimonio (si es residente)<\/li>\n<li>IVA muy baja (4,5% desde enero 2013)<\/li>\n<li>Impuesto sobre los beneficios (o sobre las<a title=\"Sociedad Offshore\" href=\"https:\/\/fcba-offshore.com\/es\/slider\/sociedad-offshore-2\/\"> sociedades<\/a>) de 10% para residentes y no residentes<\/li>\n<\/ul>\n<p>&nbsp;<\/p>\n<p style=\"text-align: justify;\">En <a title=\"Inicio\" href=\"https:\/\/fcba-offshore.com\/es\/\">FCBA Offshore Ltd<\/a> recomendamos la apertura de una <a title=\"Cuenta bancaria offshore\" href=\"https:\/\/fcba-offshore.com\/es\/compte-bancaire-offshore-sp\/\">cuenta bancaria offshore<\/a> o la creaci\u00f3n de una <a title=\"Sociedad offshore\" href=\"https:\/\/fcba-offshore.com\/es\/sociedad-offshore-sp\/\">sociedad offshore<\/a> en Andorra principalmente a nuestros clientes\u00a0 no europeo debido a\u00a0 la comunicaci\u00f3n de informaciones entre Andorra y la Uni\u00f3n Europea.<\/p>\n<p style=\"text-align: justify;\">En efecto, el secreto bancario no esta garantizado para los residentes europeos y Andorra a perdido de su inter\u00e9s como destino offshore, pero abrir una <a title=\"Cuenta bancaria offshore\" href=\"https:\/\/fcba-offshore.com\/es\/slider\/cuenta-bancaria-offshore\/\">cuenta bancaria offshore<\/a> o crear una<a title=\"Sociedad offshore\" href=\"https:\/\/fcba-offshore.com\/es\/sociedad-offshore-sp\/\"> sociedad offshore<\/a> en Andorra es muy f\u00e1cil.<\/p>\n<p style=\"text-align: justify;\">Hay que saber que el deposito bancario inicial exigido por los bancos en Andorra para la apertura de una <a title=\"Cuenta bancaria offshore\" href=\"https:\/\/fcba-offshore.com\/es\/compte-bancaire-offshore-sp\/\">cuenta bancaria offshore<\/a> es importante ya que inferior al deposito inicial exigido en los bancos suizos por ejemplo.<\/p>\n<p>&nbsp;<\/p>\n<p style=\"text-align: justify;\"><a title=\"Contacto\" href=\"https:\/\/fcba-offshore.com\/es\/contact-sp\/\">Por favor, p\u00f3ngase en contacto con nosotros para cualquier tipo de informaci\u00f3n adicional<\/a>.<\/p>\n<p style=\"text-align: justify;\">\n<p>* Para seguir investigando sobre Andorra, pulse <a href=\"http:\/\/www.cateconomica.com\/Articulo\/Andorra-y-su-nuevo-modelo-economico-y-fiscal\">aqui<\/a>.<\/p>\n<p>&nbsp;<\/p>\n<p>&nbsp;<\/p>\n<p><a href=\"http:\/\/fcba-offshore.com\/wp-content\/uploads\/2014\/06\/logo-small.png\"><img loading=\"lazy\" decoding=\"async\" class=\"alignnone size-full wp-image-479\" src=\"http:\/\/fcba-offshore.com\/wp-content\/uploads\/2014\/06\/logo-small.png\" alt=\"Logo offshore small\" width=\"142\" height=\"31\" \/><\/a><\/p>\n","protected":false},"excerpt":{"rendered":"<p>\u00a0 &nbsp; &nbsp; Offshore en Andorra: &nbsp; Andorra es un destino offshore hist\u00f3rico muy famoso.\u00a0 Andorra la Vieja (en\u00a0 catalan oficialmente: Andorra la Vella) es la capital y una de las siete parroquias\u00a0 del Principado de Andorra siendo tambi\u00e9n la m\u00e1s peque\u00f1a y la m\u00e1s poblada de todas. La poblaci\u00f3n se reparte en tres n\u00facleos:&hellip;<\/p>\n","protected":false},"author":1,"featured_media":0,"parent":0,"menu_order":0,"comment_status":"closed","ping_status":"open","template":"","meta":{"footnotes":""},"class_list":["post-3047","page","type-page","status-publish","hentry"],"_links":{"self":[{"href":"https:\/\/fcba-offshore.com\/es\/wp-json\/wp\/v2\/pages\/3047","targetHints":{"allow":["GET"]}}],"collection":[{"href":"https:\/\/fcba-offshore.com\/es\/wp-json\/wp\/v2\/pages"}],"about":[{"href":"https:\/\/fcba-offshore.com\/es\/wp-json\/wp\/v2\/types\/page"}],"author":[{"embeddable":true,"href":"https:\/\/fcba-offshore.com\/es\/wp-json\/wp\/v2\/users\/1"}],"replies":[{"embeddable":true,"href":"https:\/\/fcba-offshore.com\/es\/wp-json\/wp\/v2\/comments?post=3047"}],"version-history":[{"count":13,"href":"https:\/\/fcba-offshore.com\/es\/wp-json\/wp\/v2\/pages\/3047\/revisions"}],"predecessor-version":[{"id":3502,"href":"https:\/\/fcba-offshore.com\/es\/wp-json\/wp\/v2\/pages\/3047\/revisions\/3502"}],"wp:attachment":[{"href":"https:\/\/fcba-offshore.com\/es\/wp-json\/wp\/v2\/media?parent=3047"}],"curies":[{"name":"wp","href":"https:\/\/api.w.org\/{rel}","templated":true}]}}