{"id":3051,"date":"2016-12-26T09:38:34","date_gmt":"2016-12-26T09:38:34","guid":{"rendered":"http:\/\/fcba-offshore.com\/?page_id=3051"},"modified":"2017-02-25T08:41:07","modified_gmt":"2017-02-25T08:41:07","slug":"bahamas-offshore-sp","status":"publish","type":"page","link":"https:\/\/fcba-offshore.com\/es\/bahamas-offshore-sp\/","title":{"rendered":"Bahamas offshore"},"content":{"rendered":"<h1 style=\"text-align: right;\"><img loading=\"lazy\" decoding=\"async\" class=\"size-full wp-image-362 alignleft\" src=\"http:\/\/fcba-offshore.com\/wp-content\/uploads\/2014\/06\/Bahamas.png\" alt=\"Bahamas\" width=\"74\" height=\"37\" srcset=\"https:\/\/fcba-offshore.com\/wp-content\/uploads\/2014\/06\/Bahamas.png 74w, https:\/\/fcba-offshore.com\/wp-content\/uploads\/2014\/06\/Bahamas-72x37.png 72w\" sizes=\"auto, (max-width: 74px) 100vw, 74px\" \/><\/h1>\n<h1>\u00a0\u00a0\u00a0\u00a0\u00a0\u00a0\u00a0\u00a0\u00a0 <a href=\"http:\/\/fcba-offshore.com\/wp-content\/uploads\/2014\/06\/Bahamas-offshore.png\"><img loading=\"lazy\" decoding=\"async\" class=\"size-medium wp-image-553 alignright\" src=\"http:\/\/fcba-offshore.com\/wp-content\/uploads\/2014\/06\/Bahamas-offshore-300x131.png\" alt=\"Bahamas offshore\" width=\"300\" height=\"131\" srcset=\"https:\/\/fcba-offshore.com\/wp-content\/uploads\/2014\/06\/Bahamas-offshore-300x131.png 300w, https:\/\/fcba-offshore.com\/wp-content\/uploads\/2014\/06\/Bahamas-offshore.png 641w, https:\/\/fcba-offshore.com\/wp-content\/uploads\/2014\/06\/Bahamas-offshore-450x196.png 450w\" sizes=\"auto, (max-width: 300px) 100vw, 300px\" \/><\/a><\/h1>\n<p>&nbsp;<\/p>\n<p>&nbsp;<\/p>\n<p>&nbsp;<\/p>\n<h1>Offshore en Bahamas:<\/h1>\n<p>&nbsp;<\/p>\n<p class=\"Standard\" style=\"text-align: justify;\"><span lang=\"ES\">El archipi\u00e9lago de las Bahamas con sus 300&#8217;000 habitantes y sus 700 islas se sit\u00faa el el caribe, entre Cuba y Florida. Este famoso <a title=\"Sociedad Offshore\" href=\"https:\/\/fcba-offshore.com\/es\/slider\/sociedad-offshore-2\/\">destino offshore<\/a> ofrece la m\u00e1xima discreci\u00f3n a los titulares de <a title=\"Cuenta bancaria offshore\" href=\"https:\/\/fcba-offshore.com\/es\/slider\/cuenta-bancaria-offshore\/\">cuentas bancarias offshore<\/a> y <a title=\"Sociedad Offshore\" href=\"https:\/\/fcba-offshore.com\/es\/slider\/sociedad-offshore-2\/\">sociedades offshore<\/a>.\u00a0<\/span>Geogr\u00e1ficamente las Bahamas forman junto con las Islas Turcas y Caicos el Archipi\u00e9lago de las Lucayas, tambi\u00e9n denominado por extensi\u00f3n <i>Bahamas<\/i>. Por manifiesto de la Real Fuerza de Defensa de las Bahamas, el territorio de las Bahamas ocupa 180.000 millas cuadradas de espacio oce\u00e1nico, si bien las medidas oficiales les aportar\u00edan mucho m\u00e1s espacio econ\u00f3mico.<\/p>\n<p class=\"Standard\" style=\"text-align: justify;\"><span lang=\"ES\">\u00a0<\/span><\/p>\n<p class=\"Textbody\" style=\"text-align: justify;\"><span lang=\"ES\">Por supuesto, ademas de garantizar el secreto de vuestra <a title=\"Cuenta bancaria offshore\" href=\"https:\/\/fcba-offshore.com\/es\/compte-bancaire-offshore-sp\/\">cuenta bancaria offshore<\/a>, las autoridades de Bahamas no gravan las actividades de las <a title=\"Sociedad offshore\" href=\"https:\/\/fcba-offshore.com\/es\/sociedad-offshore-sp\/\">sociedades offshore<\/a>, es decir de las<a title=\"Sociedad offshore\" href=\"https:\/\/fcba-offshore.com\/es\/sociedad-offshore-sp\/\"> sociedades<\/a> con sede en el archipi\u00e9lago pero con la totalidad de sus actividades econ\u00f3micas\u00a0 fuera de las islas Bahamas.\u00a0<\/span>As\u00ed,\u00a0 la legislaci\u00f3n del archipi\u00e9lago de las Bahamas tiene la peculiaridad de ser muy flexible porque basada en el modelo ingles, lo que convierte las islas en una base comercial interesante para muchos inversores extranjeros.<\/p>\n<p>&nbsp;<\/p>\n<p class=\"Textbody\" style=\"text-align: justify;\"><span lang=\"ES\"><a title=\"Inicio\" href=\"https:\/\/fcba-offshore.com\/es\/\">FCBA Offshore Ltd<\/a> recomienda la apertura de una <a title=\"Cuenta bancaria offshore\" href=\"https:\/\/fcba-offshore.com\/es\/compte-bancaire-offshore-sp\/\">cuenta bancaria offshore<\/a> o la creaci\u00f3n de una<a title=\"Sociedad offshore\" href=\"https:\/\/fcba-offshore.com\/es\/sociedad-offshore-sp\/\"> sociedad offshore<\/a> en el archipi\u00e9lago de las Bahamas principalmente a sus clientes necesitando una cuenta en USD porque el dolar americano es la moneda oficial del archipi\u00e9lago. Hay que saber que el capital social m\u00ednimo exigido\u00a0 de 50&#8217;000 dolares puede ser un freno para crear su <a title=\"Sociedad offshore\" href=\"https:\/\/fcba-offshore.com\/es\/sociedad-offshore-sp\/\">sociedad offshore<\/a>. <\/span><\/p>\n<p class=\"Textbody\" style=\"text-align: justify;\"><span lang=\"ES\">A<\/span>brir una <a title=\"Cuenta bancaria offshore\" href=\"https:\/\/fcba-offshore.com\/es\/compte-bancaire-offshore-sp\/\">cuenta bancaria offshore<\/a> o crear <a title=\"Sociedad offshore\" href=\"https:\/\/fcba-offshore.com\/es\/sociedad-offshore-sp\/\">una sociedad offshore<\/a> en Bahamas es muy sencillo pero tendr\u00e1 que comunicar en ingles con su banco por ejemplo. Por otra parte los gastos de mantenimiento y gesti\u00f3n son importantes comparando con bancos de otras jurisdicciones offshore. El deposito inicial exigido por los bancos de Bahamas para la apertura de una<a title=\"Cuenta bancaria offshore\" href=\"https:\/\/fcba-offshore.com\/es\/compte-bancaire-offshore-sp\/\"> cuenta bancaria offshore<\/a> es razonable.<\/p>\n<p class=\"Textbody\" style=\"text-align: justify;\"><span lang=\"ES\">\u00a0<\/span><\/p>\n<p class=\"Textbody\" style=\"text-align: justify;\"><span lang=\"ES\"><a title=\"Contacto\" href=\"https:\/\/fcba-offshore.com\/es\/contact-sp\/\">Por favor, p\u00f3ngase en contacto con nosotros para cualquier tipo de informaci\u00f3n adicional<\/a>.<\/span><\/p>\n<p class=\"Textbody\" style=\"text-align: justify;\">\n<p class=\"Textbody\" style=\"text-align: justify;\">* Para seguir investigando sobre Andorra, pulse <a href=\"http:\/\/www.muchapasta.com\/b\/paraisos%20fiscales\/Bahamas%20paraiso%20fiscal.php#\">aqui<\/a>.<\/p>\n<p>&nbsp;<\/p>\n<p style=\"text-align: justify;\"><a href=\"http:\/\/fcba-offshore.com\/wp-content\/uploads\/2014\/06\/logo-small.png\"><img loading=\"lazy\" decoding=\"async\" class=\"alignnone size-full wp-image-479\" src=\"http:\/\/fcba-offshore.com\/wp-content\/uploads\/2014\/06\/logo-small.png\" alt=\"Logo offshore small\" width=\"142\" height=\"31\" \/><\/a><\/p>\n","protected":false},"excerpt":{"rendered":"<p>\u00a0\u00a0\u00a0\u00a0\u00a0\u00a0\u00a0\u00a0\u00a0 &nbsp; &nbsp; &nbsp; Offshore en Bahamas: &nbsp; El archipi\u00e9lago de las Bahamas con sus 300&#8217;000 habitantes y sus 700 islas se sit\u00faa el el caribe, entre Cuba y Florida. Este famoso destino offshore ofrece la m\u00e1xima discreci\u00f3n a los titulares de cuentas bancarias offshore y sociedades offshore.\u00a0Geogr\u00e1ficamente las Bahamas forman junto con las Islas&hellip;<\/p>\n","protected":false},"author":1,"featured_media":0,"parent":0,"menu_order":0,"comment_status":"closed","ping_status":"open","template":"","meta":{"footnotes":""},"class_list":["post-3051","page","type-page","status-publish","hentry"],"_links":{"self":[{"href":"https:\/\/fcba-offshore.com\/es\/wp-json\/wp\/v2\/pages\/3051","targetHints":{"allow":["GET"]}}],"collection":[{"href":"https:\/\/fcba-offshore.com\/es\/wp-json\/wp\/v2\/pages"}],"about":[{"href":"https:\/\/fcba-offshore.com\/es\/wp-json\/wp\/v2\/types\/page"}],"author":[{"embeddable":true,"href":"https:\/\/fcba-offshore.com\/es\/wp-json\/wp\/v2\/users\/1"}],"replies":[{"embeddable":true,"href":"https:\/\/fcba-offshore.com\/es\/wp-json\/wp\/v2\/comments?post=3051"}],"version-history":[{"count":8,"href":"https:\/\/fcba-offshore.com\/es\/wp-json\/wp\/v2\/pages\/3051\/revisions"}],"predecessor-version":[{"id":3503,"href":"https:\/\/fcba-offshore.com\/es\/wp-json\/wp\/v2\/pages\/3051\/revisions\/3503"}],"wp:attachment":[{"href":"https:\/\/fcba-offshore.com\/es\/wp-json\/wp\/v2\/media?parent=3051"}],"curies":[{"name":"wp","href":"https:\/\/api.w.org\/{rel}","templated":true}]}}