{"id":3053,"date":"2016-12-26T09:41:12","date_gmt":"2016-12-26T09:41:12","guid":{"rendered":"http:\/\/fcba-offshore.com\/?page_id=3053"},"modified":"2017-02-25T08:52:31","modified_gmt":"2017-02-25T08:52:31","slug":"offshore-belize-sp","status":"publish","type":"page","link":"https:\/\/fcba-offshore.com\/es\/offshore-belize-sp\/","title":{"rendered":"Belice offshore"},"content":{"rendered":"<h1><a href=\"http:\/\/fcba-offshore.com\/wp-content\/uploads\/2014\/06\/Belize.png\"><img loading=\"lazy\" decoding=\"async\" class=\"alignnone size-full wp-image-344\" src=\"http:\/\/fcba-offshore.com\/wp-content\/uploads\/2014\/06\/Belize.png\" alt=\"Belize\" width=\"72\" height=\"50\" \/><\/a>\u00a0\u00a0\u00a0\u00a0\u00a0\u00a0\u00a0\u00a0\u00a0 <a href=\"http:\/\/fcba-offshore.com\/wp-content\/uploads\/2014\/06\/Belize-offshore.png\"><img loading=\"lazy\" decoding=\"async\" class=\"size-medium wp-image-559 alignright\" src=\"http:\/\/fcba-offshore.com\/wp-content\/uploads\/2014\/06\/Belize-offshore-300x131.png\" alt=\"Belize offshore\" width=\"300\" height=\"131\" srcset=\"https:\/\/fcba-offshore.com\/wp-content\/uploads\/2014\/06\/Belize-offshore-300x131.png 300w, https:\/\/fcba-offshore.com\/wp-content\/uploads\/2014\/06\/Belize-offshore.png 641w, https:\/\/fcba-offshore.com\/wp-content\/uploads\/2014\/06\/Belize-offshore-450x196.png 450w\" sizes=\"auto, (max-width: 300px) 100vw, 300px\" \/><\/a><\/h1>\n<p>&nbsp;<\/p>\n<p>&nbsp;<\/p>\n<h1>Offshore en Belice:<\/h1>\n<p>&nbsp;<\/p>\n<p style=\"text-align: justify;\">Belice esta situado al sur de M\u00e9xico,\u00a0 en Am\u00e9rica central. Este peque\u00f1o pa\u00eds de a penas 300&#8217;000 habitantes es miembro del Commonwealth\u00a0 y las leyes relativas al comercio est\u00e1n claramente basadas en la legislaci\u00f3n brit\u00e1nica.<\/p>\n<p style=\"text-align: justify;\">Aunque los idiomas predominantes son el espa\u00f1ol y el criollo belice\u00f1o, Belice es el \u00fanico pa\u00eds de America Central en donde el idioma oficial es el ingles, aunque solo el 62.9% de la poblaci\u00f3n lo habla, comparado con el 56.6% de la poblaci\u00f3n que habla espa\u00f1ol, el 44.6% que habla criollo, y el 10.5% que habla maya. Belice comparte un pasado com\u00fan no solo con los pa\u00edses de Am\u00e9rica Central, sino tambi\u00e9n con el Caribe. Forma parte del Caricom y del SICA.<\/p>\n<p style=\"text-align: justify;\">Esta <a title=\"Sociedad offshore\" href=\"https:\/\/fcba-offshore.com\/es\/sociedad-offshore-sp\/\">jurisdicci\u00f3n offshore<\/a> ofrece una confidencialidad m\u00e1xima a los\u00a0 titulares de<a title=\"Cuenta bancaria offshore\" href=\"https:\/\/fcba-offshore.com\/es\/compte-bancaire-offshore-sp\/\"> cuentas bancarias offshore<\/a> y una imposici\u00f3n muy d\u00e9bil para las personas titulares de una <a title=\"Sociedad offshore\" href=\"https:\/\/fcba-offshore.com\/es\/sociedad-offshore-sp\/\">sociedad offshore<\/a>. En efecto Belice practica la imposici\u00f3n nula para todas las <a title=\"Sociedad offshore\" href=\"https:\/\/fcba-offshore.com\/es\/sociedad-offshore-sp\/\">sociedades offshore<\/a>, es decir para las que no tienen actividades comerciales en el territorio.<\/p>\n<p>&nbsp;<\/p>\n<p style=\"text-align: justify;\">Las ventajas relativas al offshore en Belice:<\/p>\n<ul style=\"text-align: justify;\">\n<li>IVA inexistente<\/li>\n<li>Impuestos sobre los beneficios inexistente<\/li>\n<li>Secreto bancario garantizado<\/li>\n<li>Sin publicaci\u00f3n de su nombre como titular de una <a title=\"Sociedad offshore\" href=\"https:\/\/fcba-offshore.com\/es\/sociedad-offshore-sp\/\">sociedad offshore<\/a><\/li>\n<\/ul>\n<p>&nbsp;<\/p>\n<p style=\"text-align: justify;\"><a title=\"Inicio\" href=\"https:\/\/fcba-offshore.com\/es\/\">FCBA Offshore Ltd<\/a> aconseja la apertura de una cuenta bancaria offshore o la creaci\u00f3n de una sociedad offshore en Belice principalmente a las personas que no tienen relaciones econ\u00f3micas con Europa ya que el aspecto \u201cexotico\u201d de Belice o la diferencia horaria de 8 horas pueden ser por ejemplo un freno a su actividad offshore.<\/p>\n<p style=\"text-align: justify;\">Abrir una <a title=\"Cuenta bancaria offshore\" href=\"https:\/\/fcba-offshore.com\/es\/compte-bancaire-offshore-sp\/\">cuenta bancaria offshore<\/a> en Belice es bastante sencillo y la comunicaci\u00f3n con su banco se har\u00e1 en ingles o en espa\u00f1ol. El deposito inicial exigido por los bancos para abrir una<a title=\"Cuenta bancaria offshore\" href=\"https:\/\/fcba-offshore.com\/es\/compte-bancaire-offshore-sp\/\"> cuenta bancaria offshore<\/a> en Belice es razonable y no deber\u00eda ser un freno para abrir su <a title=\"Cuenta bancaria offshore\" href=\"https:\/\/fcba-offshore.com\/es\/compte-bancaire-offshore-sp\/\">cuenta bancaria<\/a>. Sin embargo, es probable que los bancos exigen que bloquee una cierta cantidad de dinero en su <a title=\"Cuenta bancaria offshore\" href=\"https:\/\/fcba-offshore.com\/es\/compte-bancaire-offshore-sp\/\">cuenta offshore<\/a> para demostrar su solvencia.<\/p>\n<p>&nbsp;<\/p>\n<p style=\"text-align: justify;\"><a title=\"Contacto\" href=\"https:\/\/fcba-offshore.com\/es\/contact-sp\/\">Por favor, p\u00f3ngase en contacto con nosotros para cualquier tipo de informaci\u00f3n adicional<\/a>.<\/p>\n<p style=\"text-align: justify;\">*Para seguir investigando sobre Belice pulse <a href=\"http:\/\/es.belize.fm\/impuestos-en-belice\/\">aqui<\/a>.<\/p>\n<p>&nbsp;<\/p>\n<p><a href=\"http:\/\/fcba-offshore.com\/wp-content\/uploads\/2014\/06\/logo-small.png\"><img loading=\"lazy\" decoding=\"async\" class=\"alignnone size-full wp-image-479\" src=\"http:\/\/fcba-offshore.com\/wp-content\/uploads\/2014\/06\/logo-small.png\" alt=\"Logo offshore small\" width=\"142\" height=\"31\" \/><\/a><\/p>\n","protected":false},"excerpt":{"rendered":"<p>\u00a0\u00a0\u00a0\u00a0\u00a0\u00a0\u00a0\u00a0\u00a0 &nbsp; &nbsp; Offshore en Belice: &nbsp; Belice esta situado al sur de M\u00e9xico,\u00a0 en Am\u00e9rica central. Este peque\u00f1o pa\u00eds de a penas 300&#8217;000 habitantes es miembro del Commonwealth\u00a0 y las leyes relativas al comercio est\u00e1n claramente basadas en la legislaci\u00f3n brit\u00e1nica. Aunque los idiomas predominantes son el espa\u00f1ol y el criollo belice\u00f1o, Belice es&hellip;<\/p>\n","protected":false},"author":1,"featured_media":0,"parent":0,"menu_order":0,"comment_status":"closed","ping_status":"open","template":"","meta":{"footnotes":""},"class_list":["post-3053","page","type-page","status-publish","hentry"],"_links":{"self":[{"href":"https:\/\/fcba-offshore.com\/es\/wp-json\/wp\/v2\/pages\/3053","targetHints":{"allow":["GET"]}}],"collection":[{"href":"https:\/\/fcba-offshore.com\/es\/wp-json\/wp\/v2\/pages"}],"about":[{"href":"https:\/\/fcba-offshore.com\/es\/wp-json\/wp\/v2\/types\/page"}],"author":[{"embeddable":true,"href":"https:\/\/fcba-offshore.com\/es\/wp-json\/wp\/v2\/users\/1"}],"replies":[{"embeddable":true,"href":"https:\/\/fcba-offshore.com\/es\/wp-json\/wp\/v2\/comments?post=3053"}],"version-history":[{"count":9,"href":"https:\/\/fcba-offshore.com\/es\/wp-json\/wp\/v2\/pages\/3053\/revisions"}],"predecessor-version":[{"id":3504,"href":"https:\/\/fcba-offshore.com\/es\/wp-json\/wp\/v2\/pages\/3053\/revisions\/3504"}],"wp:attachment":[{"href":"https:\/\/fcba-offshore.com\/es\/wp-json\/wp\/v2\/media?parent=3053"}],"curies":[{"name":"wp","href":"https:\/\/api.w.org\/{rel}","templated":true}]}}