{"id":3056,"date":"2016-12-26T09:44:22","date_gmt":"2016-12-26T09:44:22","guid":{"rendered":"http:\/\/fcba-offshore.com\/?page_id=3056"},"modified":"2017-02-25T08:55:50","modified_gmt":"2017-02-25T08:55:50","slug":"chypre-offshore-sp","status":"publish","type":"page","link":"https:\/\/fcba-offshore.com\/es\/chypre-offshore-sp\/","title":{"rendered":"Chipre offshore"},"content":{"rendered":"<h1><a href=\"http:\/\/fcba-offshore.com\/wp-content\/uploads\/2014\/06\/Chypre.png\"><img loading=\"lazy\" decoding=\"async\" class=\"alignnone size-full wp-image-345\" src=\"http:\/\/fcba-offshore.com\/wp-content\/uploads\/2014\/06\/Chypre.png\" alt=\"Chypre\" width=\"79\" height=\"50\" \/><\/a>\u00a0\u00a0\u00a0\u00a0\u00a0\u00a0\u00a0\u00a0\u00a0 <a href=\"http:\/\/fcba-offshore.com\/wp-content\/uploads\/2014\/06\/Chypre-offshore.png\"><img loading=\"lazy\" decoding=\"async\" class=\"size-medium wp-image-563 alignright\" src=\"http:\/\/fcba-offshore.com\/wp-content\/uploads\/2014\/06\/Chypre-offshore-300x131.png\" alt=\"Chypre offshore\" width=\"300\" height=\"131\" srcset=\"https:\/\/fcba-offshore.com\/wp-content\/uploads\/2014\/06\/Chypre-offshore-300x131.png 300w, https:\/\/fcba-offshore.com\/wp-content\/uploads\/2014\/06\/Chypre-offshore.png 641w, https:\/\/fcba-offshore.com\/wp-content\/uploads\/2014\/06\/Chypre-offshore-450x196.png 450w\" sizes=\"auto, (max-width: 300px) 100vw, 300px\" \/><\/a><\/h1>\n<p>&nbsp;<\/p>\n<p>&nbsp;<\/p>\n<h1>Offshore en Chipre:<\/h1>\n<p>&nbsp;<\/p>\n<p style=\"text-align: justify;\">Chipre es una isla del Mediterr\u00e1neo oriental disputada entre Grecia y Turqu\u00eda cuya actividad principal es el turismo. Oficialmente la Rep\u00fablica de Chipre, esta jurisdicci\u00f3n es un estado internacionalmente reconocido, pero solo controla dos tercios de la isla. El 1 de enero del 2008, la Rep\u00fablica de Chipre se incorpor\u00f3 a la Eurozona.<br \/>\nChipre ofrece tambi\u00e9n numerosas ventajas para las personas que desean abrir una <a title=\"Cuenta bancaria offshore\" href=\"https:\/\/fcba-offshore.com\/es\/compte-bancaire-offshore-sp\/\">cuenta bancaria offshore<\/a> o crear una <a title=\"Sociedad offshore\" href=\"https:\/\/fcba-offshore.com\/es\/sociedad-offshore-sp\/\">sociedad offshore<\/a>. Desgraciadamente, su reputaci\u00f3n padeci\u00f3 de la grave crisis bancaria que sufri\u00f3 el pa\u00eds durante los a\u00f1os 2012 y 2013 pero hay que saber que algunos bancos no fueron afectados por esta crisis como nuestro colaborador en la isla que supo anticipar y gestionar correctamente la situaci\u00f3n.<\/p>\n<p>&nbsp;<\/p>\n<p style=\"text-align: justify;\">Las ventajas que ofrece Chipre como destino offshore para abrir una <a title=\"Cuenta bancaria offshore\" href=\"https:\/\/fcba-offshore.com\/es\/compte-bancaire-offshore-sp\/\">cuenta bancaria offshore<\/a> o crear una<a title=\"Sociedad offshore\" href=\"https:\/\/fcba-offshore.com\/es\/sociedad-offshore-sp\/\"> sociedad offshore<\/a>:<\/p>\n<ul style=\"text-align: justify;\">\n<li>Discreci\u00f3n y secreto bancario (con los pa\u00edses no europeos unicamente)<\/li>\n<li>Posibilidad de obtener un numero de IVA intracomunitario (Chipre es miembro de la Comunidad Europea)<\/li>\n<li>Moneda oficial: El Euro<\/li>\n<li>Impuesto sobre los beneficios (o sobre las <a title=\"Sociedad offshore\" href=\"https:\/\/fcba-offshore.com\/es\/sociedad-offshore-sp\/\">sociedades<\/a>) de 12,5% para los residentes como para los no residentes<\/li>\n<\/ul>\n<p>&nbsp;<\/p>\n<p style=\"text-align: justify;\"><a title=\"Inicio\" href=\"https:\/\/fcba-offshore.com\/es\/\">FCBA Offshore ltd<\/a> recomienda a todos los titulares de una <a title=\"Cuenta bancaria offshore\" href=\"https:\/\/fcba-offshore.com\/es\/compte-bancaire-offshore-sp\/\">cuenta bancaria<\/a> en Chipre que hayan sufrido de la crisis financiera de ponerse en contacto con nosotros para que podamos aconsejarles para la apertura de una <a title=\"Cuenta bancaria offshore\" href=\"https:\/\/fcba-offshore.com\/es\/compte-bancaire-offshore-sp\/\">cuenta bancaria offshore<\/a> en una entidad colaboradora de <a title=\"Contacto\" href=\"https:\/\/fcba-offshore.com\/es\/contact-sp\/\">FCBA Offshore Ltd<\/a> localmente o en otra jurisdicci\u00f3n. As\u00ed,\u00a0 las personas deseando abrir una <a title=\"Cuenta bancaria offshore\" href=\"https:\/\/fcba-offshore.com\/es\/compte-bancaire-offshore-sp\/\">cuenta bancaria offshore<\/a> o crear una <a title=\"Sociedad offshore\" href=\"https:\/\/fcba-offshore.com\/es\/sociedad-offshore-sp\/\">sociedad offshore<\/a> en Chipre deben asegurarse de la fiabilidad de su colaborador financiero.<\/p>\n<p style=\"text-align: justify;\">Abrir una <a title=\"Cuenta bancaria offshore\" href=\"https:\/\/fcba-offshore.com\/es\/compte-bancaire-offshore-sp\/\">cuenta bancaria<\/a> o crear una<a title=\"Sociedad offshore\" href=\"https:\/\/fcba-offshore.com\/es\/sociedad-offshore-sp\/\"> sociedad bancaria<\/a> en Chipre es sencillo pero tendr\u00e1 que comunicar en ingles con su entidad bancaria. El deposito inicial exigido por los bancos en Chipre para la apertura de una cuenta bancaria offshore es muy razonable.<\/p>\n<p>&nbsp;<\/p>\n<p style=\"text-align: justify;\"><a title=\"Contacto\" href=\"https:\/\/fcba-offshore.com\/es\/contact-sp\/\">Por favor, p\u00f3ngase en contacto con nosotros para cualquier tipo de informaci\u00f3n adicional<\/a>.<\/p>\n<p style=\"text-align: justify;\">\n<p style=\"text-align: justify;\">* Seguir investigando sobre Chipre pulsando <a href=\"http:\/\/es.cyplive.com\/ru\/articles\/zakonodatelstvo\/nalogi-na-kipre.html\">aqui.<\/a><\/p>\n<p>&nbsp;<\/p>\n<p style=\"text-align: justify;\"><a href=\"http:\/\/fcba-offshore.com\/wp-content\/uploads\/2014\/06\/logo-small.png\"><img loading=\"lazy\" decoding=\"async\" class=\"alignnone size-full wp-image-479\" src=\"http:\/\/fcba-offshore.com\/wp-content\/uploads\/2014\/06\/logo-small.png\" alt=\"Logo offshore small\" width=\"142\" height=\"31\" \/><\/a><\/p>\n","protected":false},"excerpt":{"rendered":"<p>\u00a0\u00a0\u00a0\u00a0\u00a0\u00a0\u00a0\u00a0\u00a0 &nbsp; &nbsp; Offshore en Chipre: &nbsp; Chipre es una isla del Mediterr\u00e1neo oriental disputada entre Grecia y Turqu\u00eda cuya actividad principal es el turismo. Oficialmente la Rep\u00fablica de Chipre, esta jurisdicci\u00f3n es un estado internacionalmente reconocido, pero solo controla dos tercios de la isla. El 1 de enero del 2008, la Rep\u00fablica de Chipre&hellip;<\/p>\n","protected":false},"author":1,"featured_media":0,"parent":0,"menu_order":0,"comment_status":"closed","ping_status":"open","template":"","meta":{"footnotes":""},"class_list":["post-3056","page","type-page","status-publish","hentry"],"_links":{"self":[{"href":"https:\/\/fcba-offshore.com\/es\/wp-json\/wp\/v2\/pages\/3056","targetHints":{"allow":["GET"]}}],"collection":[{"href":"https:\/\/fcba-offshore.com\/es\/wp-json\/wp\/v2\/pages"}],"about":[{"href":"https:\/\/fcba-offshore.com\/es\/wp-json\/wp\/v2\/types\/page"}],"author":[{"embeddable":true,"href":"https:\/\/fcba-offshore.com\/es\/wp-json\/wp\/v2\/users\/1"}],"replies":[{"embeddable":true,"href":"https:\/\/fcba-offshore.com\/es\/wp-json\/wp\/v2\/comments?post=3056"}],"version-history":[{"count":11,"href":"https:\/\/fcba-offshore.com\/es\/wp-json\/wp\/v2\/pages\/3056\/revisions"}],"predecessor-version":[{"id":3505,"href":"https:\/\/fcba-offshore.com\/es\/wp-json\/wp\/v2\/pages\/3056\/revisions\/3505"}],"wp:attachment":[{"href":"https:\/\/fcba-offshore.com\/es\/wp-json\/wp\/v2\/media?parent=3056"}],"curies":[{"name":"wp","href":"https:\/\/api.w.org\/{rel}","templated":true}]}}