{"id":3064,"date":"2016-12-26T09:55:00","date_gmt":"2016-12-26T09:55:00","guid":{"rendered":"http:\/\/fcba-offshore.com\/?page_id=3064"},"modified":"2022-04-13T09:53:27","modified_gmt":"2022-04-13T09:53:27","slug":"contact-sp","status":"publish","type":"page","link":"https:\/\/fcba-offshore.com\/es\/contact-sp\/","title":{"rendered":"Contacto"},"content":{"rendered":"<h1>Contactar<\/h1>\n<h5 style=\"text-align: justify;\"><strong>Una pregunta? Quiere contactar con nuestro equipo?<br \/>\nRellene el formulario y nos pondremos en contacto con usted para establecer juntos una estrategia offshore adaptada.<\/strong><\/h5>\n<p>&nbsp;<\/p>\n<table class=\"int-tbl\" cellspacing=\"0\" cellpadding=\"0\">\n<tbody>\n<tr>\n<td style=\"width: 310px;\">\n<h5>Formulario de contacto<\/h5>\n\n<div class=\"wpcf7 no-js\" id=\"wpcf7-f2937-o1\" lang=\"cs-CZ\" dir=\"ltr\" data-wpcf7-id=\"2937\">\n<div class=\"screen-reader-response\"><p role=\"status\" aria-live=\"polite\" aria-atomic=\"true\"><\/p> <ul><\/ul><\/div>\n<form action=\"\/es\/wp-json\/wp\/v2\/pages\/3064#wpcf7-f2937-o1\" method=\"post\" class=\"wpcf7-form init\" aria-label=\"Kontaktn\u00ed formul\u00e1\u0159\" novalidate=\"novalidate\" data-status=\"init\">\n<div style=\"display: none;\">\n<input type=\"hidden\" name=\"_wpcf7\" value=\"2937\" \/>\n<input type=\"hidden\" name=\"_wpcf7_version\" value=\"6.0.6\" \/>\n<input type=\"hidden\" name=\"_wpcf7_locale\" value=\"cs_CZ\" \/>\n<input type=\"hidden\" name=\"_wpcf7_unit_tag\" value=\"wpcf7-f2937-o1\" \/>\n<input type=\"hidden\" name=\"_wpcf7_container_post\" value=\"0\" \/>\n<input type=\"hidden\" name=\"_wpcf7_posted_data_hash\" value=\"\" \/>\n<\/div>\n<p>Su nombre y apellido\n<\/p>\n<p><span class=\"wpcf7-form-control-wrap\" data-name=\"your-name\"><input size=\"40\" maxlength=\"400\" class=\"wpcf7-form-control wpcf7-text wpcf7-validates-as-required\" aria-required=\"true\" aria-invalid=\"false\" value=\"\" type=\"text\" name=\"your-name\" \/><\/span>\n<\/p>\n<p>Su direcci\u00f3n de correo electr\u00f3nico (requerida)\n<\/p>\n<p><span class=\"wpcf7-form-control-wrap\" data-name=\"your-email\"><input size=\"40\" maxlength=\"400\" class=\"wpcf7-form-control wpcf7-email wpcf7-validates-as-required wpcf7-text wpcf7-validates-as-email\" aria-required=\"true\" aria-invalid=\"false\" value=\"\" type=\"email\" name=\"your-email\" \/><\/span>\n<\/p>\n<p>Su mensaje\n<\/p>\n<p><span class=\"wpcf7-form-control-wrap\" data-name=\"your-message\"><textarea cols=\"40\" rows=\"10\" maxlength=\"2000\" class=\"wpcf7-form-control wpcf7-textarea\" aria-invalid=\"false\" name=\"your-message\"><\/textarea><\/span>\n<\/p>\n<p><div id=\"cf7sr-69de2b458255f\" class=\"cf7sr-g-recaptcha\" data-theme=\"light\" data-type=\"image\" data-size=\"normal\" data-sitekey=\"6LerGXwUAAAAANIW-lM2lRotaaW3CHEMa0Bi8QLw\"><\/div><span class=\"wpcf7-form-control-wrap cf7sr-recaptcha\" data-name=\"cf7sr-recaptcha\"><input type=\"hidden\" name=\"cf7sr-recaptcha\" value=\"\" class=\"wpcf7-form-control\"><\/span>\n<\/p>\n<p><input class=\"wpcf7-form-control wpcf7-submit has-spinner\" type=\"submit\" value=\"Enviar\" \/>\n<\/p><div class=\"wpcf7-response-output\" aria-hidden=\"true\"><\/div>\n<\/form>\n<\/div>\n<\/td>\n<td style=\"width: 310px; vertical-align: top; padding-top: 5px;\">\n<h5>Nuestra direcci\u00f3n<\/h5>\n<p>FCBA Ltd<br \/>\nStrelnieku iela 9<br \/>\nRiga &#8211; LV1010<br \/>\nLetonia<\/p>\n<p>Tel: +34.622567116 \/ +421 902199624<\/td>\n<\/tr>\n<\/tbody>\n<\/table>\n<h5 style=\"text-align: justify;\"><strong>\u00a0<\/strong><\/h5>\n<p><span style=\"color: #ff0000;\">CUIDADO: Es posible que nuestras respuestas se encuentren en su carpeta SPAMS.<\/span><\/p>\n<p>&nbsp;<\/p>\n<div id=\"attachment_3499\" style=\"width: 310px\" class=\"wp-caption alignnone\"><a href=\"http:\/\/fcba-offshore.com\/wp-content\/uploads\/2016\/12\/novyweb1-1024x5751.jpg\"><img loading=\"lazy\" decoding=\"async\" aria-describedby=\"caption-attachment-3499\" class=\"size-medium wp-image-3499\" src=\"http:\/\/fcba-offshore.com\/wp-content\/uploads\/2016\/12\/novyweb1-1024x5751-300x168.jpg\" alt=\"Offshore\" width=\"300\" height=\"168\" srcset=\"https:\/\/fcba-offshore.com\/wp-content\/uploads\/2016\/12\/novyweb1-1024x5751-300x168.jpg 300w, https:\/\/fcba-offshore.com\/wp-content\/uploads\/2016\/12\/novyweb1-1024x5751.jpg 1024w\" sizes=\"auto, (max-width: 300px) 100vw, 300px\" \/><\/a><p id=\"caption-attachment-3499\" class=\"wp-caption-text\">Fcba offshore<\/p><\/div>\n","protected":false},"excerpt":{"rendered":"<p>Contactar Una pregunta? Quiere contactar con nuestro equipo? Rellene el formulario y nos pondremos en contacto con usted para establecer juntos una estrategia offshore adaptada. &nbsp; Formulario de contacto Nuestra direcci\u00f3n FCBA Ltd Strelnieku iela 9 Riga &#8211; LV1010 Letonia Tel: +34.622567116 \/ +421 902199624 \u00a0 CUIDADO: Es posible que nuestras respuestas se encuentren en&hellip;<\/p>\n","protected":false},"author":1,"featured_media":0,"parent":0,"menu_order":0,"comment_status":"closed","ping_status":"open","template":"","meta":{"footnotes":""},"class_list":["post-3064","page","type-page","status-publish","hentry"],"_links":{"self":[{"href":"https:\/\/fcba-offshore.com\/es\/wp-json\/wp\/v2\/pages\/3064","targetHints":{"allow":["GET"]}}],"collection":[{"href":"https:\/\/fcba-offshore.com\/es\/wp-json\/wp\/v2\/pages"}],"about":[{"href":"https:\/\/fcba-offshore.com\/es\/wp-json\/wp\/v2\/types\/page"}],"author":[{"embeddable":true,"href":"https:\/\/fcba-offshore.com\/es\/wp-json\/wp\/v2\/users\/1"}],"replies":[{"embeddable":true,"href":"https:\/\/fcba-offshore.com\/es\/wp-json\/wp\/v2\/comments?post=3064"}],"version-history":[{"count":10,"href":"https:\/\/fcba-offshore.com\/es\/wp-json\/wp\/v2\/pages\/3064\/revisions"}],"predecessor-version":[{"id":4063,"href":"https:\/\/fcba-offshore.com\/es\/wp-json\/wp\/v2\/pages\/3064\/revisions\/4063"}],"wp:attachment":[{"href":"https:\/\/fcba-offshore.com\/es\/wp-json\/wp\/v2\/media?parent=3064"}],"curies":[{"name":"wp","href":"https:\/\/api.w.org\/{rel}","templated":true}]}}