{"id":3067,"date":"2016-12-26T09:58:31","date_gmt":"2016-12-26T09:58:31","guid":{"rendered":"http:\/\/fcba-offshore.com\/?page_id=3067"},"modified":"2017-02-25T09:05:46","modified_gmt":"2017-02-25T09:05:46","slug":"delaware-offshore-sp","status":"publish","type":"page","link":"https:\/\/fcba-offshore.com\/es\/delaware-offshore-sp\/","title":{"rendered":"Delaware offshore"},"content":{"rendered":"<h1><a href=\"http:\/\/fcba-offshore.com\/wp-content\/uploads\/2014\/06\/Delaware.png\"><img loading=\"lazy\" decoding=\"async\" class=\"alignnone size-full wp-image-346\" src=\"http:\/\/fcba-offshore.com\/wp-content\/uploads\/2014\/06\/Delaware.png\" alt=\"Delaware\" width=\"79\" height=\"44\" \/><\/a>\u00a0\u00a0\u00a0\u00a0\u00a0\u00a0\u00a0\u00a0\u00a0 <a href=\"http:\/\/fcba-offshore.com\/wp-content\/uploads\/2014\/06\/Delaware-offshore-2.png\"><img loading=\"lazy\" decoding=\"async\" class=\"size-medium wp-image-575 alignright\" src=\"http:\/\/fcba-offshore.com\/wp-content\/uploads\/2014\/06\/Delaware-offshore-2-300x131.png\" alt=\"Delaware offshore 2\" width=\"300\" height=\"131\" srcset=\"https:\/\/fcba-offshore.com\/wp-content\/uploads\/2014\/06\/Delaware-offshore-2-300x131.png 300w, https:\/\/fcba-offshore.com\/wp-content\/uploads\/2014\/06\/Delaware-offshore-2.png 641w, https:\/\/fcba-offshore.com\/wp-content\/uploads\/2014\/06\/Delaware-offshore-2-450x196.png 450w\" sizes=\"auto, (max-width: 300px) 100vw, 300px\" \/><\/a><\/h1>\n<p>&nbsp;<\/p>\n<p>&nbsp;<\/p>\n<h1>Offshore en Delaware:<\/h1>\n<p>&nbsp;<\/p>\n<p><span lang=\"es-ES\">El Delaware es uno de los 50 estados de Estados Unidos de Am\u00e9rica, situado en el norte del pa\u00eds. Este destino offshore hist\u00f3rico goza de una reputaci\u00f3n en el mundo entero y sigue siendo el destino offshore mas conocido internacionalmente y uno de<\/span> los mayores centros bancarios de Estados Unidos. Tambi\u00e9n posee una fuerte industria petroqu\u00edmica. <span lang=\"es-ES\"> El Deleware no solamente propone ventajas fiscales ultra competitivos a los titulares de una sociedad offshore registrada en su territorio, sino que tambi\u00e9n <em>permite a su titular obtener la \u201cgreen card\u201d americana<\/em>. Los poseedores de esta tarjeta tienen derecho a residir y trabajar en los Estados Unidos de Am\u00e9rica. <\/span><\/p>\n<p lang=\"es-ES\">La principal ventaja en ser titular de una<a title=\"Sociedad offshore\" href=\"https:\/\/fcba-offshore.com\/es\/sociedad-offshore-sp\/\"> sociedad offshore<\/a> en Delaware es la no imposici\u00f3n de los beneficios relacionados con su actividad comercial offshore, es decir los beneficios realizados fuera de los Estados Unidos. Sin embargo, la reputaci\u00f3n muy mediatizada del Delaware en Europa complica la utilizaci\u00f3n de su<a title=\"Sociedad offshore\" href=\"https:\/\/fcba-offshore.com\/es\/sociedad-offshore-sp\/\"> sociedad offshore<\/a> en la Uni\u00f3n Europea. En efecto, las empresas facturadas por su <a title=\"Sociedad offshore\" href=\"https:\/\/fcba-offshore.com\/es\/sociedad-offshore-sp\/\">sociedad<\/a> podr\u00edan verse notificar una reclasificaci\u00f3n fiscal por parte de las autoridades de regulaci\u00f3n fiscal de sus pa\u00edses.<\/p>\n<p lang=\"es-ES\">Por esta raz\u00f3n <a title=\"Contacto\" href=\"https:\/\/fcba-offshore.com\/es\/contact-sp\/\">FCBA Offshore Ltd<\/a> aconseja a los titulares de sociedades registradas en el estado del Delaware que tengan problemas para facturar sus clientes europeos de contactarnos para que les orientamos hacia <a title=\"Las otras jurisdicciones offshore:\" href=\"https:\/\/fcba-offshore.com\/es\/las-otras-jurisdicciones-offshore\/\">otra jurisdicci\u00f3n offshore<\/a>.<\/p>\n<p lang=\"es-ES\">Si esta interesado en abrir una<a title=\"Cuenta bancaria offshore\" href=\"https:\/\/fcba-offshore.com\/es\/compte-bancaire-offshore-sp\/\"> cuenta bancaria offshore<\/a> relacionada con su <a title=\"Sociedad offshore\" href=\"https:\/\/fcba-offshore.com\/es\/sociedad-offshore-sp\/\">sociedad<\/a> ya existente colaboramos con bancos fuertes y experimentados que sabr\u00e1n proponerle los servicios bancarios que necesita.<\/p>\n<p lang=\"es-ES\" align=\"JUSTIFY\">Crear una<a title=\"Sociedad offshore\" href=\"https:\/\/fcba-offshore.com\/es\/sociedad-offshore-sp\/\"> sociedad offshore<\/a> o abrir una<a title=\"Cuenta bancaria offshore\" href=\"https:\/\/fcba-offshore.com\/es\/compte-bancaire-offshore-sp\/\"> cuenta bancaria offshore<\/a> en el estado del Delaware es f\u00e1cil. Los intercambios con los operadores en Estados Unidos se hacen en ingles. El deposito inicial exigido por los bancos en el estado del Delaware es razonable y no debe ser un problema para la apertura de su<a title=\"Cuenta bancaria offshore\" href=\"https:\/\/fcba-offshore.com\/es\/compte-bancaire-offshore-sp\/\"> cuenta bancaria offshore<\/a>.<\/p>\n<p lang=\"es-ES\" align=\"JUSTIFY\"><a title=\"Contacto\" href=\"https:\/\/fcba-offshore.com\/es\/contact-sp\/\">Por favor, p\u00f3ngase en contacto con nosotros para cualquier tipo de informaci\u00f3n adicional.<\/a><\/p>\n<p lang=\"es-ES\" align=\"JUSTIFY\">\n<p>\u00a0Si quiere seguir investigando sobre el estado de Delaware, pulse<a href=\"http:\/\/www.lamarea.com\/2016\/05\/14\/delaware-el-paraiso-fiscal-de-moda-que-seduce-al-ibex-35\/\"> aqui<\/a>.<\/p>\n<p>&nbsp;<\/p>\n<p style=\"text-align: justify;\"><a href=\"http:\/\/fcba-offshore.com\/wp-content\/uploads\/2014\/06\/logo-small.png\"><img loading=\"lazy\" decoding=\"async\" class=\"alignnone size-full wp-image-479\" src=\"http:\/\/fcba-offshore.com\/wp-content\/uploads\/2014\/06\/logo-small.png\" alt=\"Logo offshore small\" width=\"142\" height=\"31\" \/><\/a><\/p>\n","protected":false},"excerpt":{"rendered":"<p>\u00a0\u00a0\u00a0\u00a0\u00a0\u00a0\u00a0\u00a0\u00a0 &nbsp; &nbsp; Offshore en Delaware: &nbsp; El Delaware es uno de los 50 estados de Estados Unidos de Am\u00e9rica, situado en el norte del pa\u00eds. Este destino offshore hist\u00f3rico goza de una reputaci\u00f3n en el mundo entero y sigue siendo el destino offshore mas conocido internacionalmente y uno de los mayores centros bancarios de&hellip;<\/p>\n","protected":false},"author":1,"featured_media":0,"parent":0,"menu_order":0,"comment_status":"closed","ping_status":"open","template":"","meta":{"footnotes":""},"class_list":["post-3067","page","type-page","status-publish","hentry"],"_links":{"self":[{"href":"https:\/\/fcba-offshore.com\/es\/wp-json\/wp\/v2\/pages\/3067","targetHints":{"allow":["GET"]}}],"collection":[{"href":"https:\/\/fcba-offshore.com\/es\/wp-json\/wp\/v2\/pages"}],"about":[{"href":"https:\/\/fcba-offshore.com\/es\/wp-json\/wp\/v2\/types\/page"}],"author":[{"embeddable":true,"href":"https:\/\/fcba-offshore.com\/es\/wp-json\/wp\/v2\/users\/1"}],"replies":[{"embeddable":true,"href":"https:\/\/fcba-offshore.com\/es\/wp-json\/wp\/v2\/comments?post=3067"}],"version-history":[{"count":11,"href":"https:\/\/fcba-offshore.com\/es\/wp-json\/wp\/v2\/pages\/3067\/revisions"}],"predecessor-version":[{"id":3506,"href":"https:\/\/fcba-offshore.com\/es\/wp-json\/wp\/v2\/pages\/3067\/revisions\/3506"}],"wp:attachment":[{"href":"https:\/\/fcba-offshore.com\/es\/wp-json\/wp\/v2\/media?parent=3067"}],"curies":[{"name":"wp","href":"https:\/\/api.w.org\/{rel}","templated":true}]}}