{"id":3073,"date":"2016-12-26T10:04:17","date_gmt":"2016-12-26T10:04:17","guid":{"rendered":"http:\/\/fcba-offshore.com\/?page_id=3073"},"modified":"2017-02-25T09:09:00","modified_gmt":"2017-02-25T09:09:00","slug":"dominica-offshore-sp","status":"publish","type":"page","link":"https:\/\/fcba-offshore.com\/es\/dominica-offshore-sp\/","title":{"rendered":"Dominica offshore"},"content":{"rendered":"<h1><a href=\"http:\/\/fcba-offshore.com\/wp-content\/uploads\/2014\/06\/Dominique.png\"><img loading=\"lazy\" decoding=\"async\" class=\"alignnone size-full wp-image-347\" src=\"http:\/\/fcba-offshore.com\/wp-content\/uploads\/2014\/06\/Dominique.png\" alt=\"Dominique\" width=\"78\" height=\"41\" \/><\/a>\u00a0\u00a0\u00a0\u00a0\u00a0\u00a0\u00a0\u00a0\u00a0\u00a0\u00a0\u00a0\u00a0\u00a0\u00a0\u00a0\u00a0\u00a0\u00a0\u00a0 <a href=\"http:\/\/fcba-offshore.com\/wp-content\/uploads\/2014\/06\/Dominique-Offshore-2.png\"><img loading=\"lazy\" decoding=\"async\" class=\"size-medium wp-image-577 alignright\" src=\"http:\/\/fcba-offshore.com\/wp-content\/uploads\/2014\/06\/Dominique-Offshore-2-300x131.png\" alt=\"Dominique Offshore 2\" width=\"300\" height=\"131\" srcset=\"https:\/\/fcba-offshore.com\/wp-content\/uploads\/2014\/06\/Dominique-Offshore-2-300x131.png 300w, https:\/\/fcba-offshore.com\/wp-content\/uploads\/2014\/06\/Dominique-Offshore-2.png 641w, https:\/\/fcba-offshore.com\/wp-content\/uploads\/2014\/06\/Dominique-Offshore-2-450x196.png 450w\" sizes=\"auto, (max-width: 300px) 100vw, 300px\" \/><\/a><\/h1>\n<p>&nbsp;<\/p>\n<p>&nbsp;<\/p>\n<h1>Offshore en Dominica:<\/h1>\n<p>&nbsp;<\/p>\n<p style=\"text-align: justify;\">Dominica es una isla del caribe que la gente puede confundir con la Rep\u00fablica Dominicana. Pero Dominica es un estado independiente que hace parte del Commonwealth, donde se habla ingles y donde la legislaci\u00f3n comercial es comparable a la brit\u00e1nica, claramente flexible en comparaci\u00f3n con muchos otros pa\u00edses, lo que atrae numerosos inversores extranjeros. Dominica es una democracia parlamentaria y es miembro de pleno derecho y participante de la Comunidad del Caribe y de la Organizaci\u00f3n de Estados del Caribe Oriental.<\/p>\n<p style=\"text-align: justify;\">Dominica es miembro de la Corte Penal Internacional con un acuerdo bilateral de inmunidad de protecci\u00f3n para los militares de Estados Unidos de America. En enero de 2008 Dominica se uni\u00f3 a la Alianza Bolivariana para las Am\u00e9ricas (ALBA).<\/p>\n<p>&nbsp;<\/p>\n<p style=\"text-align: justify;\">Dominica da muchas ventajas relativas a la apertura de una<a title=\"Cuenta bancaria offshore\" href=\"https:\/\/fcba-offshore.com\/es\/compte-bancaire-offshore-sp\/\"> cuenta offshore<\/a> y a la creaci\u00f3n de una <a title=\"Sociedad offshore\" href=\"https:\/\/fcba-offshore.com\/es\/sociedad-offshore-sp\/\">sociedad offshore<\/a>. Por ejemplo:<\/p>\n<ul style=\"text-align: justify;\">\n<li>IVA inexistente<\/li>\n<li>Ausencia de impuesto sobre los beneficios (durante 20 a\u00f1os)<\/li>\n<li>Secreto bancario garantizado (100% discreci\u00f3n)<\/li>\n<li>Su nombre no aparece como titular de <a title=\"Cuenta bancaria offshore\" href=\"https:\/\/fcba-offshore.com\/es\/compte-bancaire-offshore-sp\/\">una cuenta<\/a> o <a title=\"Sociedad offshore\" href=\"https:\/\/fcba-offshore.com\/es\/sociedad-offshore-sp\/\">sociedad offshore<\/a><\/li>\n<\/ul>\n<p style=\"text-align: justify;\">Tambi\u00e9n se puede valorar el hecho que Dominica es un estado joven y poco conocido que genera poca sospecha de parte de las autoridades de control europeas ya que facturar una empresa que pertenece a un gran grupo internacional no sera siempre f\u00e1cil.<\/p>\n<p>&nbsp;<\/p>\n<p style=\"text-align: justify;\"><a title=\"Contacto\" href=\"https:\/\/fcba-offshore.com\/es\/contact-sp\/\">FCBA Offshore Ltd<\/a> aconseja la apertura de una<a title=\"Cuenta bancaria offshore\" href=\"https:\/\/fcba-offshore.com\/es\/compte-bancaire-offshore-sp\/\"> cuenta bancaria offshore<\/a> o la creaci\u00f3n de una <a title=\"Sociedad offshore\" href=\"https:\/\/fcba-offshore.com\/es\/sociedad-offshore-sp\/\">sociedad offshore<\/a> en Dominica principalmente a sus clientes que no sean europeos ya que la diferencia horaria es de 6 horas con Europa, lo que puede representar un problema en los intercambios relativos a su actividad offshore.<\/p>\n<p style=\"text-align: justify;\">Abrir una <a title=\"Cuenta bancaria offshore\" href=\"https:\/\/fcba-offshore.com\/es\/compte-bancaire-offshore-sp\/\">cuenta bancaria offshore<\/a> o crear una <a title=\"Sociedad offshore\" href=\"https:\/\/fcba-offshore.com\/es\/sociedad-offshore-sp\/\">sociedad offshore <\/a>en Dominica es f\u00e1cil. Tendr\u00e1 que comunicar en ingles con sur entidad bancaria o su contacto en Dominica.\u00a0 El deposito inicial exigido por los bancos en Dominica es razonable y no debe ser un problema para la apertura de su <a title=\"Cuenta bancaria offshore\" href=\"https:\/\/fcba-offshore.com\/es\/compte-bancaire-offshore-sp\/\">cuenta bancaria offshore<\/a>.<\/p>\n<p>&nbsp;<\/p>\n<p style=\"text-align: justify;\"><a title=\"Contacto\" href=\"https:\/\/fcba-offshore.com\/es\/contact-sp\/\">Por favor, p\u00f3ngase en contacto con nosotros para cualquier tipo de informaci\u00f3n adicional.<\/a><\/p>\n<p style=\"text-align: justify;\">\n<p style=\"text-align: justify;\">Si quiere seguir investigando sobre Dominica, pulse <a href=\"http:\/\/www.investdominica.com\/es\/haciendo-negocios\/impuestos\/\">aqui<\/a>.<\/p>\n<p>&nbsp;<\/p>\n<p style=\"text-align: justify;\"><a href=\"http:\/\/fcba-offshore.com\/wp-content\/uploads\/2014\/06\/logo-small.png\"><img loading=\"lazy\" decoding=\"async\" class=\"alignnone size-full wp-image-479\" src=\"http:\/\/fcba-offshore.com\/wp-content\/uploads\/2014\/06\/logo-small.png\" alt=\"Logo offshore small\" width=\"142\" height=\"31\" \/><\/a><\/p>\n","protected":false},"excerpt":{"rendered":"<p>\u00a0\u00a0\u00a0\u00a0\u00a0\u00a0\u00a0\u00a0\u00a0\u00a0\u00a0\u00a0\u00a0\u00a0\u00a0\u00a0\u00a0\u00a0\u00a0\u00a0 &nbsp; &nbsp; Offshore en Dominica: &nbsp; Dominica es una isla del caribe que la gente puede confundir con la Rep\u00fablica Dominicana. Pero Dominica es un estado independiente que hace parte del Commonwealth, donde se habla ingles y donde la legislaci\u00f3n comercial es comparable a la brit\u00e1nica, claramente flexible en comparaci\u00f3n con muchos otros pa\u00edses,&hellip;<\/p>\n","protected":false},"author":1,"featured_media":0,"parent":0,"menu_order":0,"comment_status":"closed","ping_status":"open","template":"","meta":{"footnotes":""},"class_list":["post-3073","page","type-page","status-publish","hentry"],"_links":{"self":[{"href":"https:\/\/fcba-offshore.com\/es\/wp-json\/wp\/v2\/pages\/3073","targetHints":{"allow":["GET"]}}],"collection":[{"href":"https:\/\/fcba-offshore.com\/es\/wp-json\/wp\/v2\/pages"}],"about":[{"href":"https:\/\/fcba-offshore.com\/es\/wp-json\/wp\/v2\/types\/page"}],"author":[{"embeddable":true,"href":"https:\/\/fcba-offshore.com\/es\/wp-json\/wp\/v2\/users\/1"}],"replies":[{"embeddable":true,"href":"https:\/\/fcba-offshore.com\/es\/wp-json\/wp\/v2\/comments?post=3073"}],"version-history":[{"count":8,"href":"https:\/\/fcba-offshore.com\/es\/wp-json\/wp\/v2\/pages\/3073\/revisions"}],"predecessor-version":[{"id":3507,"href":"https:\/\/fcba-offshore.com\/es\/wp-json\/wp\/v2\/pages\/3073\/revisions\/3507"}],"wp:attachment":[{"href":"https:\/\/fcba-offshore.com\/es\/wp-json\/wp\/v2\/media?parent=3073"}],"curies":[{"name":"wp","href":"https:\/\/api.w.org\/{rel}","templated":true}]}}