{"id":3076,"date":"2016-12-26T10:07:22","date_gmt":"2016-12-26T10:07:22","guid":{"rendered":"http:\/\/fcba-offshore.com\/?page_id=3076"},"modified":"2017-02-25T09:13:10","modified_gmt":"2017-02-25T09:13:10","slug":"offshore-dubai-sp","status":"publish","type":"page","link":"https:\/\/fcba-offshore.com\/es\/offshore-dubai-sp\/","title":{"rendered":"Dubai offshore"},"content":{"rendered":"<h1><a href=\"http:\/\/fcba-offshore.com\/wp-content\/uploads\/2014\/06\/Dubai.png\"><img loading=\"lazy\" decoding=\"async\" class=\"alignnone size-full wp-image-348\" src=\"http:\/\/fcba-offshore.com\/wp-content\/uploads\/2014\/06\/Dubai.png\" alt=\"Dubai\" width=\"82\" height=\"48\" \/><\/a>\u00a0\u00a0\u00a0\u00a0\u00a0\u00a0\u00a0\u00a0\u00a0\u00a0\u00a0\u00a0\u00a0\u00a0\u00a0\u00a0\u00a0\u00a0\u00a0\u00a0\u00a0 <a href=\"http:\/\/fcba-offshore.com\/wp-content\/uploads\/2014\/06\/Dubai-offshore.png\"><img loading=\"lazy\" decoding=\"async\" class=\"size-medium wp-image-582 alignright\" src=\"http:\/\/fcba-offshore.com\/wp-content\/uploads\/2014\/06\/Dubai-offshore-300x131.png\" alt=\"Dubai offshore\" width=\"300\" height=\"131\" srcset=\"https:\/\/fcba-offshore.com\/wp-content\/uploads\/2014\/06\/Dubai-offshore-300x131.png 300w, https:\/\/fcba-offshore.com\/wp-content\/uploads\/2014\/06\/Dubai-offshore.png 641w, https:\/\/fcba-offshore.com\/wp-content\/uploads\/2014\/06\/Dubai-offshore-450x196.png 450w\" sizes=\"auto, (max-width: 300px) 100vw, 300px\" \/><\/a><\/h1>\n<p>&nbsp;<\/p>\n<p>&nbsp;<\/p>\n<h1>Offshore en Dubai:<\/h1>\n<p>&nbsp;<\/p>\n<p style=\"text-align: justify;\">Dub\u00e1i (en \u00e1rabe: \u062f\u0628\u064a\u0651, <em>Dubayy)<\/em> es uno de los siete Emiratos que conforman los Emiratos \u00c1rabes Unidos, cuya capital es la ciudad hom\u00f3nima. Est\u00e1 situado en la costa del golfo P\u00e9rsico, en el desierto de Arabia, y limita al sur con el Emirato de Abu Dabi, con el de Sharjah por el noreste y, a trav\u00e9s del enclave de Hatta, con el Sultano de Om\u00e1n por el sureste y con los Emiratos de Ajman por el oeste y Ras al-Jaima\u00a0 por el norte. El entrante de agua salada del golfo P\u00e9rsico denominado atraviesa la ciudad capital en direcci\u00f3n noreste-suroeste.Tiene una superficie total de 4114\u00a0km\u00b2.<\/p>\n<p style=\"text-align: justify;\">Dubai es famoso internacionalmente por su turismo de alto lujo y por su ambici\u00f3n en convertirse en un destino de primer plano en relaci\u00f3n con las nuevas tecnolog\u00edas a fuerte valor a\u00f1adido debido al agotamiento de los recursos naturales que son el gas y el petroleo. Los 2 000 000 de nacionales que cuenta Dubai representan los habitantes con mayor\u00a0 poder adquisitivo en el mundo.<\/p>\n<p>&nbsp;<\/p>\n<p style=\"text-align: justify;\">Dubai, con su zona franca y sus ventajas fiscales se ha convertido en un destino offshore de primer plano. En efecto, las principales ventajas en crear una <a title=\"Sociedad offshore\" href=\"https:\/\/fcba-offshore.com\/es\/sociedad-offshore-sp\/\">sociedad offshore<\/a> en Dubai son:<\/p>\n<ul style=\"text-align: justify;\">\n<li>Ausencia de IVA<\/li>\n<li>Ausencia de\u00a0 imposici\u00f3n sobre los beneficios<\/li>\n<li>Ausencia de\u00a0 imposici\u00f3n sobre las plusval\u00edas<\/li>\n<li>Ausencia de cotizaciones sociales para los salarios<\/li>\n<\/ul>\n<p>&nbsp;<\/p>\n<p style=\"text-align: justify;\"><a title=\"Contacto\" href=\"https:\/\/fcba-offshore.com\/es\/contact-sp\/\">FCBA Offshore aconseja<\/a> la creaci\u00f3n de una<a title=\"Sociedad offshore\" href=\"https:\/\/fcba-offshore.com\/es\/sociedad-offshore-sp\/\"> sociedad offshore<\/a> en\u00a0 Dubai a las personas en b\u00fasqueda\u00a0 de las aventajas citadas pero que no necesitan discreci\u00f3n o secreto bancario en relaci\u00f3n con su <a title=\"Cuenta bancaria offshore\" href=\"https:\/\/fcba-offshore.com\/es\/compte-bancaire-offshore-sp\/\">cuenta bancaria offshore<\/a>.<\/p>\n<p style=\"text-align: justify;\">El capital m\u00ednimo para una <a title=\"Sociedad offshore\" href=\"https:\/\/fcba-offshore.com\/es\/sociedad-offshore-sp\/\">sociedad offshore<\/a> en Dubai es de unos 60&#8217;000 euros lo que puede constituir un freno para crear su <a title=\"Sociedad offshore\" href=\"https:\/\/fcba-offshore.com\/es\/sociedad-offshore-sp\/\">sociedad offshore<\/a>. La contabilidad de su sociedad es obligatoria y controlada sistem\u00e1ticamente por las autoridades de control locales.<\/p>\n<p style=\"text-align: justify;\">Abrir una<a title=\"Cuenta bancaria offshore\" href=\"https:\/\/fcba-offshore.com\/es\/compte-bancaire-offshore-sp\/\"> cuenta bancaria offshore<\/a> o crear una <a title=\"Sociedad Offshore\" href=\"https:\/\/fcba-offshore.com\/es\/slider\/sociedad-offshore-2\/\">sociedad offshore<\/a> en Dubai es facil. Tendr\u00e1 que comunicar en ingles con sur entidad bancaria o su contacto en Dubai. Hay que tener en cuenta que el deposito inicial exigido por los bancos en Dubai para la apertura de una<a title=\"Cuenta bancaria offshore\" href=\"https:\/\/fcba-offshore.com\/es\/compte-bancaire-offshore-sp\/\"> cuenta offshore<\/a> es importante.<\/p>\n<p>&nbsp;<\/p>\n<p style=\"text-align: justify;\"><a title=\"Contacto\" href=\"https:\/\/fcba-offshore.com\/es\/contact-sp\/\">Por favor, p\u00f3ngase en contacto con nosotros para cualquier tipo de informaci\u00f3n adicional.<\/a><\/p>\n<p style=\"text-align: justify;\">\n<p style=\"text-align: justify;\">* Para seguir investigando sobre Dubai, pulse <a href=\"https:\/\/brotesverdesblog.wordpress.com\/2014\/02\/27\/realmente-no-hay-impuestos-en-uae\/\">aqui<\/a>.<\/p>\n<p>&nbsp;<\/p>\n<p style=\"text-align: justify;\"><a href=\"http:\/\/fcba-offshore.com\/wp-content\/uploads\/2014\/06\/logo-small.png\"><img loading=\"lazy\" decoding=\"async\" class=\"alignnone size-full wp-image-479\" src=\"http:\/\/fcba-offshore.com\/wp-content\/uploads\/2014\/06\/logo-small.png\" alt=\"Logo offshore small\" width=\"142\" height=\"31\" \/><\/a><\/p>\n","protected":false},"excerpt":{"rendered":"<p>\u00a0\u00a0\u00a0\u00a0\u00a0\u00a0\u00a0\u00a0\u00a0\u00a0\u00a0\u00a0\u00a0\u00a0\u00a0\u00a0\u00a0\u00a0\u00a0\u00a0\u00a0 &nbsp; &nbsp; Offshore en Dubai: &nbsp; Dub\u00e1i (en \u00e1rabe: \u062f\u0628\u064a\u0651, Dubayy) es uno de los siete Emiratos que conforman los Emiratos \u00c1rabes Unidos, cuya capital es la ciudad hom\u00f3nima. Est\u00e1 situado en la costa del golfo P\u00e9rsico, en el desierto de Arabia, y limita al sur con el Emirato de Abu Dabi, con el&hellip;<\/p>\n","protected":false},"author":1,"featured_media":0,"parent":0,"menu_order":0,"comment_status":"closed","ping_status":"open","template":"","meta":{"footnotes":""},"class_list":["post-3076","page","type-page","status-publish","hentry"],"_links":{"self":[{"href":"https:\/\/fcba-offshore.com\/es\/wp-json\/wp\/v2\/pages\/3076","targetHints":{"allow":["GET"]}}],"collection":[{"href":"https:\/\/fcba-offshore.com\/es\/wp-json\/wp\/v2\/pages"}],"about":[{"href":"https:\/\/fcba-offshore.com\/es\/wp-json\/wp\/v2\/types\/page"}],"author":[{"embeddable":true,"href":"https:\/\/fcba-offshore.com\/es\/wp-json\/wp\/v2\/users\/1"}],"replies":[{"embeddable":true,"href":"https:\/\/fcba-offshore.com\/es\/wp-json\/wp\/v2\/comments?post=3076"}],"version-history":[{"count":7,"href":"https:\/\/fcba-offshore.com\/es\/wp-json\/wp\/v2\/pages\/3076\/revisions"}],"predecessor-version":[{"id":3508,"href":"https:\/\/fcba-offshore.com\/es\/wp-json\/wp\/v2\/pages\/3076\/revisions\/3508"}],"wp:attachment":[{"href":"https:\/\/fcba-offshore.com\/es\/wp-json\/wp\/v2\/media?parent=3076"}],"curies":[{"name":"wp","href":"https:\/\/api.w.org\/{rel}","templated":true}]}}