{"id":3078,"date":"2016-12-26T10:08:34","date_gmt":"2016-12-26T10:08:34","guid":{"rendered":"http:\/\/fcba-offshore.com\/?page_id=3078"},"modified":"2017-02-05T07:44:07","modified_gmt":"2017-02-05T07:44:07","slug":"estudios-de-caso","status":"publish","type":"page","link":"https:\/\/fcba-offshore.com\/es\/estudios-de-caso\/","title":{"rendered":"Estudios de caso"},"content":{"rendered":"[accordion\u00a0autoclose=\u00bbtrue\u00bb openfirst=\u00bbfalse\u00bb clicktoclose=\u00bbtrue\u00bb]\n<h3 id=\"accordion-0-t1\" class=\"accordion-title\" role=\"tab\" aria-controls=\"accordion-0-c1\" aria-selected=\"false\" aria-expanded=\"false\" tabindex=\"0\" >Cuenta bancaria offshore para una sociedad<\/h3><div id=\"accordion-0-c1\" class=\"accordion-content\" role=\"tabpanel\" aria-labelledby=\"accordion-0-t1\" aria-hidden=\"true\">\n<p style=\"text-align: justify;\">Oliver vive y trabaja\u00a0 en Espa\u00f1a en el sector autom\u00f3vil.\u00a0 Dirige una empresa prospera, con\u00a0varios empleados, sometida al derecho espa\u00f1ol. Sin embargo, despu\u00e9s de haber sido victima de un fraude al I.V.A\u00a0\u00a0 relacionado a la compra de un veh\u00edculo a un proveedor alem\u00e1n el a\u00f1o pasado (caso en espera de juicio), Oliver teme que las autoridades espa\u00f1olas le reclamen\u00a0 una cantidad de dinero que no tendr\u00eda normalmente que pagar. El problema viene de su proveedor alem\u00e1n cuyo numero de I.V.A intracomunitario no es valido y Oliver deber\u00eda demostrarlo f\u00e1cilmente.<\/p>\n<p style=\"text-align: justify;\">El hecho es que al d\u00eda de hoy, la cuenta bancaria de su sociedad espa\u00f1ola abierta en territorio espa\u00f1ol esta expuesta a un embargo hasta que Oliver demuestre su buena fe ante el tribunal. Para protegerse, Oliver decidi\u00f3 <a title=\"Contacto\" href=\"https:\/\/fcba-offshore.com\/es\/contact-sp\/\">contactar con nosotros<\/a>. As\u00ed FCBA Offshore le ofreci\u00f3 abrir\u00a0 una <a title=\"Cuenta bancaria offshore\" href=\"https:\/\/fcba-offshore.com\/es\/compte-bancaire-offshore-sp\/\">cuenta bancaria offshore<\/a> profesional ante nuestro colaborador bancario en <a title=\"Suiza offshore\" href=\"https:\/\/fcba-offshore.com\/es\/suiza-offshore-sp\/\">Suiza<\/a>.<\/p>\n<p style=\"text-align: justify;\">Para Oliver los beneficios son los siguientes:<\/p>\n<ul style=\"text-align: justify;\">\n<li data-listid=\"1\" data-aria-posinset=\"0\" data-aria-level=\"1\">su <a title=\"Cuenta bancaria offshore\" href=\"https:\/\/fcba-offshore.com\/es\/compte-bancaire-offshore-sp\/\">cuenta bancaria offshore<\/a> esta a salvo de cualquier tipo de\u00a0 embargo directo de parte de las autoridades espa\u00f1olas<\/li>\n<li data-listid=\"1\" data-aria-posinset=\"0\" data-aria-level=\"1\">pudo conservar una<a title=\"Cuenta bancaria offshore\" href=\"https:\/\/fcba-offshore.com\/es\/compte-bancaire-offshore-sp\/\"> cuenta\u00a0bancaria offshore<\/a> en EURO y en zona SEPA (zona \u00fanica de pagos en euro, es decir en la misma zona financiera que Espa\u00f1a o el resto de la zona euro) lo que le permiti\u00f3 seguir trabajando normalmente con sus proveedores y clientes sin haber de pagar gastos de\u00a0cambio o de transferencia desde cuentas extranjeras.<\/li>\n<li data-listid=\"1\" data-aria-posinset=\"0\" data-aria-level=\"1\">Nuestro colaborador suizo le facilito el acceso a productos y servicios bancarios offshore claramente de nivel superior a los propuestos por su banco en Espa\u00f1a.<\/li>\n<\/ul>\n<p style=\"text-align: justify;\">El coste de la operaci\u00f3n para Oliver: 700 euros.<\/p>\n<\/div>\n<h3 id=\"accordion-0-t2\" class=\"accordion-title\" role=\"tab\" aria-controls=\"accordion-0-c2\" aria-selected=\"false\" aria-expanded=\"false\" tabindex=\"0\" >Consultor Internacional<\/h3><div id=\"accordion-0-c2\" class=\"accordion-content\" role=\"tabpanel\" aria-labelledby=\"accordion-0-t2\" aria-hidden=\"true\">\n<p style=\"text-align: justify;\">David es ingeniero industrial especializado en\u00a0nuclear. En relaci\u00f3n con su actividad, David, de nacionalidad belga y domiciliado en B\u00e9lgica, monto un sociedad bajo legislaci\u00f3n belga que gestionaba y desarrollaba solo. Sin embargo, teniendo en cuenta sus numerosos contratos al extranjero con grupos industriales importantes, hemos decidido orientarle hacia la creaci\u00f3n de una sociedad en <a title=\"Letonia offshore\" href=\"https:\/\/fcba-offshore.com\/es\/letonia-offshore-sp\/\">Letonia<\/a> donde el impuesto sobre sociedades es el mas bajo de Europa (entre 9% y 15%)\u00a0 gestionando le todos los tramites.<\/p>\n<p style=\"text-align: justify;\">As\u00ed, nuestro equipo asegura para David y en nombre de su <a title=\"Sociedad offshore\" href=\"https:\/\/fcba-offshore.com\/es\/sociedad-offshore-sp\/\">sociedad offshore<\/a>, las relaciones jur\u00eddicas, contables y administrativas con las administraciones de <a title=\"Letonia offshore\" href=\"https:\/\/fcba-offshore.com\/es\/letonia-offshore-sp\/\">Letonia<\/a>.\u00a0Ademas\u00a0hemos abierto para David una <a title=\"Cuenta bancaria offshore\" href=\"https:\/\/fcba-offshore.com\/es\/compte-bancaire-offshore-sp\/\">cuenta bancaria offshore<\/a>\u00a0multidivisas\u00a0 para que pueda beneficiar de sus ingresos, frecuentemente en\u00a0dolar\u00a0americano (USD) o en euros (EUR), su divisa de referencia.<\/p>\n<p style=\"text-align: justify;\">Los beneficios para David son\u00a0 m\u00faltiples:<\/p>\n<ul style=\"text-align: justify;\">\n<li data-listid=\"1\" data-aria-posinset=\"0\" data-aria-level=\"1\">Ahorra cantidades significantes\u00a0 en impuestos comparando con B\u00e9lgica<\/li>\n<li data-listid=\"1\" data-aria-posinset=\"0\" data-aria-level=\"1\">no necesita gestionar la contabilidad y las relaciones con las administraciones\u00a0de <a title=\"Letonia offshore\" href=\"https:\/\/fcba-offshore.com\/es\/letonia-offshore-sp\/\">Letonia<\/a><\/li>\n<li data-listid=\"1\" data-aria-posinset=\"0\" data-aria-level=\"1\">su <a title=\"Cuenta bancaria offshore\" href=\"https:\/\/fcba-offshore.com\/es\/compte-bancaire-offshore-sp\/\">cuenta bancaria offshore<\/a>\u00a0multidivisas\u00a0le permite ahorrar las importantes comisiones de cambio que pagaba anteriormente<\/li>\n<\/ul>\n<p style=\"text-align: justify;\">El cost\u00e9 para David fue de 2&#8217;000 euros para la creaci\u00f3n\u00a0 de la <a title=\"Sociedad offshore\" href=\"https:\/\/fcba-offshore.com\/es\/sociedad-offshore-sp\/\">sociedad offshore<\/a>, de 800 euros para la apertura de la <a title=\"Cuenta bancaria offshore\" href=\"https:\/\/fcba-offshore.com\/es\/compte-bancaire-offshore-sp\/\">cuenta bancaria offshore<\/a> y de 300 euros mensuales para la gesti\u00f3n\u00a0 contable y administrativa de su actividad. Sin embargo, 3 meses despu\u00e9s, David aconsejo a un amigo franc\u00e9s (Nicolas, consultor inform\u00e1tico) de <a title=\"Contacto\" href=\"https:\/\/fcba-offshore.com\/es\/contact-sp\/\">contactarnos<\/a>, el cual opto por una soluci\u00f3n similar. Agradecidos, regalamos a David 4 meses de prestaciones mensuales por su confianza.<\/p>\n<\/div>\n<h3 id=\"accordion-0-t3\" class=\"accordion-title\" role=\"tab\" aria-controls=\"accordion-0-c3\" aria-selected=\"false\" aria-expanded=\"false\" tabindex=\"0\" >Cuenta Multidivisas<\/h3><div id=\"accordion-0-c3\" class=\"accordion-content\" role=\"tabpanel\" aria-labelledby=\"accordion-0-t3\" aria-hidden=\"true\">\n<p style=\"text-align: justify;\">Tatiana es rusa y decidi\u00f3 instalarse en <a title=\"Chipre offshore\" href=\"https:\/\/fcba-offshore.com\/es\/chypre-offshore-sp\/\">Chipre<\/a> para\u00a0vivir de sus rentas. Posee una sociedad en\u00a0Moscu\u00a0que le da beneficios mensualmente y quiere que sus dos hijos, estudiantes en Londres y Nueva York, puedan gozar de este dinero. As\u00ed, hemos abierto para Tatiana que percibe sus rentas en Rublos (RUB), paga la\u00a0mayor\u00eda de sus gastos en Euros (EUR) y\u00a0envia\u00a0Libras esterlinas (GBP) y\u00a0Dolares\u00a0americanos (USD) a sus 2 hijos, una cuenta offshore\u00a0multidivisas\u00a0en Malta 4 divisas: Rublos (RUB), Euros (EUR), Libras esterlinas (GBP) y\u00a0Dolares\u00a0americanos (USD).<\/p>\n<p style=\"text-align: justify;\">Los beneficios para Tatiana:<\/p>\n<ul style=\"text-align: justify;\">\n<li data-listid=\"1\" data-aria-posinset=\"0\" data-aria-level=\"1\">se ahorra los importantes gastos de cambio<\/li>\n<li data-listid=\"1\" data-aria-posinset=\"0\" data-aria-level=\"1\">rapidez de la transacciones<\/li>\n<li data-listid=\"1\" data-aria-posinset=\"0\" data-aria-level=\"1\">operaciones facilitadas<\/li>\n<\/ul>\n<p style=\"text-align: justify;\">La apertura de esta <a title=\"Cuenta bancaria offshore\" href=\"https:\/\/fcba-offshore.com\/es\/compte-bancaire-offshore-sp\/\">cuenta bancaria offshore<\/a>\u00a0multidivisas\u00a0fue facturada 600 euros a Tatiana, y evidentemente nos hemos encargado para ella de todos los tramites sin que tenga que salir de <a title=\"Chipre offshore\" href=\"https:\/\/fcba-offshore.com\/es\/chypre-offshore-sp\/\">Chipre<\/a>.<\/p>\n<\/div>\n<h3 id=\"accordion-0-t4\" class=\"accordion-title\" role=\"tab\" aria-controls=\"accordion-0-c4\" aria-selected=\"false\" aria-expanded=\"false\" tabindex=\"0\" >Tarjeta Bancaria Anonima<\/h3><div id=\"accordion-0-c4\" class=\"accordion-content\" role=\"tabpanel\" aria-labelledby=\"accordion-0-t4\" aria-hidden=\"true\">\n<p style=\"color: #000000; text-align: justify;\">Alejandro desea por motivos personales un tarjeta bancaria 100% an\u00f3nima que le ofrezca los mismos servicios que una tarjeta bancaria cl\u00e1sica: pagar por Internet, utilizar los cajeros autom\u00e1ticos, pagar en restaurantes y tiendas&#8230; Evidentemente este tipo de producto es muy interesante pero complicado de conseguir y las pocas entidades bancarias que lo proponen no aceptaran de entregar este tipo de tarjeta a un cliente desconocido. Gracias a nuestras colaboraciones privilegiadas somos capaces de proporcionales este producto imposible de rastrear en su pa\u00eds de residencia. El nombre y apellidos de Alejandro no aparecen en la misma tarjeta convertida en una tarjeta imposible de rastrear como lo hemos mencionado.<\/p>\n<p style=\"color: #000000; text-align: justify;\">Los diversos beneficios para Alejandro:<\/p>\n<ul style=\"text-align: justify;\">\n<li>anonimato de todas las operaciones bancarias<\/li>\n<li>posibilidad de pago casi sin limite<\/li>\n<li><a title=\"Cuenta bancaria offshore\" href=\"https:\/\/fcba-offshore.com\/es\/compte-bancaire-offshore-sp\/\">cuenta bancaria offshore<\/a> domiciliada en una <a title=\"Cuenta bancaria offshore\" href=\"https:\/\/fcba-offshore.com\/es\/compte-bancaire-offshore-sp\/\">jurisdicci\u00f3n<\/a> que ofrece el secreto bancario<\/li>\n<li>acceso a todos los productos y servicios bancarios de un banco de calidad<\/li>\n<\/ul>\n<p style=\"color: #000000; text-align: justify;\">El coste para Alejandro fue de 800 euros y nos hemos encargado para el de todos los tramites administrativos con la mayor discreci\u00f3n.<\/p>\n<\/div>\n<h3 id=\"accordion-0-t5\" class=\"accordion-title\" role=\"tab\" aria-controls=\"accordion-0-c5\" aria-selected=\"false\" aria-expanded=\"false\" tabindex=\"0\" >Secreto Bancario<\/h3><div id=\"accordion-0-c5\" class=\"accordion-content\" role=\"tabpanel\" aria-labelledby=\"accordion-0-t5\" aria-hidden=\"true\">\n<p style=\"text-align: justify;\">Juan es espa\u00f1ol. Su esposa Victoria y el est\u00e1n jubilados y decidieron preparar su herencia.\u00a0Juan y Victoria no tienen hijos y emitieron el deseo de transmitir su patrimonio a uno de sus sobrinos que, por motivos familiares, criaron juntos (Despu\u00e9s del fallecimiento de los padres. Su madre era la \u00fanica hermana de Victoria). Sin embargo, Juan y Victoria tienen mas sobrinos y sobrinas y no quisieron desvelar una parte de su patrimonio al resto de la familia. Les hemos propuesto que abran una <a title=\"Cuenta bancaria offshore\" href=\"https:\/\/fcba-offshore.com\/es\/compte-bancaire-offshore-sp\/\">cuenta bancaria offshore<\/a> a nombre de su sobrino en una jurisdicci\u00f3n ultra protegida en el caribe.<\/p>\n<p style=\"text-align: justify;\">Los beneficios para Juan y Victoria:<\/p>\n<ul style=\"text-align: justify;\">\n<li data-listid=\"1\" data-aria-posinset=\"0\" data-aria-level=\"1\">secreto bancario garantizando la confidencialidad y no divulgaci\u00f3n de su identidad a las autoridades de su pa\u00eds de residencia<\/li>\n<li data-listid=\"1\" data-aria-posinset=\"0\" data-aria-level=\"1\">seguridad m\u00e1xima para su patrimonio<\/li>\n<li data-listid=\"1\" data-aria-posinset=\"0\" data-aria-level=\"1\">posibilidad de hacer fructificar su patrimonio gracias a productos de ahorro de alto rendimiento<\/li>\n<\/ul>\n<p style=\"text-align: justify;\">El coste para Juan y Victoria fue de 600 euros sin tener que desplazarse o preocuparse de los tramites administrativos.<\/p>\n<\/div>\n<h3 id=\"accordion-0-t6\" class=\"accordion-title\" role=\"tab\" aria-controls=\"accordion-0-c6\" aria-selected=\"false\" aria-expanded=\"false\" tabindex=\"0\" >Empresa Individual<\/h3><div id=\"accordion-0-c6\" class=\"accordion-content\" role=\"tabpanel\" aria-labelledby=\"accordion-0-t6\" aria-hidden=\"true\">\n<p style=\"text-align: justify;\">Franck\u00a0es un australiano que trabajo durante a\u00f1os en\u00a0Estados Unidos en una famosa empresa de seguros\u00a0 con sede en Nueva York. Despu\u00e9s de haber conocido a una mujer espa\u00f1ola, decidi\u00f3 instalarse en Europa con ella, dimitiendo de su empleo. No obstante,\u00a0Franck\u00a0quiso aprovechar la experiencia acumulada durante sus a\u00f1os en Estados Unidos y decidi\u00f3 instalarse como corredor de seguros en Barcelona. Por motivos fiscales,\u00a0Franck\u00a0constituyo una sociedad en el estado de <a title=\"Delaware offshore\" href=\"https:\/\/fcba-offshore.com\/es\/delaware-offshore-sp\/\">Delaware<\/a>, y otra en <a title=\"Irlanda offshore\" href=\"https:\/\/fcba-offshore.com\/es\/irlanda-offshore-sp\/\">Irlanda<\/a>. Tuvo dificultades para abrir una <a title=\"Cuenta bancaria offshore\" href=\"https:\/\/fcba-offshore.com\/es\/compte-bancaire-offshore-sp\/\">cuenta bancaria offshore<\/a> para su sociedad en Delaware y decidi\u00f3 contactarnos. Hicimos juntos el balance de su situaci\u00f3n personal y profesional hasta aconsejarle que abra una sociedad en las <a title=\"Seychelles offshore\" href=\"https:\/\/fcba-offshore.com\/es\/seychelles-offshore-sp\/\">islas Seychelles<\/a> y que cierra la del <a title=\"Delaware offshore\" href=\"https:\/\/fcba-offshore.com\/es\/delaware-offshore-sp\/\">Delaware<\/a>.\u00a0Franck\u00a0fue r\u00e1pidamente convencido con nuestra propuesta ya\u00a0que perdi\u00f3 tiempo y dinero con la creaci\u00f3n de su sociedad en el<a title=\"Delaware offshore\" href=\"https:\/\/fcba-offshore.com\/es\/delaware-offshore-sp\/\"> Delaware<\/a>, pero tomo la decisi\u00f3n de cerrar la.<\/p>\n<p style=\"text-align: justify;\">Por supuesto habr\u00edamos podido abrir una <a title=\"Cuenta bancaria offshore\" href=\"https:\/\/fcba-offshore.com\/es\/compte-bancaire-offshore-sp\/\">cuenta bancaria offshore<\/a> profesional\u00a0multidivisas\u00a0para su sociedad en <a title=\"Delaware offshore\" href=\"https:\/\/fcba-offshore.com\/es\/delaware-offshore-sp\/\">Delaware<\/a> pero le\u00a0salia\u00a0mas a cuenta crear una <a title=\"Sociedad offshore\" href=\"https:\/\/fcba-offshore.com\/es\/sociedad-offshore-sp\/\">sociedad offshore<\/a> en las<a title=\"Seychelles offshore\" href=\"https:\/\/fcba-offshore.com\/es\/seychelles-offshore-sp\/\"> islas Seychelles<\/a> as\u00ed que le abrimos una <a title=\"Cuenta bancaria offshore\" href=\"https:\/\/fcba-offshore.com\/es\/compte-bancaire-offshore-sp\/\">cuenta bancaria offshore<\/a> relacionada con su sociedad seychellense.<\/p>\n<p style=\"text-align: justify;\">Los beneficios para\u00a0Franck:<\/p>\n<ul style=\"text-align: justify;\">\n<li data-listid=\"1\" data-aria-posinset=\"0\" data-aria-level=\"1\">mas confidencialidad y facilidad de utilizaci\u00f3n (comparando su antigua sociedad en\u00a0<a title=\"Delaware offshore\" href=\"https:\/\/fcba-offshore.com\/es\/delaware-offshore-sp\/\">Delaware<\/a> y su nueva sociedad seychellense)<\/li>\n<li data-listid=\"1\" data-aria-posinset=\"0\" data-aria-level=\"1\">este montaje le da una cobertura geogr\u00e1fica de sus actividades sin limite ninguna<\/li>\n<li data-listid=\"1\" data-aria-posinset=\"0\" data-aria-level=\"1\">imposici\u00f3n mas ventajosa<\/li>\n<li data-listid=\"1\" data-aria-posinset=\"0\" data-aria-level=\"1\">secreto bancario<\/li>\n<li data-listid=\"1\" data-aria-posinset=\"0\" data-aria-level=\"1\">ahorro de las comisiones de cambio\u00a0 de divisas<\/li>\n<\/ul>\n<p style=\"text-align: justify;\">El coste para\u00a0Franck\u00a0fue de 1&#8217;500 euros\u00a0para la creaci\u00f3n de su <a title=\"Sociedad offshore\" href=\"https:\/\/fcba-offshore.com\/es\/sociedad-offshore-sp\/\">sociedad offshore<\/a> en las <a title=\"Seychelles offshore\" href=\"https:\/\/fcba-offshore.com\/es\/seychelles-offshore-sp\/\">islas Seychelles<\/a> y de 800 euros para la apertura de la <a title=\"Cuenta bancaria offshore\" href=\"https:\/\/fcba-offshore.com\/es\/compte-bancaire-offshore-sp\/\">cuenta bancaria offshore<\/a>.\u00a0Ademas, sabiendo que <a title=\"Contacto\" href=\"https:\/\/fcba-offshore.com\/es\/contact-sp\/\">FCBA Offshore<\/a> se hace cargo de las relaciones con las administraciones seychellenses para su <a title=\"Sociedad offshore\" href=\"https:\/\/fcba-offshore.com\/es\/sociedad-offshore-sp\/\">sociedad offshore<\/a>, facturamos 180 euros mensuales a\u00a0Franck. Estos gastos incluyen la conservaci\u00f3n de los documentos relacionados a su actividad para garantizarle la m\u00e1xima discreci\u00f3n.<\/p>\n<p style=\"text-align: justify;\">Franck\u00a0tiene conocidos que se encuentran en situaciones similares. Piensa convencerles de <a title=\"Contacto\" href=\"https:\/\/fcba-offshore.com\/es\/contact-sp\/\">ponerse en contacto con nosotros<\/a>. En este caso, regalar\u00edamos a\u00a0Franck\u00a04 meses\u00a0 de gastos administrativos relacionados con su sociedad seychellense.<\/p>\n<\/div>\n<h3 id=\"accordion-0-t7\" class=\"accordion-title\" role=\"tab\" aria-controls=\"accordion-0-c7\" aria-selected=\"false\" aria-expanded=\"false\" tabindex=\"0\" >Cuenta bancaria europea para una sociedad no europea<\/h3><div id=\"accordion-0-c7\" class=\"accordion-content\" role=\"tabpanel\" aria-labelledby=\"accordion-0-t7\" aria-hidden=\"true\">\n<p style=\"text-align: justify;\">Na\u00efm\u00a0es un empresario\u00a0argelino que supo desarrollar su actividad de construcci\u00f3n y renovaci\u00f3n hasta convertirse en un actor importante del sector en la ciudad de Oran. Varias empresas extranjeras llegaron a contratar con su sociedad para equipar sus tiendas y oficinas. Generalmente, sus clientes (mayoritariamente europeos) desean pagar la factura editada por la empresa de\u00a0Na\u00efm\u00a0a trav\u00e9s de sus oficinas en Europa. Para\u00a0Na\u00efm\u00a0es un problema importante porque en Argelia es complicado y costoso recibir pagos del extranjero.<\/p>\n<p style=\"text-align: justify;\">Hemos empezado proponiendo a\u00a0Na\u00efm\u00a0 una simple <a title=\"Cuenta bancaria offshore\" href=\"https:\/\/fcba-offshore.com\/es\/compte-bancaire-offshore-sp\/\">apertura de cuenta offshore<\/a> en la zona Euro (zona SEPA) a trav\u00e9s de una entidad colaboradora en <a title=\"Letonia offshore\" href=\"https:\/\/fcba-offshore.com\/es\/letonia-offshore-sp\/\">Letonia<\/a>.<\/p>\n<p style=\"text-align: justify;\">El coste para\u00a0Na\u00efm: 700 euros.<\/p>\n<p style=\"text-align: justify;\">Beneficios para\u00a0Na\u00efm:<\/p>\n<ul style=\"text-align: justify;\">\n<li data-listid=\"1\" data-aria-posinset=\"0\" data-aria-level=\"1\">facilitar el pago de sus clientes hacia su sociedad argelina\u00a0a trav\u00e9s de una cuenta bancaria abierta en la zona Euro<\/li>\n<li data-listid=\"1\" data-aria-posinset=\"0\" data-aria-level=\"1\">reducir los gastos bancarios relacionados con la recepci\u00f3n de una transferencia procedente del extranjero en Argelia<\/li>\n<li data-listid=\"1\" data-aria-posinset=\"0\" data-aria-level=\"1\">acceder a productos y servicios bancarios de calidad<\/li>\n<\/ul>\n<p style=\"text-align: justify;\">Despu\u00e9s,\u00a0Na\u00efm\u00a0nos pidi\u00f3 ayuda para crear una sociedad de derecho europeo y gozar de un n\u00b0 de IVA intracomunitario para (aqu\u00ed tambi\u00e9n) facilitar sus intercambios comerciales con sus clientes y proveedores europeos. Le hemos abierto una sociedad en <a title=\"Letonia offshore\" href=\"https:\/\/fcba-offshore.com\/es\/letonia-offshore-sp\/\">Letonia<\/a> con una imposici\u00f3n ventajosa (15%) integralmente gestionable a distancia.<\/p>\n<p style=\"text-align: justify;\">El coste de la operaci\u00f3n fue de 2&#8217;000 euros y facturamos a\u00a0Na\u00efm\u00a0180 euros mensuales para la gesti\u00f3n contable y administrativa de su estructura.<\/p>\n<\/div>\n<h3 id=\"accordion-0-t8\" class=\"accordion-title\" role=\"tab\" aria-controls=\"accordion-0-c8\" aria-selected=\"false\" aria-expanded=\"false\" tabindex=\"0\" >Residente i estudiante extranjero<\/h3><div id=\"accordion-0-c8\" class=\"accordion-content\" role=\"tabpanel\" aria-labelledby=\"accordion-0-t8\" aria-hidden=\"true\">\n<p style=\"text-align: justify;\">Karim es marroqu\u00ed y estudia medicina. Para finalizar sus estudios, eligi\u00f3 venir en Francia para unos\u00a0a\u00f1os. Evidentemente, Karim necesita una cuenta bancaria domiciliada en Europa y en euros. Por ser extra comunitario, los bancos franceses no le dejan abrir una cuenta y Karim decidi\u00f3 <a title=\"Contacto\" href=\"https:\/\/fcba-offshore.com\/es\/contact-sp\/\">contactarnos<\/a>. Pusimos en marcha para el los tramites administrativos ante\u00a0las entidades bancarias con quien solemos trabajar en Europa y le abrimos una cuenta bancaria offshore para que pueda seguir adelante con su estudios.\u00a0Ademas\u00a0Karim puede ahora gozar de una tarjeta bancaria y gestionar su cuenta a trav\u00e9s de Internet.<\/p>\n<p style=\"text-align: justify;\">Los\u00a0beneficios para Karim:<\/p>\n<ul style=\"text-align: justify;\">\n<li data-listid=\"1\" data-aria-posinset=\"0\" data-aria-level=\"1\">poder gozar de un servicio bancario de proximidad<\/li>\n<li data-listid=\"1\" data-aria-posinset=\"0\" data-aria-level=\"1\">dejar de utilizar los organismos especializados en env\u00edos de fondos desde el extranjero (con alto coste) para que el y su familia en\u00a0Maruecos\u00a0puedan enviar dinero sin pagar importantes gastos<\/li>\n<\/ul>\n<p style=\"text-align: justify;\">El coste para Karim fue de 600 euros.<\/p>\n<\/div>\n<h3 id=\"accordion-0-t9\" class=\"accordion-title\" role=\"tab\" aria-controls=\"accordion-0-c9\" aria-selected=\"false\" aria-expanded=\"false\" tabindex=\"0\" >Cuenta bancaria bloqueado<\/h3><div id=\"accordion-0-c9\" class=\"accordion-content\" role=\"tabpanel\" aria-labelledby=\"accordion-0-t9\" aria-hidden=\"true\">\n<p style=\"text-align: justify;\">Pablo es espa\u00f1ol. Cuando quebr\u00f3 su empresa, su\u00a0cuenta bancaria fue bloqueada y se quedo sin ning\u00fan tipo de servicio bancario para seguir adelante. Hemos dirigido a Pablo hacia una entidad bancaria europea para abrirle una <a title=\"Cuenta bancaria offshore\" href=\"https:\/\/fcba-offshore.com\/es\/compte-bancaire-offshore-sp\/\">cuenta bancaria offshore<\/a> y que pueda gozar de nuevo de un servicio bancario con tarjeta bancaria.<\/p>\n<p style=\"text-align: justify;\">Los beneficios para\u00a0 Pablo:<\/p>\n<ul style=\"text-align: justify;\">\n<li data-listid=\"1\" data-aria-posinset=\"0\" data-aria-level=\"1\">tener de nuevo una vida normal y seguir adelante gracias a un servicio bancario completo y de calidad<\/li>\n<li data-listid=\"1\" data-aria-posinset=\"0\" data-aria-level=\"1\">acceder a una gama de productos bancarios mas diversificados que en un banco cl\u00e1sico<\/li>\n<\/ul>\n<p style=\"text-align: justify;\">El coste para Pablo fue de 600 euros.<\/p>\n<\/div>\n[\/accordion]\n<p><strong>\u00a0<\/strong><\/p>\n<p><strong>A TENER EN CUENTA:<\/strong><\/p>\n<p class=\"Textbody\" style=\"text-align: justify;\"><span lang=\"ES\">Ya que exclusivo, el mundo del offshore no esta reservado a una minor\u00eda: much\u00edsimas situaciones pueden llevar a la creaci\u00f3n de <a title=\"Sociedad offshore\" href=\"https:\/\/fcba-offshore.com\/es\/sociedad-offshore-sp\/\">una sociedad offshore<\/a> como a la apertura de <a title=\"Cuenta bancaria offshore\" href=\"https:\/\/fcba-offshore.com\/es\/compte-bancaire-offshore-sp\/\">una cuenta bancaria offshore<\/a>.<\/span><\/p>\n<p>&nbsp;<\/p>\n<p class=\"Textbody\" style=\"text-align: justify;\"><span lang=\"ES\">Para hacer un balance completo de su situaci\u00f3n, que podamos averiguar con usted\u00a0 la soluci\u00f3n mas adecuada a su caso y que tipo de servicio\u00a0 podemos proponerle, no dude en <a title=\"Contacto\" href=\"https:\/\/fcba-offshore.com\/es\/contact-sp\/\">contactarnos por correo electr\u00f3nico<\/a>. Le atenderemos en menos de 48h.<\/span><\/p>\n<p>&nbsp;<\/p>\n<p style=\"text-align: justify;\"><a href=\"http:\/\/fcba-offshore.com\/wp-content\/uploads\/2014\/06\/logo-small.png\"><img loading=\"lazy\" decoding=\"async\" class=\"alignnone size-full wp-image-479\" src=\"http:\/\/fcba-offshore.com\/wp-content\/uploads\/2014\/06\/logo-small.png\" alt=\"Logo offshore small\" width=\"142\" height=\"31\" \/><\/a><\/p>\n","protected":false},"excerpt":{"rendered":"<p>[accordion\u00a0autoclose=\u00bbtrue\u00bb openfirst=\u00bbfalse\u00bb clicktoclose=\u00bbtrue\u00bb] [\/accordion] \u00a0 A TENER EN CUENTA: Ya que exclusivo, el mundo del offshore no esta reservado a una minor\u00eda: much\u00edsimas situaciones pueden llevar a la creaci\u00f3n de una sociedad offshore como a la apertura de una cuenta bancaria offshore. &nbsp; Para hacer un balance completo de su situaci\u00f3n, que podamos averiguar con&hellip;<\/p>\n","protected":false},"author":1,"featured_media":0,"parent":0,"menu_order":0,"comment_status":"closed","ping_status":"open","template":"","meta":{"footnotes":""},"class_list":["post-3078","page","type-page","status-publish","hentry"],"_links":{"self":[{"href":"https:\/\/fcba-offshore.com\/es\/wp-json\/wp\/v2\/pages\/3078","targetHints":{"allow":["GET"]}}],"collection":[{"href":"https:\/\/fcba-offshore.com\/es\/wp-json\/wp\/v2\/pages"}],"about":[{"href":"https:\/\/fcba-offshore.com\/es\/wp-json\/wp\/v2\/types\/page"}],"author":[{"embeddable":true,"href":"https:\/\/fcba-offshore.com\/es\/wp-json\/wp\/v2\/users\/1"}],"replies":[{"embeddable":true,"href":"https:\/\/fcba-offshore.com\/es\/wp-json\/wp\/v2\/comments?post=3078"}],"version-history":[{"count":8,"href":"https:\/\/fcba-offshore.com\/es\/wp-json\/wp\/v2\/pages\/3078\/revisions"}],"predecessor-version":[{"id":3495,"href":"https:\/\/fcba-offshore.com\/es\/wp-json\/wp\/v2\/pages\/3078\/revisions\/3495"}],"wp:attachment":[{"href":"https:\/\/fcba-offshore.com\/es\/wp-json\/wp\/v2\/media?parent=3078"}],"curies":[{"name":"wp","href":"https:\/\/api.w.org\/{rel}","templated":true}]}}