{"id":3082,"date":"2016-12-26T10:23:56","date_gmt":"2016-12-26T10:23:56","guid":{"rendered":"http:\/\/fcba-offshore.com\/?page_id=3082"},"modified":"2017-02-25T09:15:50","modified_gmt":"2017-02-25T09:15:50","slug":"gibraltar-offshore-sp","status":"publish","type":"page","link":"https:\/\/fcba-offshore.com\/es\/gibraltar-offshore-sp\/","title":{"rendered":"Gibraltar offshore"},"content":{"rendered":"<h1><a href=\"http:\/\/fcba-offshore.com\/wp-content\/uploads\/2014\/06\/Gibraltar.png\"><img loading=\"lazy\" decoding=\"async\" class=\"alignnone size-full wp-image-368\" src=\"http:\/\/fcba-offshore.com\/wp-content\/uploads\/2014\/06\/Gibraltar.png\" alt=\"Gibraltar\" width=\"72\" height=\"43\" \/><\/a>\u00a0\u00a0\u00a0\u00a0\u00a0\u00a0\u00a0\u00a0\u00a0\u00a0\u00a0\u00a0\u00a0\u00a0\u00a0 <a href=\"http:\/\/fcba-offshore.com\/wp-content\/uploads\/2014\/06\/Gibraltar-Offshore.png\"><img loading=\"lazy\" decoding=\"async\" class=\"size-medium wp-image-588 alignright\" src=\"http:\/\/fcba-offshore.com\/wp-content\/uploads\/2014\/06\/Gibraltar-Offshore-300x131.png\" alt=\"Gibraltar Offshore\" width=\"300\" height=\"131\" srcset=\"https:\/\/fcba-offshore.com\/wp-content\/uploads\/2014\/06\/Gibraltar-Offshore-300x131.png 300w, https:\/\/fcba-offshore.com\/wp-content\/uploads\/2014\/06\/Gibraltar-Offshore.png 641w, https:\/\/fcba-offshore.com\/wp-content\/uploads\/2014\/06\/Gibraltar-Offshore-450x196.png 450w\" sizes=\"auto, (max-width: 300px) 100vw, 300px\" \/><\/a><\/h1>\n<p>&nbsp;<\/p>\n<p>&nbsp;<\/p>\n<h1>Offshore en Gibraltar:<\/h1>\n<p>&nbsp;<\/p>\n<p style=\"text-align: justify;\">La pen\u00ednsula y el pe\u00f1\u00f3n de Gibraltar, debido a su situaci\u00f3n privilegiada, han sido conocidos desde la antig\u00fcedad, como demuestran los yacimientos prehist\u00f3ricos de las cuevas de Gorham\u2019s y Vanguard (40.000 a\u00f1os) . Fenicios y Griegos visitaron Gibraltar y la mitolog\u00eda griega identific\u00f3 el pe\u00f1\u00f3n como una de las Columnas de H\u00e9rcules, denominada Calpe. El primer asentamiento permanente data de la \u00e9poca almohade. En 1160 el sult\u00e1n almohade Abd al-Mumin orden\u00f3 la construcci\u00f3n de una fortificaci\u00f3n en el territorio, cuyos restos a\u00fan forman parte del castillo de esta \u00e9poca.<\/p>\n<p>&nbsp;<\/p>\n<p style=\"text-align: justify;\">El estrecho de Gibraltar es famoso en Europa por su ubicaci\u00f3n peculiar entre el mar Mediterr\u00e1neo y el oc\u00e9ano Atl\u00e1ntico. Gibraltar en si mismo esta situado en la costa sur de Espa\u00f1a y como destino offshore tiene numerosas ventajas para la apertura de una <a title=\"Cuenta bancaria offshore\" href=\"https:\/\/fcba-offshore.com\/es\/compte-bancaire-offshore-sp\/\">cuenta bancaria offshore<\/a> o la creaci\u00f3n de una <a title=\"Sociedad offshore\" href=\"https:\/\/fcba-offshore.com\/es\/sociedad-offshore-sp\/\">sociedad offshore<\/a> como por ejemplo:<\/p>\n<ul style=\"text-align: justify;\">\n<li>Ausencia de imposici\u00f3n sobre los beneficios (durante los 25 primeros a\u00f1os)<\/li>\n<li>Secreto bancario garantizado<\/li>\n<li>Ausencia de publicaci\u00f3n con su nombre como titular de una <a title=\"Sociedad offshore\" href=\"https:\/\/fcba-offshore.com\/es\/sociedad-offshore-sp\/\">sociedad offshore<\/a><\/li>\n<\/ul>\n<p>&nbsp;<\/p>\n<p style=\"text-align: justify;\"><a title=\"Inicio\" href=\"https:\/\/fcba-offshore.com\/es\/\">FCBA Offshore ltd<\/a> recomienda la apertura de <a title=\"Cuenta bancaria offshore\" href=\"https:\/\/fcba-offshore.com\/es\/compte-bancaire-offshore-sp\/\">una cuenta bancaria<\/a> o la creaci\u00f3n de una<a title=\"Sociedad offshore\" href=\"https:\/\/fcba-offshore.com\/es\/sociedad-offshore-sp\/\"> sociedad offshore <\/a>en Gibraltar a sus clientes que no tengan que facturar sociedades europeas porque la ausencia de numero de identificaci\u00f3n de IVA es un problema claro en las relaciones comerciales con las empresas europeas. Los gastos administrativos y de gesti\u00f3n de su sociedad offshore ser\u00e1n mas importantes que en otras jurisdicciones ya que tendr\u00e1 la obligaci\u00f3n de nombrar\u00a0 un secretario general remunerado residente en Gibraltar y obtener una contabilidad respetuosa de las reglas fiscales del estado de Gibraltar.<\/p>\n<p style=\"text-align: justify;\">Abrir una <a title=\"Cuenta bancaria offshore\" href=\"https:\/\/fcba-offshore.com\/es\/compte-bancaire-offshore-sp\/\">cuenta bancaria offshore<\/a> o crear una<a title=\"Sociedad offshore\" href=\"https:\/\/fcba-offshore.com\/es\/sociedad-offshore-sp\/\"> sociedad offshore<\/a> en Gibraltar no constituye ning\u00fan problema pero tiene que saber que el deposito inicial exigido por las entidades bancarias en Gibraltar es importante.<\/p>\n<p>&nbsp;<\/p>\n<p style=\"text-align: justify;\"><a title=\"Contacto\" href=\"https:\/\/fcba-offshore.com\/es\/contact-sp\/\">Por favor, p\u00f3ngase en contacto con nosotros para cualquier tipo de informaci\u00f3n adicional.<\/a><\/p>\n<p style=\"text-align: justify;\">* Si quiere seguir investigando sobre Gibraltar pulse <a href=\"https:\/\/es.quora.com\/Cu%C3%A1l-es-la-diferencia-entre-los-impuestos-de-Gibraltar-y-los-de-Espa%C3%B1a\">aqui<\/a>.<\/p>\n<p>&nbsp;<\/p>\n<p><a href=\"http:\/\/fcba-offshore.com\/wp-content\/uploads\/2014\/06\/logo-small.png\"><img loading=\"lazy\" decoding=\"async\" class=\"alignnone size-full wp-image-479\" src=\"http:\/\/fcba-offshore.com\/wp-content\/uploads\/2014\/06\/logo-small.png\" alt=\"Logo offshore small\" width=\"142\" height=\"31\" \/><\/a><\/p>\n","protected":false},"excerpt":{"rendered":"<p>\u00a0\u00a0\u00a0\u00a0\u00a0\u00a0\u00a0\u00a0\u00a0\u00a0\u00a0\u00a0\u00a0\u00a0\u00a0 &nbsp; &nbsp; Offshore en Gibraltar: &nbsp; La pen\u00ednsula y el pe\u00f1\u00f3n de Gibraltar, debido a su situaci\u00f3n privilegiada, han sido conocidos desde la antig\u00fcedad, como demuestran los yacimientos prehist\u00f3ricos de las cuevas de Gorham\u2019s y Vanguard (40.000 a\u00f1os) . Fenicios y Griegos visitaron Gibraltar y la mitolog\u00eda griega identific\u00f3 el pe\u00f1\u00f3n como una de&hellip;<\/p>\n","protected":false},"author":1,"featured_media":0,"parent":0,"menu_order":0,"comment_status":"closed","ping_status":"open","template":"","meta":{"footnotes":""},"class_list":["post-3082","page","type-page","status-publish","hentry"],"_links":{"self":[{"href":"https:\/\/fcba-offshore.com\/es\/wp-json\/wp\/v2\/pages\/3082","targetHints":{"allow":["GET"]}}],"collection":[{"href":"https:\/\/fcba-offshore.com\/es\/wp-json\/wp\/v2\/pages"}],"about":[{"href":"https:\/\/fcba-offshore.com\/es\/wp-json\/wp\/v2\/types\/page"}],"author":[{"embeddable":true,"href":"https:\/\/fcba-offshore.com\/es\/wp-json\/wp\/v2\/users\/1"}],"replies":[{"embeddable":true,"href":"https:\/\/fcba-offshore.com\/es\/wp-json\/wp\/v2\/comments?post=3082"}],"version-history":[{"count":14,"href":"https:\/\/fcba-offshore.com\/es\/wp-json\/wp\/v2\/pages\/3082\/revisions"}],"predecessor-version":[{"id":3509,"href":"https:\/\/fcba-offshore.com\/es\/wp-json\/wp\/v2\/pages\/3082\/revisions\/3509"}],"wp:attachment":[{"href":"https:\/\/fcba-offshore.com\/es\/wp-json\/wp\/v2\/media?parent=3082"}],"curies":[{"name":"wp","href":"https:\/\/api.w.org\/{rel}","templated":true}]}}