{"id":3091,"date":"2016-12-26T10:30:42","date_gmt":"2016-12-26T10:30:42","guid":{"rendered":"http:\/\/fcba-offshore.com\/?page_id=3091"},"modified":"2017-02-25T09:18:39","modified_gmt":"2017-02-25T09:18:39","slug":"guernesey-offshore-sp","status":"publish","type":"page","link":"https:\/\/fcba-offshore.com\/es\/guernesey-offshore-sp\/","title":{"rendered":"Guernsey offshore"},"content":{"rendered":"<h1><a href=\"http:\/\/fcba-offshore.com\/wp-content\/uploads\/2014\/06\/Guernesey.png\"><img loading=\"lazy\" decoding=\"async\" class=\"alignnone size-full wp-image-363\" src=\"http:\/\/fcba-offshore.com\/wp-content\/uploads\/2014\/06\/Guernesey.png\" alt=\"Guernesey\" width=\"72\" height=\"47\" \/><\/a>\u00a0\u00a0 <a href=\"http:\/\/fcba-offshore.com\/wp-content\/uploads\/2014\/06\/Guernesey-Offshore.png\"><img loading=\"lazy\" decoding=\"async\" class=\"size-medium wp-image-592 alignright\" src=\"http:\/\/fcba-offshore.com\/wp-content\/uploads\/2014\/06\/Guernesey-Offshore-300x131.png\" alt=\"Guernesey Offshore\" width=\"300\" height=\"131\" srcset=\"https:\/\/fcba-offshore.com\/wp-content\/uploads\/2014\/06\/Guernesey-Offshore-300x131.png 300w, https:\/\/fcba-offshore.com\/wp-content\/uploads\/2014\/06\/Guernesey-Offshore.png 641w, https:\/\/fcba-offshore.com\/wp-content\/uploads\/2014\/06\/Guernesey-Offshore-450x196.png 450w\" sizes=\"auto, (max-width: 300px) 100vw, 300px\" \/><\/a><\/h1>\n<p>&nbsp;<\/p>\n<p>&nbsp;<\/p>\n<h1>Offshore en Guernsey:<\/h1>\n<p>&nbsp;<\/p>\n<p class=\"Textbody\" style=\"text-align: justify;\"><span lang=\"ES\">La isla anglo-normanda de Guernsey esta situada entre Francia y Inglaterra y pertenece a la corona brit\u00e1nica. Goza de una legislaci\u00f3n comercial flexible que atrae a inversores extranjeros del mundo entero. Guernsey es un destino offshore bien conocido de los iniciados siendo considerada como parte de la Uni\u00f3n Europea\u00a0\u00a0 con\u00a0 una legislaci\u00f3n especifica particularmente a nivel fiscal.<\/span><\/p>\n<p class=\"Textbody\" style=\"text-align: justify;\"><span lang=\"ES\">El PIB ascend\u00eda al 1.500 millones de libras, en 2005 el gasto p\u00fablico fue de alrededor de 300 millones de libras.<\/span><\/p>\n<p class=\"Textbody\" style=\"text-align: justify;\">Alrededor del 32 % del producto nacional bruto se apoya en los servicios financieros (banca, seguros y gesti\u00f3n de fondos). Otras fuentes tradicionales de ingreso son la agricultura, el turismo, la ingenier\u00eda y la horticultura, principalmente tomates y flores cortadas.<\/p>\n<p>&nbsp;<\/p>\n<p class=\"Textbody\" style=\"text-align: justify;\"><span lang=\"ES\">Este destino offshore le permitir\u00e1, si no es residente europeo, abrir una<a title=\"Cuenta bancaria offshore\" href=\"https:\/\/fcba-offshore.com\/es\/compte-bancaire-offshore-sp\/\"> cuenta bancaria offshore<\/a> an\u00f3nima y beneficiar del secreto bancario. Ademas, gozara de una tasa de imposici\u00f3n cero sobre la renta como persona f\u00edsica (si se convierte en residente) o como persona moral. Tiene que saber que en <a title=\"Guernsey offshore\" href=\"https:\/\/fcba-offshore.com\/es\/guernesey-offshore-sp\/\">Guernsey<\/a>, la tasa de imposici\u00f3n de\u00a0 su <a title=\"Sociedad offshore\" href=\"https:\/\/fcba-offshore.com\/es\/sociedad-offshore-sp\/\">sociedad offshore<\/a> es directamente negociable con las autoridades de la isla y que nunca superara los 30%. Este sistema es comparable al sistema de imposici\u00f3n <a title=\"Suiza offshore\" href=\"https:\/\/fcba-offshore.com\/es\/suiza-offshore-sp\/\">suizo<\/a>.<\/span><\/p>\n<p class=\"Textbody\" style=\"text-align: justify;\"><span lang=\"ES\">\u00a0<\/span><\/p>\n<p class=\"Textbody\" style=\"text-align: justify;\"><span lang=\"ES\"><a title=\"Inicio\" href=\"https:\/\/fcba-offshore.com\/es\/\">FCBA Offshore Ltd<\/a> recomienda la apertura de una <a title=\"Cuenta bancaria offshore\" href=\"https:\/\/fcba-offshore.com\/es\/compte-bancaire-offshore-sp\/\">cuenta bancaria offshore<\/a> o la creaci\u00f3n de una <a title=\"Sociedad offshore\" href=\"https:\/\/fcba-offshore.com\/es\/sociedad-offshore-sp\/\">sociedad offshore<\/a> en la isla de Guernsey a sus clientes que quieren beneficiar de una sociedad \u201ceuropea\u201d ventajosa, es decir menos gravada que las sociedades onshore de los otros pa\u00edses de la Uni\u00f3n Europea. Esta destinaci\u00f3n offshore interesa mas a los residentes no europeos quienes quieren abrir una<a title=\"Cuenta bancaria offshore\" href=\"https:\/\/fcba-offshore.com\/es\/compte-bancaire-offshore-sp\/\"> cuenta offshore<\/a> o crear <a title=\"Sociedad offshore\" href=\"https:\/\/fcba-offshore.com\/es\/sociedad-offshore-sp\/\">una sociedad offshore<\/a> en Europa.<\/span><\/p>\n<p class=\"Textbody\" style=\"text-align: justify;\"><span lang=\"ES\">Abrir una<a title=\"Cuenta bancaria offshore\" href=\"https:\/\/fcba-offshore.com\/es\/compte-bancaire-offshore-sp\/\"> cuenta bancaria offshore<\/a> o crear una <a title=\"Sociedad offshore\" href=\"https:\/\/fcba-offshore.com\/es\/sociedad-offshore-sp\/\">sociedad europea offshore <\/a>en Guernsey es sencillo. Tendr\u00e1 que comunicar con su entidad bancaria generalmente en ingles. Algunos bancos emplean personal biling\u00fce ingles\/franc\u00e9s.<\/span><\/p>\n<p class=\"Textbody\" style=\"text-align: justify;\"><span lang=\"ES\">Por fin, tiene que tener en cuenta que el deposito inicial exigido por los bancos de la isla al abrir una<a title=\"Cuenta bancaria offshore\" href=\"https:\/\/fcba-offshore.com\/es\/compte-bancaire-offshore-sp\/\"> cuenta bancaria offshore<\/a> es elevado.<\/span><\/p>\n<p class=\"Textbody\" style=\"text-align: justify;\"><span lang=\"ES\">\u00a0<\/span><\/p>\n<p class=\"Textbody\" style=\"text-align: justify;\"><a title=\"Contacto\" href=\"https:\/\/fcba-offshore.com\/es\/contact-sp\/\"><span lang=\"ES\">Por favor, p\u00f3ngase en contacto con nosotros para cualquier tipo de informaci\u00f3n adicional.<\/span><\/a><\/p>\n<p class=\"Textbody\" style=\"text-align: justify;\">* Si quiere seguir investigando sobre Guernsey pulse <a href=\"http:\/\/cincodias.com\/cincodias\/2014\/03\/14\/economia\/1394803514_888703.html\">aqui<\/a>.<\/p>\n<p>&nbsp;<\/p>\n<p><a href=\"http:\/\/fcba-offshore.com\/wp-content\/uploads\/2014\/06\/logo-small.png\"><img loading=\"lazy\" decoding=\"async\" class=\"alignnone size-full wp-image-479\" src=\"http:\/\/fcba-offshore.com\/wp-content\/uploads\/2014\/06\/logo-small.png\" alt=\"Logo offshore small\" width=\"142\" height=\"31\" \/><\/a><\/p>\n","protected":false},"excerpt":{"rendered":"<p>\u00a0\u00a0 &nbsp; &nbsp; Offshore en Guernsey: &nbsp; La isla anglo-normanda de Guernsey esta situada entre Francia y Inglaterra y pertenece a la corona brit\u00e1nica. Goza de una legislaci\u00f3n comercial flexible que atrae a inversores extranjeros del mundo entero. Guernsey es un destino offshore bien conocido de los iniciados siendo considerada como parte de la Uni\u00f3n&hellip;<\/p>\n","protected":false},"author":1,"featured_media":0,"parent":0,"menu_order":0,"comment_status":"closed","ping_status":"open","template":"","meta":{"footnotes":""},"class_list":["post-3091","page","type-page","status-publish","hentry"],"_links":{"self":[{"href":"https:\/\/fcba-offshore.com\/es\/wp-json\/wp\/v2\/pages\/3091","targetHints":{"allow":["GET"]}}],"collection":[{"href":"https:\/\/fcba-offshore.com\/es\/wp-json\/wp\/v2\/pages"}],"about":[{"href":"https:\/\/fcba-offshore.com\/es\/wp-json\/wp\/v2\/types\/page"}],"author":[{"embeddable":true,"href":"https:\/\/fcba-offshore.com\/es\/wp-json\/wp\/v2\/users\/1"}],"replies":[{"embeddable":true,"href":"https:\/\/fcba-offshore.com\/es\/wp-json\/wp\/v2\/comments?post=3091"}],"version-history":[{"count":9,"href":"https:\/\/fcba-offshore.com\/es\/wp-json\/wp\/v2\/pages\/3091\/revisions"}],"predecessor-version":[{"id":3510,"href":"https:\/\/fcba-offshore.com\/es\/wp-json\/wp\/v2\/pages\/3091\/revisions\/3510"}],"wp:attachment":[{"href":"https:\/\/fcba-offshore.com\/es\/wp-json\/wp\/v2\/media?parent=3091"}],"curies":[{"name":"wp","href":"https:\/\/api.w.org\/{rel}","templated":true}]}}