{"id":3094,"date":"2016-12-26T10:33:16","date_gmt":"2016-12-26T10:33:16","guid":{"rendered":"http:\/\/fcba-offshore.com\/?page_id=3094"},"modified":"2017-02-25T09:21:39","modified_gmt":"2017-02-25T09:21:39","slug":"hong-kong-offshore-sp","status":"publish","type":"page","link":"https:\/\/fcba-offshore.com\/es\/hong-kong-offshore-sp\/","title":{"rendered":"Hong-Kong offshore"},"content":{"rendered":"<h1><a href=\"http:\/\/fcba-offshore.com\/wp-content\/uploads\/2014\/06\/Hong-Kong.png\"><img loading=\"lazy\" decoding=\"async\" class=\"alignnone size-full wp-image-349\" src=\"http:\/\/fcba-offshore.com\/wp-content\/uploads\/2014\/06\/Hong-Kong.png\" alt=\"Hong-Kong\" width=\"79\" height=\"57\" \/><\/a>\u00a0\u00a0\u00a0\u00a0\u00a0\u00a0\u00a0\u00a0\u00a0\u00a0 <a href=\"http:\/\/fcba-offshore.com\/wp-content\/uploads\/2014\/06\/Hong-Kong-Offshore.png\"><img loading=\"lazy\" decoding=\"async\" class=\"size-medium wp-image-596 alignright\" src=\"http:\/\/fcba-offshore.com\/wp-content\/uploads\/2014\/06\/Hong-Kong-Offshore-300x131.png\" alt=\"Hong Kong Offshore\" width=\"300\" height=\"131\" srcset=\"https:\/\/fcba-offshore.com\/wp-content\/uploads\/2014\/06\/Hong-Kong-Offshore-300x131.png 300w, https:\/\/fcba-offshore.com\/wp-content\/uploads\/2014\/06\/Hong-Kong-Offshore.png 641w, https:\/\/fcba-offshore.com\/wp-content\/uploads\/2014\/06\/Hong-Kong-Offshore-450x196.png 450w\" sizes=\"auto, (max-width: 300px) 100vw, 300px\" \/><\/a><\/h1>\n<p>&nbsp;<\/p>\n<p>&nbsp;<\/p>\n<h1>Offshore en Hong-Kong:<\/h1>\n<p>&nbsp;<\/p>\n<p style=\"text-align: justify;\">Hong-Kong esta considerada como la capital financiera de la zona econ\u00f3mica mas din\u00e1mica del mundo.\u00a0 Este centro financiero de primer plano es uno de los mas liberales del mundo y su estatuto auton\u00f3mico en relaci\u00f3n a China esta garantizado hasta 2047. El idioma oficial para los negocios es evidentemente el ingles y su legislaci\u00f3n\u00a0 es claramente muy flexible, inspirada en el modelo brit\u00e1nico.\u00a0 Hong Kong garantiza una gran discreci\u00f3n para los titulares de <a title=\"Cuenta bancaria offshore\" href=\"https:\/\/fcba-offshore.com\/es\/compte-bancaire-offshore-sp\/\">cuentas<\/a> o<a title=\"Sociedad offshore\" href=\"https:\/\/fcba-offshore.com\/es\/sociedad-offshore-sp\/\"> sociedades offshore<\/a>.<\/p>\n<p style=\"text-align: justify;\">Su moneda de curso legal, el d\u00f3lar de Hong Kong, es la moneda mas intercambiada del mundo. La econom\u00eda, dominada por el sector terciario de Hong Kong, se caracteriza por una tributaci\u00f3n simple con un nivel competitivo de impuesto de sociedades y apoyada por la confianza internacional en su sistema judicial independiente en el que el estado de derecho, no regido por ley, se aplica a los procedimientos legales y contractuales.<\/p>\n<p>&nbsp;<\/p>\n<p style=\"text-align: justify;\">Esta ciudad-estado posee numerosas ventajas que la convierten en un destino privilegiado del mundo offshore:<\/p>\n<ul style=\"text-align: justify;\">\n<li>IVA inexistente<\/li>\n<li>Impuesto sobre los beneficios inexistente<\/li>\n<li>Impuesto sobre sobre los dividendos inexistente<\/li>\n<li>Impuesto sobre el capital inexistente<\/li>\n<li>Secreto bancario garantizado<\/li>\n<li>Ausencia de publicaci\u00f3n de su nombre como titular de una <a title=\"Sociedad offshore\" href=\"https:\/\/fcba-offshore.com\/es\/sociedad-offshore-sp\/\">sociedad offshore<\/a><\/li>\n<\/ul>\n<p>&nbsp;<\/p>\n<p style=\"text-align: justify;\"><a title=\"Inicio\" href=\"https:\/\/fcba-offshore.com\/es\/\">FCBA offshore Ltd<\/a> aconseja Hong Kong como destino offshore a su clientes interesados en las ventajas citadas y dispuestos a dialogar en ingles durante el seguimiento de su <a title=\"Sociedad offshore\" href=\"https:\/\/fcba-offshore.com\/es\/sociedad-offshore-sp\/\">sociedad offshore<\/a>. En efecto,\u00a0 llevar una contabilidad\u00a0 es obligatorio en Hong Kong y tendr\u00e1n que estar en relaci\u00f3n con una entidad contable capaz de presentar informes fiscales obligatorios ante las autoridades competentes. Solemos aconsejar este destino offshore a nuestros clientes geogr\u00e1ficamente cerca de esta zona del mundo para evitar los problemas de comunicaci\u00f3n en relaci\u00f3n con la diferencia horaria (6 horas con Madrid, por ejemplo).<\/p>\n<p style=\"text-align: justify;\">Abrir una<a title=\"Cuenta bancaria offshore\" href=\"https:\/\/fcba-offshore.com\/es\/compte-bancaire-offshore-sp\/\"> cuenta bancaria offshore<\/a> o crear una<a title=\"Sociedad offshore\" href=\"https:\/\/fcba-offshore.com\/es\/sociedad-offshore-sp\/\"> sociedad offshore<\/a> en Hong Kong sera muy sencillo gracias a nuestro equipo pero tiene que saber que el deposito inicial\u00a0 exigido por los bancos en Hong Kong es bastante importante para abrir una <a title=\"Cuenta bancaria offshore\" href=\"https:\/\/fcba-offshore.com\/es\/compte-bancaire-offshore-sp\/\">cuenta bancaria offshore<\/a>.<\/p>\n<p>&nbsp;<\/p>\n<p style=\"text-align: justify;\"><a title=\"Contacto\" href=\"https:\/\/fcba-offshore.com\/es\/contact-sp\/\">Por favor, p\u00f3ngase en contacto con nosotros para cualquier tipo de informaci\u00f3n adicional.<\/a><\/p>\n<p style=\"text-align: justify;\">* Para seguir investigando sobre Hong Kong pulse <a href=\"http:\/\/www.china-files.com\/es\/link\/40633\/negocios-finanzas-e-impuestos-en-china-hong-kong-la-via-para-ingresar-a-china-continental\">aqui<\/a>.<\/p>\n<p>&nbsp;<\/p>\n<p><a href=\"http:\/\/fcba-offshore.com\/wp-content\/uploads\/2014\/06\/logo-small.png\"><img loading=\"lazy\" decoding=\"async\" class=\"alignnone size-full wp-image-479\" src=\"http:\/\/fcba-offshore.com\/wp-content\/uploads\/2014\/06\/logo-small.png\" alt=\"Logo offshore small\" width=\"142\" height=\"31\" \/><\/a><\/p>\n","protected":false},"excerpt":{"rendered":"<p>\u00a0\u00a0\u00a0\u00a0\u00a0\u00a0\u00a0\u00a0\u00a0\u00a0 &nbsp; &nbsp; Offshore en Hong-Kong: &nbsp; Hong-Kong esta considerada como la capital financiera de la zona econ\u00f3mica mas din\u00e1mica del mundo.\u00a0 Este centro financiero de primer plano es uno de los mas liberales del mundo y su estatuto auton\u00f3mico en relaci\u00f3n a China esta garantizado hasta 2047. El idioma oficial para los negocios es&hellip;<\/p>\n","protected":false},"author":1,"featured_media":0,"parent":0,"menu_order":0,"comment_status":"closed","ping_status":"open","template":"","meta":{"footnotes":""},"class_list":["post-3094","page","type-page","status-publish","hentry"],"_links":{"self":[{"href":"https:\/\/fcba-offshore.com\/es\/wp-json\/wp\/v2\/pages\/3094","targetHints":{"allow":["GET"]}}],"collection":[{"href":"https:\/\/fcba-offshore.com\/es\/wp-json\/wp\/v2\/pages"}],"about":[{"href":"https:\/\/fcba-offshore.com\/es\/wp-json\/wp\/v2\/types\/page"}],"author":[{"embeddable":true,"href":"https:\/\/fcba-offshore.com\/es\/wp-json\/wp\/v2\/users\/1"}],"replies":[{"embeddable":true,"href":"https:\/\/fcba-offshore.com\/es\/wp-json\/wp\/v2\/comments?post=3094"}],"version-history":[{"count":8,"href":"https:\/\/fcba-offshore.com\/es\/wp-json\/wp\/v2\/pages\/3094\/revisions"}],"predecessor-version":[{"id":3511,"href":"https:\/\/fcba-offshore.com\/es\/wp-json\/wp\/v2\/pages\/3094\/revisions\/3511"}],"wp:attachment":[{"href":"https:\/\/fcba-offshore.com\/es\/wp-json\/wp\/v2\/media?parent=3094"}],"curies":[{"name":"wp","href":"https:\/\/api.w.org\/{rel}","templated":true}]}}