{"id":3096,"date":"2016-12-26T10:35:25","date_gmt":"2016-12-26T10:35:25","guid":{"rendered":"http:\/\/fcba-offshore.com\/?page_id=3096"},"modified":"2017-02-25T09:26:59","modified_gmt":"2017-02-25T09:26:59","slug":"isla-de-man-offshore-sp","status":"publish","type":"page","link":"https:\/\/fcba-offshore.com\/es\/isla-de-man-offshore-sp\/","title":{"rendered":"Isla de Man offshore"},"content":{"rendered":"<h1><a href=\"http:\/\/fcba-offshore.com\/wp-content\/uploads\/2014\/06\/Ile-de-Man.png\"><img loading=\"lazy\" decoding=\"async\" class=\"alignnone size-full wp-image-350\" src=\"http:\/\/fcba-offshore.com\/wp-content\/uploads\/2014\/06\/Ile-de-Man.png\" alt=\"Ile-de-Man\" width=\"80\" height=\"51\" \/><\/a>\u00a0\u00a0\u00a0\u00a0\u00a0\u00a0\u00a0\u00a0\u00a0\u00a0 <a href=\"http:\/\/fcba-offshore.com\/wp-content\/uploads\/2014\/06\/Ile-de-Man-Offshore.png\"><img loading=\"lazy\" decoding=\"async\" class=\"size-medium wp-image-601 alignright\" src=\"http:\/\/fcba-offshore.com\/wp-content\/uploads\/2014\/06\/Ile-de-Man-Offshore-300x131.png\" alt=\"Ile de Man Offshore\" width=\"300\" height=\"131\" srcset=\"https:\/\/fcba-offshore.com\/wp-content\/uploads\/2014\/06\/Ile-de-Man-Offshore-300x131.png 300w, https:\/\/fcba-offshore.com\/wp-content\/uploads\/2014\/06\/Ile-de-Man-Offshore.png 641w, https:\/\/fcba-offshore.com\/wp-content\/uploads\/2014\/06\/Ile-de-Man-Offshore-450x196.png 450w\" sizes=\"auto, (max-width: 300px) 100vw, 300px\" \/><\/a><\/h1>\n<p>&nbsp;<\/p>\n<h1>Offshore en la Isla de Man:<\/h1>\n<p>&nbsp;<\/p>\n<p style=\"text-align: justify;\">La isla de Man es famosa en Europa como destino offshore. Esta isla ubicada entre Irlanda y Gran Breta\u00f1a esta considerada como\u00a0 para\u00edso fiscal\u00a0 porque el parlamento local goza de una autonom\u00eda completa en relaci\u00f3n a su legislaci\u00f3n fiscal y social\u00a0 frente a sus vecinos. Esta situaci\u00f3n convierte la isla de Man en un entorno muy favorable para una actividad offshore, bancaria o empresarial.<\/p>\n<p style=\"text-align: justify;\">La isla de Man mantiene una de las econom\u00edas con mayor crecimiento en Europa y atrae negocios del exterior gracias a su pol\u00edtica de bajos impuestos y su regulaci\u00f3n financiera. El FMI ha afirmado que las defensas de la isla contra el blanqueo de dinero procedente de actividades delictivas cumplen con los est\u00e1ndares mundiales y que la isla coopera en la lucha contra el crimen financiero internacional.<\/p>\n<p>&nbsp;<\/p>\n<p style=\"text-align: justify;\">Abrir una <a title=\"Cuenta bancaria offshore\" href=\"https:\/\/fcba-offshore.com\/es\/compte-bancaire-offshore-sp\/\">cuenta bancaria offshore<\/a> en la isla de Man puede ser una soluci\u00f3n adaptada para los clientes interesados en un servicio bancario de cualidad superior al que se encuentra en el continente. Todas las grandes entidades bancarias del mundo poseen sucursales en la isla y gracias a <a title=\"Contacto\" href=\"https:\/\/fcba-offshore.com\/es\/contact-sp\/\">FCBA Offshore Ltd<\/a>, gozaran del privilegio de acceder a sus productos bancarios, cada vez mas eficientes.\u00a0 Podr\u00e1 abrir una <a title=\"Cuenta bancaria offshore\" href=\"https:\/\/fcba-offshore.com\/es\/compte-bancaire-offshore-sp\/\">cuenta bancaria offshore<\/a>\u00a0 multidivisas,\u00a0 invertir su dinero\u00a0 en productos de ahorro de alto rendimiento y gozar de un seguimiento personalizado con un experto.<\/p>\n<p style=\"text-align: justify;\">Para la creaci\u00f3n de una<a title=\"Sociedad offshore\" href=\"https:\/\/fcba-offshore.com\/es\/sociedad-offshore-sp\/\"> sociedad offshore<\/a>, beneficiara en la isla de Man de una fiscalidad ventajosa y de una administraci\u00f3n simplificada.<\/p>\n<p style=\"text-align: justify;\">Los \u00faltimos acuerdos firmados entre las autoridades de la islas de Man y la Uni\u00f3n Europea ya no permiten a este destino offshore garantizar un total anonimato.<\/p>\n<p>&nbsp;<\/p>\n<p style=\"text-align: justify;\">Abrir una <a title=\"Cuenta bancaria offshore\" href=\"https:\/\/fcba-offshore.com\/es\/compte-bancaire-offshore-sp\/\">cuenta bancaria offshore<\/a> o crear una <a title=\"Sociedad offshore\" href=\"https:\/\/fcba-offshore.com\/es\/sociedad-offshore-sp\/\">sociedad offshore<\/a> en la isla de Man sera muy sencillo gracias a nuestro equipo pero tiene que saber que el deposito inicial\u00a0 exigido por los bancos en la isla es\u00a0 importante para abrir una <a title=\"Cuenta bancaria offshore\" href=\"https:\/\/fcba-offshore.com\/es\/compte-bancaire-offshore-sp\/\">cuenta bancaria offshore<\/a>.<\/p>\n<p>&nbsp;<\/p>\n<p style=\"text-align: justify;\">\u00a0<a title=\"Contacto\" href=\"https:\/\/fcba-offshore.com\/es\/contact-sp\/\">Por favor, p\u00f3ngase en contacto con nosotros para cualquier tipo de informaci\u00f3n adicional.<\/a><\/p>\n<p style=\"text-align: justify;\">* Para seguir investigando sobre la isla de Man, pulse<a href=\"http:\/\/cincodias.com\/cincodias\/2015\/11\/18\/economia\/1447870852_013969.html\"> aqui<\/a>.<\/p>\n<p>&nbsp;<\/p>\n<p style=\"text-align: justify;\"><a href=\"http:\/\/fcba-offshore.com\/wp-content\/uploads\/2014\/06\/logo-small.png\"><img loading=\"lazy\" decoding=\"async\" class=\"alignnone size-full wp-image-479\" src=\"http:\/\/fcba-offshore.com\/wp-content\/uploads\/2014\/06\/logo-small.png\" alt=\"Logo offshore small\" width=\"142\" height=\"31\" \/><\/a><\/p>\n","protected":false},"excerpt":{"rendered":"<p>\u00a0\u00a0\u00a0\u00a0\u00a0\u00a0\u00a0\u00a0\u00a0\u00a0 &nbsp; Offshore en la Isla de Man: &nbsp; La isla de Man es famosa en Europa como destino offshore. Esta isla ubicada entre Irlanda y Gran Breta\u00f1a esta considerada como\u00a0 para\u00edso fiscal\u00a0 porque el parlamento local goza de una autonom\u00eda completa en relaci\u00f3n a su legislaci\u00f3n fiscal y social\u00a0 frente a sus vecinos. Esta&hellip;<\/p>\n","protected":false},"author":1,"featured_media":0,"parent":0,"menu_order":0,"comment_status":"closed","ping_status":"open","template":"","meta":{"footnotes":""},"class_list":["post-3096","page","type-page","status-publish","hentry"],"_links":{"self":[{"href":"https:\/\/fcba-offshore.com\/es\/wp-json\/wp\/v2\/pages\/3096","targetHints":{"allow":["GET"]}}],"collection":[{"href":"https:\/\/fcba-offshore.com\/es\/wp-json\/wp\/v2\/pages"}],"about":[{"href":"https:\/\/fcba-offshore.com\/es\/wp-json\/wp\/v2\/types\/page"}],"author":[{"embeddable":true,"href":"https:\/\/fcba-offshore.com\/es\/wp-json\/wp\/v2\/users\/1"}],"replies":[{"embeddable":true,"href":"https:\/\/fcba-offshore.com\/es\/wp-json\/wp\/v2\/comments?post=3096"}],"version-history":[{"count":10,"href":"https:\/\/fcba-offshore.com\/es\/wp-json\/wp\/v2\/pages\/3096\/revisions"}],"predecessor-version":[{"id":3513,"href":"https:\/\/fcba-offshore.com\/es\/wp-json\/wp\/v2\/pages\/3096\/revisions\/3513"}],"wp:attachment":[{"href":"https:\/\/fcba-offshore.com\/es\/wp-json\/wp\/v2\/media?parent=3096"}],"curies":[{"name":"wp","href":"https:\/\/api.w.org\/{rel}","templated":true}]}}